{"id":19979,"date":"2021-05-31T06:17:26","date_gmt":"2021-05-31T06:17:26","guid":{"rendered":"https:\/\/elitecoaching.io\/rreth-nesh\/csr\/"},"modified":"2022-06-15T13:23:40","modified_gmt":"2022-06-15T13:23:40","slug":"pergjegjesia-sociale-e-korporates","status":"publish","type":"page","link":"https:\/\/elitecoaching.io\/sq\/rreth-nesh\/pergjegjesia-sociale-e-korporates\/","title":{"rendered":"P\u00ebrgjegj\u00ebsia Sociale e Korporat\u00ebs (PSK)"},"content":{"rendered":"\t\t<div data-elementor-type=\"wp-page\" data-elementor-id=\"19979\" class=\"elementor elementor-19979 elementor-363\" data-elementor-post-type=\"page\">\n\t\t\t\t\t\t\t\t\t<section class=\"elementor-section elementor-top-section elementor-element elementor-element-2c5be06 elementor-section-full_width elementor-section-height-default elementor-section-height-default\" data-id=\"2c5be06\" data-element_type=\"section\">\n\t\t\t\t\t\t<div class=\"elementor-container elementor-column-gap-default\">\n\t\t\t\t\t<div class=\"elementor-column elementor-col-33 elementor-top-column elementor-element elementor-element-ae99f67\" data-id=\"ae99f67\" data-element_type=\"column\">\n\t\t\t<div class=\"elementor-widget-wrap\">\n\t\t\t\t\t\t\t\t\t<\/div>\n\t\t<\/div>\n\t\t\t\t<div class=\"elementor-column elementor-col-66 elementor-top-column elementor-element elementor-element-b62d426\" data-id=\"b62d426\" data-element_type=\"column\">\n\t\t\t<div class=\"elementor-widget-wrap elementor-element-populated\">\n\t\t\t\t\t\t\t\t<div class=\"elementor-element elementor-element-b44ba75 animated-slow elementor-widget elementor-widget-text-editor\" data-id=\"b44ba75\" data-element_type=\"widget\" data-settings=\"{&quot;_animation&quot;:&quot;none&quot;,&quot;_animation_delay&quot;:500}\" data-widget_type=\"text-editor.default\">\n\t\t\t\t<div class=\"elementor-widget-container\">\n\t\t\t\t\t\t\t<p>RRETH NESH\/<\/p>\t\t\t\t\t\t<\/div>\n\t\t\t\t<\/div>\n\t\t\t\t<div class=\"elementor-element elementor-element-ad29515 elementor-widget elementor-widget-heading\" data-id=\"ad29515\" data-element_type=\"widget\" data-settings=\"{&quot;_animation&quot;:&quot;none&quot;}\" data-widget_type=\"heading.default\">\n\t\t\t\t<div class=\"elementor-widget-container\">\n\t\t\t<h2 class=\"elementor-heading-title elementor-size-default\">P\u00ebrgjegj\u00ebsia Sociale e Korporat\u00ebs (PSK)<\/h2>\t\t<\/div>\n\t\t\t\t<\/div>\n\t\t\t\t\t<\/div>\n\t\t<\/div>\n\t\t\t\t\t\t\t<\/div>\n\t\t<\/section>\n\t\t\t\t<section class=\"elementor-section elementor-top-section elementor-element elementor-element-b19fdfa elementor-section-height-min-height panel elementor-section-full_width elementor-section-height-default elementor-section-items-middle\" data-id=\"b19fdfa\" data-element_type=\"section\" data-settings=\"{&quot;background_background&quot;:&quot;classic&quot;}\" data-color=\"black\">\n\t\t\t\t\t\t\t<div class=\"elementor-background-overlay\"><\/div>\n\t\t\t\t\t\t\t<div class=\"elementor-container elementor-column-gap-default\">\n\t\t\t\t\t<div class=\"elementor-column elementor-col-100 elementor-top-column elementor-element elementor-element-f326171\" data-id=\"f326171\" data-element_type=\"column\" data-settings=\"{&quot;background_background&quot;:&quot;classic&quot;}\">\n\t\t\t<div class=\"elementor-widget-wrap elementor-element-populated\">\n\t\t\t\t\t\t\t\t<section class=\"elementor-section elementor-inner-section elementor-element elementor-element-5993943 elementor-section-full_width elementor-section-height-default elementor-section-height-default\" data-id=\"5993943\" data-element_type=\"section\">\n\t\t\t\t\t\t<div class=\"elementor-container elementor-column-gap-default\">\n\t\t\t\t\t<div class=\"elementor-column elementor-col-100 elementor-inner-column elementor-element elementor-element-20812b1\" data-id=\"20812b1\" data-element_type=\"column\">\n\t\t\t<div class=\"elementor-widget-wrap elementor-element-populated\">\n\t\t\t\t\t\t\t\t<div class=\"elementor-element elementor-element-422cdeb elementor-widget elementor-widget-image\" data-id=\"422cdeb\" data-element_type=\"widget\" data-widget_type=\"image.default\">\n\t\t\t\t<div class=\"elementor-widget-container\">\n\t\t\t\t\t\t\t\t\t\t\t\t\t\t\t<img decoding=\"async\" width=\"1600\" height=\"1067\" src=\"https:\/\/elitecoaching.io\/wp-content\/uploads\/2022\/04\/Our-Vision.webp\" class=\"attachment-full size-full wp-image-16325\" alt=\"Our Vision\" loading=\"lazy\" srcset=\"https:\/\/elitecoaching.io\/wp-content\/uploads\/2022\/04\/Our-Vision.webp 1600w, https:\/\/elitecoaching.io\/wp-content\/uploads\/2022\/04\/Our-Vision-300x200.webp 300w, https:\/\/elitecoaching.io\/wp-content\/uploads\/2022\/04\/Our-Vision-1024x683.webp 1024w, https:\/\/elitecoaching.io\/wp-content\/uploads\/2022\/04\/Our-Vision-768x512.webp 768w, https:\/\/elitecoaching.io\/wp-content\/uploads\/2022\/04\/Our-Vision-1536x1024.webp 1536w\" sizes=\"(max-width: 1600px) 100vw, 1600px\" \/>\t\t\t\t\t\t\t\t\t\t\t\t\t\t\t<\/div>\n\t\t\t\t<\/div>\n\t\t\t\t\t<\/div>\n\t\t<\/div>\n\t\t\t\t\t\t\t<\/div>\n\t\t<\/section>\n\t\t\t\t\t<\/div>\n\t\t<\/div>\n\t\t\t\t\t\t\t<\/div>\n\t\t<\/section>\n\t\t\t\t<section class=\"elementor-section elementor-top-section elementor-element elementor-element-5e50028 elementor-section-boxed elementor-section-height-default elementor-section-height-default\" data-id=\"5e50028\" data-element_type=\"section\" data-settings=\"{&quot;background_background&quot;:&quot;classic&quot;}\">\n\t\t\t\t\t\t<div class=\"elementor-container elementor-column-gap-default\">\n\t\t\t\t\t<div class=\"elementor-column elementor-col-100 elementor-top-column elementor-element elementor-element-b46d496\" data-id=\"b46d496\" data-element_type=\"column\">\n\t\t\t<div class=\"elementor-widget-wrap elementor-element-populated\">\n\t\t\t\t\t\t\t\t<section class=\"elementor-section elementor-inner-section elementor-element elementor-element-0232b9d elementor-section-full_width elementor-section-height-default elementor-section-height-default\" data-id=\"0232b9d\" data-element_type=\"section\">\n\t\t\t\t\t\t<div class=\"elementor-container elementor-column-gap-default\">\n\t\t\t\t\t<div class=\"elementor-column elementor-col-33 elementor-inner-column elementor-element elementor-element-48b0adf\" data-id=\"48b0adf\" data-element_type=\"column\">\n\t\t\t<div class=\"elementor-widget-wrap\">\n\t\t\t\t\t\t\t\t\t<\/div>\n\t\t<\/div>\n\t\t\t\t<div class=\"elementor-column elementor-col-33 elementor-inner-column elementor-element elementor-element-43eaba1\" data-id=\"43eaba1\" data-element_type=\"column\">\n\t\t\t<div class=\"elementor-widget-wrap elementor-element-populated\">\n\t\t\t\t\t\t\t\t<div class=\"elementor-element elementor-element-5a79dca elementor-widget elementor-widget-text-editor\" data-id=\"5a79dca\" data-element_type=\"widget\" data-widget_type=\"text-editor.default\">\n\t\t\t\t<div class=\"elementor-widget-container\">\n\t\t\t\t\t\t\t<p>Ne i Duam dhe i Mbrojm\u00eb Vendet<\/p>\t\t\t\t\t\t<\/div>\n\t\t\t\t<\/div>\n\t\t\t\t<div class=\"elementor-element elementor-element-dd9f4f8 elementor-widget elementor-widget-text-editor\" data-id=\"dd9f4f8\" data-element_type=\"widget\" data-widget_type=\"text-editor.default\">\n\t\t\t\t<div class=\"elementor-widget-container\">\n\t\t\t\t\t\t\t<p>Vendet jan\u00eb kujtes\u00eb dhe mjedis, p\u00ebrvoj\u00eb dhe hap\u00ebsir\u00eb ku ne mund t\u00eb zhvillojm\u00eb veten duke kultivuar, idividualisht ose kolektivisht, aft\u00ebsit\u00eb bashk\u00eb me jet\u00ebn ton\u00eb. Ne kujdesemi p\u00ebr vendet ku bejm\u00eb pun\u00eb dhe sh\u00ebrbejm\u00eb me an\u00eb t\u00eb biznesit ton\u00eb. K\u00ebshtu q\u00eb, p\u00ebrve\u00e7 aspektit t\u00eb q\u00ebndrueshm\u00ebris\u00eb ne praktikojm\u00eb edhe aktivitete t\u00eb tjera t\u00eb cilat ndihmojn\u00eb n\u00eb mir\u00ebmbajtjen e mjediseve t\u00eb gjelb\u00ebrta dhe n\u00eb rritjen e cil\u00ebsis\u00eb s\u00eb jet\u00ebs. K\u00ebto parime jan\u00eb thelb\u00ebsore p\u00ebr m\u00ebnyrat se si ne bejm\u00eb biznes dhe jan\u00eb kritere p\u00ebr stafin ton\u00eb.   <\/p><p> <\/p>\t\t\t\t\t\t<\/div>\n\t\t\t\t<\/div>\n\t\t\t\t<div class=\"elementor-element elementor-element-73911f9 elementor-widget elementor-widget-text-editor\" data-id=\"73911f9\" data-element_type=\"widget\" data-widget_type=\"text-editor.default\">\n\t\t\t\t<div class=\"elementor-widget-container\">\n\t\t\t\t\t\t\t<p>Ne besojm\u00eb n\u00eb sinergji dhe bashk\u00ebveprim. Ne dhurojm\u00eb, jemi vullnetar\u00eb dhe b\u00ebjm\u00eb aq sa mundemi p\u00ebr t\u00eb siguruar q\u00eb vendet q\u00eb ne duam t\u00eb jen\u00eb gjithmon aty p\u00ebr t\u2019i g\u00ebzuar edhe brezat e ardhsh\u00ebm. Ne jemi krenar\u00eb p\u00ebr stafin ton\u00eb t\u00eb cil\u00ebt jan\u00eb t\u00eb dh\u00ebn\u00eb mbas udh\u00ebtimeve.  <\/p><p> <\/p>\t\t\t\t\t\t<\/div>\n\t\t\t\t<\/div>\n\t\t\t\t<div class=\"elementor-element elementor-element-219dba9 elementor-widget elementor-widget-text-editor\" data-id=\"219dba9\" data-element_type=\"widget\" data-widget_type=\"text-editor.default\">\n\t\t\t\t<div class=\"elementor-widget-container\">\n\t\t\t\t\t\t\t<p>P\u00ebrgjegj\u00ebsia jon\u00eb sociale vepron mbi parimet e ruajtjes dhe zvog\u00eblimin e ndikimit ton\u00eb tek mjedisi ku operoijm\u00eb. Ne kemi p\u00ebrvet\u00ebsuar nj\u00eb nd\u00ebrthurje praktikash dhe rregullash, trajnimesh dhe certifikimesh n\u00ebp\u00ebrmjet edukimit dhe k\u00ebshillimit t\u00eb t\u00eb gjith\u00eb partner\u00ebve, punonj\u00ebsve, bizneseve si dhe entiteteve private ose publike t\u00eb cil\u00ebt punojn\u00eb me ne.  <\/p>\t\t\t\t\t\t<\/div>\n\t\t\t\t<\/div>\n\t\t\t\t<div class=\"elementor-element elementor-element-49ce699 elementor-widget elementor-widget-text-editor\" data-id=\"49ce699\" data-element_type=\"widget\" data-widget_type=\"text-editor.default\">\n\t\t\t\t<div class=\"elementor-widget-container\">\n\t\t\t\t\t\t\t<p>Ne Mb\u00ebshtesim Komunitetet Vendase<\/p>\t\t\t\t\t\t<\/div>\n\t\t\t\t<\/div>\n\t\t\t\t<div class=\"elementor-element elementor-element-8196f62 elementor-widget elementor-widget-text-editor\" data-id=\"8196f62\" data-element_type=\"widget\" data-widget_type=\"text-editor.default\">\n\t\t\t\t<div class=\"elementor-widget-container\">\n\t\t\t\t\t\t\t<p>Kemi nd\u00ebrtuar <span style=\"text-decoration: underline;\"><a href=\"https:\/\/eliteacademy.al\/\">Elite Academy<\/a><\/span> e cila \u00ebsht\u00eb brandi yn\u00eb p\u00ebr PSK,\u00a0p\u00ebrgjegj\u00ebsia sociale e korporat\u00ebs. Akademia \u00ebsht\u00eb n\u00eb rritje \u00e7do vit dhe me an\u00eb t\u00eb saj ne mb\u00ebshtesim \u00e7do ide biznesi e cila lidhet me ndikimin ekonomik-social si psh., edukimin dhe trajnimin professional. Tashm\u00eb Akademia \u00ebsht\u00eb edhe pjes\u00ebtar i <span style=\"text-decoration: underline;\"><a href=\"https:\/\/www.travelife.info\/index_new.php?menu=home&amp;lang=en\">Travelife<\/a><\/span>, q\u00eb do t\u00eb thot\u00eb nj\u00eb sektor m\u00eb shum\u00eb tek programet e edukimit q\u00eb ofrojm\u00eb.<\/p><p>\u00a0<\/p>\t\t\t\t\t\t<\/div>\n\t\t\t\t<\/div>\n\t\t\t\t<div class=\"elementor-element elementor-element-a80d4fb elementor-widget elementor-widget-text-editor\" data-id=\"a80d4fb\" data-element_type=\"widget\" data-widget_type=\"text-editor.default\">\n\t\t\t\t<div class=\"elementor-widget-container\">\n\t\t\t\t\t\t\t<p>Elite Academy \u00ebsht\u00eb e hapur n\u00eb filozofi, p\u00ebrshtatshme p\u00ebr k\u00ebdo dhe jo p\u00ebrfituse si organzat\u00eb. . Financohet drejt p\u00ebr drejt nga Elite Travel Group. Nd\u00ebrsa dhurime t\u00eb jashtme nuk pranohen n\u00eb form\u00ebb e fondeve por vet\u00ebm si kontribut dituror dhe p\u00ebrvoj\u00eb, trajnime, programe bursash, seminare praktike, kurrikula innovative p\u00ebr TOT dhe student.<\/p>\t\t\t\t\t\t<\/div>\n\t\t\t\t<\/div>\n\t\t\t\t<div class=\"elementor-element elementor-element-ab81937 elementor-widget elementor-widget-text-editor\" data-id=\"ab81937\" data-element_type=\"widget\" data-widget_type=\"text-editor.default\">\n\t\t\t\t<div class=\"elementor-widget-container\">\n\t\t\t\t\t\t\t<p>Vullnetariz\u00ebm<\/p>\t\t\t\t\t\t<\/div>\n\t\t\t\t<\/div>\n\t\t\t\t<div class=\"elementor-element elementor-element-e523463 elementor-widget elementor-widget-text-editor\" data-id=\"e523463\" data-element_type=\"widget\" data-widget_type=\"text-editor.default\">\n\t\t\t\t<div class=\"elementor-widget-container\">\n\t\t\t\t\t\t\t<p class=\"MsoNormal\">P\u00ebrve\u00e7 vlerave t\u00eb cilat nd\u00ebrthuren brenda rregullores s\u00eb biznesit ton\u00eb, ne marrim pjes\u00eb n\u00eb vullnetariz\u00ebm si di\u00e7ka q\u00eb na m\u00ebson t\u00eb jemi m\u00eb t\u00eb p\u00ebrgjegjsh\u00ebm dhe t\u00eb edukojm\u00eb n\u00eb vazhdim edhe njer\u00ebz t\u00eb tjer\u00eb duke treguar r\u00ebnd\u00ebsin\u00eb e vullnetarizmit n\u00eb mbar\u00ebvajtjen e mjedisit dhe jet\u00ebs son\u00eb shoq\u00ebrore. P\u00ebr k\u00ebt\u00eb arsye stafi yn\u00eb ka realizuar veprimtari n\u00eb pastrimin e plazheve, mbjelljen e pem\u00ebve, ka sh\u00ebnuar shtigje ne mbrojtje dhe shum\u00eb veprimtari vullnetare t\u00eb tjera.<\/p><p>\u00a0<\/p><p class=\"MsoNormal\">Vullnetarizmi nuk \u00ebsht\u00eb vet\u00eb nj\u00eb praktik\u00eb e mir\u00eb vet\u00ebm p\u00ebr komunitetet vendase, por \u00ebsht\u00eb gjithashtu nj\u00eb praktik\u00eb e mir\u00eb p\u00ebr veten q\u00eb na m\u00ebson p\u00ebr natyr\u00ebn, njer\u00ebzit dhe p\u00ebr r\u00ebnd\u00ebsin\u00eb e kujdesin ndaj bukuris\u00eb s\u00eb planetit ton\u00eb.<\/p>\t\t\t\t\t\t<\/div>\n\t\t\t\t<\/div>\n\t\t\t\t<div class=\"elementor-element elementor-element-b446a8f elementor-widget-divider--view-line elementor-widget elementor-widget-divider\" data-id=\"b446a8f\" data-element_type=\"widget\" data-widget_type=\"divider.default\">\n\t\t\t\t<div class=\"elementor-widget-container\">\n\t\t\t\t\t<div class=\"elementor-divider\">\n\t\t\t<span class=\"elementor-divider-separator\">\n\t\t\t\t\t\t<\/span>\n\t\t<\/div>\n\t\t\t\t<\/div>\n\t\t\t\t<\/div>\n\t\t\t\t<div class=\"elementor-element elementor-element-c2695de elementor-widget elementor-widget-text-editor\" data-id=\"c2695de\" data-element_type=\"widget\" data-widget_type=\"text-editor.default\">\n\t\t\t\t<div class=\"elementor-widget-container\">\n\t\t\t\t\t\t\t<p>M\u00ebso m\u00eb shum\u00eb rreth nesh<\/p>\t\t\t\t\t\t<\/div>\n\t\t\t\t<\/div>\n\t\t\t\t\t<\/div>\n\t\t<\/div>\n\t\t\t\t<div class=\"elementor-column elementor-col-33 elementor-inner-column elementor-element elementor-element-ebbe233\" data-id=\"ebbe233\" data-element_type=\"column\">\n\t\t\t<div class=\"elementor-widget-wrap\">\n\t\t\t\t\t\t\t\t\t<\/div>\n\t\t<\/div>\n\t\t\t\t\t\t\t<\/div>\n\t\t<\/section>\n\t\t\t\t<section class=\"elementor-section elementor-inner-section elementor-element elementor-element-c0fd9bd elementor-section-boxed elementor-section-height-default elementor-section-height-default\" data-id=\"c0fd9bd\" data-element_type=\"section\">\n\t\t\t\t\t\t<div class=\"elementor-container elementor-column-gap-default\">\n\t\t\t\t\t<div class=\"elementor-column elementor-col-25 elementor-inner-column elementor-element elementor-element-57f21cf\" data-id=\"57f21cf\" data-element_type=\"column\">\n\t\t\t<div class=\"elementor-widget-wrap\">\n\t\t\t\t\t\t\t\t\t<\/div>\n\t\t<\/div>\n\t\t\t\t<div class=\"elementor-column elementor-col-25 elementor-inner-column elementor-element elementor-element-0ad5a13\" data-id=\"0ad5a13\" data-element_type=\"column\">\n\t\t\t<div class=\"elementor-widget-wrap\">\n\t\t\t\t\t\t\t\t\t<\/div>\n\t\t<\/div>\n\t\t\t\t<div class=\"elementor-column elementor-col-25 elementor-inner-column elementor-element elementor-element-8923562\" data-id=\"8923562\" data-element_type=\"column\">\n\t\t\t<div class=\"elementor-widget-wrap\">\n\t\t\t\t\t\t\t\t\t<\/div>\n\t\t<\/div>\n\t\t\t\t<div class=\"elementor-column elementor-col-25 elementor-inner-column elementor-element elementor-element-3bb0988\" data-id=\"3bb0988\" data-element_type=\"column\">\n\t\t\t<div class=\"elementor-widget-wrap\">\n\t\t\t\t\t\t\t\t\t<\/div>\n\t\t<\/div>\n\t\t\t\t\t\t\t<\/div>\n\t\t<\/section>\n\t\t\t\t\t<\/div>\n\t\t<\/div>\n\t\t\t\t\t\t\t<\/div>\n\t\t<\/section>\n\t\t\t\t\t\t\t<\/div>\n\t\t","protected":false},"excerpt":{"rendered":"<p>RRETH NESH\/ P\u00ebrgjegj\u00ebsia Sociale e Korporat\u00ebs (PSK) Ne i Duam dhe i Mbrojm\u00eb Vendet Vendet jan\u00eb kujtes\u00eb dhe mjedis, p\u00ebrvoj\u00eb dhe hap\u00ebsir\u00eb ku ne mund t\u00eb zhvillojm\u00eb veten duke kultivuar, idividualisht ose kolektivisht, aft\u00ebsit\u00eb bashk\u00eb me jet\u00ebn ton\u00eb. Ne kujdesemi p\u00ebr vendet ku bejm\u00eb pun\u00eb dhe sh\u00ebrbejm\u00eb me an\u00eb t\u00eb biznesit ton\u00eb. K\u00ebshtu q\u00eb, p\u00ebrve\u00e7 [&#8230;]<\/p>\n<p><a class=\"btn btn-secondary understrap-read-more-link\" href=\"https:\/\/elitecoaching.io\/sq\/rreth-nesh\/pergjegjesia-sociale-e-korporates\/\">Read More&#8230;<\/a><\/p>\n","protected":false},"author":1,"featured_media":0,"parent":19969,"menu_order":0,"comment_status":"closed","ping_status":"closed","template":"page-templates\/template-home.php","meta":[],"yoast_head":"<!-- This site is optimized with the Yoast SEO Premium plugin v18.4 (Yoast SEO v20.11) - https:\/\/yoast.com\/wordpress\/plugins\/seo\/ -->\n<title>P\u00ebrgjegj\u00ebsia Sociale e Korporat\u00ebs - Elite Coaching<\/title>\n<meta name=\"description\" content=\"P\u00ebrgjegj\u00ebsia sociale e korporat\u00ebs vepron mbi parimet e ruajtjes dhe zvog\u00eblimin e ndikimit ton\u00eb tek mjedisi ku operoijm\u00eb.\" \/>\n<meta name=\"robots\" content=\"index, follow, max-snippet:-1, max-image-preview:large, max-video-preview:-1\" \/>\n<link rel=\"canonical\" href=\"https:\/\/elitecoaching.io\/sq\/rreth-nesh\/pergjegjesia-sociale-e-korporates\/\" \/>\n<meta property=\"og:locale\" content=\"sq_AL\" \/>\n<meta property=\"og:type\" content=\"article\" \/>\n<meta property=\"og:title\" content=\"P\u00ebrgjegj\u00ebsia Sociale e Korporat\u00ebs (PSK)\" \/>\n<meta property=\"og:description\" content=\"P\u00ebrgjegj\u00ebsia sociale e korporat\u00ebs vepron mbi parimet e ruajtjes dhe zvog\u00eblimin e ndikimit ton\u00eb tek mjedisi ku operoijm\u00eb.\" \/>\n<meta property=\"og:url\" content=\"https:\/\/elitecoaching.io\/sq\/rreth-nesh\/pergjegjesia-sociale-e-korporates\/\" \/>\n<meta property=\"og:site_name\" content=\"Elite Coaching\" \/>\n<meta property=\"article:modified_time\" content=\"2022-06-15T13:23:40+00:00\" \/>\n<meta property=\"og:image\" content=\"https:\/\/elitecoaching.io\/wp-content\/uploads\/2022\/04\/Our-Vision.webp\" \/>\n<meta name=\"twitter:card\" content=\"summary_large_image\" \/>\n<meta name=\"twitter:label1\" content=\"Est. reading time\" \/>\n\t<meta name=\"twitter:data1\" content=\"3 minutes\" \/>\n<script type=\"application\/ld+json\" class=\"yoast-schema-graph\">{\"@context\":\"https:\/\/schema.org\",\"@graph\":[{\"@type\":\"WebPage\",\"@id\":\"https:\/\/elitecoaching.io\/sq\/rreth-nesh\/pergjegjesia-sociale-e-korporates\/\",\"url\":\"https:\/\/elitecoaching.io\/sq\/rreth-nesh\/pergjegjesia-sociale-e-korporates\/\",\"name\":\"P\u00ebrgjegj\u00ebsia Sociale e Korporat\u00ebs - Elite Coaching\",\"isPartOf\":{\"@id\":\"https:\/\/elitecoaching.io\/sq\/#website\"},\"datePublished\":\"2021-05-31T06:17:26+00:00\",\"dateModified\":\"2022-06-15T13:23:40+00:00\",\"description\":\"P\u00ebrgjegj\u00ebsia sociale e korporat\u00ebs vepron mbi parimet e ruajtjes dhe zvog\u00eblimin e ndikimit ton\u00eb tek mjedisi ku operoijm\u00eb.\",\"breadcrumb\":{\"@id\":\"https:\/\/elitecoaching.io\/sq\/rreth-nesh\/pergjegjesia-sociale-e-korporates\/#breadcrumb\"},\"inLanguage\":\"sq-AL\",\"potentialAction\":[{\"@type\":\"ReadAction\",\"target\":[\"https:\/\/elitecoaching.io\/sq\/rreth-nesh\/pergjegjesia-sociale-e-korporates\/\"]}]},{\"@type\":\"BreadcrumbList\",\"@id\":\"https:\/\/elitecoaching.io\/sq\/rreth-nesh\/pergjegjesia-sociale-e-korporates\/#breadcrumb\",\"itemListElement\":[{\"@type\":\"ListItem\",\"position\":1,\"name\":\"Home\",\"item\":\"https:\/\/elitecoaching.io\/sq\/\"},{\"@type\":\"ListItem\",\"position\":2,\"name\":\"Rreth Nesh\",\"item\":\"https:\/\/elitecoaching.io\/sq\/rreth-nesh\/\"},{\"@type\":\"ListItem\",\"position\":3,\"name\":\"P\u00ebrgjegj\u00ebsia Sociale e Korporat\u00ebs (PSK)\"}]},{\"@type\":\"WebSite\",\"@id\":\"https:\/\/elitecoaching.io\/sq\/#website\",\"url\":\"https:\/\/elitecoaching.io\/sq\/\",\"name\":\"Elite Coaching\",\"description\":\"Dedicated to Growth\",\"potentialAction\":[{\"@type\":\"SearchAction\",\"target\":{\"@type\":\"EntryPoint\",\"urlTemplate\":\"https:\/\/elitecoaching.io\/sq\/?s={search_term_string}\"},\"query-input\":\"required name=search_term_string\"}],\"inLanguage\":\"sq-AL\"}]}<\/script>\n<!-- \/ Yoast SEO Premium plugin. -->","yoast_head_json":{"title":"P\u00ebrgjegj\u00ebsia Sociale e Korporat\u00ebs - Elite Coaching","description":"P\u00ebrgjegj\u00ebsia sociale e korporat\u00ebs vepron mbi parimet e ruajtjes dhe zvog\u00eblimin e ndikimit ton\u00eb tek mjedisi ku operoijm\u00eb.","robots":{"index":"index","follow":"follow","max-snippet":"max-snippet:-1","max-image-preview":"max-image-preview:large","max-video-preview":"max-video-preview:-1"},"canonical":"https:\/\/elitecoaching.io\/sq\/rreth-nesh\/pergjegjesia-sociale-e-korporates\/","og_locale":"sq_AL","og_type":"article","og_title":"P\u00ebrgjegj\u00ebsia Sociale e Korporat\u00ebs (PSK)","og_description":"P\u00ebrgjegj\u00ebsia sociale e korporat\u00ebs vepron mbi parimet e ruajtjes dhe zvog\u00eblimin e ndikimit ton\u00eb tek mjedisi ku operoijm\u00eb.","og_url":"https:\/\/elitecoaching.io\/sq\/rreth-nesh\/pergjegjesia-sociale-e-korporates\/","og_site_name":"Elite Coaching","article_modified_time":"2022-06-15T13:23:40+00:00","og_image":[{"url":"https:\/\/elitecoaching.io\/wp-content\/uploads\/2022\/04\/Our-Vision.webp"}],"twitter_card":"summary_large_image","twitter_misc":{"Est. reading time":"3 minutes"},"schema":{"@context":"https:\/\/schema.org","@graph":[{"@type":"WebPage","@id":"https:\/\/elitecoaching.io\/sq\/rreth-nesh\/pergjegjesia-sociale-e-korporates\/","url":"https:\/\/elitecoaching.io\/sq\/rreth-nesh\/pergjegjesia-sociale-e-korporates\/","name":"P\u00ebrgjegj\u00ebsia Sociale e Korporat\u00ebs - Elite Coaching","isPartOf":{"@id":"https:\/\/elitecoaching.io\/sq\/#website"},"datePublished":"2021-05-31T06:17:26+00:00","dateModified":"2022-06-15T13:23:40+00:00","description":"P\u00ebrgjegj\u00ebsia sociale e korporat\u00ebs vepron mbi parimet e ruajtjes dhe zvog\u00eblimin e ndikimit ton\u00eb tek mjedisi ku operoijm\u00eb.","breadcrumb":{"@id":"https:\/\/elitecoaching.io\/sq\/rreth-nesh\/pergjegjesia-sociale-e-korporates\/#breadcrumb"},"inLanguage":"sq-AL","potentialAction":[{"@type":"ReadAction","target":["https:\/\/elitecoaching.io\/sq\/rreth-nesh\/pergjegjesia-sociale-e-korporates\/"]}]},{"@type":"BreadcrumbList","@id":"https:\/\/elitecoaching.io\/sq\/rreth-nesh\/pergjegjesia-sociale-e-korporates\/#breadcrumb","itemListElement":[{"@type":"ListItem","position":1,"name":"Home","item":"https:\/\/elitecoaching.io\/sq\/"},{"@type":"ListItem","position":2,"name":"Rreth Nesh","item":"https:\/\/elitecoaching.io\/sq\/rreth-nesh\/"},{"@type":"ListItem","position":3,"name":"P\u00ebrgjegj\u00ebsia Sociale e Korporat\u00ebs (PSK)"}]},{"@type":"WebSite","@id":"https:\/\/elitecoaching.io\/sq\/#website","url":"https:\/\/elitecoaching.io\/sq\/","name":"Elite Coaching","description":"Dedicated to Growth","potentialAction":[{"@type":"SearchAction","target":{"@type":"EntryPoint","urlTemplate":"https:\/\/elitecoaching.io\/sq\/?s={search_term_string}"},"query-input":"required name=search_term_string"}],"inLanguage":"sq-AL"}]}},"_links":{"self":[{"href":"https:\/\/elitecoaching.io\/sq\/wp-json\/wp\/v2\/pages\/19979"}],"collection":[{"href":"https:\/\/elitecoaching.io\/sq\/wp-json\/wp\/v2\/pages"}],"about":[{"href":"https:\/\/elitecoaching.io\/sq\/wp-json\/wp\/v2\/types\/page"}],"author":[{"embeddable":true,"href":"https:\/\/elitecoaching.io\/sq\/wp-json\/wp\/v2\/users\/1"}],"replies":[{"embeddable":true,"href":"https:\/\/elitecoaching.io\/sq\/wp-json\/wp\/v2\/comments?post=19979"}],"version-history":[{"count":0,"href":"https:\/\/elitecoaching.io\/sq\/wp-json\/wp\/v2\/pages\/19979\/revisions"}],"up":[{"embeddable":true,"href":"https:\/\/elitecoaching.io\/sq\/wp-json\/wp\/v2\/pages\/19969"}],"wp:attachment":[{"href":"https:\/\/elitecoaching.io\/sq\/wp-json\/wp\/v2\/media?parent=19979"}],"curies":[{"name":"wp","href":"https:\/\/api.w.org\/{rel}","templated":true}]}}