{"id":19981,"date":"2022-04-18T06:53:31","date_gmt":"2022-04-18T06:53:31","guid":{"rendered":"https:\/\/elitecoaching.io\/rreth-nesh\/misioni-vizioni\/"},"modified":"2022-07-18T08:52:49","modified_gmt":"2022-07-18T08:52:49","slug":"misioni-vizioni","status":"publish","type":"page","link":"https:\/\/elitecoaching.io\/sq\/rreth-nesh\/misioni-vizioni\/","title":{"rendered":"Misioni &amp; Vizioni"},"content":{"rendered":"\t\t<div data-elementor-type=\"wp-page\" data-elementor-id=\"19981\" class=\"elementor elementor-19981 elementor-14056\" data-elementor-post-type=\"page\">\n\t\t\t\t\t\t\t\t\t<section class=\"elementor-section elementor-top-section elementor-element elementor-element-522157b elementor-section-full_width elementor-section-height-default elementor-section-height-default\" data-id=\"522157b\" data-element_type=\"section\">\n\t\t\t\t\t\t<div class=\"elementor-container elementor-column-gap-default\">\n\t\t\t\t\t<div class=\"elementor-column elementor-col-33 elementor-top-column elementor-element elementor-element-6780d2c\" data-id=\"6780d2c\" data-element_type=\"column\">\n\t\t\t<div class=\"elementor-widget-wrap\">\n\t\t\t\t\t\t\t\t\t<\/div>\n\t\t<\/div>\n\t\t\t\t<div class=\"elementor-column elementor-col-66 elementor-top-column elementor-element elementor-element-45fa32e\" data-id=\"45fa32e\" data-element_type=\"column\">\n\t\t\t<div class=\"elementor-widget-wrap elementor-element-populated\">\n\t\t\t\t\t\t\t\t<div class=\"elementor-element elementor-element-f59adda animated-slow elementor-widget elementor-widget-text-editor\" data-id=\"f59adda\" data-element_type=\"widget\" data-settings=\"{&quot;_animation&quot;:&quot;none&quot;,&quot;_animation_delay&quot;:500}\" data-widget_type=\"text-editor.default\">\n\t\t\t\t<div class=\"elementor-widget-container\">\n\t\t\t\t\t\t\t<p>RRETH NESH\/<\/p>\t\t\t\t\t\t<\/div>\n\t\t\t\t<\/div>\n\t\t\t\t<div class=\"elementor-element elementor-element-7b54fd9 elementor-widget elementor-widget-heading\" data-id=\"7b54fd9\" data-element_type=\"widget\" data-settings=\"{&quot;_animation&quot;:&quot;none&quot;}\" data-widget_type=\"heading.default\">\n\t\t\t\t<div class=\"elementor-widget-container\">\n\t\t\t<h2 class=\"elementor-heading-title elementor-size-default\">Misioni &amp; Vizioni<\/h2>\t\t<\/div>\n\t\t\t\t<\/div>\n\t\t\t\t\t<\/div>\n\t\t<\/div>\n\t\t\t\t\t\t\t<\/div>\n\t\t<\/section>\n\t\t\t\t<section class=\"elementor-section elementor-top-section elementor-element elementor-element-660e0f0 elementor-section-height-min-height panel elementor-section-full_width elementor-section-height-default elementor-section-items-middle\" data-id=\"660e0f0\" data-element_type=\"section\" data-settings=\"{&quot;background_background&quot;:&quot;classic&quot;}\" data-color=\"black\">\n\t\t\t\t\t\t\t<div class=\"elementor-background-overlay\"><\/div>\n\t\t\t\t\t\t\t<div class=\"elementor-container elementor-column-gap-default\">\n\t\t\t\t\t<div class=\"elementor-column elementor-col-100 elementor-top-column elementor-element elementor-element-fe398f9\" data-id=\"fe398f9\" data-element_type=\"column\" data-settings=\"{&quot;background_background&quot;:&quot;classic&quot;}\">\n\t\t\t<div class=\"elementor-widget-wrap elementor-element-populated\">\n\t\t\t\t\t\t\t\t<section class=\"elementor-section elementor-inner-section elementor-element elementor-element-8944ac2 elementor-section-full_width elementor-section-height-default elementor-section-height-default\" data-id=\"8944ac2\" data-element_type=\"section\">\n\t\t\t\t\t\t<div class=\"elementor-container elementor-column-gap-default\">\n\t\t\t\t\t<div class=\"elementor-column elementor-col-100 elementor-inner-column elementor-element elementor-element-895985f\" data-id=\"895985f\" data-element_type=\"column\">\n\t\t\t<div class=\"elementor-widget-wrap elementor-element-populated\">\n\t\t\t\t\t\t\t\t<div class=\"elementor-element elementor-element-8091f08 elementor-widget elementor-widget-image\" data-id=\"8091f08\" data-element_type=\"widget\" data-widget_type=\"image.default\">\n\t\t\t\t<div class=\"elementor-widget-container\">\n\t\t\t\t\t\t\t\t\t\t\t\t\t\t\t<img decoding=\"async\" width=\"1920\" height=\"1080\" src=\"https:\/\/elitecoaching.io\/wp-content\/uploads\/2022\/04\/Mission-Vision.webp\" class=\"attachment-full size-full wp-image-16330\" alt=\"Mission &amp; Vision\" loading=\"lazy\" srcset=\"https:\/\/elitecoaching.io\/wp-content\/uploads\/2022\/04\/Mission-Vision.webp 1920w, https:\/\/elitecoaching.io\/wp-content\/uploads\/2022\/04\/Mission-Vision-300x169.webp 300w, https:\/\/elitecoaching.io\/wp-content\/uploads\/2022\/04\/Mission-Vision-1024x576.webp 1024w, https:\/\/elitecoaching.io\/wp-content\/uploads\/2022\/04\/Mission-Vision-768x432.webp 768w, https:\/\/elitecoaching.io\/wp-content\/uploads\/2022\/04\/Mission-Vision-1536x864.webp 1536w\" sizes=\"(max-width: 1920px) 100vw, 1920px\" \/>\t\t\t\t\t\t\t\t\t\t\t\t\t\t\t<\/div>\n\t\t\t\t<\/div>\n\t\t\t\t\t<\/div>\n\t\t<\/div>\n\t\t\t\t\t\t\t<\/div>\n\t\t<\/section>\n\t\t\t\t\t<\/div>\n\t\t<\/div>\n\t\t\t\t\t\t\t<\/div>\n\t\t<\/section>\n\t\t\t\t<section class=\"elementor-section elementor-top-section elementor-element elementor-element-0c49a82 elementor-section-boxed elementor-section-height-default elementor-section-height-default\" data-id=\"0c49a82\" data-element_type=\"section\" data-settings=\"{&quot;background_background&quot;:&quot;classic&quot;}\">\n\t\t\t\t\t\t<div class=\"elementor-container elementor-column-gap-default\">\n\t\t\t\t\t<div class=\"elementor-column elementor-col-100 elementor-top-column elementor-element elementor-element-cafcb0b\" data-id=\"cafcb0b\" data-element_type=\"column\">\n\t\t\t<div class=\"elementor-widget-wrap elementor-element-populated\">\n\t\t\t\t\t\t\t\t<section class=\"elementor-section elementor-inner-section elementor-element elementor-element-91c514a elementor-section-full_width elementor-section-height-default elementor-section-height-default\" data-id=\"91c514a\" data-element_type=\"section\">\n\t\t\t\t\t\t<div class=\"elementor-container elementor-column-gap-default\">\n\t\t\t\t\t<div class=\"elementor-column elementor-col-33 elementor-inner-column elementor-element elementor-element-04159ab\" data-id=\"04159ab\" data-element_type=\"column\">\n\t\t\t<div class=\"elementor-widget-wrap\">\n\t\t\t\t\t\t\t\t\t<\/div>\n\t\t<\/div>\n\t\t\t\t<div class=\"elementor-column elementor-col-33 elementor-inner-column elementor-element elementor-element-5f1ab59\" data-id=\"5f1ab59\" data-element_type=\"column\">\n\t\t\t<div class=\"elementor-widget-wrap elementor-element-populated\">\n\t\t\t\t\t\t\t\t<div class=\"elementor-element elementor-element-17f0989 elementor-widget elementor-widget-text-editor\" data-id=\"17f0989\" data-element_type=\"widget\" data-widget_type=\"text-editor.default\">\n\t\t\t\t<div class=\"elementor-widget-container\">\n\t\t\t\t\t\t\t<p>P\u00ebrqasja<\/p>\t\t\t\t\t\t<\/div>\n\t\t\t\t<\/div>\n\t\t\t\t<div class=\"elementor-element elementor-element-4a4a2e0 elementor-widget elementor-widget-text-editor\" data-id=\"4a4a2e0\" data-element_type=\"widget\" data-widget_type=\"text-editor.default\">\n\t\t\t\t<div class=\"elementor-widget-container\">\n\t\t\t\t\t\t\t<p class=\"Kristi\">Misioni yn\u00eb \u00ebsht\u00eb t\u00eb frym\u00ebzojm\u00eb partner\u00ebt tan\u00eb, bizneset dhe njer\u00ebzit p\u00ebr t\u2019u rritur bashk\u00ebrisht brenda nj\u00eb mjedisi t\u00eb q\u00ebndruesh\u00ebm dhe shoq\u00ebror n\u00eb t\u00eb gjitha aspektet. Ne duam t\u2019u tregojm\u00eb klient\u00ebve tan\u00eb se si t\u00eb zhvillojn\u00eb idet\u00eb dhe bizneset e tyre, n\u00eb praktik\u00eb dhe me strategji, n\u00eb m\u00ebnyr\u00eb q\u00eb t\u00eb arrihet niveli m\u00eb i lart\u00eb q\u00eb sip\u00ebrmarrja mundet t\u00eb rigjeneroj\u00eb. Rritje do t\u00eb thot\u00eb p\u00ebr ne t\u2019ju japim mb\u00ebshtetje dhe ndihm\u00ebn e nevojshme si psh., trajnimin dhe edukimin q\u00eb secili t&#8217;i p\u00ebrdor\u00eb p\u00ebr t\u00eb rritur biznesin, profesionin dhe pasionin e vet\u00eb. . Duke qen\u00eb t\u00eb drejtuar nga vlerat dhe metodat krijuese, misioni yn\u00eb kthehet vet\u00ebvetiu n\u00eb proces rrit\u00ebs gjithashtu edhe p\u00ebr Elite Coaching. Kur biznesi zhvillohet me an\u00eb t\u00eb filozofis\u00eb s\u00eb Punojm\u00eb Bashk\u00eb, gjendja mendore e cila t\u00eb mban koherent me ndryshimet e jet\u00ebs dhe shoq\u00ebris\u00eb \u00ebsht\u00eb rritja e vazhdueshme.<\/p>\t\t\t\t\t\t<\/div>\n\t\t\t\t<\/div>\n\t\t\t\t<div class=\"elementor-element elementor-element-e1f35a5 elementor-widget elementor-widget-text-editor\" data-id=\"e1f35a5\" data-element_type=\"widget\" data-widget_type=\"text-editor.default\">\n\t\t\t\t<div class=\"elementor-widget-container\">\n\t\t\t\t\t\t\t<p>Q\u00ebllimi Yn\u00eb<\/p>\t\t\t\t\t\t<\/div>\n\t\t\t\t<\/div>\n\t\t\t\t<div class=\"elementor-element elementor-element-3480db4 elementor-widget elementor-widget-text-editor\" data-id=\"3480db4\" data-element_type=\"widget\" data-widget_type=\"text-editor.default\">\n\t\t\t\t<div class=\"elementor-widget-container\">\n\t\t\t\t\t\t\t<p>Ne duam q\u00eb t\u00eb prekim gjithmon \u00e7do projekt n\u00eb rrug\u00eb t\u00eb ndryshme p\u00ebr t\u00eb arritur rezultatin m\u00eb t\u00eb mir\u00eb duke mos humbur origjinalitetin. Me an\u00eb t\u00eb ideimit, bashk\u00ebpunimit dhe diskutimeve t\u00eb hapura krijuese, ne duam t\u00eb l\u00ebht\u00ebsojm\u00eb nevojat e juaja dhe t\u00eb jemi sa m\u00eb original n\u00eb \u00e7do sh\u00ebrbim dhe produkt q\u00eb marrim p\u00ebrsip\u00ebr t\u00eb punojm\u00eb.<\/p><p>\u00a0<\/p>\t\t\t\t\t\t<\/div>\n\t\t\t\t<\/div>\n\t\t\t\t<div class=\"elementor-element elementor-element-1ff32d9 elementor-widget elementor-widget-text-editor\" data-id=\"1ff32d9\" data-element_type=\"widget\" data-widget_type=\"text-editor.default\">\n\t\t\t\t<div class=\"elementor-widget-container\">\n\t\t\t\t\t\t\t<p>N\u00ebse kompania juaj ka nevoj\u00eb p\u00ebr t\u2019u shfaqur n\u00eb bot\u00ebn reale me an\u00eb t\u00eb form\u00ebs dixhitale apo t\u00eb printuar, ne mundemi t\u2019ju ndihmojm\u00eb n\u00eb suksesin e emrit tuaj pavar\u00ebsisht llojit t\u00eb platform\u00ebs dhe kanalit promovues. N\u00ebse keni nevoj\u00eb p\u00ebr dike t\u2019ju jap\u00eb nj\u00eb dor\u00eb, mjafton t\u00eb na kontaktoni.<\/p>\t\t\t\t\t\t<\/div>\n\t\t\t\t<\/div>\n\t\t\t\t<div class=\"elementor-element elementor-element-55b6f41 elementor-widget-divider--view-line elementor-widget elementor-widget-divider\" data-id=\"55b6f41\" data-element_type=\"widget\" data-widget_type=\"divider.default\">\n\t\t\t\t<div class=\"elementor-widget-container\">\n\t\t\t\t\t<div class=\"elementor-divider\">\n\t\t\t<span class=\"elementor-divider-separator\">\n\t\t\t\t\t\t<\/span>\n\t\t<\/div>\n\t\t\t\t<\/div>\n\t\t\t\t<\/div>\n\t\t\t\t\t<\/div>\n\t\t<\/div>\n\t\t\t\t<div class=\"elementor-column elementor-col-33 elementor-inner-column elementor-element elementor-element-046c5d4\" data-id=\"046c5d4\" data-element_type=\"column\">\n\t\t\t<div class=\"elementor-widget-wrap\">\n\t\t\t\t\t\t\t\t\t<\/div>\n\t\t<\/div>\n\t\t\t\t\t\t\t<\/div>\n\t\t<\/section>\n\t\t\t\t<section class=\"elementor-section elementor-inner-section elementor-element elementor-element-5edc339 elementor-section-boxed elementor-section-height-default elementor-section-height-default\" data-id=\"5edc339\" data-element_type=\"section\">\n\t\t\t\t\t\t<div class=\"elementor-container elementor-column-gap-default\">\n\t\t\t\t\t<div class=\"elementor-column elementor-col-25 elementor-inner-column elementor-element elementor-element-6377daa elementor-hidden-mobile\" data-id=\"6377daa\" data-element_type=\"column\">\n\t\t\t<div class=\"elementor-widget-wrap\">\n\t\t\t\t\t\t\t\t\t<\/div>\n\t\t<\/div>\n\t\t\t\t<div class=\"elementor-column elementor-col-25 elementor-inner-column elementor-element elementor-element-9186bd5\" data-id=\"9186bd5\" data-element_type=\"column\">\n\t\t\t<div class=\"elementor-widget-wrap elementor-element-populated\">\n\t\t\t\t\t\t\t\t<div class=\"elementor-element elementor-element-0cc63df elementor-hidden-mobile elementor-widget elementor-widget-ucaddon_creative_buttons\" data-id=\"0cc63df\" data-element_type=\"widget\" data-widget_type=\"ucaddon_creative_buttons.default\">\n\t\t\t\t<div class=\"elementor-widget-container\">\n\t\t\t<!-- start Creative Button Hovers -->\n\t\t<link id='uc_ac_assets_file_uc_creative_buttons_css_1983-css' href='https:\/\/elitecoaching.io\/wp-content\/uploads\/ac_assets\/uc_creative_buttons\/uc_creative_buttons.css' type='text\/css' rel='stylesheet' >\n\n\t\t\t<style type=\"text\/css\">\/* widget: Creative Button Hovers *\/\n\n#uc_creative_buttons_elementor_0cc63df.uc_creative_buttons{\n  text-align: left;\n}\n#uc_creative_buttons_elementor_0cc63df.uc_creative_buttons .uc_button,\n#uc_creative_buttons_elementor_0cc63df.uc_creative_buttons .uc_button::after {\n\ttransition: all 0.3s;\n}\n\n#uc_creative_buttons_elementor_0cc63df.uc_creative_buttons .uc_button {\n\n\n  display: inline-block;\n  overflow:hidden;\n}\n\n<\/style>\n\n\t\t\t<div class=\"uc_creative_buttons\" id=\"uc_creative_buttons_elementor_0cc63df\">\n  <div class=\"container\">\n    <a href=\"https:\/\/elitecoaching.io\/sq\" class=\"uc_button button-padding uc_btn-7\" ><span>< faqe kryesore<\/span><\/a>\n  <\/div>\n<\/div>\n\t\t\t<!-- end Creative Button Hovers -->\t\t<\/div>\n\t\t\t\t<\/div>\n\t\t\t\t\t<\/div>\n\t\t<\/div>\n\t\t\t\t<div class=\"elementor-column elementor-col-25 elementor-inner-column elementor-element elementor-element-57af619\" data-id=\"57af619\" data-element_type=\"column\">\n\t\t\t<div class=\"elementor-widget-wrap\">\n\t\t\t\t\t\t\t\t\t<\/div>\n\t\t<\/div>\n\t\t\t\t<div class=\"elementor-column elementor-col-25 elementor-inner-column elementor-element elementor-element-5dd9c5a\" data-id=\"5dd9c5a\" data-element_type=\"column\">\n\t\t\t<div class=\"elementor-widget-wrap\">\n\t\t\t\t\t\t\t\t\t<\/div>\n\t\t<\/div>\n\t\t\t\t\t\t\t<\/div>\n\t\t<\/section>\n\t\t\t\t\t<\/div>\n\t\t<\/div>\n\t\t\t\t\t\t\t<\/div>\n\t\t<\/section>\n\t\t\t\t\t\t\t<\/div>\n\t\t","protected":false},"excerpt":{"rendered":"<p>RRETH NESH\/ Misioni &amp; Vizioni P\u00ebrqasja Misioni yn\u00eb \u00ebsht\u00eb t\u00eb frym\u00ebzojm\u00eb partner\u00ebt tan\u00eb, bizneset dhe njer\u00ebzit p\u00ebr t\u2019u rritur bashk\u00ebrisht brenda nj\u00eb mjedisi t\u00eb q\u00ebndruesh\u00ebm dhe shoq\u00ebror n\u00eb t\u00eb gjitha aspektet. Ne duam t\u2019u tregojm\u00eb klient\u00ebve tan\u00eb se si t\u00eb zhvillojn\u00eb idet\u00eb dhe bizneset e tyre, n\u00eb praktik\u00eb dhe me strategji, n\u00eb m\u00ebnyr\u00eb q\u00eb t\u00eb [&#8230;]<\/p>\n<p><a class=\"btn btn-secondary understrap-read-more-link\" href=\"https:\/\/elitecoaching.io\/sq\/rreth-nesh\/misioni-vizioni\/\">Read More&#8230;<\/a><\/p>\n","protected":false},"author":7,"featured_media":0,"parent":19969,"menu_order":0,"comment_status":"closed","ping_status":"closed","template":"page-templates\/template-home.php","meta":[],"yoast_head":"<!-- This site is optimized with the Yoast SEO Premium plugin v18.4 (Yoast SEO v20.11) - https:\/\/yoast.com\/wordpress\/plugins\/seo\/ -->\n<title>Misioni &amp; Vizioni - Elite Coaching<\/title>\n<meta name=\"description\" content=\"Misioni &amp; Vizioni yn\u00eb \u00ebsht\u00eb t\u00eb rritemi s\u00ebbashku me partner\u00ebt dhe miqt\u00eb tan\u00eb n\u00eb m\u00ebnyr\u00eb t\u00eb q\u00ebndrueshme.\" \/>\n<meta name=\"robots\" content=\"index, follow, max-snippet:-1, max-image-preview:large, max-video-preview:-1\" \/>\n<link rel=\"canonical\" href=\"https:\/\/elitecoaching.io\/sq\/rreth-nesh\/misioni-vizioni\/\" \/>\n<meta property=\"og:locale\" content=\"sq_AL\" \/>\n<meta property=\"og:type\" content=\"article\" \/>\n<meta property=\"og:title\" content=\"Misioni &amp; Vizioni\" \/>\n<meta property=\"og:description\" content=\"Misioni &amp; Vizioni yn\u00eb \u00ebsht\u00eb t\u00eb rritemi s\u00ebbashku me partner\u00ebt dhe miqt\u00eb tan\u00eb n\u00eb m\u00ebnyr\u00eb t\u00eb q\u00ebndrueshme.\" \/>\n<meta property=\"og:url\" content=\"https:\/\/elitecoaching.io\/sq\/rreth-nesh\/misioni-vizioni\/\" \/>\n<meta property=\"og:site_name\" content=\"Elite Coaching\" \/>\n<meta property=\"article:modified_time\" content=\"2022-07-18T08:52:49+00:00\" \/>\n<meta property=\"og:image\" content=\"https:\/\/elitecoaching.io\/wp-content\/uploads\/2022\/04\/Mission-Vision.webp\" \/>\n<meta name=\"twitter:card\" content=\"summary_large_image\" \/>\n<meta name=\"twitter:label1\" content=\"Est. reading time\" \/>\n\t<meta name=\"twitter:data1\" content=\"2 minutes\" \/>\n<script type=\"application\/ld+json\" class=\"yoast-schema-graph\">{\"@context\":\"https:\/\/schema.org\",\"@graph\":[{\"@type\":\"WebPage\",\"@id\":\"https:\/\/elitecoaching.io\/sq\/rreth-nesh\/misioni-vizioni\/\",\"url\":\"https:\/\/elitecoaching.io\/sq\/rreth-nesh\/misioni-vizioni\/\",\"name\":\"Misioni &amp; Vizioni - Elite Coaching\",\"isPartOf\":{\"@id\":\"https:\/\/elitecoaching.io\/sq\/#website\"},\"datePublished\":\"2022-04-18T06:53:31+00:00\",\"dateModified\":\"2022-07-18T08:52:49+00:00\",\"description\":\"Misioni & Vizioni yn\u00eb \u00ebsht\u00eb t\u00eb rritemi s\u00ebbashku me partner\u00ebt dhe miqt\u00eb tan\u00eb n\u00eb m\u00ebnyr\u00eb t\u00eb q\u00ebndrueshme.\",\"breadcrumb\":{\"@id\":\"https:\/\/elitecoaching.io\/sq\/rreth-nesh\/misioni-vizioni\/#breadcrumb\"},\"inLanguage\":\"sq-AL\",\"potentialAction\":[{\"@type\":\"ReadAction\",\"target\":[\"https:\/\/elitecoaching.io\/sq\/rreth-nesh\/misioni-vizioni\/\"]}]},{\"@type\":\"BreadcrumbList\",\"@id\":\"https:\/\/elitecoaching.io\/sq\/rreth-nesh\/misioni-vizioni\/#breadcrumb\",\"itemListElement\":[{\"@type\":\"ListItem\",\"position\":1,\"name\":\"Home\",\"item\":\"https:\/\/elitecoaching.io\/sq\/\"},{\"@type\":\"ListItem\",\"position\":2,\"name\":\"Rreth Nesh\",\"item\":\"https:\/\/elitecoaching.io\/sq\/rreth-nesh\/\"},{\"@type\":\"ListItem\",\"position\":3,\"name\":\"Misioni &amp; Vizioni\"}]},{\"@type\":\"WebSite\",\"@id\":\"https:\/\/elitecoaching.io\/sq\/#website\",\"url\":\"https:\/\/elitecoaching.io\/sq\/\",\"name\":\"Elite Coaching\",\"description\":\"Dedicated to Growth\",\"potentialAction\":[{\"@type\":\"SearchAction\",\"target\":{\"@type\":\"EntryPoint\",\"urlTemplate\":\"https:\/\/elitecoaching.io\/sq\/?s={search_term_string}\"},\"query-input\":\"required name=search_term_string\"}],\"inLanguage\":\"sq-AL\"}]}<\/script>\n<!-- \/ Yoast SEO Premium plugin. -->","yoast_head_json":{"title":"Misioni &amp; Vizioni - Elite Coaching","description":"Misioni & Vizioni yn\u00eb \u00ebsht\u00eb t\u00eb rritemi s\u00ebbashku me partner\u00ebt dhe miqt\u00eb tan\u00eb n\u00eb m\u00ebnyr\u00eb t\u00eb q\u00ebndrueshme.","robots":{"index":"index","follow":"follow","max-snippet":"max-snippet:-1","max-image-preview":"max-image-preview:large","max-video-preview":"max-video-preview:-1"},"canonical":"https:\/\/elitecoaching.io\/sq\/rreth-nesh\/misioni-vizioni\/","og_locale":"sq_AL","og_type":"article","og_title":"Misioni &amp; Vizioni","og_description":"Misioni & Vizioni yn\u00eb \u00ebsht\u00eb t\u00eb rritemi s\u00ebbashku me partner\u00ebt dhe miqt\u00eb tan\u00eb n\u00eb m\u00ebnyr\u00eb t\u00eb q\u00ebndrueshme.","og_url":"https:\/\/elitecoaching.io\/sq\/rreth-nesh\/misioni-vizioni\/","og_site_name":"Elite Coaching","article_modified_time":"2022-07-18T08:52:49+00:00","og_image":[{"url":"https:\/\/elitecoaching.io\/wp-content\/uploads\/2022\/04\/Mission-Vision.webp"}],"twitter_card":"summary_large_image","twitter_misc":{"Est. reading time":"2 minutes"},"schema":{"@context":"https:\/\/schema.org","@graph":[{"@type":"WebPage","@id":"https:\/\/elitecoaching.io\/sq\/rreth-nesh\/misioni-vizioni\/","url":"https:\/\/elitecoaching.io\/sq\/rreth-nesh\/misioni-vizioni\/","name":"Misioni &amp; Vizioni - Elite Coaching","isPartOf":{"@id":"https:\/\/elitecoaching.io\/sq\/#website"},"datePublished":"2022-04-18T06:53:31+00:00","dateModified":"2022-07-18T08:52:49+00:00","description":"Misioni & Vizioni yn\u00eb \u00ebsht\u00eb t\u00eb rritemi s\u00ebbashku me partner\u00ebt dhe miqt\u00eb tan\u00eb n\u00eb m\u00ebnyr\u00eb t\u00eb q\u00ebndrueshme.","breadcrumb":{"@id":"https:\/\/elitecoaching.io\/sq\/rreth-nesh\/misioni-vizioni\/#breadcrumb"},"inLanguage":"sq-AL","potentialAction":[{"@type":"ReadAction","target":["https:\/\/elitecoaching.io\/sq\/rreth-nesh\/misioni-vizioni\/"]}]},{"@type":"BreadcrumbList","@id":"https:\/\/elitecoaching.io\/sq\/rreth-nesh\/misioni-vizioni\/#breadcrumb","itemListElement":[{"@type":"ListItem","position":1,"name":"Home","item":"https:\/\/elitecoaching.io\/sq\/"},{"@type":"ListItem","position":2,"name":"Rreth Nesh","item":"https:\/\/elitecoaching.io\/sq\/rreth-nesh\/"},{"@type":"ListItem","position":3,"name":"Misioni &amp; Vizioni"}]},{"@type":"WebSite","@id":"https:\/\/elitecoaching.io\/sq\/#website","url":"https:\/\/elitecoaching.io\/sq\/","name":"Elite Coaching","description":"Dedicated to Growth","potentialAction":[{"@type":"SearchAction","target":{"@type":"EntryPoint","urlTemplate":"https:\/\/elitecoaching.io\/sq\/?s={search_term_string}"},"query-input":"required name=search_term_string"}],"inLanguage":"sq-AL"}]}},"_links":{"self":[{"href":"https:\/\/elitecoaching.io\/sq\/wp-json\/wp\/v2\/pages\/19981"}],"collection":[{"href":"https:\/\/elitecoaching.io\/sq\/wp-json\/wp\/v2\/pages"}],"about":[{"href":"https:\/\/elitecoaching.io\/sq\/wp-json\/wp\/v2\/types\/page"}],"author":[{"embeddable":true,"href":"https:\/\/elitecoaching.io\/sq\/wp-json\/wp\/v2\/users\/7"}],"replies":[{"embeddable":true,"href":"https:\/\/elitecoaching.io\/sq\/wp-json\/wp\/v2\/comments?post=19981"}],"version-history":[{"count":3,"href":"https:\/\/elitecoaching.io\/sq\/wp-json\/wp\/v2\/pages\/19981\/revisions"}],"predecessor-version":[{"id":23996,"href":"https:\/\/elitecoaching.io\/sq\/wp-json\/wp\/v2\/pages\/19981\/revisions\/23996"}],"up":[{"embeddable":true,"href":"https:\/\/elitecoaching.io\/sq\/wp-json\/wp\/v2\/pages\/19969"}],"wp:attachment":[{"href":"https:\/\/elitecoaching.io\/sq\/wp-json\/wp\/v2\/media?parent=19981"}],"curies":[{"name":"wp","href":"https:\/\/api.w.org\/{rel}","templated":true}]}}