{"id":19987,"date":"2022-04-18T06:43:50","date_gmt":"2022-04-18T06:43:50","guid":{"rendered":"https:\/\/elitecoaching.io\/rreth-nesh\/vlerat-tona\/"},"modified":"2022-07-18T08:50:54","modified_gmt":"2022-07-18T08:50:54","slug":"vlerat-tona","status":"publish","type":"page","link":"https:\/\/elitecoaching.io\/sq\/rreth-nesh\/vlerat-tona\/","title":{"rendered":"Vlerat Tona"},"content":{"rendered":"\t\t<div data-elementor-type=\"wp-page\" data-elementor-id=\"19987\" class=\"elementor elementor-19987 elementor-14050\" data-elementor-post-type=\"page\">\n\t\t\t\t\t\t\t\t\t<section class=\"elementor-section elementor-top-section elementor-element elementor-element-2a836e9 elementor-section-full_width elementor-section-height-default elementor-section-height-default\" data-id=\"2a836e9\" data-element_type=\"section\">\n\t\t\t\t\t\t<div class=\"elementor-container elementor-column-gap-default\">\n\t\t\t\t\t<div class=\"elementor-column elementor-col-33 elementor-top-column elementor-element elementor-element-23f9318\" data-id=\"23f9318\" data-element_type=\"column\">\n\t\t\t<div class=\"elementor-widget-wrap\">\n\t\t\t\t\t\t\t\t\t<\/div>\n\t\t<\/div>\n\t\t\t\t<div class=\"elementor-column elementor-col-66 elementor-top-column elementor-element elementor-element-f49fc3f\" data-id=\"f49fc3f\" data-element_type=\"column\">\n\t\t\t<div class=\"elementor-widget-wrap elementor-element-populated\">\n\t\t\t\t\t\t\t\t<div class=\"elementor-element elementor-element-a6fa90e animated-slow elementor-widget elementor-widget-text-editor\" data-id=\"a6fa90e\" data-element_type=\"widget\" data-settings=\"{&quot;_animation&quot;:&quot;none&quot;,&quot;_animation_delay&quot;:500}\" data-widget_type=\"text-editor.default\">\n\t\t\t\t<div class=\"elementor-widget-container\">\n\t\t\t\t\t\t\t<p>RRETH NESH\/<\/p>\t\t\t\t\t\t<\/div>\n\t\t\t\t<\/div>\n\t\t\t\t<div class=\"elementor-element elementor-element-818679a elementor-widget elementor-widget-heading\" data-id=\"818679a\" data-element_type=\"widget\" data-settings=\"{&quot;_animation&quot;:&quot;none&quot;}\" data-widget_type=\"heading.default\">\n\t\t\t\t<div class=\"elementor-widget-container\">\n\t\t\t<h2 class=\"elementor-heading-title elementor-size-default\">Vlerat Tona<\/h2>\t\t<\/div>\n\t\t\t\t<\/div>\n\t\t\t\t\t<\/div>\n\t\t<\/div>\n\t\t\t\t\t\t\t<\/div>\n\t\t<\/section>\n\t\t\t\t<section class=\"elementor-section elementor-top-section elementor-element elementor-element-8c46b3b elementor-section-height-min-height panel elementor-section-full_width elementor-section-height-default elementor-section-items-middle\" data-id=\"8c46b3b\" data-element_type=\"section\" data-settings=\"{&quot;background_background&quot;:&quot;classic&quot;}\" data-color=\"black\">\n\t\t\t\t\t\t\t<div class=\"elementor-background-overlay\"><\/div>\n\t\t\t\t\t\t\t<div class=\"elementor-container elementor-column-gap-default\">\n\t\t\t\t\t<div class=\"elementor-column elementor-col-100 elementor-top-column elementor-element elementor-element-59e4aa0\" data-id=\"59e4aa0\" data-element_type=\"column\" data-settings=\"{&quot;background_background&quot;:&quot;classic&quot;}\">\n\t\t\t<div class=\"elementor-widget-wrap elementor-element-populated\">\n\t\t\t\t\t\t\t\t<section class=\"elementor-section elementor-inner-section elementor-element elementor-element-94a3ae8 elementor-section-full_width elementor-section-height-default elementor-section-height-default\" data-id=\"94a3ae8\" data-element_type=\"section\">\n\t\t\t\t\t\t<div class=\"elementor-container elementor-column-gap-default\">\n\t\t\t\t\t<div class=\"elementor-column elementor-col-100 elementor-inner-column elementor-element elementor-element-0cbd778\" data-id=\"0cbd778\" data-element_type=\"column\">\n\t\t\t<div class=\"elementor-widget-wrap elementor-element-populated\">\n\t\t\t\t\t\t\t\t<div class=\"elementor-element elementor-element-5d0f417 elementor-widget elementor-widget-image\" data-id=\"5d0f417\" data-element_type=\"widget\" data-widget_type=\"image.default\">\n\t\t\t\t<div class=\"elementor-widget-container\">\n\t\t\t\t\t\t\t\t\t\t\t\t\t\t\t<img decoding=\"async\" width=\"1920\" height=\"1280\" src=\"https:\/\/elitecoaching.io\/wp-content\/uploads\/2022\/04\/Our-Values.webp\" class=\"attachment-full size-full wp-image-16335\" alt=\"Our Values\" loading=\"lazy\" srcset=\"https:\/\/elitecoaching.io\/wp-content\/uploads\/2022\/04\/Our-Values.webp 1920w, https:\/\/elitecoaching.io\/wp-content\/uploads\/2022\/04\/Our-Values-300x200.webp 300w, https:\/\/elitecoaching.io\/wp-content\/uploads\/2022\/04\/Our-Values-1024x683.webp 1024w, https:\/\/elitecoaching.io\/wp-content\/uploads\/2022\/04\/Our-Values-768x512.webp 768w, https:\/\/elitecoaching.io\/wp-content\/uploads\/2022\/04\/Our-Values-1536x1024.webp 1536w\" sizes=\"(max-width: 1920px) 100vw, 1920px\" \/>\t\t\t\t\t\t\t\t\t\t\t\t\t\t\t<\/div>\n\t\t\t\t<\/div>\n\t\t\t\t\t<\/div>\n\t\t<\/div>\n\t\t\t\t\t\t\t<\/div>\n\t\t<\/section>\n\t\t\t\t\t<\/div>\n\t\t<\/div>\n\t\t\t\t\t\t\t<\/div>\n\t\t<\/section>\n\t\t\t\t<section class=\"elementor-section elementor-top-section elementor-element elementor-element-246f926 elementor-section-boxed elementor-section-height-default elementor-section-height-default\" data-id=\"246f926\" data-element_type=\"section\" data-settings=\"{&quot;background_background&quot;:&quot;classic&quot;}\">\n\t\t\t\t\t\t<div class=\"elementor-container elementor-column-gap-default\">\n\t\t\t\t\t<div class=\"elementor-column elementor-col-100 elementor-top-column elementor-element elementor-element-77c26a3\" data-id=\"77c26a3\" data-element_type=\"column\">\n\t\t\t<div class=\"elementor-widget-wrap elementor-element-populated\">\n\t\t\t\t\t\t\t\t<section class=\"elementor-section elementor-inner-section elementor-element elementor-element-1dd42c9 elementor-section-full_width elementor-section-height-default elementor-section-height-default\" data-id=\"1dd42c9\" data-element_type=\"section\">\n\t\t\t\t\t\t<div class=\"elementor-container elementor-column-gap-default\">\n\t\t\t\t\t<div class=\"elementor-column elementor-col-33 elementor-inner-column elementor-element elementor-element-c27fd55\" data-id=\"c27fd55\" data-element_type=\"column\">\n\t\t\t<div class=\"elementor-widget-wrap\">\n\t\t\t\t\t\t\t\t\t<\/div>\n\t\t<\/div>\n\t\t\t\t<div class=\"elementor-column elementor-col-33 elementor-inner-column elementor-element elementor-element-48c3bd2\" data-id=\"48c3bd2\" data-element_type=\"column\">\n\t\t\t<div class=\"elementor-widget-wrap elementor-element-populated\">\n\t\t\t\t\t\t\t\t<div class=\"elementor-element elementor-element-7f511be elementor-widget elementor-widget-text-editor\" data-id=\"7f511be\" data-element_type=\"widget\" data-widget_type=\"text-editor.default\">\n\t\t\t\t<div class=\"elementor-widget-container\">\n\t\t\t\t\t\t\t<p>Elite Coaching &#8211; Vlerat<\/p>\t\t\t\t\t\t<\/div>\n\t\t\t\t<\/div>\n\t\t\t\t<div class=\"elementor-element elementor-element-9fdc475 elementor-widget elementor-widget-text-editor\" data-id=\"9fdc475\" data-element_type=\"widget\" data-widget_type=\"text-editor.default\">\n\t\t\t\t<div class=\"elementor-widget-container\">\n\t\t\t\t\t\t\t<p>Vlerat tona. \u00c7do burim njer\u00ebzor dhe \u00e7do individ n\u00eb kompanin\u00eb ton\u00eb ka vlera t\u00eb ve\u00e7anta. Secili dhe gjithkush ka nj\u00eb z\u00eb, mendje t\u00eb lir\u00eb dhe gjithnj\u00eb motivohet nga drejtuesit e kompanis\u00eb t\u00eb jet\u00eb krijues, risisjell\u00ebs dhe t\u00eb kultivoj\u00eb imagjinat\u00ebn n\u00eb m\u00ebnyr\u00eb q\u00eb t\u00eb transformojm\u00eb \u00e7do dit\u00eb pune n\u00eb passion.<\/p><p>\u00a0<\/p>\t\t\t\t\t\t<\/div>\n\t\t\t\t<\/div>\n\t\t\t\t<div class=\"elementor-element elementor-element-55a7644 elementor-widget elementor-widget-text-editor\" data-id=\"55a7644\" data-element_type=\"widget\" data-widget_type=\"text-editor.default\">\n\t\t\t\t<div class=\"elementor-widget-container\">\n\t\t\t\t\t\t\t<p>Brenda k\u00ebsaj bote dixhitalizimi dhe transformimi t\u00eb vazhduesh\u00ebm, ne mundohemi t\u00eb sigurojm\u00eb k\u00eb do q\u00eb koha p\u00ebr t\u00eb ekploruar, kuptuar dhe p\u00ebr t\u00eb m\u00ebsuar nuk mungon. Ne shtyjm\u00eb p\u00ebrpara punonj\u00ebsit tan\u00eb t\u00eb zhvillojn\u00eb kuriozitetin, t\u00eb mbledhin njohuri dhe t\u00eb ndajn\u00eb idet\u00eb\/mendimet e tyre lirsh\u00ebm. Ne e duam at\u00eb q\u00eb b\u00ebjm\u00eb dhe kujdesemi dhe q\u00eb t\u00eb punojm\u00eb n\u00eb harmoni t\u00eb plot\u00eb p\u00ebr t\u00eb arritur realizimin e detyrave q\u00eb marrim p\u00ebrsip\u00ebr. Kujdesemi p\u00ebr klient\u00ebt dhe partner\u00ebt tan\u00eb q\u00eb t\u00eb marrin nga sh\u00ebrbimet tona cil\u00ebsin\u00eb m\u00eb t\u00eb lart\u00eb t\u00eb mundshme.<\/p><p>\u00a0<\/p>\t\t\t\t\t\t<\/div>\n\t\t\t\t<\/div>\n\t\t\t\t<div class=\"elementor-element elementor-element-c404d02 elementor-widget elementor-widget-text-editor\" data-id=\"c404d02\" data-element_type=\"widget\" data-widget_type=\"text-editor.default\">\n\t\t\t\t<div class=\"elementor-widget-container\">\n\t\t\t\t\t\t\t<p>Biznesi yn\u00eb \u00ebsht\u00eb i nd\u00ebrtuar mbi respektin ndaj t\u00eb gjith\u00ebve!<\/p><p> <\/p>\t\t\t\t\t\t<\/div>\n\t\t\t\t<\/div>\n\t\t\t\t<div class=\"elementor-element elementor-element-4f13558 elementor-widget elementor-widget-text-editor\" data-id=\"4f13558\" data-element_type=\"widget\" data-widget_type=\"text-editor.default\">\n\t\t\t\t<div class=\"elementor-widget-container\">\n\t\t\t\t\t\t\t<p>Respekt p\u00ebr planetin, p\u00ebr partner\u00ebt dhe klient\u00ebt tan\u00eb. <a href=\"https:\/\/etg.al\/about-us\/\" target=\"_blank\" rel=\"noopener\">Ne<\/a> nuk duam t\u00eb b\u00ebjm\u00eb vet\u00ebm biznes, ne duam t\u00eb krijom\u00eb miq n\u00eb \u00e7\u2019do veprimtari ton\u00ebn. Jemi inovative dhe gjithmon duke k\u00ebrkuar p\u00ebr m\u00ebnyra t\u00eb reja t\u00eb cilat zvog\u00eblojn\u00eb ndikimin ton\u00eb negative. Duke qen\u00eb t\u00eb besuesh\u00ebm, transparent dhe t\u00eb sinqert\u00eb mundohemi q\u00eb fjala jon\u00eb t\u00eb jet\u00eb besa jon\u00eb. Gjithashtu, ne p\u00ebrqendrohemi tek cil\u00ebsia, duke siguruar t\u00eb p\u00ebrcjellim veprimtari me nivel t\u00eb lart\u00eb biznesi i cili mund t\u00eb nd\u00ebrtoj\u00eb nj\u00eb t\u00eb ardhme t\u00eb q\u00ebndrueshme n\u00ebp\u00ebrmjet eksperiencave t\u00eb reja n\u00eb industrin\u00eb e turizmit.<\/p>\t\t\t\t\t\t<\/div>\n\t\t\t\t<\/div>\n\t\t\t\t<div class=\"elementor-element elementor-element-971ec41 elementor-widget-divider--view-line elementor-widget elementor-widget-divider\" data-id=\"971ec41\" data-element_type=\"widget\" data-widget_type=\"divider.default\">\n\t\t\t\t<div class=\"elementor-widget-container\">\n\t\t\t\t\t<div class=\"elementor-divider\">\n\t\t\t<span class=\"elementor-divider-separator\">\n\t\t\t\t\t\t<\/span>\n\t\t<\/div>\n\t\t\t\t<\/div>\n\t\t\t\t<\/div>\n\t\t\t\t\t<\/div>\n\t\t<\/div>\n\t\t\t\t<div class=\"elementor-column elementor-col-33 elementor-inner-column elementor-element elementor-element-f13a1e2\" data-id=\"f13a1e2\" data-element_type=\"column\">\n\t\t\t<div class=\"elementor-widget-wrap\">\n\t\t\t\t\t\t\t\t\t<\/div>\n\t\t<\/div>\n\t\t\t\t\t\t\t<\/div>\n\t\t<\/section>\n\t\t\t\t<section class=\"elementor-section elementor-inner-section elementor-element elementor-element-2537101 elementor-section-boxed elementor-section-height-default elementor-section-height-default\" data-id=\"2537101\" data-element_type=\"section\">\n\t\t\t\t\t\t<div class=\"elementor-container elementor-column-gap-default\">\n\t\t\t\t\t<div class=\"elementor-column elementor-col-25 elementor-inner-column elementor-element elementor-element-fa78f5a elementor-hidden-mobile\" data-id=\"fa78f5a\" data-element_type=\"column\">\n\t\t\t<div class=\"elementor-widget-wrap\">\n\t\t\t\t\t\t\t\t\t<\/div>\n\t\t<\/div>\n\t\t\t\t<div class=\"elementor-column elementor-col-25 elementor-inner-column elementor-element elementor-element-f1924c5\" data-id=\"f1924c5\" data-element_type=\"column\">\n\t\t\t<div class=\"elementor-widget-wrap elementor-element-populated\">\n\t\t\t\t\t\t\t\t<div class=\"elementor-element elementor-element-7ff068e elementor-hidden-mobile elementor-widget elementor-widget-ucaddon_creative_buttons\" data-id=\"7ff068e\" data-element_type=\"widget\" data-widget_type=\"ucaddon_creative_buttons.default\">\n\t\t\t\t<div class=\"elementor-widget-container\">\n\t\t\t<!-- start Creative Button Hovers -->\n\t\t<link id='uc_ac_assets_file_uc_creative_buttons_css_1983-css' href='https:\/\/elitecoaching.io\/wp-content\/uploads\/ac_assets\/uc_creative_buttons\/uc_creative_buttons.css' type='text\/css' rel='stylesheet' >\n\n\t\t\t<style type=\"text\/css\">\/* widget: Creative Button Hovers *\/\n\n#uc_creative_buttons_elementor_7ff068e.uc_creative_buttons{\n  text-align: left;\n}\n#uc_creative_buttons_elementor_7ff068e.uc_creative_buttons .uc_button,\n#uc_creative_buttons_elementor_7ff068e.uc_creative_buttons .uc_button::after {\n\ttransition: all 0.3s;\n}\n\n#uc_creative_buttons_elementor_7ff068e.uc_creative_buttons .uc_button {\n\n\n  display: inline-block;\n  overflow:hidden;\n}\n\n<\/style>\n\n\t\t\t<div class=\"uc_creative_buttons\" id=\"uc_creative_buttons_elementor_7ff068e\">\n  <div class=\"container\">\n    <a href=\"https:\/\/elitecoaching.io\/sq\" class=\"uc_button button-padding uc_btn-7\" ><span>< faqe kryesore<\/span><\/a>\n  <\/div>\n<\/div>\n\t\t\t<!-- end Creative Button Hovers -->\t\t<\/div>\n\t\t\t\t<\/div>\n\t\t\t\t\t<\/div>\n\t\t<\/div>\n\t\t\t\t<div class=\"elementor-column elementor-col-25 elementor-inner-column elementor-element elementor-element-f43a9af\" data-id=\"f43a9af\" data-element_type=\"column\">\n\t\t\t<div class=\"elementor-widget-wrap elementor-element-populated\">\n\t\t\t\t\t\t\t\t<div class=\"elementor-element elementor-element-81b0781 elementor-widget elementor-widget-ucaddon_creative_buttons\" data-id=\"81b0781\" data-element_type=\"widget\" data-widget_type=\"ucaddon_creative_buttons.default\">\n\t\t\t\t<div class=\"elementor-widget-container\">\n\t\t\t<!-- start Creative Button Hovers -->\n\n\t\t\t<style type=\"text\/css\">\/* widget: Creative Button Hovers *\/\n\n#uc_creative_buttons_elementor_81b0781.uc_creative_buttons{\n  text-align: right;\n}\n#uc_creative_buttons_elementor_81b0781.uc_creative_buttons .uc_button,\n#uc_creative_buttons_elementor_81b0781.uc_creative_buttons .uc_button::after {\n\ttransition: all 0.3s;\n}\n\n#uc_creative_buttons_elementor_81b0781.uc_creative_buttons .uc_button {\n\n\n  display: inline-block;\n  overflow:hidden;\n}\n\n<\/style>\n\n\t\t\t<div class=\"uc_creative_buttons\" id=\"uc_creative_buttons_elementor_81b0781\">\n  <div class=\"container\">\n    <a href=\"https:\/\/elitecoaching.io\/sq\/rreth-nesh\/misioni-vizioni\/\" class=\"uc_button button-padding uc_btn-7\" ><span>misioni & vizioni ><\/span><\/a>\n  <\/div>\n<\/div>\n\t\t\t<!-- end Creative Button Hovers -->\t\t<\/div>\n\t\t\t\t<\/div>\n\t\t\t\t\t<\/div>\n\t\t<\/div>\n\t\t\t\t<div class=\"elementor-column elementor-col-25 elementor-inner-column elementor-element elementor-element-0102e0e\" data-id=\"0102e0e\" data-element_type=\"column\">\n\t\t\t<div class=\"elementor-widget-wrap\">\n\t\t\t\t\t\t\t\t\t<\/div>\n\t\t<\/div>\n\t\t\t\t\t\t\t<\/div>\n\t\t<\/section>\n\t\t\t\t\t<\/div>\n\t\t<\/div>\n\t\t\t\t\t\t\t<\/div>\n\t\t<\/section>\n\t\t\t\t\t\t\t<\/div>\n\t\t","protected":false},"excerpt":{"rendered":"<p>RRETH NESH\/ Vlerat Tona Elite Coaching &#8211; Vlerat Vlerat tona. \u00c7do burim njer\u00ebzor dhe \u00e7do individ n\u00eb kompanin\u00eb ton\u00eb ka vlera t\u00eb ve\u00e7anta. Secili dhe gjithkush ka nj\u00eb z\u00eb, mendje t\u00eb lir\u00eb dhe gjithnj\u00eb motivohet nga drejtuesit e kompanis\u00eb t\u00eb jet\u00eb krijues, risisjell\u00ebs dhe t\u00eb kultivoj\u00eb imagjinat\u00ebn n\u00eb m\u00ebnyr\u00eb q\u00eb t\u00eb transformojm\u00eb \u00e7do dit\u00eb pune [&#8230;]<\/p>\n<p><a class=\"btn btn-secondary understrap-read-more-link\" href=\"https:\/\/elitecoaching.io\/sq\/rreth-nesh\/vlerat-tona\/\">Read More&#8230;<\/a><\/p>\n","protected":false},"author":7,"featured_media":0,"parent":19969,"menu_order":0,"comment_status":"closed","ping_status":"closed","template":"page-templates\/template-home.php","meta":[],"yoast_head":"<!-- This site is optimized with the Yoast SEO Premium plugin v18.4 (Yoast SEO v20.11) - https:\/\/yoast.com\/wordpress\/plugins\/seo\/ -->\n<title>Vlerat Tona - Elite Coaching<\/title>\n<meta name=\"description\" content=\"Vlerat tona\" \/>\n<meta name=\"robots\" content=\"index, follow, max-snippet:-1, max-image-preview:large, max-video-preview:-1\" \/>\n<link rel=\"canonical\" href=\"https:\/\/elitecoaching.io\/sq\/rreth-nesh\/vlerat-tona\/\" \/>\n<meta property=\"og:locale\" content=\"sq_AL\" \/>\n<meta property=\"og:type\" content=\"article\" \/>\n<meta property=\"og:title\" content=\"Vlerat Tona\" \/>\n<meta property=\"og:description\" content=\"Vlerat tona\" \/>\n<meta property=\"og:url\" content=\"https:\/\/elitecoaching.io\/sq\/rreth-nesh\/vlerat-tona\/\" \/>\n<meta property=\"og:site_name\" content=\"Elite Coaching\" \/>\n<meta property=\"article:modified_time\" content=\"2022-07-18T08:50:54+00:00\" \/>\n<meta property=\"og:image\" content=\"https:\/\/elitecoaching.io\/wp-content\/uploads\/2022\/04\/Our-Values.webp\" \/>\n<meta name=\"twitter:card\" content=\"summary_large_image\" \/>\n<meta name=\"twitter:label1\" content=\"Est. reading time\" \/>\n\t<meta name=\"twitter:data1\" content=\"2 minutes\" \/>\n<script type=\"application\/ld+json\" class=\"yoast-schema-graph\">{\"@context\":\"https:\/\/schema.org\",\"@graph\":[{\"@type\":\"WebPage\",\"@id\":\"https:\/\/elitecoaching.io\/sq\/rreth-nesh\/vlerat-tona\/\",\"url\":\"https:\/\/elitecoaching.io\/sq\/rreth-nesh\/vlerat-tona\/\",\"name\":\"Vlerat Tona - Elite Coaching\",\"isPartOf\":{\"@id\":\"https:\/\/elitecoaching.io\/sq\/#website\"},\"datePublished\":\"2022-04-18T06:43:50+00:00\",\"dateModified\":\"2022-07-18T08:50:54+00:00\",\"description\":\"Vlerat tona\",\"breadcrumb\":{\"@id\":\"https:\/\/elitecoaching.io\/sq\/rreth-nesh\/vlerat-tona\/#breadcrumb\"},\"inLanguage\":\"sq-AL\",\"potentialAction\":[{\"@type\":\"ReadAction\",\"target\":[\"https:\/\/elitecoaching.io\/sq\/rreth-nesh\/vlerat-tona\/\"]}]},{\"@type\":\"BreadcrumbList\",\"@id\":\"https:\/\/elitecoaching.io\/sq\/rreth-nesh\/vlerat-tona\/#breadcrumb\",\"itemListElement\":[{\"@type\":\"ListItem\",\"position\":1,\"name\":\"Home\",\"item\":\"https:\/\/elitecoaching.io\/sq\/\"},{\"@type\":\"ListItem\",\"position\":2,\"name\":\"Rreth Nesh\",\"item\":\"https:\/\/elitecoaching.io\/sq\/rreth-nesh\/\"},{\"@type\":\"ListItem\",\"position\":3,\"name\":\"Vlerat Tona\"}]},{\"@type\":\"WebSite\",\"@id\":\"https:\/\/elitecoaching.io\/sq\/#website\",\"url\":\"https:\/\/elitecoaching.io\/sq\/\",\"name\":\"Elite Coaching\",\"description\":\"Dedicated to Growth\",\"potentialAction\":[{\"@type\":\"SearchAction\",\"target\":{\"@type\":\"EntryPoint\",\"urlTemplate\":\"https:\/\/elitecoaching.io\/sq\/?s={search_term_string}\"},\"query-input\":\"required name=search_term_string\"}],\"inLanguage\":\"sq-AL\"}]}<\/script>\n<!-- \/ Yoast SEO Premium plugin. -->","yoast_head_json":{"title":"Vlerat Tona - Elite Coaching","description":"Vlerat tona","robots":{"index":"index","follow":"follow","max-snippet":"max-snippet:-1","max-image-preview":"max-image-preview:large","max-video-preview":"max-video-preview:-1"},"canonical":"https:\/\/elitecoaching.io\/sq\/rreth-nesh\/vlerat-tona\/","og_locale":"sq_AL","og_type":"article","og_title":"Vlerat Tona","og_description":"Vlerat tona","og_url":"https:\/\/elitecoaching.io\/sq\/rreth-nesh\/vlerat-tona\/","og_site_name":"Elite Coaching","article_modified_time":"2022-07-18T08:50:54+00:00","og_image":[{"url":"https:\/\/elitecoaching.io\/wp-content\/uploads\/2022\/04\/Our-Values.webp"}],"twitter_card":"summary_large_image","twitter_misc":{"Est. reading time":"2 minutes"},"schema":{"@context":"https:\/\/schema.org","@graph":[{"@type":"WebPage","@id":"https:\/\/elitecoaching.io\/sq\/rreth-nesh\/vlerat-tona\/","url":"https:\/\/elitecoaching.io\/sq\/rreth-nesh\/vlerat-tona\/","name":"Vlerat Tona - Elite Coaching","isPartOf":{"@id":"https:\/\/elitecoaching.io\/sq\/#website"},"datePublished":"2022-04-18T06:43:50+00:00","dateModified":"2022-07-18T08:50:54+00:00","description":"Vlerat tona","breadcrumb":{"@id":"https:\/\/elitecoaching.io\/sq\/rreth-nesh\/vlerat-tona\/#breadcrumb"},"inLanguage":"sq-AL","potentialAction":[{"@type":"ReadAction","target":["https:\/\/elitecoaching.io\/sq\/rreth-nesh\/vlerat-tona\/"]}]},{"@type":"BreadcrumbList","@id":"https:\/\/elitecoaching.io\/sq\/rreth-nesh\/vlerat-tona\/#breadcrumb","itemListElement":[{"@type":"ListItem","position":1,"name":"Home","item":"https:\/\/elitecoaching.io\/sq\/"},{"@type":"ListItem","position":2,"name":"Rreth Nesh","item":"https:\/\/elitecoaching.io\/sq\/rreth-nesh\/"},{"@type":"ListItem","position":3,"name":"Vlerat Tona"}]},{"@type":"WebSite","@id":"https:\/\/elitecoaching.io\/sq\/#website","url":"https:\/\/elitecoaching.io\/sq\/","name":"Elite Coaching","description":"Dedicated to Growth","potentialAction":[{"@type":"SearchAction","target":{"@type":"EntryPoint","urlTemplate":"https:\/\/elitecoaching.io\/sq\/?s={search_term_string}"},"query-input":"required name=search_term_string"}],"inLanguage":"sq-AL"}]}},"_links":{"self":[{"href":"https:\/\/elitecoaching.io\/sq\/wp-json\/wp\/v2\/pages\/19987"}],"collection":[{"href":"https:\/\/elitecoaching.io\/sq\/wp-json\/wp\/v2\/pages"}],"about":[{"href":"https:\/\/elitecoaching.io\/sq\/wp-json\/wp\/v2\/types\/page"}],"author":[{"embeddable":true,"href":"https:\/\/elitecoaching.io\/sq\/wp-json\/wp\/v2\/users\/7"}],"replies":[{"embeddable":true,"href":"https:\/\/elitecoaching.io\/sq\/wp-json\/wp\/v2\/comments?post=19987"}],"version-history":[{"count":9,"href":"https:\/\/elitecoaching.io\/sq\/wp-json\/wp\/v2\/pages\/19987\/revisions"}],"predecessor-version":[{"id":23993,"href":"https:\/\/elitecoaching.io\/sq\/wp-json\/wp\/v2\/pages\/19987\/revisions\/23993"}],"up":[{"embeddable":true,"href":"https:\/\/elitecoaching.io\/sq\/wp-json\/wp\/v2\/pages\/19969"}],"wp:attachment":[{"href":"https:\/\/elitecoaching.io\/sq\/wp-json\/wp\/v2\/media?parent=19987"}],"curies":[{"name":"wp","href":"https:\/\/api.w.org\/{rel}","templated":true}]}}