{"id":19989,"date":"2022-04-16T11:47:17","date_gmt":"2022-04-16T11:47:17","guid":{"rendered":"https:\/\/elitecoaching.io\/rreth-nesh\/cilet-jemi-ne\/"},"modified":"2022-07-18T08:15:20","modified_gmt":"2022-07-18T08:15:20","slug":"cilet-jemi-ne","status":"publish","type":"page","link":"https:\/\/elitecoaching.io\/sq\/rreth-nesh\/cilet-jemi-ne\/","title":{"rendered":"Cil\u00ebt Jemi Ne"},"content":{"rendered":"\t\t<div data-elementor-type=\"wp-page\" data-elementor-id=\"19989\" class=\"elementor elementor-19989 elementor-14006\" data-elementor-post-type=\"page\">\n\t\t\t\t\t\t\t\t\t<section class=\"elementor-section elementor-top-section elementor-element elementor-element-f860aa0 elementor-section-full_width elementor-section-height-default elementor-section-height-default\" data-id=\"f860aa0\" data-element_type=\"section\">\n\t\t\t\t\t\t<div class=\"elementor-container elementor-column-gap-default\">\n\t\t\t\t\t<div class=\"elementor-column elementor-col-33 elementor-top-column elementor-element elementor-element-6667d26\" data-id=\"6667d26\" data-element_type=\"column\">\n\t\t\t<div class=\"elementor-widget-wrap\">\n\t\t\t\t\t\t\t\t\t<\/div>\n\t\t<\/div>\n\t\t\t\t<div class=\"elementor-column elementor-col-66 elementor-top-column elementor-element elementor-element-b6cf605\" data-id=\"b6cf605\" data-element_type=\"column\">\n\t\t\t<div class=\"elementor-widget-wrap elementor-element-populated\">\n\t\t\t\t\t\t\t\t<div class=\"elementor-element elementor-element-bfe2679 animated-slow elementor-widget elementor-widget-text-editor\" data-id=\"bfe2679\" data-element_type=\"widget\" data-settings=\"{&quot;_animation&quot;:&quot;none&quot;,&quot;_animation_delay&quot;:500}\" data-widget_type=\"text-editor.default\">\n\t\t\t\t<div class=\"elementor-widget-container\">\n\t\t\t\t\t\t\t<p>RRETH NESH\/<\/p>\t\t\t\t\t\t<\/div>\n\t\t\t\t<\/div>\n\t\t\t\t<div class=\"elementor-element elementor-element-dee6641 elementor-widget elementor-widget-heading\" data-id=\"dee6641\" data-element_type=\"widget\" data-settings=\"{&quot;_animation&quot;:&quot;none&quot;}\" data-widget_type=\"heading.default\">\n\t\t\t\t<div class=\"elementor-widget-container\">\n\t\t\t<h2 class=\"elementor-heading-title elementor-size-default\">Cil\u00ebt jemi ne?<\/h2>\t\t<\/div>\n\t\t\t\t<\/div>\n\t\t\t\t\t<\/div>\n\t\t<\/div>\n\t\t\t\t\t\t\t<\/div>\n\t\t<\/section>\n\t\t\t\t<section class=\"elementor-section elementor-top-section elementor-element elementor-element-19eae34 elementor-section-height-min-height panel elementor-section-full_width elementor-section-height-default elementor-section-items-middle\" data-id=\"19eae34\" data-element_type=\"section\" data-settings=\"{&quot;background_background&quot;:&quot;classic&quot;}\" data-color=\"black\">\n\t\t\t\t\t\t\t<div class=\"elementor-background-overlay\"><\/div>\n\t\t\t\t\t\t\t<div class=\"elementor-container elementor-column-gap-default\">\n\t\t\t\t\t<div class=\"elementor-column elementor-col-100 elementor-top-column elementor-element elementor-element-135e90d\" data-id=\"135e90d\" data-element_type=\"column\" data-settings=\"{&quot;background_background&quot;:&quot;classic&quot;}\">\n\t\t\t<div class=\"elementor-widget-wrap elementor-element-populated\">\n\t\t\t\t\t\t\t\t<section class=\"elementor-section elementor-inner-section elementor-element elementor-element-7c9f02e elementor-section-full_width elementor-section-height-default elementor-section-height-default\" data-id=\"7c9f02e\" data-element_type=\"section\">\n\t\t\t\t\t\t<div class=\"elementor-container elementor-column-gap-default\">\n\t\t\t\t\t<div class=\"elementor-column elementor-col-100 elementor-inner-column elementor-element elementor-element-d3f5017\" data-id=\"d3f5017\" data-element_type=\"column\">\n\t\t\t<div class=\"elementor-widget-wrap elementor-element-populated\">\n\t\t\t\t\t\t\t\t<div class=\"elementor-element elementor-element-397f5f5 elementor-widget elementor-widget-image\" data-id=\"397f5f5\" data-element_type=\"widget\" data-widget_type=\"image.default\">\n\t\t\t\t<div class=\"elementor-widget-container\">\n\t\t\t\t\t\t\t\t\t\t\t\t\t\t\t<img decoding=\"async\" width=\"1920\" height=\"1200\" src=\"https:\/\/elitecoaching.io\/wp-content\/uploads\/2022\/05\/Who-we-are-hero.webp\" class=\"attachment-full size-full wp-image-17052\" alt=\"\" loading=\"lazy\" srcset=\"https:\/\/elitecoaching.io\/wp-content\/uploads\/2022\/05\/Who-we-are-hero.webp 1920w, https:\/\/elitecoaching.io\/wp-content\/uploads\/2022\/05\/Who-we-are-hero-300x188.webp 300w, https:\/\/elitecoaching.io\/wp-content\/uploads\/2022\/05\/Who-we-are-hero-1024x640.webp 1024w, https:\/\/elitecoaching.io\/wp-content\/uploads\/2022\/05\/Who-we-are-hero-768x480.webp 768w, https:\/\/elitecoaching.io\/wp-content\/uploads\/2022\/05\/Who-we-are-hero-1536x960.webp 1536w\" sizes=\"(max-width: 1920px) 100vw, 1920px\" \/>\t\t\t\t\t\t\t\t\t\t\t\t\t\t\t<\/div>\n\t\t\t\t<\/div>\n\t\t\t\t\t<\/div>\n\t\t<\/div>\n\t\t\t\t\t\t\t<\/div>\n\t\t<\/section>\n\t\t\t\t<section class=\"elementor-section elementor-inner-section elementor-element elementor-element-23daecb elementor-section-boxed elementor-section-height-default elementor-section-height-default\" data-id=\"23daecb\" data-element_type=\"section\">\n\t\t\t\t\t\t<div class=\"elementor-container elementor-column-gap-default\">\n\t\t\t\t\t<div class=\"elementor-column elementor-col-33 elementor-inner-column elementor-element elementor-element-8f65552\" data-id=\"8f65552\" data-element_type=\"column\">\n\t\t\t<div class=\"elementor-widget-wrap\">\n\t\t\t\t\t\t\t\t\t<\/div>\n\t\t<\/div>\n\t\t\t\t<div class=\"elementor-column elementor-col-33 elementor-inner-column elementor-element elementor-element-dcb1f8e\" data-id=\"dcb1f8e\" data-element_type=\"column\">\n\t\t\t<div class=\"elementor-widget-wrap elementor-element-populated\">\n\t\t\t\t\t\t\t\t<div class=\"elementor-element elementor-element-471b422 elementor-widget elementor-widget-text-editor\" data-id=\"471b422\" data-element_type=\"widget\" data-widget_type=\"text-editor.default\">\n\t\t\t\t<div class=\"elementor-widget-container\">\n\t\t\t\t\t\t\t<p>Rreth Elite Coaching<\/p>\t\t\t\t\t\t<\/div>\n\t\t\t\t<\/div>\n\t\t\t\t<div class=\"elementor-element elementor-element-00f90d3 elementor-widget elementor-widget-text-editor\" data-id=\"00f90d3\" data-element_type=\"widget\" data-widget_type=\"text-editor.default\">\n\t\t\t\t<div class=\"elementor-widget-container\">\n\t\t\t\t\t\t\t<p>Elite Coaching (trajnim) p\u00ebrb\u00ebhet nga nd\u00ebrthurja e teknologjis\u00eb me marketingun, multimedian dhe menjdes krijuese. Kompania p\u00ebrkushtohet tek nd\u00ebrtimi i zgjidhjeve t\u00eb cilat p\u00ebrshtaten me nevojat e k\u00ebrkuara nga klienti.<\/p><p>\u00a0<\/p>\t\t\t\t\t\t<\/div>\n\t\t\t\t<\/div>\n\t\t\t\t<div class=\"elementor-element elementor-element-42921c1 elementor-widget elementor-widget-text-editor\" data-id=\"42921c1\" data-element_type=\"widget\" data-widget_type=\"text-editor.default\">\n\t\t\t\t<div class=\"elementor-widget-container\">\n\t\t\t\t\t\t\t<p>Elite Coaching \u00ebsht\u00eb e vendosur q\u00eb gjithmon t\u00eb krijoj\u00eb nj\u00eb mjedis, konceptual dhe praktik, brenda s\u00eb cilit t\u00eb gjith\u00eb mund t\u00eb m\u00ebsojn\u00eb dhe t\u00eb zhvillojn\u00eb aft\u00ebsit\u00eb profesionale bashk\u00eb me ato risi-k\u00ebrkuese.<\/p><p> <\/p>\t\t\t\t\t\t<\/div>\n\t\t\t\t<\/div>\n\t\t\t\t<div class=\"elementor-element elementor-element-a6405b0 elementor-widget elementor-widget-text-editor\" data-id=\"a6405b0\" data-element_type=\"widget\" data-widget_type=\"text-editor.default\">\n\t\t\t\t<div class=\"elementor-widget-container\">\n\t\t\t\t\t\t\t<p>Elite Coaching \u00ebsht\u00eb nj\u00eb kompani me karakter t\u00eb q\u00ebndruesh\u00ebm. \u00cbsht\u00eb kompania e par\u00eb n\u00eb Shqip\u00ebri e certifikuar nga <span style=\"text-decoration: underline;\"><a href=\"https:\/\/etg.al\/blog\/etg-travelife-certified\/\" target=\"_blank\" rel=\"noopener\">Travelife<\/a><\/span>, dhe q\u00eb ka t\u00eb drejt\u00ebn t\u00eb auditoj\u00eb, t\u00eb trajnoj\u00eb dhe t\u00eb mbik\u00ebqyr\u00eb institucionet publike, destinacionet turistike, bizneset\/kompanit\u00eb me karakter t\u00eb gjelb\u00ebr dhe t\u00eb q\u00ebndruesh\u00ebm p\u00ebr zbatimin e rregullores s\u00eb Q\u00ebndrueshm\u00ebris\u00eb, si dhe t\u00eb certifikoj\u00eb k\u00ebto n\u00eb fund t\u00eb arritjes s\u00eb rezultateve. <\/p><p> <\/p>\t\t\t\t\t\t<\/div>\n\t\t\t\t<\/div>\n\t\t\t\t<div class=\"elementor-element elementor-element-4521331 elementor-widget elementor-widget-text-editor\" data-id=\"4521331\" data-element_type=\"widget\" data-widget_type=\"text-editor.default\">\n\t\t\t\t<div class=\"elementor-widget-container\">\n\t\t\t\t\t\t\t<p><span style=\"letter-spacing: 0.2px; color: var( --e-global-color-text ); background-color: var( --e-global-color-d5dddd8 );\">Cil\u00ebt jemi ne?<\/span><span style=\"letter-spacing: 0.2px; color: var( --e-global-color-text ); background-color: var( --e-global-color-d5dddd8 );\">\u00a0\u00a0<\/span>Stafi i Elite Coaching \u00ebsht\u00eb gjithashtu i nj\u00eb karakteri t\u00eb p\u00ebrb\u00ebr\u00eb nga ekspert\u00eb teknologjik, mendje krijuese dhe me njohuri psikologjike i cili mund\u00ebson arritjen e rezulateve shk\u00eblqyese, vepron mbi strategji efikase, p\u00ebr \u00e7do biznes q\u00eb d\u00ebshiron rritje t\u00eb vazhdueshme dhe t\u00eb q\u00ebndrueshme n\u00eb rrug\u00ebtimin e tij. Elite Coaching \u00ebsht\u00eb gjithnj\u00eb e p\u00ebrkushtuar t\u00eb mb\u00ebshtes\u00eb t\u00eb gjith\u00eb klient\u00ebt e saj n\u00eb \u00e7\u2019do lloj nevoj\u00eb dh\u00eb problem.<\/p><p>\u00a0<\/p>\t\t\t\t\t\t<\/div>\n\t\t\t\t<\/div>\n\t\t\t\t<div class=\"elementor-element elementor-element-9f1bd3d elementor-widget elementor-widget-text-editor\" data-id=\"9f1bd3d\" data-element_type=\"widget\" data-widget_type=\"text-editor.default\">\n\t\t\t\t<div class=\"elementor-widget-container\">\n\t\t\t\t\t\t\t<p>Jemi t\u00eb p\u00ebrkushtuar t\u2019iu japim t\u00eb gjith\u00eb p\u00ebrvoj\u00ebn e cila buron nga brenda vlerave t\u00eb kompanis\u00eb son\u00eb, t\u00eb cilat gjithnj\u00eb do t\u00eb reflektojn\u00eb forc\u00ebn e kultur\u00ebs, larmis\u00eb dhe edukimit t\u00eb stafit ton\u00eb.<\/p>\t\t\t\t\t\t<\/div>\n\t\t\t\t<\/div>\n\t\t\t\t<div class=\"elementor-element elementor-element-102209b elementor-widget-divider--view-line elementor-widget elementor-widget-divider\" data-id=\"102209b\" data-element_type=\"widget\" data-widget_type=\"divider.default\">\n\t\t\t\t<div class=\"elementor-widget-container\">\n\t\t\t\t\t<div class=\"elementor-divider\">\n\t\t\t<span class=\"elementor-divider-separator\">\n\t\t\t\t\t\t<\/span>\n\t\t<\/div>\n\t\t\t\t<\/div>\n\t\t\t\t<\/div>\n\t\t\t\t\t<\/div>\n\t\t<\/div>\n\t\t\t\t<div class=\"elementor-column elementor-col-33 elementor-inner-column elementor-element elementor-element-27e30ac\" data-id=\"27e30ac\" data-element_type=\"column\">\n\t\t\t<div class=\"elementor-widget-wrap\">\n\t\t\t\t\t\t\t\t\t<\/div>\n\t\t<\/div>\n\t\t\t\t\t\t\t<\/div>\n\t\t<\/section>\n\t\t\t\t<section class=\"elementor-section elementor-inner-section elementor-element elementor-element-59131f9 elementor-section-boxed elementor-section-height-default elementor-section-height-default\" data-id=\"59131f9\" data-element_type=\"section\">\n\t\t\t\t\t\t<div class=\"elementor-container elementor-column-gap-default\">\n\t\t\t\t\t<div class=\"elementor-column elementor-col-25 elementor-inner-column elementor-element elementor-element-941b894 elementor-hidden-mobile\" data-id=\"941b894\" data-element_type=\"column\">\n\t\t\t<div class=\"elementor-widget-wrap\">\n\t\t\t\t\t\t\t\t\t<\/div>\n\t\t<\/div>\n\t\t\t\t<div class=\"elementor-column elementor-col-25 elementor-inner-column elementor-element elementor-element-28decdc\" data-id=\"28decdc\" data-element_type=\"column\">\n\t\t\t<div class=\"elementor-widget-wrap elementor-element-populated\">\n\t\t\t\t\t\t\t\t<div class=\"elementor-element elementor-element-bb7e1e0 elementor-hidden-mobile elementor-widget elementor-widget-ucaddon_creative_buttons\" data-id=\"bb7e1e0\" data-element_type=\"widget\" data-widget_type=\"ucaddon_creative_buttons.default\">\n\t\t\t\t<div class=\"elementor-widget-container\">\n\t\t\t<!-- start Creative Button Hovers -->\n\t\t<link id='uc_ac_assets_file_uc_creative_buttons_css_1983-css' href='https:\/\/elitecoaching.io\/wp-content\/uploads\/ac_assets\/uc_creative_buttons\/uc_creative_buttons.css' type='text\/css' rel='stylesheet' >\n\n\t\t\t<style type=\"text\/css\">\/* widget: Creative Button Hovers *\/\n\n#uc_creative_buttons_elementor_bb7e1e0.uc_creative_buttons{\n  text-align: left;\n}\n#uc_creative_buttons_elementor_bb7e1e0.uc_creative_buttons .uc_button,\n#uc_creative_buttons_elementor_bb7e1e0.uc_creative_buttons .uc_button::after {\n\ttransition: all 0.3s;\n}\n\n#uc_creative_buttons_elementor_bb7e1e0.uc_creative_buttons .uc_button {\n\n\n  display: inline-block;\n  overflow:hidden;\n}\n\n<\/style>\n\n\t\t\t<div class=\"uc_creative_buttons\" id=\"uc_creative_buttons_elementor_bb7e1e0\">\n  <div class=\"container\">\n    <a href=\"https:\/\/elitecoaching.io\/sq\" class=\"uc_button button-padding uc_btn-7\" ><span>< faqe kryesore<\/span><\/a>\n  <\/div>\n<\/div>\n\t\t\t<!-- end Creative Button Hovers -->\t\t<\/div>\n\t\t\t\t<\/div>\n\t\t\t\t\t<\/div>\n\t\t<\/div>\n\t\t\t\t<div class=\"elementor-column elementor-col-25 elementor-inner-column elementor-element elementor-element-8e146e3\" data-id=\"8e146e3\" data-element_type=\"column\">\n\t\t\t<div class=\"elementor-widget-wrap elementor-element-populated\">\n\t\t\t\t\t\t\t\t<div class=\"elementor-element elementor-element-a5ab3f2 elementor-widget elementor-widget-ucaddon_creative_buttons\" data-id=\"a5ab3f2\" data-element_type=\"widget\" data-widget_type=\"ucaddon_creative_buttons.default\">\n\t\t\t\t<div class=\"elementor-widget-container\">\n\t\t\t<!-- start Creative Button Hovers -->\n\n\t\t\t<style type=\"text\/css\">\/* widget: Creative Button Hovers *\/\n\n#uc_creative_buttons_elementor_a5ab3f2.uc_creative_buttons{\n  text-align: right;\n}\n#uc_creative_buttons_elementor_a5ab3f2.uc_creative_buttons .uc_button,\n#uc_creative_buttons_elementor_a5ab3f2.uc_creative_buttons .uc_button::after {\n\ttransition: all 0.3s;\n}\n\n#uc_creative_buttons_elementor_a5ab3f2.uc_creative_buttons .uc_button {\n\n\n  display: inline-block;\n  overflow:hidden;\n}\n\n<\/style>\n\n\t\t\t<div class=\"uc_creative_buttons\" id=\"uc_creative_buttons_elementor_a5ab3f2\">\n  <div class=\"container\">\n    <a href=\"https:\/\/elitecoaching.io\/sq\/rreth-nesh\/\" class=\"uc_button button-padding uc_btn-7\" ><span>historia jon\u00eb ><\/span><\/a>\n  <\/div>\n<\/div>\n\t\t\t<!-- end Creative Button Hovers -->\t\t<\/div>\n\t\t\t\t<\/div>\n\t\t\t\t\t<\/div>\n\t\t<\/div>\n\t\t\t\t<div class=\"elementor-column elementor-col-25 elementor-inner-column elementor-element elementor-element-eacff98\" data-id=\"eacff98\" data-element_type=\"column\">\n\t\t\t<div class=\"elementor-widget-wrap\">\n\t\t\t\t\t\t\t\t\t<\/div>\n\t\t<\/div>\n\t\t\t\t\t\t\t<\/div>\n\t\t<\/section>\n\t\t\t\t\t<\/div>\n\t\t<\/div>\n\t\t\t\t\t\t\t<\/div>\n\t\t<\/section>\n\t\t\t\t\t\t\t<\/div>\n\t\t","protected":false},"excerpt":{"rendered":"<p>RRETH NESH\/ Cil\u00ebt jemi ne? Rreth Elite Coaching Elite Coaching (trajnim) p\u00ebrb\u00ebhet nga nd\u00ebrthurja e teknologjis\u00eb me marketingun, multimedian dhe menjdes krijuese. Kompania p\u00ebrkushtohet tek nd\u00ebrtimi i zgjidhjeve t\u00eb cilat p\u00ebrshtaten me nevojat e k\u00ebrkuara nga klienti. \u00a0 Elite Coaching \u00ebsht\u00eb e vendosur q\u00eb gjithmon t\u00eb krijoj\u00eb nj\u00eb mjedis, konceptual dhe praktik, brenda s\u00eb cilit [&#8230;]<\/p>\n<p><a class=\"btn btn-secondary understrap-read-more-link\" href=\"https:\/\/elitecoaching.io\/sq\/rreth-nesh\/cilet-jemi-ne\/\">Read More&#8230;<\/a><\/p>\n","protected":false},"author":7,"featured_media":0,"parent":19969,"menu_order":0,"comment_status":"closed","ping_status":"closed","template":"page-templates\/template-home.php","meta":[],"yoast_head":"<!-- This site is optimized with the Yoast SEO Premium plugin v18.4 (Yoast SEO v20.11) - https:\/\/yoast.com\/wordpress\/plugins\/seo\/ -->\n<title>Cil\u00ebt Jemi Ne - Elite Coaching<\/title>\n<meta name=\"description\" content=\"Elite Coaching (trajnim) p\u00ebrb\u00ebhet nga nd\u00ebrthurja e teknologjis\u00eb me marketingun, multimedian dhe menjdes krijuese. Kjo t\u00eb jep mund\u00ebsin\u00eb t\u00eb krijoni nj\u00eb ide rreth nesh dhe \u00e7far\u00eb ne bejm\u00eb.\" \/>\n<meta name=\"robots\" content=\"index, follow, max-snippet:-1, max-image-preview:large, max-video-preview:-1\" \/>\n<link rel=\"canonical\" href=\"https:\/\/elitecoaching.io\/sq\/rreth-nesh\/cilet-jemi-ne\/\" \/>\n<meta property=\"og:locale\" content=\"sq_AL\" \/>\n<meta property=\"og:type\" content=\"article\" \/>\n<meta property=\"og:title\" content=\"Cil\u00ebt Jemi Ne\" \/>\n<meta property=\"og:description\" content=\"Elite Coaching (trajnim) p\u00ebrb\u00ebhet nga nd\u00ebrthurja e teknologjis\u00eb me marketingun, multimedian dhe menjdes krijuese. Kjo t\u00eb jep mund\u00ebsin\u00eb t\u00eb krijoni nj\u00eb ide rreth nesh dhe \u00e7far\u00eb ne bejm\u00eb.\" \/>\n<meta property=\"og:url\" content=\"https:\/\/elitecoaching.io\/sq\/rreth-nesh\/cilet-jemi-ne\/\" \/>\n<meta property=\"og:site_name\" content=\"Elite Coaching\" \/>\n<meta property=\"article:modified_time\" content=\"2022-07-18T08:15:20+00:00\" \/>\n<meta property=\"og:image\" content=\"https:\/\/elitecoaching.io\/wp-content\/uploads\/2022\/05\/Who-we-are-hero.webp\" \/>\n<meta name=\"twitter:card\" content=\"summary_large_image\" \/>\n<meta name=\"twitter:label1\" content=\"Est. reading time\" \/>\n\t<meta name=\"twitter:data1\" content=\"2 minutes\" \/>\n<script type=\"application\/ld+json\" class=\"yoast-schema-graph\">{\"@context\":\"https:\/\/schema.org\",\"@graph\":[{\"@type\":\"WebPage\",\"@id\":\"https:\/\/elitecoaching.io\/sq\/rreth-nesh\/cilet-jemi-ne\/\",\"url\":\"https:\/\/elitecoaching.io\/sq\/rreth-nesh\/cilet-jemi-ne\/\",\"name\":\"Cil\u00ebt Jemi Ne - Elite Coaching\",\"isPartOf\":{\"@id\":\"https:\/\/elitecoaching.io\/sq\/#website\"},\"datePublished\":\"2022-04-16T11:47:17+00:00\",\"dateModified\":\"2022-07-18T08:15:20+00:00\",\"description\":\"Elite Coaching (trajnim) p\u00ebrb\u00ebhet nga nd\u00ebrthurja e teknologjis\u00eb me marketingun, multimedian dhe menjdes krijuese. Kjo t\u00eb jep mund\u00ebsin\u00eb t\u00eb krijoni nj\u00eb ide rreth nesh dhe \u00e7far\u00eb ne bejm\u00eb.\",\"breadcrumb\":{\"@id\":\"https:\/\/elitecoaching.io\/sq\/rreth-nesh\/cilet-jemi-ne\/#breadcrumb\"},\"inLanguage\":\"sq-AL\",\"potentialAction\":[{\"@type\":\"ReadAction\",\"target\":[\"https:\/\/elitecoaching.io\/sq\/rreth-nesh\/cilet-jemi-ne\/\"]}]},{\"@type\":\"BreadcrumbList\",\"@id\":\"https:\/\/elitecoaching.io\/sq\/rreth-nesh\/cilet-jemi-ne\/#breadcrumb\",\"itemListElement\":[{\"@type\":\"ListItem\",\"position\":1,\"name\":\"Home\",\"item\":\"https:\/\/elitecoaching.io\/sq\/\"},{\"@type\":\"ListItem\",\"position\":2,\"name\":\"Rreth Nesh\",\"item\":\"https:\/\/elitecoaching.io\/sq\/rreth-nesh\/\"},{\"@type\":\"ListItem\",\"position\":3,\"name\":\"Cil\u00ebt Jemi Ne\"}]},{\"@type\":\"WebSite\",\"@id\":\"https:\/\/elitecoaching.io\/sq\/#website\",\"url\":\"https:\/\/elitecoaching.io\/sq\/\",\"name\":\"Elite Coaching\",\"description\":\"Dedicated to Growth\",\"potentialAction\":[{\"@type\":\"SearchAction\",\"target\":{\"@type\":\"EntryPoint\",\"urlTemplate\":\"https:\/\/elitecoaching.io\/sq\/?s={search_term_string}\"},\"query-input\":\"required name=search_term_string\"}],\"inLanguage\":\"sq-AL\"}]}<\/script>\n<!-- \/ Yoast SEO Premium plugin. -->","yoast_head_json":{"title":"Cil\u00ebt Jemi Ne - Elite Coaching","description":"Elite Coaching (trajnim) p\u00ebrb\u00ebhet nga nd\u00ebrthurja e teknologjis\u00eb me marketingun, multimedian dhe menjdes krijuese. Kjo t\u00eb jep mund\u00ebsin\u00eb t\u00eb krijoni nj\u00eb ide rreth nesh dhe \u00e7far\u00eb ne bejm\u00eb.","robots":{"index":"index","follow":"follow","max-snippet":"max-snippet:-1","max-image-preview":"max-image-preview:large","max-video-preview":"max-video-preview:-1"},"canonical":"https:\/\/elitecoaching.io\/sq\/rreth-nesh\/cilet-jemi-ne\/","og_locale":"sq_AL","og_type":"article","og_title":"Cil\u00ebt Jemi Ne","og_description":"Elite Coaching (trajnim) p\u00ebrb\u00ebhet nga nd\u00ebrthurja e teknologjis\u00eb me marketingun, multimedian dhe menjdes krijuese. Kjo t\u00eb jep mund\u00ebsin\u00eb t\u00eb krijoni nj\u00eb ide rreth nesh dhe \u00e7far\u00eb ne bejm\u00eb.","og_url":"https:\/\/elitecoaching.io\/sq\/rreth-nesh\/cilet-jemi-ne\/","og_site_name":"Elite Coaching","article_modified_time":"2022-07-18T08:15:20+00:00","og_image":[{"url":"https:\/\/elitecoaching.io\/wp-content\/uploads\/2022\/05\/Who-we-are-hero.webp"}],"twitter_card":"summary_large_image","twitter_misc":{"Est. reading time":"2 minutes"},"schema":{"@context":"https:\/\/schema.org","@graph":[{"@type":"WebPage","@id":"https:\/\/elitecoaching.io\/sq\/rreth-nesh\/cilet-jemi-ne\/","url":"https:\/\/elitecoaching.io\/sq\/rreth-nesh\/cilet-jemi-ne\/","name":"Cil\u00ebt Jemi Ne - Elite Coaching","isPartOf":{"@id":"https:\/\/elitecoaching.io\/sq\/#website"},"datePublished":"2022-04-16T11:47:17+00:00","dateModified":"2022-07-18T08:15:20+00:00","description":"Elite Coaching (trajnim) p\u00ebrb\u00ebhet nga nd\u00ebrthurja e teknologjis\u00eb me marketingun, multimedian dhe menjdes krijuese. Kjo t\u00eb jep mund\u00ebsin\u00eb t\u00eb krijoni nj\u00eb ide rreth nesh dhe \u00e7far\u00eb ne bejm\u00eb.","breadcrumb":{"@id":"https:\/\/elitecoaching.io\/sq\/rreth-nesh\/cilet-jemi-ne\/#breadcrumb"},"inLanguage":"sq-AL","potentialAction":[{"@type":"ReadAction","target":["https:\/\/elitecoaching.io\/sq\/rreth-nesh\/cilet-jemi-ne\/"]}]},{"@type":"BreadcrumbList","@id":"https:\/\/elitecoaching.io\/sq\/rreth-nesh\/cilet-jemi-ne\/#breadcrumb","itemListElement":[{"@type":"ListItem","position":1,"name":"Home","item":"https:\/\/elitecoaching.io\/sq\/"},{"@type":"ListItem","position":2,"name":"Rreth Nesh","item":"https:\/\/elitecoaching.io\/sq\/rreth-nesh\/"},{"@type":"ListItem","position":3,"name":"Cil\u00ebt Jemi Ne"}]},{"@type":"WebSite","@id":"https:\/\/elitecoaching.io\/sq\/#website","url":"https:\/\/elitecoaching.io\/sq\/","name":"Elite Coaching","description":"Dedicated to Growth","potentialAction":[{"@type":"SearchAction","target":{"@type":"EntryPoint","urlTemplate":"https:\/\/elitecoaching.io\/sq\/?s={search_term_string}"},"query-input":"required name=search_term_string"}],"inLanguage":"sq-AL"}]}},"_links":{"self":[{"href":"https:\/\/elitecoaching.io\/sq\/wp-json\/wp\/v2\/pages\/19989"}],"collection":[{"href":"https:\/\/elitecoaching.io\/sq\/wp-json\/wp\/v2\/pages"}],"about":[{"href":"https:\/\/elitecoaching.io\/sq\/wp-json\/wp\/v2\/types\/page"}],"author":[{"embeddable":true,"href":"https:\/\/elitecoaching.io\/sq\/wp-json\/wp\/v2\/users\/7"}],"replies":[{"embeddable":true,"href":"https:\/\/elitecoaching.io\/sq\/wp-json\/wp\/v2\/comments?post=19989"}],"version-history":[{"count":9,"href":"https:\/\/elitecoaching.io\/sq\/wp-json\/wp\/v2\/pages\/19989\/revisions"}],"predecessor-version":[{"id":23984,"href":"https:\/\/elitecoaching.io\/sq\/wp-json\/wp\/v2\/pages\/19989\/revisions\/23984"}],"up":[{"embeddable":true,"href":"https:\/\/elitecoaching.io\/sq\/wp-json\/wp\/v2\/pages\/19969"}],"wp:attachment":[{"href":"https:\/\/elitecoaching.io\/sq\/wp-json\/wp\/v2\/media?parent=19989"}],"curies":[{"name":"wp","href":"https:\/\/api.w.org\/{rel}","templated":true}]}}