{"id":19997,"date":"2022-04-27T06:28:14","date_gmt":"2022-04-27T06:28:14","guid":{"rendered":"https:\/\/elitecoaching.io\/zgjidhje-per-biznesin\/zhvillimi-rritja-e-brandit\/"},"modified":"2022-12-08T11:13:51","modified_gmt":"2022-12-08T11:13:51","slug":"zhvillimi-rritja-e-brandit","status":"publish","type":"page","link":"https:\/\/elitecoaching.io\/sq\/zgjidhje-per-biznesin\/zhvillimi-rritja-e-brandit\/","title":{"rendered":"Zhvillimi &amp; Rritja e Brandit"},"content":{"rendered":"\t\t<div data-elementor-type=\"wp-page\" data-elementor-id=\"19997\" class=\"elementor elementor-19997 elementor-15983\" data-elementor-post-type=\"page\">\n\t\t\t\t\t\t\t\t\t<section class=\"elementor-section elementor-top-section elementor-element elementor-element-10dd1df elementor-section-full_width elementor-section-height-default elementor-section-height-default\" data-id=\"10dd1df\" data-element_type=\"section\">\n\t\t\t\t\t\t<div class=\"elementor-container elementor-column-gap-default\">\n\t\t\t\t\t<div class=\"elementor-column elementor-col-33 elementor-top-column elementor-element elementor-element-b26c90d\" data-id=\"b26c90d\" data-element_type=\"column\">\n\t\t\t<div class=\"elementor-widget-wrap\">\n\t\t\t\t\t\t\t\t\t<\/div>\n\t\t<\/div>\n\t\t\t\t<div class=\"elementor-column elementor-col-66 elementor-top-column elementor-element elementor-element-fb888eb\" data-id=\"fb888eb\" data-element_type=\"column\">\n\t\t\t<div class=\"elementor-widget-wrap elementor-element-populated\">\n\t\t\t\t\t\t\t\t<div class=\"elementor-element elementor-element-d4fd6d3 animated-slow elementor-widget elementor-widget-text-editor\" data-id=\"d4fd6d3\" data-element_type=\"widget\" data-settings=\"{&quot;_animation&quot;:&quot;none&quot;,&quot;_animation_delay&quot;:500}\" data-widget_type=\"text-editor.default\">\n\t\t\t\t<div class=\"elementor-widget-container\">\n\t\t\t\t\t\t\t<p>ZGJIDHJE P\u00cbR BIZNESIN\/<\/p>\t\t\t\t\t\t<\/div>\n\t\t\t\t<\/div>\n\t\t\t\t<div class=\"elementor-element elementor-element-b1935d3 elementor-widget elementor-widget-heading\" data-id=\"b1935d3\" data-element_type=\"widget\" data-settings=\"{&quot;_animation&quot;:&quot;none&quot;}\" data-widget_type=\"heading.default\">\n\t\t\t\t<div class=\"elementor-widget-container\">\n\t\t\t<h2 class=\"elementor-heading-title elementor-size-default\">Zhvillimi &amp; Rritja e Mark\u00ebs<\/h2>\t\t<\/div>\n\t\t\t\t<\/div>\n\t\t\t\t\t<\/div>\n\t\t<\/div>\n\t\t\t\t\t\t\t<\/div>\n\t\t<\/section>\n\t\t\t\t<section class=\"elementor-section elementor-top-section elementor-element elementor-element-d655c4b elementor-section-height-min-height panel elementor-section-full_width elementor-section-height-default elementor-section-items-middle\" data-id=\"d655c4b\" data-element_type=\"section\" data-settings=\"{&quot;background_background&quot;:&quot;classic&quot;}\" data-color=\"black\">\n\t\t\t\t\t\t\t<div class=\"elementor-background-overlay\"><\/div>\n\t\t\t\t\t\t\t<div class=\"elementor-container elementor-column-gap-default\">\n\t\t\t\t\t<div class=\"elementor-column elementor-col-100 elementor-top-column elementor-element elementor-element-dc94726\" data-id=\"dc94726\" data-element_type=\"column\" data-settings=\"{&quot;background_background&quot;:&quot;classic&quot;}\">\n\t\t\t<div class=\"elementor-widget-wrap elementor-element-populated\">\n\t\t\t\t\t\t\t\t<section class=\"elementor-section elementor-inner-section elementor-element elementor-element-12fe423 elementor-section-full_width elementor-section-height-default elementor-section-height-default\" data-id=\"12fe423\" data-element_type=\"section\">\n\t\t\t\t\t\t<div class=\"elementor-container elementor-column-gap-default\">\n\t\t\t\t\t<div class=\"elementor-column elementor-col-100 elementor-inner-column elementor-element elementor-element-b358c6f\" data-id=\"b358c6f\" data-element_type=\"column\">\n\t\t\t<div class=\"elementor-widget-wrap elementor-element-populated\">\n\t\t\t\t\t\t\t\t<div class=\"elementor-element elementor-element-774b21a elementor-widget elementor-widget-image\" data-id=\"774b21a\" data-element_type=\"widget\" data-widget_type=\"image.default\">\n\t\t\t\t<div class=\"elementor-widget-container\">\n\t\t\t\t\t\t\t\t\t\t\t\t\t\t\t<img decoding=\"async\" width=\"1920\" height=\"1280\" src=\"https:\/\/elitecoaching.io\/wp-content\/uploads\/2022\/04\/Branding-.jpg\" class=\"attachment-full size-full wp-image-16643\" alt=\"\" loading=\"lazy\" srcset=\"https:\/\/elitecoaching.io\/wp-content\/uploads\/2022\/04\/Branding-.jpg 1920w, https:\/\/elitecoaching.io\/wp-content\/uploads\/2022\/04\/Branding--300x200.jpg 300w, https:\/\/elitecoaching.io\/wp-content\/uploads\/2022\/04\/Branding--1024x683.jpg 1024w, https:\/\/elitecoaching.io\/wp-content\/uploads\/2022\/04\/Branding--768x512.jpg 768w, https:\/\/elitecoaching.io\/wp-content\/uploads\/2022\/04\/Branding--1536x1024.jpg 1536w\" sizes=\"(max-width: 1920px) 100vw, 1920px\" \/>\t\t\t\t\t\t\t\t\t\t\t\t\t\t\t<\/div>\n\t\t\t\t<\/div>\n\t\t\t\t\t<\/div>\n\t\t<\/div>\n\t\t\t\t\t\t\t<\/div>\n\t\t<\/section>\n\t\t\t\t\t<\/div>\n\t\t<\/div>\n\t\t\t\t\t\t\t<\/div>\n\t\t<\/section>\n\t\t\t\t<section class=\"elementor-section elementor-top-section elementor-element elementor-element-31e23e9 black elementor-section-boxed elementor-section-height-default elementor-section-height-default\" data-id=\"31e23e9\" data-element_type=\"section\" data-settings=\"{&quot;background_background&quot;:&quot;classic&quot;}\">\n\t\t\t\t\t\t\t<div class=\"elementor-background-overlay\"><\/div>\n\t\t\t\t\t\t\t<div class=\"elementor-container elementor-column-gap-default\">\n\t\t\t\t\t<div class=\"elementor-column elementor-col-100 elementor-top-column elementor-element elementor-element-c89105e\" data-id=\"c89105e\" data-element_type=\"column\">\n\t\t\t<div class=\"elementor-widget-wrap elementor-element-populated\">\n\t\t\t\t\t\t\t\t<section class=\"elementor-section elementor-inner-section elementor-element elementor-element-56af1d5 elementor-section-full_width elementor-section-height-default elementor-section-height-default\" data-id=\"56af1d5\" data-element_type=\"section\">\n\t\t\t\t\t\t<div class=\"elementor-container elementor-column-gap-default\">\n\t\t\t\t\t<div class=\"elementor-column elementor-col-33 elementor-inner-column elementor-element elementor-element-842dd97\" data-id=\"842dd97\" data-element_type=\"column\">\n\t\t\t<div class=\"elementor-widget-wrap\">\n\t\t\t\t\t\t\t\t\t<\/div>\n\t\t<\/div>\n\t\t\t\t<div class=\"elementor-column elementor-col-33 elementor-inner-column elementor-element elementor-element-334e715\" data-id=\"334e715\" data-element_type=\"column\">\n\t\t\t<div class=\"elementor-widget-wrap elementor-element-populated\">\n\t\t\t\t\t\t\t\t<div class=\"elementor-element elementor-element-0c7452d elementor-widget elementor-widget-text-editor\" data-id=\"0c7452d\" data-element_type=\"widget\" data-widget_type=\"text-editor.default\">\n\t\t\t\t<div class=\"elementor-widget-container\">\n\t\t\t\t\t\t\t<p>\u00c7do biznes ka nj\u00eb identitet dhe karakter veprues t\u00eb cilat pasqyrohen drejt brenda Mark\u00ebs s\u00eb biznesit. Diferencimi i biznesit tuaj nga konkurrent\u00ebt dhe q\u00ebndrueshm\u00ebria n\u00eb komunikim jan\u00eb faktor\u00eb t\u00eb r\u00ebnd\u00ebsish\u00ebm n\u00eb krijimin dhe ruajtjen e suksesshme t\u00eb Mark\u00ebs. Pa menaxhimin e Mark\u00ebs, asnj\u00eb nga bizneset nuk mund t\u00eb kishte arritur suksesin e q\u00ebndruesh\u00ebm q\u00eb ka sot. <\/p><p> <\/p>\t\t\t\t\t\t<\/div>\n\t\t\t\t<\/div>\n\t\t\t\t<div class=\"elementor-element elementor-element-c32e8e5 elementor-widget elementor-widget-text-editor\" data-id=\"c32e8e5\" data-element_type=\"widget\" data-widget_type=\"text-editor.default\">\n\t\t\t\t<div class=\"elementor-widget-container\">\n\t\t\t\t\t\t\t<p>Menaxher\u00ebt tan\u00eb jan\u00eb si nj\u00eb \u201combrell\u00eb\u201d q\u00eb mbulon t\u00eb gjitha aspektet zhvillimit t\u00eb Mark\u00ebs duke u nisur nga dizajni, shp\u00ebrndarja-vendosja, marketing dhe reklamimi. Kjo ombrell\u00eb nxit identifikimin dhe zhvillimin e nj\u00eb identiteti t\u00eb v\u00ebrtet\u00eb t\u00eb Mark\u00ebs. P\u00ebrfshin menaxhimin e identitetit t\u00eb Mark\u00ebs s\u00eb nj\u00eb organizate, ose t\u00eb gjith\u00eb element\u00ebve q\u00eb nj\u00eb kompani krijon p\u00ebr t\u00eb portretizuar imazhin e duhur tek konsumatori i saj.<\/p><p>\u00a0<\/p>\t\t\t\t\t\t<\/div>\n\t\t\t\t<\/div>\n\t\t\t\t<div class=\"elementor-element elementor-element-408bdf8 elementor-widget elementor-widget-text-editor\" data-id=\"408bdf8\" data-element_type=\"widget\" data-widget_type=\"text-editor.default\">\n\t\t\t\t<div class=\"elementor-widget-container\">\n\t\t\t\t\t\t\t<p>Kjo p\u00ebrfshin paketimin, njoftimet p\u00ebr shtyp dhe marr\u00ebdh\u00ebniet me publikun, sh\u00ebrbimin ndaj klientit, manaxhimin e ngjarjeve dhe p\u00ebrvoj\u00ebn e shitjes me pakic\u00eb. Gjithashtu, kujdeset edhe p\u00ebr stilet e t\u00eb shprehurit t\u00eb drejtuesve ekzekutiv n\u00eb lajme, ose n\u00eb ndonj\u00eb &#8220;pik\u00eb kontakti&#8221; me klient\u00ebt gjat\u00eb nj\u00eb eksperience t\u00eb Mark\u00ebs. Menaxhimi strategjik i Mark\u00ebs ka p\u00ebr q\u00ebllim t\u00eb mb\u00ebshtes\u00eb kompanit\u00eb n\u00eb p\u00ebrmir\u00ebsimin e njohjes s\u00eb Mark\u00ebs, rritjen e t\u00eb ardhurave dhe arritjen e q\u00ebllimeve afatgjata t\u00eb biznesit.<\/p>\t\t\t\t\t\t<\/div>\n\t\t\t\t<\/div>\n\t\t\t\t\t<\/div>\n\t\t<\/div>\n\t\t\t\t<div class=\"elementor-column elementor-col-33 elementor-inner-column elementor-element elementor-element-51cc6df\" data-id=\"51cc6df\" data-element_type=\"column\">\n\t\t\t<div class=\"elementor-widget-wrap\">\n\t\t\t\t\t\t\t\t\t<\/div>\n\t\t<\/div>\n\t\t\t\t\t\t\t<\/div>\n\t\t<\/section>\n\t\t\t\t\t<\/div>\n\t\t<\/div>\n\t\t\t\t\t\t\t<\/div>\n\t\t<\/section>\n\t\t\t\t<section class=\"elementor-section elementor-top-section elementor-element elementor-element-ad898a8 white elementor-section-boxed elementor-section-height-default elementor-section-height-default\" data-id=\"ad898a8\" data-element_type=\"section\" data-settings=\"{&quot;background_background&quot;:&quot;classic&quot;}\">\n\t\t\t\t\t\t\t<div class=\"elementor-background-overlay\"><\/div>\n\t\t\t\t\t\t\t<div class=\"elementor-container elementor-column-gap-default\">\n\t\t\t\t\t<div class=\"elementor-column elementor-col-100 elementor-top-column elementor-element elementor-element-1df8914\" data-id=\"1df8914\" data-element_type=\"column\">\n\t\t\t<div class=\"elementor-widget-wrap elementor-element-populated\">\n\t\t\t\t\t\t\t\t<section class=\"elementor-section elementor-inner-section elementor-element elementor-element-4e0973f elementor-section-boxed elementor-section-height-default elementor-section-height-default\" data-id=\"4e0973f\" data-element_type=\"section\">\n\t\t\t\t\t\t<div class=\"elementor-container elementor-column-gap-default\">\n\t\t\t\t\t<div class=\"elementor-column elementor-col-50 elementor-inner-column elementor-element elementor-element-280160f\" data-id=\"280160f\" data-element_type=\"column\">\n\t\t\t<div class=\"elementor-widget-wrap elementor-element-populated\">\n\t\t\t\t\t\t\t\t<div class=\"elementor-element elementor-element-188f96f elementor-widget elementor-widget-text-editor\" data-id=\"188f96f\" data-element_type=\"widget\" data-widget_type=\"text-editor.default\">\n\t\t\t\t<div class=\"elementor-widget-container\">\n\t\t\t\t\t\t\t<p>Rritje<\/p>\t\t\t\t\t\t<\/div>\n\t\t\t\t<\/div>\n\t\t\t\t<div class=\"elementor-element elementor-element-915a305 elementor-widget elementor-widget-text-editor\" data-id=\"915a305\" data-element_type=\"widget\" data-widget_type=\"text-editor.default\">\n\t\t\t\t<div class=\"elementor-widget-container\">\n\t\t\t\t\t\t\t<p class=\"Kristi\">Ideja e rritjes \u00ebsht\u00eb nj\u00eb domosdoshm\u00ebri p\u00ebr t&#8217;u p\u00ebrfshir\u00eb n\u00eb biznesin tuaj p\u00ebr t\u00eb arritur kompetenc\u00ebn, p\u00ebr t\u00eb rritur t\u00eb ardhurat tuaja dhe p\u00ebr t\u00eb ecur n\u00eb rrug\u00ebn e Mark\u00ebs tuaj n\u00eb ekzistenc\u00ebn afatgjat\u00eb n\u00eb treg. <a href=\"https:\/\/elitecoaching.io\/sq\/rreth-nesh\/cilet-jemi-ne\/\" target=\"_blank\" rel=\"noopener\">Ne<\/a>mund t\u00eb kujdesemi p\u00ebr t\u00eb gjith\u00eb hapat e nevojsh\u00ebm p\u00ebr t\u00eb b\u00ebr\u00eb dhe t\u00eb mb\u00ebshtesim Mark\u00ebn tuaj drejt arritjes s\u00eb gjendjes s\u00eb biznesit t\u00eb sigurt, t\u00eb <a href=\"https:\/\/etg.al\/blog\/etg-travelife-certified\/\" target=\"_blank\" rel=\"noopener\">q\u00ebndruesh\u00ebm<\/a>dhe konkurues.<\/p>\t\t\t\t\t\t<\/div>\n\t\t\t\t<\/div>\n\t\t\t\t\t<\/div>\n\t\t<\/div>\n\t\t\t\t<div class=\"elementor-column elementor-col-50 elementor-inner-column elementor-element elementor-element-af61e33\" data-id=\"af61e33\" data-element_type=\"column\">\n\t\t\t<div class=\"elementor-widget-wrap\">\n\t\t\t\t\t\t\t\t\t<\/div>\n\t\t<\/div>\n\t\t\t\t\t\t\t<\/div>\n\t\t<\/section>\n\t\t\t\t\t<\/div>\n\t\t<\/div>\n\t\t\t\t\t\t\t<\/div>\n\t\t<\/section>\n\t\t\t\t<section class=\"elementor-section elementor-top-section elementor-element elementor-element-e91d53e elementor-section-height-min-height black elementor-section-boxed elementor-section-height-default elementor-section-items-middle\" data-id=\"e91d53e\" data-element_type=\"section\" data-settings=\"{&quot;background_background&quot;:&quot;classic&quot;}\">\n\t\t\t\t\t\t\t<div class=\"elementor-background-overlay\"><\/div>\n\t\t\t\t\t\t\t<div class=\"elementor-container elementor-column-gap-default\">\n\t\t\t\t\t<div class=\"elementor-column elementor-col-25 elementor-top-column elementor-element elementor-element-b99e56c\" data-id=\"b99e56c\" data-element_type=\"column\">\n\t\t\t<div class=\"elementor-widget-wrap\">\n\t\t\t\t\t\t\t\t\t<\/div>\n\t\t<\/div>\n\t\t\t\t<div class=\"elementor-column elementor-col-50 elementor-top-column elementor-element elementor-element-2b1914f\" data-id=\"2b1914f\" data-element_type=\"column\" data-settings=\"{&quot;motion_fx_motion_fx_scrolling&quot;:&quot;yes&quot;,&quot;motion_fx_translateY_effect&quot;:&quot;yes&quot;,&quot;motion_fx_translateY_speed&quot;:{&quot;unit&quot;:&quot;px&quot;,&quot;size&quot;:4.4,&quot;sizes&quot;:[]},&quot;motion_fx_translateY_affectedRange&quot;:{&quot;unit&quot;:&quot;%&quot;,&quot;size&quot;:&quot;&quot;,&quot;sizes&quot;:{&quot;start&quot;:21,&quot;end&quot;:100}},&quot;motion_fx_devices&quot;:[&quot;desktop&quot;,&quot;tablet&quot;]}\">\n\t\t\t<div class=\"elementor-widget-wrap elementor-element-populated\">\n\t\t\t\t\t\t\t\t<div class=\"elementor-element elementor-element-44ad87a elementor-widget elementor-widget-text-editor\" data-id=\"44ad87a\" data-element_type=\"widget\" data-widget_type=\"text-editor.default\">\n\t\t\t\t<div class=\"elementor-widget-container\">\n\t\t\t\t\t\t\t<p class=\"grve-element grve-title grve-align-center grve-h3\">Q\u00ebndro n\u00eb Lidhje<\/p>\t\t\t\t\t\t<\/div>\n\t\t\t\t<\/div>\n\t\t\t\t<div class=\"elementor-element elementor-element-eb51050 elementor-widget elementor-widget-heading\" data-id=\"eb51050\" data-element_type=\"widget\" data-widget_type=\"heading.default\">\n\t\t\t\t<div class=\"elementor-widget-container\">\n\t\t\t<h2 class=\"elementor-heading-title elementor-size-default\">Na p\u00eblqen t\u00eb b\u00ebjm\u00eb miq t\u00eb rinj!\n<\/h2>\t\t<\/div>\n\t\t\t\t<\/div>\n\t\t\t\t<section class=\"elementor-section elementor-inner-section elementor-element elementor-element-15ab242 elementor-section-boxed elementor-section-height-default elementor-section-height-default\" data-id=\"15ab242\" data-element_type=\"section\">\n\t\t\t\t\t\t<div class=\"elementor-container elementor-column-gap-default\">\n\t\t\t\t\t<div class=\"elementor-column elementor-col-33 elementor-inner-column elementor-element elementor-element-6b7cbc9 elementor-hidden-mobile\" data-id=\"6b7cbc9\" data-element_type=\"column\">\n\t\t\t<div class=\"elementor-widget-wrap\">\n\t\t\t\t\t\t\t\t\t<\/div>\n\t\t<\/div>\n\t\t\t\t<div class=\"elementor-column elementor-col-33 elementor-inner-column elementor-element elementor-element-9d041fc\" data-id=\"9d041fc\" data-element_type=\"column\">\n\t\t\t<div class=\"elementor-widget-wrap elementor-element-populated\">\n\t\t\t\t\t\t\t\t<div class=\"elementor-element elementor-element-74096d0 elementor-widget elementor-widget-ucaddon_creative_buttons\" data-id=\"74096d0\" data-element_type=\"widget\" data-widget_type=\"ucaddon_creative_buttons.default\">\n\t\t\t\t<div class=\"elementor-widget-container\">\n\t\t\t<!-- start Creative Button Hovers -->\n\t\t<link id='uc_ac_assets_file_uc_creative_buttons_css_1983-css' href='https:\/\/elitecoaching.io\/wp-content\/uploads\/ac_assets\/uc_creative_buttons\/uc_creative_buttons.css' type='text\/css' rel='stylesheet' >\n\n\t\t\t<style type=\"text\/css\">\/* widget: Creative Button Hovers *\/\n\n#uc_creative_buttons_elementor_74096d0.uc_creative_buttons{\n  text-align: center;\n}\n#uc_creative_buttons_elementor_74096d0.uc_creative_buttons .uc_button,\n#uc_creative_buttons_elementor_74096d0.uc_creative_buttons .uc_button::after {\n\ttransition: all 0.3s;\n}\n\n#uc_creative_buttons_elementor_74096d0.uc_creative_buttons .uc_button {\n\n\n  display: inline-block;\n  overflow:hidden;\n}\n\n<\/style>\n\n\t\t\t<div class=\"uc_creative_buttons\" id=\"uc_creative_buttons_elementor_74096d0\">\n  <div class=\"container\">\n    <a href=\"https:\/\/elitecoaching.io\/sq\/forme-kontakti\/\" class=\"uc_button button-padding uc_btn-7\" ><span>Na Kontaktoni<\/span><\/a>\n  <\/div>\n<\/div>\n\t\t\t<!-- end Creative Button Hovers -->\t\t<\/div>\n\t\t\t\t<\/div>\n\t\t\t\t\t<\/div>\n\t\t<\/div>\n\t\t\t\t<div class=\"elementor-column elementor-col-33 elementor-inner-column elementor-element elementor-element-a8e5308\" data-id=\"a8e5308\" data-element_type=\"column\">\n\t\t\t<div class=\"elementor-widget-wrap\">\n\t\t\t\t\t\t\t\t\t<\/div>\n\t\t<\/div>\n\t\t\t\t\t\t\t<\/div>\n\t\t<\/section>\n\t\t\t\t\t<\/div>\n\t\t<\/div>\n\t\t\t\t<div class=\"elementor-column elementor-col-25 elementor-top-column elementor-element elementor-element-6948169\" data-id=\"6948169\" data-element_type=\"column\">\n\t\t\t<div class=\"elementor-widget-wrap\">\n\t\t\t\t\t\t\t\t\t<\/div>\n\t\t<\/div>\n\t\t\t\t\t\t\t<\/div>\n\t\t<\/section>\n\t\t\t\t\t\t\t<\/div>\n\t\t","protected":false},"excerpt":{"rendered":"<p>ZGJIDHJE P\u00cbR BIZNESIN\/ Zhvillimi &amp; Rritja e Mark\u00ebs \u00c7do biznes ka nj\u00eb identitet dhe karakter veprues t\u00eb cilat pasqyrohen drejt brenda Mark\u00ebs s\u00eb biznesit. Diferencimi i biznesit tuaj nga konkurrent\u00ebt dhe q\u00ebndrueshm\u00ebria n\u00eb komunikim jan\u00eb faktor\u00eb t\u00eb r\u00ebnd\u00ebsish\u00ebm n\u00eb krijimin dhe ruajtjen e suksesshme t\u00eb Mark\u00ebs. Pa menaxhimin e Mark\u00ebs, asnj\u00eb nga bizneset nuk mund [&#8230;]<\/p>\n<p><a class=\"btn btn-secondary understrap-read-more-link\" href=\"https:\/\/elitecoaching.io\/sq\/zgjidhje-per-biznesin\/zhvillimi-rritja-e-brandit\/\">Read More&#8230;<\/a><\/p>\n","protected":false},"author":7,"featured_media":0,"parent":19993,"menu_order":0,"comment_status":"closed","ping_status":"closed","template":"page-templates\/template-home.php","meta":[],"yoast_head":"<!-- This site is optimized with the Yoast SEO Premium plugin v18.4 (Yoast SEO v20.11) - https:\/\/yoast.com\/wordpress\/plugins\/seo\/ -->\n<title>Zhvillimi dhe rritja e mark\u00ebs - Elite Coaching<\/title>\n<meta name=\"description\" content=\"Zhvillimi dhe rritja e mark\u00ebs ju jep mund\u00ebsin\u00eb p\u00ebr t\u00eb arritur suksesin q\u00eb k\u00ebrkoni p\u00ebr veten dhe biznesin tuaj.\" \/>\n<meta name=\"robots\" content=\"index, follow, max-snippet:-1, max-image-preview:large, max-video-preview:-1\" \/>\n<link rel=\"canonical\" href=\"https:\/\/elitecoaching.io\/sq\/zgjidhje-per-biznesin\/zhvillimi-rritja-e-brandit\/\" \/>\n<meta property=\"og:locale\" content=\"sq_AL\" \/>\n<meta property=\"og:type\" content=\"article\" \/>\n<meta property=\"og:title\" content=\"Zhvillimi &amp; Rritja e Brandit\" \/>\n<meta property=\"og:description\" content=\"Zhvillimi dhe rritja e mark\u00ebs ju jep mund\u00ebsin\u00eb p\u00ebr t\u00eb arritur suksesin q\u00eb k\u00ebrkoni p\u00ebr veten dhe biznesin tuaj.\" \/>\n<meta property=\"og:url\" content=\"https:\/\/elitecoaching.io\/sq\/zgjidhje-per-biznesin\/zhvillimi-rritja-e-brandit\/\" \/>\n<meta property=\"og:site_name\" content=\"Elite Coaching\" \/>\n<meta property=\"article:modified_time\" content=\"2022-12-08T11:13:51+00:00\" \/>\n<meta property=\"og:image\" content=\"https:\/\/elitecoaching.io\/wp-content\/uploads\/2022\/04\/Branding-.jpg\" \/>\n<meta name=\"twitter:card\" content=\"summary_large_image\" \/>\n<meta name=\"twitter:label1\" content=\"Est. reading time\" \/>\n\t<meta name=\"twitter:data1\" content=\"2 minutes\" \/>\n<script type=\"application\/ld+json\" class=\"yoast-schema-graph\">{\"@context\":\"https:\/\/schema.org\",\"@graph\":[{\"@type\":\"WebPage\",\"@id\":\"https:\/\/elitecoaching.io\/sq\/zgjidhje-per-biznesin\/zhvillimi-rritja-e-brandit\/\",\"url\":\"https:\/\/elitecoaching.io\/sq\/zgjidhje-per-biznesin\/zhvillimi-rritja-e-brandit\/\",\"name\":\"Zhvillimi dhe rritja e mark\u00ebs - Elite Coaching\",\"isPartOf\":{\"@id\":\"https:\/\/elitecoaching.io\/sq\/#website\"},\"datePublished\":\"2022-04-27T06:28:14+00:00\",\"dateModified\":\"2022-12-08T11:13:51+00:00\",\"description\":\"Zhvillimi dhe rritja e mark\u00ebs ju jep mund\u00ebsin\u00eb p\u00ebr t\u00eb arritur suksesin q\u00eb k\u00ebrkoni p\u00ebr veten dhe biznesin tuaj.\",\"breadcrumb\":{\"@id\":\"https:\/\/elitecoaching.io\/sq\/zgjidhje-per-biznesin\/zhvillimi-rritja-e-brandit\/#breadcrumb\"},\"inLanguage\":\"sq-AL\",\"potentialAction\":[{\"@type\":\"ReadAction\",\"target\":[\"https:\/\/elitecoaching.io\/sq\/zgjidhje-per-biznesin\/zhvillimi-rritja-e-brandit\/\"]}]},{\"@type\":\"BreadcrumbList\",\"@id\":\"https:\/\/elitecoaching.io\/sq\/zgjidhje-per-biznesin\/zhvillimi-rritja-e-brandit\/#breadcrumb\",\"itemListElement\":[{\"@type\":\"ListItem\",\"position\":1,\"name\":\"Home\",\"item\":\"https:\/\/elitecoaching.io\/sq\/\"},{\"@type\":\"ListItem\",\"position\":2,\"name\":\"Zgjidhje p\u00ebr Biznesin\",\"item\":\"https:\/\/elitecoaching.io\/sq\/business-solutions\/\"},{\"@type\":\"ListItem\",\"position\":3,\"name\":\"Zhvillimi &amp; Rritja e Brandit\"}]},{\"@type\":\"WebSite\",\"@id\":\"https:\/\/elitecoaching.io\/sq\/#website\",\"url\":\"https:\/\/elitecoaching.io\/sq\/\",\"name\":\"Elite Coaching\",\"description\":\"Dedicated to Growth\",\"potentialAction\":[{\"@type\":\"SearchAction\",\"target\":{\"@type\":\"EntryPoint\",\"urlTemplate\":\"https:\/\/elitecoaching.io\/sq\/?s={search_term_string}\"},\"query-input\":\"required name=search_term_string\"}],\"inLanguage\":\"sq-AL\"}]}<\/script>\n<!-- \/ Yoast SEO Premium plugin. -->","yoast_head_json":{"title":"Zhvillimi dhe rritja e mark\u00ebs - Elite Coaching","description":"Zhvillimi dhe rritja e mark\u00ebs ju jep mund\u00ebsin\u00eb p\u00ebr t\u00eb arritur suksesin q\u00eb k\u00ebrkoni p\u00ebr veten dhe biznesin tuaj.","robots":{"index":"index","follow":"follow","max-snippet":"max-snippet:-1","max-image-preview":"max-image-preview:large","max-video-preview":"max-video-preview:-1"},"canonical":"https:\/\/elitecoaching.io\/sq\/zgjidhje-per-biznesin\/zhvillimi-rritja-e-brandit\/","og_locale":"sq_AL","og_type":"article","og_title":"Zhvillimi &amp; Rritja e Brandit","og_description":"Zhvillimi dhe rritja e mark\u00ebs ju jep mund\u00ebsin\u00eb p\u00ebr t\u00eb arritur suksesin q\u00eb k\u00ebrkoni p\u00ebr veten dhe biznesin tuaj.","og_url":"https:\/\/elitecoaching.io\/sq\/zgjidhje-per-biznesin\/zhvillimi-rritja-e-brandit\/","og_site_name":"Elite Coaching","article_modified_time":"2022-12-08T11:13:51+00:00","og_image":[{"url":"https:\/\/elitecoaching.io\/wp-content\/uploads\/2022\/04\/Branding-.jpg"}],"twitter_card":"summary_large_image","twitter_misc":{"Est. reading time":"2 minutes"},"schema":{"@context":"https:\/\/schema.org","@graph":[{"@type":"WebPage","@id":"https:\/\/elitecoaching.io\/sq\/zgjidhje-per-biznesin\/zhvillimi-rritja-e-brandit\/","url":"https:\/\/elitecoaching.io\/sq\/zgjidhje-per-biznesin\/zhvillimi-rritja-e-brandit\/","name":"Zhvillimi dhe rritja e mark\u00ebs - Elite Coaching","isPartOf":{"@id":"https:\/\/elitecoaching.io\/sq\/#website"},"datePublished":"2022-04-27T06:28:14+00:00","dateModified":"2022-12-08T11:13:51+00:00","description":"Zhvillimi dhe rritja e mark\u00ebs ju jep mund\u00ebsin\u00eb p\u00ebr t\u00eb arritur suksesin q\u00eb k\u00ebrkoni p\u00ebr veten dhe biznesin tuaj.","breadcrumb":{"@id":"https:\/\/elitecoaching.io\/sq\/zgjidhje-per-biznesin\/zhvillimi-rritja-e-brandit\/#breadcrumb"},"inLanguage":"sq-AL","potentialAction":[{"@type":"ReadAction","target":["https:\/\/elitecoaching.io\/sq\/zgjidhje-per-biznesin\/zhvillimi-rritja-e-brandit\/"]}]},{"@type":"BreadcrumbList","@id":"https:\/\/elitecoaching.io\/sq\/zgjidhje-per-biznesin\/zhvillimi-rritja-e-brandit\/#breadcrumb","itemListElement":[{"@type":"ListItem","position":1,"name":"Home","item":"https:\/\/elitecoaching.io\/sq\/"},{"@type":"ListItem","position":2,"name":"Zgjidhje p\u00ebr Biznesin","item":"https:\/\/elitecoaching.io\/sq\/business-solutions\/"},{"@type":"ListItem","position":3,"name":"Zhvillimi &amp; Rritja e Brandit"}]},{"@type":"WebSite","@id":"https:\/\/elitecoaching.io\/sq\/#website","url":"https:\/\/elitecoaching.io\/sq\/","name":"Elite Coaching","description":"Dedicated to Growth","potentialAction":[{"@type":"SearchAction","target":{"@type":"EntryPoint","urlTemplate":"https:\/\/elitecoaching.io\/sq\/?s={search_term_string}"},"query-input":"required name=search_term_string"}],"inLanguage":"sq-AL"}]}},"_links":{"self":[{"href":"https:\/\/elitecoaching.io\/sq\/wp-json\/wp\/v2\/pages\/19997"}],"collection":[{"href":"https:\/\/elitecoaching.io\/sq\/wp-json\/wp\/v2\/pages"}],"about":[{"href":"https:\/\/elitecoaching.io\/sq\/wp-json\/wp\/v2\/types\/page"}],"author":[{"embeddable":true,"href":"https:\/\/elitecoaching.io\/sq\/wp-json\/wp\/v2\/users\/7"}],"replies":[{"embeddable":true,"href":"https:\/\/elitecoaching.io\/sq\/wp-json\/wp\/v2\/comments?post=19997"}],"version-history":[{"count":6,"href":"https:\/\/elitecoaching.io\/sq\/wp-json\/wp\/v2\/pages\/19997\/revisions"}],"predecessor-version":[{"id":24228,"href":"https:\/\/elitecoaching.io\/sq\/wp-json\/wp\/v2\/pages\/19997\/revisions\/24228"}],"up":[{"embeddable":true,"href":"https:\/\/elitecoaching.io\/sq\/wp-json\/wp\/v2\/pages\/19993"}],"wp:attachment":[{"href":"https:\/\/elitecoaching.io\/sq\/wp-json\/wp\/v2\/media?parent=19997"}],"curies":[{"name":"wp","href":"https:\/\/api.w.org\/{rel}","templated":true}]}}