{"id":20023,"date":"2022-04-27T06:33:55","date_gmt":"2022-04-27T06:33:55","guid":{"rendered":"https:\/\/elitecoaching.io\/zgjidhje-per-biznesin\/menaxhimi-i-sigurise-kibernetike\/"},"modified":"2022-12-08T11:14:40","modified_gmt":"2022-12-08T11:14:40","slug":"menaxhimi-i-sigurise-kibernetike","status":"publish","type":"page","link":"https:\/\/elitecoaching.io\/sq\/zgjidhje-per-biznesin\/menaxhimi-i-sigurise-kibernetike\/","title":{"rendered":"Menaxhimi i Siguris\u00eb Kibernetike"},"content":{"rendered":"\t\t<div data-elementor-type=\"wp-page\" data-elementor-id=\"20023\" class=\"elementor elementor-20023 elementor-16001\" data-elementor-post-type=\"page\">\n\t\t\t\t\t\t\t\t\t<section class=\"elementor-section elementor-top-section elementor-element elementor-element-7dd6fc9 elementor-section-full_width elementor-section-height-default elementor-section-height-default\" data-id=\"7dd6fc9\" data-element_type=\"section\">\n\t\t\t\t\t\t<div class=\"elementor-container elementor-column-gap-default\">\n\t\t\t\t\t<div class=\"elementor-column elementor-col-33 elementor-top-column elementor-element elementor-element-699ebb6\" data-id=\"699ebb6\" data-element_type=\"column\">\n\t\t\t<div class=\"elementor-widget-wrap\">\n\t\t\t\t\t\t\t\t\t<\/div>\n\t\t<\/div>\n\t\t\t\t<div class=\"elementor-column elementor-col-66 elementor-top-column elementor-element elementor-element-55f7e28\" data-id=\"55f7e28\" data-element_type=\"column\">\n\t\t\t<div class=\"elementor-widget-wrap elementor-element-populated\">\n\t\t\t\t\t\t\t\t<div class=\"elementor-element elementor-element-e5094bb animated-slow elementor-widget elementor-widget-text-editor\" data-id=\"e5094bb\" data-element_type=\"widget\" data-settings=\"{&quot;_animation&quot;:&quot;none&quot;,&quot;_animation_delay&quot;:500}\" data-widget_type=\"text-editor.default\">\n\t\t\t\t<div class=\"elementor-widget-container\">\n\t\t\t\t\t\t\t<p>ZGJIDHJE P\u00cbR BIZNESIN\/<\/p>\t\t\t\t\t\t<\/div>\n\t\t\t\t<\/div>\n\t\t\t\t<div class=\"elementor-element elementor-element-debda6d elementor-widget elementor-widget-heading\" data-id=\"debda6d\" data-element_type=\"widget\" data-settings=\"{&quot;_animation&quot;:&quot;none&quot;}\" data-widget_type=\"heading.default\">\n\t\t\t\t<div class=\"elementor-widget-container\">\n\t\t\t<h2 class=\"elementor-heading-title elementor-size-default\">Menaxhim <br> Siguria Kibernetike<\/h2>\t\t<\/div>\n\t\t\t\t<\/div>\n\t\t\t\t\t<\/div>\n\t\t<\/div>\n\t\t\t\t\t\t\t<\/div>\n\t\t<\/section>\n\t\t\t\t<section class=\"elementor-section elementor-top-section elementor-element elementor-element-1197948 elementor-section-height-min-height panel elementor-section-full_width elementor-section-height-default elementor-section-items-middle\" data-id=\"1197948\" data-element_type=\"section\" data-settings=\"{&quot;background_background&quot;:&quot;classic&quot;}\" data-color=\"black\">\n\t\t\t\t\t\t\t<div class=\"elementor-background-overlay\"><\/div>\n\t\t\t\t\t\t\t<div class=\"elementor-container elementor-column-gap-default\">\n\t\t\t\t\t<div class=\"elementor-column elementor-col-100 elementor-top-column elementor-element elementor-element-85d69b7\" data-id=\"85d69b7\" data-element_type=\"column\" data-settings=\"{&quot;background_background&quot;:&quot;classic&quot;}\">\n\t\t\t<div class=\"elementor-widget-wrap elementor-element-populated\">\n\t\t\t\t\t\t\t\t<section class=\"elementor-section elementor-inner-section elementor-element elementor-element-e615d87 elementor-section-full_width elementor-section-height-default elementor-section-height-default\" data-id=\"e615d87\" data-element_type=\"section\">\n\t\t\t\t\t\t<div class=\"elementor-container elementor-column-gap-default\">\n\t\t\t\t\t<div class=\"elementor-column elementor-col-100 elementor-inner-column elementor-element elementor-element-8bd387d\" data-id=\"8bd387d\" data-element_type=\"column\">\n\t\t\t<div class=\"elementor-widget-wrap elementor-element-populated\">\n\t\t\t\t\t\t\t\t<div class=\"elementor-element elementor-element-dffd5b6 elementor-widget elementor-widget-image\" data-id=\"dffd5b6\" data-element_type=\"widget\" data-widget_type=\"image.default\">\n\t\t\t\t<div class=\"elementor-widget-container\">\n\t\t\t\t\t\t\t\t\t\t\t\t\t\t\t<img decoding=\"async\" width=\"1920\" height=\"1280\" src=\"https:\/\/elitecoaching.io\/wp-content\/uploads\/2022\/04\/Cybersecurity-hero.webp\" class=\"attachment-full size-full wp-image-16664\" alt=\"\" loading=\"lazy\" srcset=\"https:\/\/elitecoaching.io\/wp-content\/uploads\/2022\/04\/Cybersecurity-hero.webp 1920w, https:\/\/elitecoaching.io\/wp-content\/uploads\/2022\/04\/Cybersecurity-hero-300x200.webp 300w, https:\/\/elitecoaching.io\/wp-content\/uploads\/2022\/04\/Cybersecurity-hero-1024x683.webp 1024w, https:\/\/elitecoaching.io\/wp-content\/uploads\/2022\/04\/Cybersecurity-hero-768x512.webp 768w, https:\/\/elitecoaching.io\/wp-content\/uploads\/2022\/04\/Cybersecurity-hero-1536x1024.webp 1536w\" sizes=\"(max-width: 1920px) 100vw, 1920px\" \/>\t\t\t\t\t\t\t\t\t\t\t\t\t\t\t<\/div>\n\t\t\t\t<\/div>\n\t\t\t\t\t<\/div>\n\t\t<\/div>\n\t\t\t\t\t\t\t<\/div>\n\t\t<\/section>\n\t\t\t\t\t<\/div>\n\t\t<\/div>\n\t\t\t\t\t\t\t<\/div>\n\t\t<\/section>\n\t\t\t\t<section class=\"elementor-section elementor-top-section elementor-element elementor-element-499f2c7 black elementor-section-boxed elementor-section-height-default elementor-section-height-default\" data-id=\"499f2c7\" data-element_type=\"section\" data-settings=\"{&quot;background_background&quot;:&quot;classic&quot;}\">\n\t\t\t\t\t\t\t<div class=\"elementor-background-overlay\"><\/div>\n\t\t\t\t\t\t\t<div class=\"elementor-container elementor-column-gap-default\">\n\t\t\t\t\t<div class=\"elementor-column elementor-col-100 elementor-top-column elementor-element elementor-element-3089cb2\" data-id=\"3089cb2\" data-element_type=\"column\">\n\t\t\t<div class=\"elementor-widget-wrap elementor-element-populated\">\n\t\t\t\t\t\t\t\t<section class=\"elementor-section elementor-inner-section elementor-element elementor-element-d8b34b4 elementor-section-full_width elementor-section-height-default elementor-section-height-default\" data-id=\"d8b34b4\" data-element_type=\"section\">\n\t\t\t\t\t\t<div class=\"elementor-container elementor-column-gap-default\">\n\t\t\t\t\t<div class=\"elementor-column elementor-col-50 elementor-inner-column elementor-element elementor-element-3e478ba\" data-id=\"3e478ba\" data-element_type=\"column\">\n\t\t\t<div class=\"elementor-widget-wrap elementor-element-populated\">\n\t\t\t\t\t\t\t\t<div class=\"elementor-element elementor-element-65e04b0 elementor-widget elementor-widget-text-editor\" data-id=\"65e04b0\" data-element_type=\"widget\" data-widget_type=\"text-editor.default\">\n\t\t\t\t<div class=\"elementor-widget-container\">\n\t\t\t\t\t\t\t<p>Nd\u00ebrsa bota vazhdon t\u00eb evoluoj\u00eb, dixhitalizimi ka dal\u00eb n\u00eb ball\u00eb jo vet\u00ebm si nj\u00eb mjet p\u00ebr t\u00eb sjell\u00eb komoditet dhe siguri t\u00eb m\u00ebtejshme por edhe p\u00ebr t\u00eb revolucionarizuar t\u00eb tashmen. Ndryshimet dhe prezantimet e IT-s\u00eb q\u00eb jan\u00eb sjell\u00eb n\u00eb vitet e fundit kan\u00eb qen\u00eb disa nga risit\u00eb m\u00eb premtuese t\u00eb k\u00ebsaj dekade dhe kan\u00eb theksuar nevoj\u00ebn e vazhdueshme p\u00ebr transformim dixhital.<\/p>\t\t\t\t\t\t<\/div>\n\t\t\t\t<\/div>\n\t\t\t\t\t<\/div>\n\t\t<\/div>\n\t\t\t\t<div class=\"elementor-column elementor-col-50 elementor-inner-column elementor-element elementor-element-ee9c3b6\" data-id=\"ee9c3b6\" data-element_type=\"column\">\n\t\t\t<div class=\"elementor-widget-wrap\">\n\t\t\t\t\t\t\t\t\t<\/div>\n\t\t<\/div>\n\t\t\t\t\t\t\t<\/div>\n\t\t<\/section>\n\t\t\t\t\t<\/div>\n\t\t<\/div>\n\t\t\t\t\t\t\t<\/div>\n\t\t<\/section>\n\t\t\t\t<section class=\"elementor-section elementor-top-section elementor-element elementor-element-e81b58e white elementor-section-boxed elementor-section-height-default elementor-section-height-default\" data-id=\"e81b58e\" data-element_type=\"section\" data-settings=\"{&quot;background_background&quot;:&quot;classic&quot;}\">\n\t\t\t\t\t\t\t<div class=\"elementor-background-overlay\"><\/div>\n\t\t\t\t\t\t\t<div class=\"elementor-container elementor-column-gap-default\">\n\t\t\t\t\t<div class=\"elementor-column elementor-col-100 elementor-top-column elementor-element elementor-element-88ebe02\" data-id=\"88ebe02\" data-element_type=\"column\">\n\t\t\t<div class=\"elementor-widget-wrap elementor-element-populated\">\n\t\t\t\t\t\t\t\t<section class=\"elementor-section elementor-inner-section elementor-element elementor-element-dee96f7 elementor-section-boxed elementor-section-height-default elementor-section-height-default\" data-id=\"dee96f7\" data-element_type=\"section\">\n\t\t\t\t\t\t<div class=\"elementor-container elementor-column-gap-default\">\n\t\t\t\t\t<div class=\"elementor-column elementor-col-50 elementor-inner-column elementor-element elementor-element-c47a572\" data-id=\"c47a572\" data-element_type=\"column\">\n\t\t\t<div class=\"elementor-widget-wrap elementor-element-populated\">\n\t\t\t\t\t\t\t\t<div class=\"elementor-element elementor-element-a001e37 elementor-widget elementor-widget-text-editor\" data-id=\"a001e37\" data-element_type=\"widget\" data-widget_type=\"text-editor.default\">\n\t\t\t\t<div class=\"elementor-widget-container\">\n\t\t\t\t\t\t\tAdoptoni zgjidhje moderne dhe <br> gjith\u00ebp\u00ebrfshir\u00ebse\t\t\t\t\t\t<\/div>\n\t\t\t\t<\/div>\n\t\t\t\t\t<\/div>\n\t\t<\/div>\n\t\t\t\t<div class=\"elementor-column elementor-col-50 elementor-inner-column elementor-element elementor-element-80b082b\" data-id=\"80b082b\" data-element_type=\"column\">\n\t\t\t<div class=\"elementor-widget-wrap\">\n\t\t\t\t\t\t\t\t\t<\/div>\n\t\t<\/div>\n\t\t\t\t\t\t\t<\/div>\n\t\t<\/section>\n\t\t\t\t<section class=\"elementor-section elementor-inner-section elementor-element elementor-element-3827978 elementor-section-boxed elementor-section-height-default elementor-section-height-default\" data-id=\"3827978\" data-element_type=\"section\">\n\t\t\t\t\t\t<div class=\"elementor-container elementor-column-gap-default\">\n\t\t\t\t\t<div class=\"elementor-column elementor-col-100 elementor-inner-column elementor-element elementor-element-8f0e026\" data-id=\"8f0e026\" data-element_type=\"column\">\n\t\t\t<div class=\"elementor-widget-wrap elementor-element-populated\">\n\t\t\t\t\t\t\t\t<div class=\"elementor-element elementor-element-af46743 elementor-widget elementor-widget-text-editor\" data-id=\"af46743\" data-element_type=\"widget\" data-widget_type=\"text-editor.default\">\n\t\t\t\t<div class=\"elementor-widget-container\">\n\t\t\t\t\t\t\t<p>Si pjes\u00eb e modernizimit t\u00eb biznesit dhe sistemeve t\u00eb rrjedh\u00ebs s\u00eb pun\u00ebs p\u00ebr t\u00eb arritur transformimin p\u00ebrfundimtar dixhital p\u00ebr nj\u00eb nd\u00ebrmarrje, \u00ebsht\u00eb e nevojshme t\u00eb zbatohet nj\u00eb sistem protokolli sigurie i p\u00ebrshtatur mir\u00eb. Nj\u00eb gj\u00eb e till\u00eb \u00ebsht\u00eb instalimi i nj\u00eb sistemi cloud q\u00eb p\u00ebrfshin protokolle q\u00eb mbrojn\u00eb sigurin\u00eb fizike dhe kibernetike t\u00eb t\u00eb gjith\u00eb sistemit. N\u00eb k\u00ebt\u00eb m\u00ebnyr\u00eb, \u00e7do sulm kibernetik mund t\u00eb zbulohet n\u00eb koh\u00eb dhe sistemi i mbrojtjes \u00ebsht\u00eb i gatsh\u00ebm t\u00eb prandaloj d\u00ebmtimin e infrastruktur\u00ebs dhe t\u00eb t\u00eb dh\u00ebnave t\u00eb saj.  <\/p><p>P\u00ebr t\u00eb integruar zgjidhje shum\u00eb t\u00eb specializuara n\u00eb sigurin\u00eb e t\u00eb dh\u00ebnave dhe privat\u00ebsis\u00eb, <a href=\"https:\/\/elitecoaching.io\/sq\/\" target=\"_blank\" rel=\"noopener\">Elite Coaching<\/a> ofron zgjidhje posa\u00e7\u00ebrisht t\u00eb p\u00ebrshtatshme p\u00ebr biznesin tuaj. P\u00ebrve\u00e7 instalimeve t\u00eb siguris\u00eb n\u00eb ren\u00eb kompjuterike, ekspert\u00ebt tan\u00eb ndihmojn\u00eb gjithashtu n\u00eb analizimin e infrastruktur\u00ebs suaj aktuale p\u00ebr t\u00eb sugjeruar p\u00ebrmir\u00ebsime q\u00eb do t\u00eb mb\u00ebshtesin m\u00eb s\u00eb miri planin tuaj t\u00eb siguris\u00eb ndaj k\u00ebrc\u00ebnimeve. Me k\u00ebto mekanizma n\u00eb loj\u00eb, organizata juaj mund t\u00eb lul\u00ebzoj\u00eb duke q\u00ebndruar e p\u00ebrdit\u00ebsuar dhe p\u00ebrpara tendencave aktuale t\u00eb teknologjis\u00eb me ndihm\u00ebn e vazhdueshme t\u00eb <a href=\"https:\/\/etg.al\/about-us\/\" target=\"_blank\" rel=\"noopener\">profesionist\u00ebve<\/a> tan\u00eb t\u00eb IT-s\u00eb.. <\/p>\t\t\t\t\t\t<\/div>\n\t\t\t\t<\/div>\n\t\t\t\t\t<\/div>\n\t\t<\/div>\n\t\t\t\t\t\t\t<\/div>\n\t\t<\/section>\n\t\t\t\t\t<\/div>\n\t\t<\/div>\n\t\t\t\t\t\t\t<\/div>\n\t\t<\/section>\n\t\t\t\t<section class=\"elementor-section elementor-top-section elementor-element elementor-element-0d29e2c elementor-section-height-min-height black elementor-section-boxed elementor-section-height-default elementor-section-items-middle\" data-id=\"0d29e2c\" data-element_type=\"section\" data-settings=\"{&quot;background_background&quot;:&quot;classic&quot;}\">\n\t\t\t\t\t\t\t<div class=\"elementor-background-overlay\"><\/div>\n\t\t\t\t\t\t\t<div class=\"elementor-container elementor-column-gap-default\">\n\t\t\t\t\t<div class=\"elementor-column elementor-col-25 elementor-top-column elementor-element elementor-element-e414df4\" data-id=\"e414df4\" data-element_type=\"column\">\n\t\t\t<div class=\"elementor-widget-wrap\">\n\t\t\t\t\t\t\t\t\t<\/div>\n\t\t<\/div>\n\t\t\t\t<div class=\"elementor-column elementor-col-50 elementor-top-column elementor-element elementor-element-bba5e2a\" data-id=\"bba5e2a\" data-element_type=\"column\" data-settings=\"{&quot;motion_fx_motion_fx_scrolling&quot;:&quot;yes&quot;,&quot;motion_fx_translateY_effect&quot;:&quot;yes&quot;,&quot;motion_fx_translateY_speed&quot;:{&quot;unit&quot;:&quot;px&quot;,&quot;size&quot;:4.4,&quot;sizes&quot;:[]},&quot;motion_fx_translateY_affectedRange&quot;:{&quot;unit&quot;:&quot;%&quot;,&quot;size&quot;:&quot;&quot;,&quot;sizes&quot;:{&quot;start&quot;:21,&quot;end&quot;:100}},&quot;motion_fx_devices&quot;:[&quot;desktop&quot;,&quot;tablet&quot;]}\">\n\t\t\t<div class=\"elementor-widget-wrap elementor-element-populated\">\n\t\t\t\t\t\t\t\t<div class=\"elementor-element elementor-element-8cc8fda elementor-widget elementor-widget-text-editor\" data-id=\"8cc8fda\" data-element_type=\"widget\" data-widget_type=\"text-editor.default\">\n\t\t\t\t<div class=\"elementor-widget-container\">\n\t\t\t\t\t\t\t<p class=\"grve-element grve-title grve-align-center grve-h3\">Q\u00ebndro n\u00eb Lidhje<\/p>\t\t\t\t\t\t<\/div>\n\t\t\t\t<\/div>\n\t\t\t\t<div class=\"elementor-element elementor-element-70393a8 elementor-widget elementor-widget-heading\" data-id=\"70393a8\" data-element_type=\"widget\" data-widget_type=\"heading.default\">\n\t\t\t\t<div class=\"elementor-widget-container\">\n\t\t\t<h2 class=\"elementor-heading-title elementor-size-default\">Na p\u00eblqen t\u00eb b\u00ebjm\u00eb miq t\u00eb rinj!\n<\/h2>\t\t<\/div>\n\t\t\t\t<\/div>\n\t\t\t\t<section class=\"elementor-section elementor-inner-section elementor-element elementor-element-adf1a8e elementor-section-boxed elementor-section-height-default elementor-section-height-default\" data-id=\"adf1a8e\" data-element_type=\"section\">\n\t\t\t\t\t\t<div class=\"elementor-container elementor-column-gap-default\">\n\t\t\t\t\t<div class=\"elementor-column elementor-col-33 elementor-inner-column elementor-element elementor-element-f1d4a1c elementor-hidden-mobile\" data-id=\"f1d4a1c\" data-element_type=\"column\">\n\t\t\t<div class=\"elementor-widget-wrap\">\n\t\t\t\t\t\t\t\t\t<\/div>\n\t\t<\/div>\n\t\t\t\t<div class=\"elementor-column elementor-col-33 elementor-inner-column elementor-element elementor-element-9271d19\" data-id=\"9271d19\" data-element_type=\"column\">\n\t\t\t<div class=\"elementor-widget-wrap elementor-element-populated\">\n\t\t\t\t\t\t\t\t<div class=\"elementor-element elementor-element-3c52f8b elementor-widget elementor-widget-ucaddon_creative_buttons\" data-id=\"3c52f8b\" data-element_type=\"widget\" data-widget_type=\"ucaddon_creative_buttons.default\">\n\t\t\t\t<div class=\"elementor-widget-container\">\n\t\t\t<!-- start Creative Button Hovers -->\n\t\t<link id='uc_ac_assets_file_uc_creative_buttons_css_1983-css' href='https:\/\/elitecoaching.io\/wp-content\/uploads\/ac_assets\/uc_creative_buttons\/uc_creative_buttons.css' type='text\/css' rel='stylesheet' >\n\n\t\t\t<style type=\"text\/css\">\/* widget: Creative Button Hovers *\/\n\n#uc_creative_buttons_elementor_3c52f8b.uc_creative_buttons{\n  text-align: center;\n}\n#uc_creative_buttons_elementor_3c52f8b.uc_creative_buttons .uc_button,\n#uc_creative_buttons_elementor_3c52f8b.uc_creative_buttons .uc_button::after {\n\ttransition: all 0.3s;\n}\n\n#uc_creative_buttons_elementor_3c52f8b.uc_creative_buttons .uc_button {\n\n\n  display: inline-block;\n  overflow:hidden;\n}\n\n<\/style>\n\n\t\t\t<div class=\"uc_creative_buttons\" id=\"uc_creative_buttons_elementor_3c52f8b\">\n  <div class=\"container\">\n    <a href=\"https:\/\/elitecoaching.io\/sq\/forme-kontakti\/\" class=\"uc_button button-padding uc_btn-7\" ><span>Na Kontaktoni<\/span><\/a>\n  <\/div>\n<\/div>\n\t\t\t<!-- end Creative Button Hovers -->\t\t<\/div>\n\t\t\t\t<\/div>\n\t\t\t\t\t<\/div>\n\t\t<\/div>\n\t\t\t\t<div class=\"elementor-column elementor-col-33 elementor-inner-column elementor-element elementor-element-41cd61d\" data-id=\"41cd61d\" data-element_type=\"column\">\n\t\t\t<div class=\"elementor-widget-wrap\">\n\t\t\t\t\t\t\t\t\t<\/div>\n\t\t<\/div>\n\t\t\t\t\t\t\t<\/div>\n\t\t<\/section>\n\t\t\t\t\t<\/div>\n\t\t<\/div>\n\t\t\t\t<div class=\"elementor-column elementor-col-25 elementor-top-column elementor-element elementor-element-3d92aff\" data-id=\"3d92aff\" data-element_type=\"column\">\n\t\t\t<div class=\"elementor-widget-wrap\">\n\t\t\t\t\t\t\t\t\t<\/div>\n\t\t<\/div>\n\t\t\t\t\t\t\t<\/div>\n\t\t<\/section>\n\t\t\t\t\t\t\t<\/div>\n\t\t","protected":false},"excerpt":{"rendered":"<p>ZGJIDHJE P\u00cbR BIZNESIN\/ Menaxhim Siguria Kibernetike Nd\u00ebrsa bota vazhdon t\u00eb evoluoj\u00eb, dixhitalizimi ka dal\u00eb n\u00eb ball\u00eb jo vet\u00ebm si nj\u00eb mjet p\u00ebr t\u00eb sjell\u00eb komoditet dhe siguri t\u00eb m\u00ebtejshme por edhe p\u00ebr t\u00eb revolucionarizuar t\u00eb tashmen. Ndryshimet dhe prezantimet e IT-s\u00eb q\u00eb jan\u00eb sjell\u00eb n\u00eb vitet e fundit kan\u00eb qen\u00eb disa nga risit\u00eb m\u00eb premtuese [&#8230;]<\/p>\n<p><a class=\"btn btn-secondary understrap-read-more-link\" href=\"https:\/\/elitecoaching.io\/sq\/zgjidhje-per-biznesin\/menaxhimi-i-sigurise-kibernetike\/\">Read More&#8230;<\/a><\/p>\n","protected":false},"author":7,"featured_media":0,"parent":19993,"menu_order":0,"comment_status":"closed","ping_status":"closed","template":"page-templates\/template-home.php","meta":[],"yoast_head":"<!-- This site is optimized with the Yoast SEO Premium plugin v18.4 (Yoast SEO v20.11) - https:\/\/yoast.com\/wordpress\/plugins\/seo\/ -->\n<title>Menaxhimi i Siguris\u00eb Kibernetike - Elite Coaching<\/title>\n<meta name=\"description\" content=\"Menaxhimi i Siguris\u00eb Kibernetike. Si pjes\u00eb e modernizimit t\u00eb biznesit \u00ebsht\u00eb e nevojshme t\u00eb zbatohet nj\u00eb sistem protokolli sigurie.\" \/>\n<meta name=\"robots\" content=\"index, follow, max-snippet:-1, max-image-preview:large, max-video-preview:-1\" \/>\n<link rel=\"canonical\" href=\"https:\/\/elitecoaching.io\/sq\/zgjidhje-per-biznesin\/menaxhimi-i-sigurise-kibernetike\/\" \/>\n<meta property=\"og:locale\" content=\"sq_AL\" \/>\n<meta property=\"og:type\" content=\"article\" \/>\n<meta property=\"og:title\" content=\"Menaxhimi i Siguris\u00eb Kibernetike\" \/>\n<meta property=\"og:description\" content=\"Menaxhimi i Siguris\u00eb Kibernetike. Si pjes\u00eb e modernizimit t\u00eb biznesit \u00ebsht\u00eb e nevojshme t\u00eb zbatohet nj\u00eb sistem protokolli sigurie.\" \/>\n<meta property=\"og:url\" content=\"https:\/\/elitecoaching.io\/sq\/zgjidhje-per-biznesin\/menaxhimi-i-sigurise-kibernetike\/\" \/>\n<meta property=\"og:site_name\" content=\"Elite Coaching\" \/>\n<meta property=\"article:modified_time\" content=\"2022-12-08T11:14:40+00:00\" \/>\n<meta property=\"og:image\" content=\"https:\/\/elitecoaching.io\/wp-content\/uploads\/2022\/04\/Cybersecurity-hero.webp\" \/>\n<meta name=\"twitter:card\" content=\"summary_large_image\" \/>\n<meta name=\"twitter:label1\" content=\"Est. reading time\" \/>\n\t<meta name=\"twitter:data1\" content=\"2 minutes\" \/>\n<script type=\"application\/ld+json\" class=\"yoast-schema-graph\">{\"@context\":\"https:\/\/schema.org\",\"@graph\":[{\"@type\":\"WebPage\",\"@id\":\"https:\/\/elitecoaching.io\/sq\/zgjidhje-per-biznesin\/menaxhimi-i-sigurise-kibernetike\/\",\"url\":\"https:\/\/elitecoaching.io\/sq\/zgjidhje-per-biznesin\/menaxhimi-i-sigurise-kibernetike\/\",\"name\":\"Menaxhimi i Siguris\u00eb Kibernetike - Elite Coaching\",\"isPartOf\":{\"@id\":\"https:\/\/elitecoaching.io\/sq\/#website\"},\"datePublished\":\"2022-04-27T06:33:55+00:00\",\"dateModified\":\"2022-12-08T11:14:40+00:00\",\"description\":\"Menaxhimi i Siguris\u00eb Kibernetike. Si pjes\u00eb e modernizimit t\u00eb biznesit \u00ebsht\u00eb e nevojshme t\u00eb zbatohet nj\u00eb sistem protokolli sigurie.\",\"breadcrumb\":{\"@id\":\"https:\/\/elitecoaching.io\/sq\/zgjidhje-per-biznesin\/menaxhimi-i-sigurise-kibernetike\/#breadcrumb\"},\"inLanguage\":\"sq-AL\",\"potentialAction\":[{\"@type\":\"ReadAction\",\"target\":[\"https:\/\/elitecoaching.io\/sq\/zgjidhje-per-biznesin\/menaxhimi-i-sigurise-kibernetike\/\"]}]},{\"@type\":\"BreadcrumbList\",\"@id\":\"https:\/\/elitecoaching.io\/sq\/zgjidhje-per-biznesin\/menaxhimi-i-sigurise-kibernetike\/#breadcrumb\",\"itemListElement\":[{\"@type\":\"ListItem\",\"position\":1,\"name\":\"Home\",\"item\":\"https:\/\/elitecoaching.io\/sq\/\"},{\"@type\":\"ListItem\",\"position\":2,\"name\":\"Zgjidhje p\u00ebr Biznesin\",\"item\":\"https:\/\/elitecoaching.io\/sq\/business-solutions\/\"},{\"@type\":\"ListItem\",\"position\":3,\"name\":\"Menaxhimi i Siguris\u00eb Kibernetike\"}]},{\"@type\":\"WebSite\",\"@id\":\"https:\/\/elitecoaching.io\/sq\/#website\",\"url\":\"https:\/\/elitecoaching.io\/sq\/\",\"name\":\"Elite Coaching\",\"description\":\"Dedicated to Growth\",\"potentialAction\":[{\"@type\":\"SearchAction\",\"target\":{\"@type\":\"EntryPoint\",\"urlTemplate\":\"https:\/\/elitecoaching.io\/sq\/?s={search_term_string}\"},\"query-input\":\"required name=search_term_string\"}],\"inLanguage\":\"sq-AL\"}]}<\/script>\n<!-- \/ Yoast SEO Premium plugin. -->","yoast_head_json":{"title":"Menaxhimi i Siguris\u00eb Kibernetike - Elite Coaching","description":"Menaxhimi i Siguris\u00eb Kibernetike. Si pjes\u00eb e modernizimit t\u00eb biznesit \u00ebsht\u00eb e nevojshme t\u00eb zbatohet nj\u00eb sistem protokolli sigurie.","robots":{"index":"index","follow":"follow","max-snippet":"max-snippet:-1","max-image-preview":"max-image-preview:large","max-video-preview":"max-video-preview:-1"},"canonical":"https:\/\/elitecoaching.io\/sq\/zgjidhje-per-biznesin\/menaxhimi-i-sigurise-kibernetike\/","og_locale":"sq_AL","og_type":"article","og_title":"Menaxhimi i Siguris\u00eb Kibernetike","og_description":"Menaxhimi i Siguris\u00eb Kibernetike. Si pjes\u00eb e modernizimit t\u00eb biznesit \u00ebsht\u00eb e nevojshme t\u00eb zbatohet nj\u00eb sistem protokolli sigurie.","og_url":"https:\/\/elitecoaching.io\/sq\/zgjidhje-per-biznesin\/menaxhimi-i-sigurise-kibernetike\/","og_site_name":"Elite Coaching","article_modified_time":"2022-12-08T11:14:40+00:00","og_image":[{"url":"https:\/\/elitecoaching.io\/wp-content\/uploads\/2022\/04\/Cybersecurity-hero.webp"}],"twitter_card":"summary_large_image","twitter_misc":{"Est. reading time":"2 minutes"},"schema":{"@context":"https:\/\/schema.org","@graph":[{"@type":"WebPage","@id":"https:\/\/elitecoaching.io\/sq\/zgjidhje-per-biznesin\/menaxhimi-i-sigurise-kibernetike\/","url":"https:\/\/elitecoaching.io\/sq\/zgjidhje-per-biznesin\/menaxhimi-i-sigurise-kibernetike\/","name":"Menaxhimi i Siguris\u00eb Kibernetike - Elite Coaching","isPartOf":{"@id":"https:\/\/elitecoaching.io\/sq\/#website"},"datePublished":"2022-04-27T06:33:55+00:00","dateModified":"2022-12-08T11:14:40+00:00","description":"Menaxhimi i Siguris\u00eb Kibernetike. Si pjes\u00eb e modernizimit t\u00eb biznesit \u00ebsht\u00eb e nevojshme t\u00eb zbatohet nj\u00eb sistem protokolli sigurie.","breadcrumb":{"@id":"https:\/\/elitecoaching.io\/sq\/zgjidhje-per-biznesin\/menaxhimi-i-sigurise-kibernetike\/#breadcrumb"},"inLanguage":"sq-AL","potentialAction":[{"@type":"ReadAction","target":["https:\/\/elitecoaching.io\/sq\/zgjidhje-per-biznesin\/menaxhimi-i-sigurise-kibernetike\/"]}]},{"@type":"BreadcrumbList","@id":"https:\/\/elitecoaching.io\/sq\/zgjidhje-per-biznesin\/menaxhimi-i-sigurise-kibernetike\/#breadcrumb","itemListElement":[{"@type":"ListItem","position":1,"name":"Home","item":"https:\/\/elitecoaching.io\/sq\/"},{"@type":"ListItem","position":2,"name":"Zgjidhje p\u00ebr Biznesin","item":"https:\/\/elitecoaching.io\/sq\/business-solutions\/"},{"@type":"ListItem","position":3,"name":"Menaxhimi i Siguris\u00eb Kibernetike"}]},{"@type":"WebSite","@id":"https:\/\/elitecoaching.io\/sq\/#website","url":"https:\/\/elitecoaching.io\/sq\/","name":"Elite Coaching","description":"Dedicated to Growth","potentialAction":[{"@type":"SearchAction","target":{"@type":"EntryPoint","urlTemplate":"https:\/\/elitecoaching.io\/sq\/?s={search_term_string}"},"query-input":"required name=search_term_string"}],"inLanguage":"sq-AL"}]}},"_links":{"self":[{"href":"https:\/\/elitecoaching.io\/sq\/wp-json\/wp\/v2\/pages\/20023"}],"collection":[{"href":"https:\/\/elitecoaching.io\/sq\/wp-json\/wp\/v2\/pages"}],"about":[{"href":"https:\/\/elitecoaching.io\/sq\/wp-json\/wp\/v2\/types\/page"}],"author":[{"embeddable":true,"href":"https:\/\/elitecoaching.io\/sq\/wp-json\/wp\/v2\/users\/7"}],"replies":[{"embeddable":true,"href":"https:\/\/elitecoaching.io\/sq\/wp-json\/wp\/v2\/comments?post=20023"}],"version-history":[{"count":6,"href":"https:\/\/elitecoaching.io\/sq\/wp-json\/wp\/v2\/pages\/20023\/revisions"}],"predecessor-version":[{"id":24234,"href":"https:\/\/elitecoaching.io\/sq\/wp-json\/wp\/v2\/pages\/20023\/revisions\/24234"}],"up":[{"embeddable":true,"href":"https:\/\/elitecoaching.io\/sq\/wp-json\/wp\/v2\/pages\/19993"}],"wp:attachment":[{"href":"https:\/\/elitecoaching.io\/sq\/wp-json\/wp\/v2\/media?parent=20023"}],"curies":[{"name":"wp","href":"https:\/\/api.w.org\/{rel}","templated":true}]}}