{"id":20025,"date":"2022-04-27T06:29:55","date_gmt":"2022-04-27T06:29:55","guid":{"rendered":"https:\/\/elitecoaching.io\/zgjidhje-per-biznesin\/menaxhimi-i-destinacionit-qendrueshmeria\/"},"modified":"2022-12-08T11:16:33","modified_gmt":"2022-12-08T11:16:33","slug":"menaxhimi-i-destinacionit-qendrueshmeria","status":"publish","type":"page","link":"https:\/\/elitecoaching.io\/sq\/zgjidhje-per-biznesin\/menaxhimi-i-destinacionit-qendrueshmeria\/","title":{"rendered":"Menaxhimi i Destinacionit &amp; Q\u00ebndrueshm\u00ebria"},"content":{"rendered":"\t\t<div data-elementor-type=\"wp-page\" data-elementor-id=\"20025\" class=\"elementor elementor-20025 elementor-15992\" data-elementor-post-type=\"page\">\n\t\t\t\t\t\t\t\t\t<section class=\"elementor-section elementor-top-section elementor-element elementor-element-2f90047 elementor-section-full_width elementor-section-height-default elementor-section-height-default\" data-id=\"2f90047\" data-element_type=\"section\">\n\t\t\t\t\t\t<div class=\"elementor-container elementor-column-gap-default\">\n\t\t\t\t\t<div class=\"elementor-column elementor-col-33 elementor-top-column elementor-element elementor-element-2f7f0b0\" data-id=\"2f7f0b0\" data-element_type=\"column\">\n\t\t\t<div class=\"elementor-widget-wrap\">\n\t\t\t\t\t\t\t\t\t<\/div>\n\t\t<\/div>\n\t\t\t\t<div class=\"elementor-column elementor-col-66 elementor-top-column elementor-element elementor-element-8f1be11\" data-id=\"8f1be11\" data-element_type=\"column\">\n\t\t\t<div class=\"elementor-widget-wrap elementor-element-populated\">\n\t\t\t\t\t\t\t\t<div class=\"elementor-element elementor-element-93792e6 animated-slow elementor-widget elementor-widget-text-editor\" data-id=\"93792e6\" data-element_type=\"widget\" data-settings=\"{&quot;_animation&quot;:&quot;none&quot;,&quot;_animation_delay&quot;:500}\" data-widget_type=\"text-editor.default\">\n\t\t\t\t<div class=\"elementor-widget-container\">\n\t\t\t\t\t\t\t<p>ZGJIDHJE P\u00cbR BIZNESIN\/<\/p>\t\t\t\t\t\t<\/div>\n\t\t\t\t<\/div>\n\t\t\t\t<div class=\"elementor-element elementor-element-fb67c5c elementor-widget elementor-widget-heading\" data-id=\"fb67c5c\" data-element_type=\"widget\" data-settings=\"{&quot;_animation&quot;:&quot;none&quot;}\" data-widget_type=\"heading.default\">\n\t\t\t\t<div class=\"elementor-widget-container\">\n\t\t\t<h2 class=\"elementor-heading-title elementor-size-default\">Menaxhim Destinacioni\n<br> &amp; Q\u00ebndrueshm\u00ebria<\/h2>\t\t<\/div>\n\t\t\t\t<\/div>\n\t\t\t\t\t<\/div>\n\t\t<\/div>\n\t\t\t\t\t\t\t<\/div>\n\t\t<\/section>\n\t\t\t\t<section class=\"elementor-section elementor-top-section elementor-element elementor-element-2952cef elementor-section-height-min-height panel elementor-section-full_width elementor-section-height-default elementor-section-items-middle\" data-id=\"2952cef\" data-element_type=\"section\" data-settings=\"{&quot;background_background&quot;:&quot;classic&quot;}\" data-color=\"black\">\n\t\t\t\t\t\t\t<div class=\"elementor-background-overlay\"><\/div>\n\t\t\t\t\t\t\t<div class=\"elementor-container elementor-column-gap-default\">\n\t\t\t\t\t<div class=\"elementor-column elementor-col-100 elementor-top-column elementor-element elementor-element-fd0fd8f\" data-id=\"fd0fd8f\" data-element_type=\"column\" data-settings=\"{&quot;background_background&quot;:&quot;classic&quot;}\">\n\t\t\t<div class=\"elementor-widget-wrap elementor-element-populated\">\n\t\t\t\t\t\t\t\t<section class=\"elementor-section elementor-inner-section elementor-element elementor-element-f278344 elementor-section-full_width elementor-section-height-default elementor-section-height-default\" data-id=\"f278344\" data-element_type=\"section\">\n\t\t\t\t\t\t<div class=\"elementor-container elementor-column-gap-default\">\n\t\t\t\t\t<div class=\"elementor-column elementor-col-100 elementor-inner-column elementor-element elementor-element-2b0e75c\" data-id=\"2b0e75c\" data-element_type=\"column\">\n\t\t\t<div class=\"elementor-widget-wrap elementor-element-populated\">\n\t\t\t\t\t\t\t\t<div class=\"elementor-element elementor-element-edd53c9 elementor-widget elementor-widget-image\" data-id=\"edd53c9\" data-element_type=\"widget\" data-widget_type=\"image.default\">\n\t\t\t\t<div class=\"elementor-widget-container\">\n\t\t\t\t\t\t\t\t\t\t\t\t\t\t\t<img decoding=\"async\" width=\"1920\" height=\"1280\" src=\"https:\/\/elitecoaching.io\/wp-content\/uploads\/2022\/05\/Destination-Management-Gjirokaster-.webp\" class=\"attachment-full size-full wp-image-18115\" alt=\"\" loading=\"lazy\" srcset=\"https:\/\/elitecoaching.io\/wp-content\/uploads\/2022\/05\/Destination-Management-Gjirokaster-.webp 1920w, https:\/\/elitecoaching.io\/wp-content\/uploads\/2022\/05\/Destination-Management-Gjirokaster--300x200.webp 300w, https:\/\/elitecoaching.io\/wp-content\/uploads\/2022\/05\/Destination-Management-Gjirokaster--1024x683.webp 1024w, https:\/\/elitecoaching.io\/wp-content\/uploads\/2022\/05\/Destination-Management-Gjirokaster--768x512.webp 768w, https:\/\/elitecoaching.io\/wp-content\/uploads\/2022\/05\/Destination-Management-Gjirokaster--1536x1024.webp 1536w\" sizes=\"(max-width: 1920px) 100vw, 1920px\" \/>\t\t\t\t\t\t\t\t\t\t\t\t\t\t\t<\/div>\n\t\t\t\t<\/div>\n\t\t\t\t\t<\/div>\n\t\t<\/div>\n\t\t\t\t\t\t\t<\/div>\n\t\t<\/section>\n\t\t\t\t\t<\/div>\n\t\t<\/div>\n\t\t\t\t\t\t\t<\/div>\n\t\t<\/section>\n\t\t\t\t<section class=\"elementor-section elementor-top-section elementor-element elementor-element-3f852f8 black elementor-section-boxed elementor-section-height-default elementor-section-height-default\" data-id=\"3f852f8\" data-element_type=\"section\" data-settings=\"{&quot;background_background&quot;:&quot;classic&quot;}\">\n\t\t\t\t\t\t\t<div class=\"elementor-background-overlay\"><\/div>\n\t\t\t\t\t\t\t<div class=\"elementor-container elementor-column-gap-default\">\n\t\t\t\t\t<div class=\"elementor-column elementor-col-100 elementor-top-column elementor-element elementor-element-2e2c385\" data-id=\"2e2c385\" data-element_type=\"column\">\n\t\t\t<div class=\"elementor-widget-wrap elementor-element-populated\">\n\t\t\t\t\t\t\t\t<section class=\"elementor-section elementor-inner-section elementor-element elementor-element-73c1fcc elementor-section-boxed elementor-section-height-default elementor-section-height-default\" data-id=\"73c1fcc\" data-element_type=\"section\">\n\t\t\t\t\t\t<div class=\"elementor-container elementor-column-gap-default\">\n\t\t\t\t\t<div class=\"elementor-column elementor-col-33 elementor-inner-column elementor-element elementor-element-c67d5cc\" data-id=\"c67d5cc\" data-element_type=\"column\">\n\t\t\t<div class=\"elementor-widget-wrap\">\n\t\t\t\t\t\t\t\t\t<\/div>\n\t\t<\/div>\n\t\t\t\t<div class=\"elementor-column elementor-col-33 elementor-inner-column elementor-element elementor-element-55b69e1\" data-id=\"55b69e1\" data-element_type=\"column\">\n\t\t\t<div class=\"elementor-widget-wrap elementor-element-populated\">\n\t\t\t\t\t\t\t\t<div class=\"elementor-element elementor-element-b8210b3 elementor-widget elementor-widget-text-editor\" data-id=\"b8210b3\" data-element_type=\"widget\" data-widget_type=\"text-editor.default\">\n\t\t\t\t<div class=\"elementor-widget-container\">\n\t\t\t\t\t\t\t<p class=\"Kristi\">Menaxhimi i Destinacionit &amp; Q\u00ebndrueshm\u00ebria \u00ebsht\u00eb nj\u00eb nga pikat e r\u00ebnd\u00ebsishme dhe kryesore p\u00ebr <a href=\"https:\/\/elitecoaching.io\/lifelong-learning\/sustainability-csr-mentoring\/\" target=\"_blank\" rel=\"noopener\">Elite Coaching.<\/a> Ne synojm\u00eb fillimisht t\u00eb analizojm\u00eb zhvillimin e nj\u00eb destinacioni dhe <a href=\"https:\/\/etg.al\/blog\/etg-travelife-certified\/\" target=\"_blank\" rel=\"noopener\">q\u00ebndrueshm\u00ebrin\u00eb<\/a> e tij n\u00eb aspektin e mbar\u00ebshtirmit t\u00eb biznesit dhe atij ekonomik. Prandaj, ne e marrim at\u00eb jo vet\u00ebm seriozisht, por edhe baz\u00eb p\u00ebr zhvillimin e pand\u00ebrprer\u00eb t\u00eb s\u00eb ardhmes.<\/p>\t\t\t\t\t\t<\/div>\n\t\t\t\t<\/div>\n\t\t\t\t<div class=\"elementor-element elementor-element-f267eae elementor-widget elementor-widget-text-editor\" data-id=\"f267eae\" data-element_type=\"widget\" data-widget_type=\"text-editor.default\">\n\t\t\t\t<div class=\"elementor-widget-container\">\n\t\t\t\t\t\t\t<p class=\"Kristi\">Menaxhimi i Destinacionit &amp; Q\u00ebndrueshm\u00ebria \u00ebsht\u00eb pjes\u00eb brenda synimit p\u00ebr t\u00eb arritur pjes\u00ebmarrjen e lart\u00eb n\u00eb tregun e turizmit mbar\u00ebbot\u00ebror. Sh\u00ebrbimi yn\u00eb i Menaxhimit t\u00eb Destinacionit ka tre p\u00ebrgjegj\u00ebsi; para s\u00eb gjithash, ne inkurajojm\u00eb grupet t\u00eb mbajn\u00eb takime, konventa dhe shfaqje tregtare n\u00eb qytetin ose zon\u00ebn q\u00eb p\u00ebrfaq\u00ebsojn\u00eb. S\u00eb dyti, ne i ndihmojm\u00eb k\u00ebto grupe me mbledhjet dhe p\u00ebrgatitjet e tyre. E fundit, por jo m\u00eb pak e r\u00ebnd\u00ebsishme, ne inkurajojm\u00eb turist\u00ebt t\u00eb vizitojn\u00eb dhe t\u00eb shijojn\u00eb mund\u00ebsit\u00eb historike, kulturore dhe krijuese q\u00eb ofron destinacioni. Menaxhimi strategjik dhe operacional, dh\u00ebnia e burimeve dhe ofrimi i informacionit transparent p\u00ebr performanc\u00ebn, t\u00eb gjitha ndikojn\u00eb ndjesh\u00ebm n\u00eb suksesin e sh\u00ebrbimit t\u00eb menaxhimit.<\/p>\t\t\t\t\t\t<\/div>\n\t\t\t\t<\/div>\n\t\t\t\t\t<\/div>\n\t\t<\/div>\n\t\t\t\t<div class=\"elementor-column elementor-col-33 elementor-inner-column elementor-element elementor-element-ac3a3ba\" data-id=\"ac3a3ba\" data-element_type=\"column\">\n\t\t\t<div class=\"elementor-widget-wrap\">\n\t\t\t\t\t\t\t\t\t<\/div>\n\t\t<\/div>\n\t\t\t\t\t\t\t<\/div>\n\t\t<\/section>\n\t\t\t\t<div class=\"elementor-element elementor-element-826b0f8 elementor-widget elementor-widget-heading\" data-id=\"826b0f8\" data-element_type=\"widget\" data-widget_type=\"heading.default\">\n\t\t\t\t<div class=\"elementor-widget-container\">\n\t\t\t<h2 class=\"elementor-heading-title elementor-size-default\">Ne trajtojm\u00eb Menaxhimi i Destinacionit &amp; Q\u00ebndrueshm\u00ebria p\u00ebrmes metodave t\u00eb q\u00ebndrueshme q\u00eb transformojn\u00eb dhe zhvillojn\u00eb biznesin, si dhe krijojn\u00eb vlera afatgjat\u00eb t\u00eb bazuar n\u00eb risi, mend\u00ebsi dhe marr\u00ebdh\u00ebnie t\u00eb sinqerta biznesi.<\/h2>\t\t<\/div>\n\t\t\t\t<\/div>\n\t\t\t\t\t<\/div>\n\t\t<\/div>\n\t\t\t\t\t\t\t<\/div>\n\t\t<\/section>\n\t\t\t\t<section class=\"elementor-section elementor-top-section elementor-element elementor-element-984194a elementor-section-height-min-height black elementor-section-boxed elementor-section-height-default elementor-section-items-middle\" data-id=\"984194a\" data-element_type=\"section\" data-settings=\"{&quot;background_background&quot;:&quot;classic&quot;}\">\n\t\t\t\t\t\t\t<div class=\"elementor-background-overlay\"><\/div>\n\t\t\t\t\t\t\t<div class=\"elementor-container elementor-column-gap-default\">\n\t\t\t\t\t<div class=\"elementor-column elementor-col-25 elementor-top-column elementor-element elementor-element-132d91b\" data-id=\"132d91b\" data-element_type=\"column\">\n\t\t\t<div class=\"elementor-widget-wrap\">\n\t\t\t\t\t\t\t\t\t<\/div>\n\t\t<\/div>\n\t\t\t\t<div class=\"elementor-column elementor-col-50 elementor-top-column elementor-element elementor-element-8b9a3c0\" data-id=\"8b9a3c0\" data-element_type=\"column\" data-settings=\"{&quot;motion_fx_motion_fx_scrolling&quot;:&quot;yes&quot;,&quot;motion_fx_translateY_effect&quot;:&quot;yes&quot;,&quot;motion_fx_translateY_speed&quot;:{&quot;unit&quot;:&quot;px&quot;,&quot;size&quot;:4.4,&quot;sizes&quot;:[]},&quot;motion_fx_translateY_affectedRange&quot;:{&quot;unit&quot;:&quot;%&quot;,&quot;size&quot;:&quot;&quot;,&quot;sizes&quot;:{&quot;start&quot;:21,&quot;end&quot;:100}},&quot;motion_fx_devices&quot;:[&quot;desktop&quot;,&quot;tablet&quot;]}\">\n\t\t\t<div class=\"elementor-widget-wrap elementor-element-populated\">\n\t\t\t\t\t\t\t\t<div class=\"elementor-element elementor-element-3865b94 elementor-widget elementor-widget-text-editor\" data-id=\"3865b94\" data-element_type=\"widget\" data-widget_type=\"text-editor.default\">\n\t\t\t\t<div class=\"elementor-widget-container\">\n\t\t\t\t\t\t\t<p class=\"grve-element grve-title grve-align-center grve-h3\">Q\u00ebndro n\u00eb Lidhje<\/p>\t\t\t\t\t\t<\/div>\n\t\t\t\t<\/div>\n\t\t\t\t<div class=\"elementor-element elementor-element-5e55e3d elementor-widget elementor-widget-heading\" data-id=\"5e55e3d\" data-element_type=\"widget\" data-widget_type=\"heading.default\">\n\t\t\t\t<div class=\"elementor-widget-container\">\n\t\t\t<h2 class=\"elementor-heading-title elementor-size-default\">Na p\u00eblqen t\u00eb b\u00ebjm\u00eb miq t\u00eb rinj!\n<\/h2>\t\t<\/div>\n\t\t\t\t<\/div>\n\t\t\t\t<section class=\"elementor-section elementor-inner-section elementor-element elementor-element-a66aa90 elementor-section-boxed elementor-section-height-default elementor-section-height-default\" data-id=\"a66aa90\" data-element_type=\"section\">\n\t\t\t\t\t\t<div class=\"elementor-container elementor-column-gap-default\">\n\t\t\t\t\t<div class=\"elementor-column elementor-col-33 elementor-inner-column elementor-element elementor-element-6cb5b0f elementor-hidden-mobile\" data-id=\"6cb5b0f\" data-element_type=\"column\">\n\t\t\t<div class=\"elementor-widget-wrap\">\n\t\t\t\t\t\t\t\t\t<\/div>\n\t\t<\/div>\n\t\t\t\t<div class=\"elementor-column elementor-col-33 elementor-inner-column elementor-element elementor-element-408f0f1\" data-id=\"408f0f1\" data-element_type=\"column\">\n\t\t\t<div class=\"elementor-widget-wrap elementor-element-populated\">\n\t\t\t\t\t\t\t\t<div class=\"elementor-element elementor-element-42a326d elementor-widget elementor-widget-ucaddon_creative_buttons\" data-id=\"42a326d\" data-element_type=\"widget\" data-widget_type=\"ucaddon_creative_buttons.default\">\n\t\t\t\t<div class=\"elementor-widget-container\">\n\t\t\t<!-- start Creative Button Hovers -->\n\t\t<link id='uc_ac_assets_file_uc_creative_buttons_css_1983-css' href='https:\/\/elitecoaching.io\/wp-content\/uploads\/ac_assets\/uc_creative_buttons\/uc_creative_buttons.css' type='text\/css' rel='stylesheet' >\n\n\t\t\t<style type=\"text\/css\">\/* widget: Creative Button Hovers *\/\n\n#uc_creative_buttons_elementor_42a326d.uc_creative_buttons{\n  text-align: center;\n}\n#uc_creative_buttons_elementor_42a326d.uc_creative_buttons .uc_button,\n#uc_creative_buttons_elementor_42a326d.uc_creative_buttons .uc_button::after {\n\ttransition: all 0.3s;\n}\n\n#uc_creative_buttons_elementor_42a326d.uc_creative_buttons .uc_button {\n\n\n  display: inline-block;\n  overflow:hidden;\n}\n\n<\/style>\n\n\t\t\t<div class=\"uc_creative_buttons\" id=\"uc_creative_buttons_elementor_42a326d\">\n  <div class=\"container\">\n    <a href=\"https:\/\/elitecoaching.io\/sq\/forme-kontakti\/\" class=\"uc_button button-padding uc_btn-7\" ><span>Na Kontaktoni<\/span><\/a>\n  <\/div>\n<\/div>\n\t\t\t<!-- end Creative Button Hovers -->\t\t<\/div>\n\t\t\t\t<\/div>\n\t\t\t\t\t<\/div>\n\t\t<\/div>\n\t\t\t\t<div class=\"elementor-column elementor-col-33 elementor-inner-column elementor-element elementor-element-bcdc837\" data-id=\"bcdc837\" data-element_type=\"column\">\n\t\t\t<div class=\"elementor-widget-wrap\">\n\t\t\t\t\t\t\t\t\t<\/div>\n\t\t<\/div>\n\t\t\t\t\t\t\t<\/div>\n\t\t<\/section>\n\t\t\t\t\t<\/div>\n\t\t<\/div>\n\t\t\t\t<div class=\"elementor-column elementor-col-25 elementor-top-column elementor-element elementor-element-c7843ea\" data-id=\"c7843ea\" data-element_type=\"column\">\n\t\t\t<div class=\"elementor-widget-wrap\">\n\t\t\t\t\t\t\t\t\t<\/div>\n\t\t<\/div>\n\t\t\t\t\t\t\t<\/div>\n\t\t<\/section>\n\t\t\t\t\t\t\t<\/div>\n\t\t","protected":false},"excerpt":{"rendered":"<p>ZGJIDHJE P\u00cbR BIZNESIN\/ Menaxhim Destinacioni &amp; Q\u00ebndrueshm\u00ebria Menaxhimi i Destinacionit &amp; Q\u00ebndrueshm\u00ebria \u00ebsht\u00eb nj\u00eb nga pikat e r\u00ebnd\u00ebsishme dhe kryesore p\u00ebr Elite Coaching. Ne synojm\u00eb fillimisht t\u00eb analizojm\u00eb zhvillimin e nj\u00eb destinacioni dhe q\u00ebndrueshm\u00ebrin\u00eb e tij n\u00eb aspektin e mbar\u00ebshtirmit t\u00eb biznesit dhe atij ekonomik. Prandaj, ne e marrim at\u00eb jo vet\u00ebm seriozisht, por edhe [&#8230;]<\/p>\n<p><a class=\"btn btn-secondary understrap-read-more-link\" href=\"https:\/\/elitecoaching.io\/sq\/zgjidhje-per-biznesin\/menaxhimi-i-destinacionit-qendrueshmeria\/\">Read More&#8230;<\/a><\/p>\n","protected":false},"author":7,"featured_media":0,"parent":19993,"menu_order":0,"comment_status":"closed","ping_status":"closed","template":"page-templates\/template-home.php","meta":[],"yoast_head":"<!-- This site is optimized with the Yoast SEO Premium plugin v18.4 (Yoast SEO v20.11) - https:\/\/yoast.com\/wordpress\/plugins\/seo\/ -->\n<title>Menaxhimi i Destinacionit &amp; Q\u00ebndrueshm\u00ebria - Elite Coaching<\/title>\n<meta name=\"description\" content=\"Menaxhimi i Destinacionit &amp; Q\u00ebndrueshm\u00ebria \u00ebsht\u00eb nj\u00eb nga pikat e r\u00ebnd\u00ebsishme dhe kryesore p\u00ebr Elite Coaching.\" \/>\n<meta name=\"robots\" content=\"index, follow, max-snippet:-1, max-image-preview:large, max-video-preview:-1\" \/>\n<link rel=\"canonical\" href=\"https:\/\/elitecoaching.io\/sq\/zgjidhje-per-biznesin\/menaxhimi-i-destinacionit-qendrueshmeria\/\" \/>\n<meta property=\"og:locale\" content=\"sq_AL\" \/>\n<meta property=\"og:type\" content=\"article\" \/>\n<meta property=\"og:title\" content=\"Menaxhimi i Destinacionit &amp; Q\u00ebndrueshm\u00ebria\" \/>\n<meta property=\"og:description\" content=\"Menaxhimi i Destinacionit &amp; Q\u00ebndrueshm\u00ebria \u00ebsht\u00eb nj\u00eb nga pikat e r\u00ebnd\u00ebsishme dhe kryesore p\u00ebr Elite Coaching.\" \/>\n<meta property=\"og:url\" content=\"https:\/\/elitecoaching.io\/sq\/zgjidhje-per-biznesin\/menaxhimi-i-destinacionit-qendrueshmeria\/\" \/>\n<meta property=\"og:site_name\" content=\"Elite Coaching\" \/>\n<meta property=\"article:modified_time\" content=\"2022-12-08T11:16:33+00:00\" \/>\n<meta property=\"og:image\" content=\"https:\/\/elitecoaching.io\/wp-content\/uploads\/2022\/05\/Destination-Management-Gjirokaster-.webp\" \/>\n<meta name=\"twitter:card\" content=\"summary_large_image\" \/>\n<meta name=\"twitter:label1\" content=\"Est. reading time\" \/>\n\t<meta name=\"twitter:data1\" content=\"2 minutes\" \/>\n<script type=\"application\/ld+json\" class=\"yoast-schema-graph\">{\"@context\":\"https:\/\/schema.org\",\"@graph\":[{\"@type\":\"WebPage\",\"@id\":\"https:\/\/elitecoaching.io\/sq\/zgjidhje-per-biznesin\/menaxhimi-i-destinacionit-qendrueshmeria\/\",\"url\":\"https:\/\/elitecoaching.io\/sq\/zgjidhje-per-biznesin\/menaxhimi-i-destinacionit-qendrueshmeria\/\",\"name\":\"Menaxhimi i Destinacionit & Q\u00ebndrueshm\u00ebria - Elite Coaching\",\"isPartOf\":{\"@id\":\"https:\/\/elitecoaching.io\/sq\/#website\"},\"datePublished\":\"2022-04-27T06:29:55+00:00\",\"dateModified\":\"2022-12-08T11:16:33+00:00\",\"description\":\"Menaxhimi i Destinacionit & Q\u00ebndrueshm\u00ebria \u00ebsht\u00eb nj\u00eb nga pikat e r\u00ebnd\u00ebsishme dhe kryesore p\u00ebr Elite Coaching.\",\"breadcrumb\":{\"@id\":\"https:\/\/elitecoaching.io\/sq\/zgjidhje-per-biznesin\/menaxhimi-i-destinacionit-qendrueshmeria\/#breadcrumb\"},\"inLanguage\":\"sq-AL\",\"potentialAction\":[{\"@type\":\"ReadAction\",\"target\":[\"https:\/\/elitecoaching.io\/sq\/zgjidhje-per-biznesin\/menaxhimi-i-destinacionit-qendrueshmeria\/\"]}]},{\"@type\":\"BreadcrumbList\",\"@id\":\"https:\/\/elitecoaching.io\/sq\/zgjidhje-per-biznesin\/menaxhimi-i-destinacionit-qendrueshmeria\/#breadcrumb\",\"itemListElement\":[{\"@type\":\"ListItem\",\"position\":1,\"name\":\"Home\",\"item\":\"https:\/\/elitecoaching.io\/sq\/\"},{\"@type\":\"ListItem\",\"position\":2,\"name\":\"Zgjidhje p\u00ebr Biznesin\",\"item\":\"https:\/\/elitecoaching.io\/sq\/business-solutions\/\"},{\"@type\":\"ListItem\",\"position\":3,\"name\":\"Menaxhimi i Destinacionit &amp; Q\u00ebndrueshm\u00ebria\"}]},{\"@type\":\"WebSite\",\"@id\":\"https:\/\/elitecoaching.io\/sq\/#website\",\"url\":\"https:\/\/elitecoaching.io\/sq\/\",\"name\":\"Elite Coaching\",\"description\":\"Dedicated to Growth\",\"potentialAction\":[{\"@type\":\"SearchAction\",\"target\":{\"@type\":\"EntryPoint\",\"urlTemplate\":\"https:\/\/elitecoaching.io\/sq\/?s={search_term_string}\"},\"query-input\":\"required name=search_term_string\"}],\"inLanguage\":\"sq-AL\"}]}<\/script>\n<!-- \/ Yoast SEO Premium plugin. -->","yoast_head_json":{"title":"Menaxhimi i Destinacionit & Q\u00ebndrueshm\u00ebria - Elite Coaching","description":"Menaxhimi i Destinacionit & Q\u00ebndrueshm\u00ebria \u00ebsht\u00eb nj\u00eb nga pikat e r\u00ebnd\u00ebsishme dhe kryesore p\u00ebr Elite Coaching.","robots":{"index":"index","follow":"follow","max-snippet":"max-snippet:-1","max-image-preview":"max-image-preview:large","max-video-preview":"max-video-preview:-1"},"canonical":"https:\/\/elitecoaching.io\/sq\/zgjidhje-per-biznesin\/menaxhimi-i-destinacionit-qendrueshmeria\/","og_locale":"sq_AL","og_type":"article","og_title":"Menaxhimi i Destinacionit &amp; Q\u00ebndrueshm\u00ebria","og_description":"Menaxhimi i Destinacionit & Q\u00ebndrueshm\u00ebria \u00ebsht\u00eb nj\u00eb nga pikat e r\u00ebnd\u00ebsishme dhe kryesore p\u00ebr Elite Coaching.","og_url":"https:\/\/elitecoaching.io\/sq\/zgjidhje-per-biznesin\/menaxhimi-i-destinacionit-qendrueshmeria\/","og_site_name":"Elite Coaching","article_modified_time":"2022-12-08T11:16:33+00:00","og_image":[{"url":"https:\/\/elitecoaching.io\/wp-content\/uploads\/2022\/05\/Destination-Management-Gjirokaster-.webp"}],"twitter_card":"summary_large_image","twitter_misc":{"Est. reading time":"2 minutes"},"schema":{"@context":"https:\/\/schema.org","@graph":[{"@type":"WebPage","@id":"https:\/\/elitecoaching.io\/sq\/zgjidhje-per-biznesin\/menaxhimi-i-destinacionit-qendrueshmeria\/","url":"https:\/\/elitecoaching.io\/sq\/zgjidhje-per-biznesin\/menaxhimi-i-destinacionit-qendrueshmeria\/","name":"Menaxhimi i Destinacionit & Q\u00ebndrueshm\u00ebria - Elite Coaching","isPartOf":{"@id":"https:\/\/elitecoaching.io\/sq\/#website"},"datePublished":"2022-04-27T06:29:55+00:00","dateModified":"2022-12-08T11:16:33+00:00","description":"Menaxhimi i Destinacionit & Q\u00ebndrueshm\u00ebria \u00ebsht\u00eb nj\u00eb nga pikat e r\u00ebnd\u00ebsishme dhe kryesore p\u00ebr Elite Coaching.","breadcrumb":{"@id":"https:\/\/elitecoaching.io\/sq\/zgjidhje-per-biznesin\/menaxhimi-i-destinacionit-qendrueshmeria\/#breadcrumb"},"inLanguage":"sq-AL","potentialAction":[{"@type":"ReadAction","target":["https:\/\/elitecoaching.io\/sq\/zgjidhje-per-biznesin\/menaxhimi-i-destinacionit-qendrueshmeria\/"]}]},{"@type":"BreadcrumbList","@id":"https:\/\/elitecoaching.io\/sq\/zgjidhje-per-biznesin\/menaxhimi-i-destinacionit-qendrueshmeria\/#breadcrumb","itemListElement":[{"@type":"ListItem","position":1,"name":"Home","item":"https:\/\/elitecoaching.io\/sq\/"},{"@type":"ListItem","position":2,"name":"Zgjidhje p\u00ebr Biznesin","item":"https:\/\/elitecoaching.io\/sq\/business-solutions\/"},{"@type":"ListItem","position":3,"name":"Menaxhimi i Destinacionit &amp; Q\u00ebndrueshm\u00ebria"}]},{"@type":"WebSite","@id":"https:\/\/elitecoaching.io\/sq\/#website","url":"https:\/\/elitecoaching.io\/sq\/","name":"Elite Coaching","description":"Dedicated to Growth","potentialAction":[{"@type":"SearchAction","target":{"@type":"EntryPoint","urlTemplate":"https:\/\/elitecoaching.io\/sq\/?s={search_term_string}"},"query-input":"required name=search_term_string"}],"inLanguage":"sq-AL"}]}},"_links":{"self":[{"href":"https:\/\/elitecoaching.io\/sq\/wp-json\/wp\/v2\/pages\/20025"}],"collection":[{"href":"https:\/\/elitecoaching.io\/sq\/wp-json\/wp\/v2\/pages"}],"about":[{"href":"https:\/\/elitecoaching.io\/sq\/wp-json\/wp\/v2\/types\/page"}],"author":[{"embeddable":true,"href":"https:\/\/elitecoaching.io\/sq\/wp-json\/wp\/v2\/users\/7"}],"replies":[{"embeddable":true,"href":"https:\/\/elitecoaching.io\/sq\/wp-json\/wp\/v2\/comments?post=20025"}],"version-history":[{"count":9,"href":"https:\/\/elitecoaching.io\/sq\/wp-json\/wp\/v2\/pages\/20025\/revisions"}],"predecessor-version":[{"id":24248,"href":"https:\/\/elitecoaching.io\/sq\/wp-json\/wp\/v2\/pages\/20025\/revisions\/24248"}],"up":[{"embeddable":true,"href":"https:\/\/elitecoaching.io\/sq\/wp-json\/wp\/v2\/pages\/19993"}],"wp:attachment":[{"href":"https:\/\/elitecoaching.io\/sq\/wp-json\/wp\/v2\/media?parent=20025"}],"curies":[{"name":"wp","href":"https:\/\/api.w.org\/{rel}","templated":true}]}}