{"id":20030,"date":"2022-04-27T06:29:22","date_gmt":"2022-04-27T06:29:22","guid":{"rendered":"https:\/\/elitecoaching.io\/zgjidhje-per-biznesin\/vegla-transformim-dixhital\/"},"modified":"2022-12-08T11:14:32","modified_gmt":"2022-12-08T11:14:32","slug":"vegla-transformim-dixhital","status":"publish","type":"page","link":"https:\/\/elitecoaching.io\/sq\/zgjidhje-per-biznesin\/vegla-transformim-dixhital\/","title":{"rendered":"Vegla &amp; Transformim Dixhital"},"content":{"rendered":"\t\t<div data-elementor-type=\"wp-page\" data-elementor-id=\"20030\" class=\"elementor elementor-20030 elementor-15987\" data-elementor-post-type=\"page\">\n\t\t\t\t\t\t\t\t\t<section class=\"elementor-section elementor-top-section elementor-element elementor-element-530ae22 elementor-section-full_width elementor-section-height-default elementor-section-height-default\" data-id=\"530ae22\" data-element_type=\"section\">\n\t\t\t\t\t\t<div class=\"elementor-container elementor-column-gap-default\">\n\t\t\t\t\t<div class=\"elementor-column elementor-col-33 elementor-top-column elementor-element elementor-element-6369e33\" data-id=\"6369e33\" data-element_type=\"column\">\n\t\t\t<div class=\"elementor-widget-wrap\">\n\t\t\t\t\t\t\t\t\t<\/div>\n\t\t<\/div>\n\t\t\t\t<div class=\"elementor-column elementor-col-66 elementor-top-column elementor-element elementor-element-509c0ec\" data-id=\"509c0ec\" data-element_type=\"column\">\n\t\t\t<div class=\"elementor-widget-wrap elementor-element-populated\">\n\t\t\t\t\t\t\t\t<div class=\"elementor-element elementor-element-75b7e28 animated-slow elementor-widget elementor-widget-text-editor\" data-id=\"75b7e28\" data-element_type=\"widget\" data-settings=\"{&quot;_animation&quot;:&quot;none&quot;,&quot;_animation_delay&quot;:500}\" data-widget_type=\"text-editor.default\">\n\t\t\t\t<div class=\"elementor-widget-container\">\n\t\t\t\t\t\t\t<p>ZGJIDHJE P\u00cbR BIZNESIN\/<\/p>\t\t\t\t\t\t<\/div>\n\t\t\t\t<\/div>\n\t\t\t\t<div class=\"elementor-element elementor-element-649cf28 elementor-widget elementor-widget-heading\" data-id=\"649cf28\" data-element_type=\"widget\" data-settings=\"{&quot;_animation&quot;:&quot;none&quot;}\" data-widget_type=\"heading.default\">\n\t\t\t\t<div class=\"elementor-widget-container\">\n\t\t\t<h2 class=\"elementor-heading-title elementor-size-default\">Vegla  &amp; Transformim <br> Digjital<\/h2>\t\t<\/div>\n\t\t\t\t<\/div>\n\t\t\t\t\t<\/div>\n\t\t<\/div>\n\t\t\t\t\t\t\t<\/div>\n\t\t<\/section>\n\t\t\t\t<section class=\"elementor-section elementor-top-section elementor-element elementor-element-26945e7 elementor-section-height-min-height panel elementor-section-full_width elementor-section-height-default elementor-section-items-middle\" data-id=\"26945e7\" data-element_type=\"section\" data-settings=\"{&quot;background_background&quot;:&quot;classic&quot;}\" data-color=\"black\">\n\t\t\t\t\t\t\t<div class=\"elementor-background-overlay\"><\/div>\n\t\t\t\t\t\t\t<div class=\"elementor-container elementor-column-gap-default\">\n\t\t\t\t\t<div class=\"elementor-column elementor-col-100 elementor-top-column elementor-element elementor-element-09b2a4a\" data-id=\"09b2a4a\" data-element_type=\"column\" data-settings=\"{&quot;background_background&quot;:&quot;classic&quot;}\">\n\t\t\t<div class=\"elementor-widget-wrap elementor-element-populated\">\n\t\t\t\t\t\t\t\t<section class=\"elementor-section elementor-inner-section elementor-element elementor-element-30d39c3 elementor-section-full_width elementor-section-height-default elementor-section-height-default\" data-id=\"30d39c3\" data-element_type=\"section\">\n\t\t\t\t\t\t<div class=\"elementor-container elementor-column-gap-default\">\n\t\t\t\t\t<div class=\"elementor-column elementor-col-100 elementor-inner-column elementor-element elementor-element-78b0970\" data-id=\"78b0970\" data-element_type=\"column\">\n\t\t\t<div class=\"elementor-widget-wrap elementor-element-populated\">\n\t\t\t\t\t\t\t\t<div class=\"elementor-element elementor-element-fa4751f elementor-widget elementor-widget-image\" data-id=\"fa4751f\" data-element_type=\"widget\" data-widget_type=\"image.default\">\n\t\t\t\t<div class=\"elementor-widget-container\">\n\t\t\t\t\t\t\t\t\t\t\t\t\t\t\t<img decoding=\"async\" width=\"1920\" height=\"1280\" src=\"https:\/\/elitecoaching.io\/wp-content\/uploads\/2022\/04\/Digital-Transformation-.webp\" class=\"attachment-full size-full wp-image-16749\" alt=\"\" loading=\"lazy\" srcset=\"https:\/\/elitecoaching.io\/wp-content\/uploads\/2022\/04\/Digital-Transformation-.webp 1920w, https:\/\/elitecoaching.io\/wp-content\/uploads\/2022\/04\/Digital-Transformation--300x200.webp 300w, https:\/\/elitecoaching.io\/wp-content\/uploads\/2022\/04\/Digital-Transformation--1024x683.webp 1024w, https:\/\/elitecoaching.io\/wp-content\/uploads\/2022\/04\/Digital-Transformation--768x512.webp 768w, https:\/\/elitecoaching.io\/wp-content\/uploads\/2022\/04\/Digital-Transformation--1536x1024.webp 1536w\" sizes=\"(max-width: 1920px) 100vw, 1920px\" \/>\t\t\t\t\t\t\t\t\t\t\t\t\t\t\t<\/div>\n\t\t\t\t<\/div>\n\t\t\t\t\t<\/div>\n\t\t<\/div>\n\t\t\t\t\t\t\t<\/div>\n\t\t<\/section>\n\t\t\t\t\t<\/div>\n\t\t<\/div>\n\t\t\t\t\t\t\t<\/div>\n\t\t<\/section>\n\t\t\t\t<section class=\"elementor-section elementor-top-section elementor-element elementor-element-84ba9c5 black elementor-section-boxed elementor-section-height-default elementor-section-height-default\" data-id=\"84ba9c5\" data-element_type=\"section\" data-settings=\"{&quot;background_background&quot;:&quot;classic&quot;}\">\n\t\t\t\t\t\t\t<div class=\"elementor-background-overlay\"><\/div>\n\t\t\t\t\t\t\t<div class=\"elementor-container elementor-column-gap-default\">\n\t\t\t\t\t<div class=\"elementor-column elementor-col-100 elementor-top-column elementor-element elementor-element-2f23442\" data-id=\"2f23442\" data-element_type=\"column\">\n\t\t\t<div class=\"elementor-widget-wrap elementor-element-populated\">\n\t\t\t\t\t\t\t\t<section class=\"elementor-section elementor-inner-section elementor-element elementor-element-b9bf1e2 elementor-section-full_width elementor-section-height-default elementor-section-height-default\" data-id=\"b9bf1e2\" data-element_type=\"section\">\n\t\t\t\t\t\t<div class=\"elementor-container elementor-column-gap-default\">\n\t\t\t\t\t<div class=\"elementor-column elementor-col-33 elementor-inner-column elementor-element elementor-element-f209072\" data-id=\"f209072\" data-element_type=\"column\">\n\t\t\t<div class=\"elementor-widget-wrap\">\n\t\t\t\t\t\t\t\t\t<\/div>\n\t\t<\/div>\n\t\t\t\t<div class=\"elementor-column elementor-col-33 elementor-inner-column elementor-element elementor-element-17b48f0\" data-id=\"17b48f0\" data-element_type=\"column\">\n\t\t\t<div class=\"elementor-widget-wrap elementor-element-populated\">\n\t\t\t\t\t\t\t\t<div class=\"elementor-element elementor-element-763dd3b elementor-widget elementor-widget-text-editor\" data-id=\"763dd3b\" data-element_type=\"widget\" data-widget_type=\"text-editor.default\">\n\t\t\t\t<div class=\"elementor-widget-container\">\n\t\t\t\t\t\t\t<p class=\"Kristi\">N\u00eb dit\u00ebt e sotme, teknologjia vjen si avantazh p\u00ebr bizneset n\u00eb mbar\u00eb bot\u00ebn. Kjo \u00ebsht\u00eb e v\u00ebrtet\u00eb, ve\u00e7an\u00ebrisht p\u00ebr bizneset e reja q\u00eb synojn\u00eb t\u00eb shmangin shpenzimet e tep\u00ebrta. <\/p><p class=\"Kristi\"> <\/p>\t\t\t\t\t\t<\/div>\n\t\t\t\t<\/div>\n\t\t\t\t<div class=\"elementor-element elementor-element-9d31c58 elementor-widget elementor-widget-text-editor\" data-id=\"9d31c58\" data-element_type=\"widget\" data-widget_type=\"text-editor.default\">\n\t\t\t\t<div class=\"elementor-widget-container\">\n\t\t\t\t\t\t\t<p class=\"Kristi\">Ekziston nj\u00eb mjet digjital p\u00ebr pothuajse gjith\u00e7ka duke filluar nga bashk\u00ebveprimi me konsumator\u00ebt, tek koordinimi i brendsh\u00ebm e deri tek kryerja e hulumtimit t\u00eb tregut. K\u00ebto mjete ju ndihmojn\u00eb t\u00eb ulni kostot operacionale, rrisni komunikimin e menj\u00ebhersh\u00ebm me klient\u00ebt dhe stafin, menaxhoni thjesht\u00eb detyrat, ekspozoni Mark\u00ebn dhe t\u00eb zgjeroni tregun e biznesit tuaj. Ky segment ju ndihmon t\u00eb rrisni biznesin tuaj n\u00eb \u00e7do fush\u00eb t\u00eb mundur.<\/p><p class=\"Kristi\">\u00a0<\/p>\t\t\t\t\t\t<\/div>\n\t\t\t\t<\/div>\n\t\t\t\t<div class=\"elementor-element elementor-element-196dbb5 elementor-widget elementor-widget-text-editor\" data-id=\"196dbb5\" data-element_type=\"widget\" data-widget_type=\"text-editor.default\">\n\t\t\t\t<div class=\"elementor-widget-container\">\n\t\t\t\t\t\t\t<p class=\"Kristi\">Ekzistojn\u00eb <a href=\"https:\/\/elitecoaching.io\/creative-solutions\/\" target=\"_blank\" rel=\"noopener\">zgjidhje digjitale<\/a> n\u00eb dispozicion p\u00ebr t\u00eb ndihmuar kompanin\u00eb tuaj t\u00eb kursej\u00eb para, ve\u00e7an\u00ebrisht n\u00eb nj\u00eb koh\u00eb kur kultura e pun\u00ebs n\u00eb distanc\u00eb \u00ebsht\u00eb n\u00eb rritje. Teknologjit\u00eb e arkivimit t\u00eb materialit n\u00eb <a href=\"https:\/\/en.wikipedia.org\/wiki\/Computing\" target=\"_blank\" rel=\"noopener\">kompjuter<\/a> mund t&#8217;ju lejojn\u00eb t\u00eb drejtoni biznesin tuaj pa pasur nevoj\u00eb p\u00ebr hap\u00ebsir\u00eb zyre, duke ulur shpenzimet baz\u00eb.<\/p>\t\t\t\t\t\t<\/div>\n\t\t\t\t<\/div>\n\t\t\t\t\t<\/div>\n\t\t<\/div>\n\t\t\t\t<div class=\"elementor-column elementor-col-33 elementor-inner-column elementor-element elementor-element-d719787\" data-id=\"d719787\" data-element_type=\"column\">\n\t\t\t<div class=\"elementor-widget-wrap\">\n\t\t\t\t\t\t\t\t\t<\/div>\n\t\t<\/div>\n\t\t\t\t\t\t\t<\/div>\n\t\t<\/section>\n\t\t\t\t\t<\/div>\n\t\t<\/div>\n\t\t\t\t\t\t\t<\/div>\n\t\t<\/section>\n\t\t\t\t<section class=\"elementor-section elementor-top-section elementor-element elementor-element-04e2475 white elementor-section-boxed elementor-section-height-default elementor-section-height-default\" data-id=\"04e2475\" data-element_type=\"section\" data-settings=\"{&quot;background_background&quot;:&quot;classic&quot;}\">\n\t\t\t\t\t\t\t<div class=\"elementor-background-overlay\"><\/div>\n\t\t\t\t\t\t\t<div class=\"elementor-container elementor-column-gap-default\">\n\t\t\t\t\t<div class=\"elementor-column elementor-col-100 elementor-top-column elementor-element elementor-element-e48da3a\" data-id=\"e48da3a\" data-element_type=\"column\">\n\t\t\t<div class=\"elementor-widget-wrap elementor-element-populated\">\n\t\t\t\t\t\t\t\t<section class=\"elementor-section elementor-inner-section elementor-element elementor-element-de44ec7 elementor-section-boxed elementor-section-height-default elementor-section-height-default\" data-id=\"de44ec7\" data-element_type=\"section\">\n\t\t\t\t\t\t<div class=\"elementor-container elementor-column-gap-default\">\n\t\t\t\t\t<div class=\"elementor-column elementor-col-50 elementor-inner-column elementor-element elementor-element-cf52f9e\" data-id=\"cf52f9e\" data-element_type=\"column\">\n\t\t\t<div class=\"elementor-widget-wrap elementor-element-populated\">\n\t\t\t\t\t\t\t\t<div class=\"elementor-element elementor-element-187d1a1 elementor-widget elementor-widget-text-editor\" data-id=\"187d1a1\" data-element_type=\"widget\" data-widget_type=\"text-editor.default\">\n\t\t\t\t<div class=\"elementor-widget-container\">\n\t\t\t\t\t\t\t<p>Strategjit\u00eb Teknologjike<\/p>\t\t\t\t\t\t<\/div>\n\t\t\t\t<\/div>\n\t\t\t\t<div class=\"elementor-element elementor-element-69159d7 elementor-widget elementor-widget-text-editor\" data-id=\"69159d7\" data-element_type=\"widget\" data-widget_type=\"text-editor.default\">\n\t\t\t\t<div class=\"elementor-widget-container\">\n\t\t\t\t\t\t\t<p>Epok\u00eb e re zhvillimi<\/p>\t\t\t\t\t\t<\/div>\n\t\t\t\t<\/div>\n\t\t\t\t\t<\/div>\n\t\t<\/div>\n\t\t\t\t<div class=\"elementor-column elementor-col-50 elementor-inner-column elementor-element elementor-element-45762e6\" data-id=\"45762e6\" data-element_type=\"column\">\n\t\t\t<div class=\"elementor-widget-wrap\">\n\t\t\t\t\t\t\t\t\t<\/div>\n\t\t<\/div>\n\t\t\t\t\t\t\t<\/div>\n\t\t<\/section>\n\t\t\t\t<section class=\"elementor-section elementor-inner-section elementor-element elementor-element-9625a97 elementor-section-boxed elementor-section-height-default elementor-section-height-default\" data-id=\"9625a97\" data-element_type=\"section\">\n\t\t\t\t\t\t<div class=\"elementor-container elementor-column-gap-default\">\n\t\t\t\t\t<div class=\"elementor-column elementor-col-100 elementor-inner-column elementor-element elementor-element-e1f8626\" data-id=\"e1f8626\" data-element_type=\"column\">\n\t\t\t<div class=\"elementor-widget-wrap elementor-element-populated\">\n\t\t\t\t\t\t\t\t<div class=\"elementor-element elementor-element-83604de elementor-widget elementor-widget-text-editor\" data-id=\"83604de\" data-element_type=\"widget\" data-widget_type=\"text-editor.default\">\n\t\t\t\t<div class=\"elementor-widget-container\">\n\t\t\t\t\t\t\t<p>Strategjia e Teknologjis\u00eb Profesionale ofron zgjidhje p\u00ebr klient\u00ebt e brendsh\u00ebm dhe\/ose t\u00eb jasht\u00ebm, n\u00eb nj\u00eb s\u00ebr\u00eb fushash duke p\u00ebrfshir\u00eb softuerin, web-biznesin dhe analiz\u00ebn e sistemeve, sigurin\u00eb kibernetike, analiz\u00ebn e t\u00eb dh\u00ebnave dhe infrastruktur\u00ebn e rrjetit.<\/p>\t\t\t\t\t\t<\/div>\n\t\t\t\t<\/div>\n\t\t\t\t<div class=\"elementor-element elementor-element-6a6cd5f elementor-widget elementor-widget-text-editor\" data-id=\"6a6cd5f\" data-element_type=\"widget\" data-widget_type=\"text-editor.default\">\n\t\t\t\t<div class=\"elementor-widget-container\">\n\t\t\t\t\t\t\t<p>N\u00ebp\u00ebrmjet k\u00ebtyre strategjive ne parashtrojm\u00eb element\u00eb ky\u00e7 q\u00eb iu mund\u00ebsojn\u00eb bizneseve t\u00eb zhvillojn\u00eb produkte dhe sh\u00ebrbime t\u00eb reja q\u00eb shum\u00ebfishojn\u00eb rritjen e produktivitetit.<\/p>\t\t\t\t\t\t<\/div>\n\t\t\t\t<\/div>\n\t\t\t\t\t<\/div>\n\t\t<\/div>\n\t\t\t\t\t\t\t<\/div>\n\t\t<\/section>\n\t\t\t\t\t<\/div>\n\t\t<\/div>\n\t\t\t\t\t\t\t<\/div>\n\t\t<\/section>\n\t\t\t\t<section class=\"elementor-section elementor-top-section elementor-element elementor-element-7ae6f90 elementor-section-height-min-height black elementor-section-boxed elementor-section-height-default elementor-section-items-middle\" data-id=\"7ae6f90\" data-element_type=\"section\" data-settings=\"{&quot;background_background&quot;:&quot;classic&quot;}\">\n\t\t\t\t\t\t\t<div class=\"elementor-background-overlay\"><\/div>\n\t\t\t\t\t\t\t<div class=\"elementor-container elementor-column-gap-default\">\n\t\t\t\t\t<div class=\"elementor-column elementor-col-25 elementor-top-column elementor-element elementor-element-99e415c\" data-id=\"99e415c\" data-element_type=\"column\">\n\t\t\t<div class=\"elementor-widget-wrap\">\n\t\t\t\t\t\t\t\t\t<\/div>\n\t\t<\/div>\n\t\t\t\t<div class=\"elementor-column elementor-col-50 elementor-top-column elementor-element elementor-element-dc4292f\" data-id=\"dc4292f\" data-element_type=\"column\" data-settings=\"{&quot;motion_fx_motion_fx_scrolling&quot;:&quot;yes&quot;,&quot;motion_fx_translateY_effect&quot;:&quot;yes&quot;,&quot;motion_fx_translateY_speed&quot;:{&quot;unit&quot;:&quot;px&quot;,&quot;size&quot;:4.4,&quot;sizes&quot;:[]},&quot;motion_fx_translateY_affectedRange&quot;:{&quot;unit&quot;:&quot;%&quot;,&quot;size&quot;:&quot;&quot;,&quot;sizes&quot;:{&quot;start&quot;:21,&quot;end&quot;:100}},&quot;motion_fx_devices&quot;:[&quot;desktop&quot;,&quot;tablet&quot;]}\">\n\t\t\t<div class=\"elementor-widget-wrap elementor-element-populated\">\n\t\t\t\t\t\t\t\t<div class=\"elementor-element elementor-element-82b1318 elementor-widget elementor-widget-text-editor\" data-id=\"82b1318\" data-element_type=\"widget\" data-widget_type=\"text-editor.default\">\n\t\t\t\t<div class=\"elementor-widget-container\">\n\t\t\t\t\t\t\t<p class=\"grve-element grve-title grve-align-center grve-h3\">Q\u00ebndro n\u00eb Lidhje<\/p>\t\t\t\t\t\t<\/div>\n\t\t\t\t<\/div>\n\t\t\t\t<div class=\"elementor-element elementor-element-3a019cc elementor-widget elementor-widget-heading\" data-id=\"3a019cc\" data-element_type=\"widget\" data-widget_type=\"heading.default\">\n\t\t\t\t<div class=\"elementor-widget-container\">\n\t\t\t<h2 class=\"elementor-heading-title elementor-size-default\">Na p\u00eblqen t\u00eb b\u00ebjm\u00eb miq t\u00eb rinj!\n<\/h2>\t\t<\/div>\n\t\t\t\t<\/div>\n\t\t\t\t<section class=\"elementor-section elementor-inner-section elementor-element elementor-element-f123f58 elementor-section-boxed elementor-section-height-default elementor-section-height-default\" data-id=\"f123f58\" data-element_type=\"section\">\n\t\t\t\t\t\t<div class=\"elementor-container elementor-column-gap-default\">\n\t\t\t\t\t<div class=\"elementor-column elementor-col-33 elementor-inner-column elementor-element elementor-element-82b129d elementor-hidden-mobile\" data-id=\"82b129d\" data-element_type=\"column\">\n\t\t\t<div class=\"elementor-widget-wrap\">\n\t\t\t\t\t\t\t\t\t<\/div>\n\t\t<\/div>\n\t\t\t\t<div class=\"elementor-column elementor-col-33 elementor-inner-column elementor-element elementor-element-aaf127b\" data-id=\"aaf127b\" data-element_type=\"column\">\n\t\t\t<div class=\"elementor-widget-wrap elementor-element-populated\">\n\t\t\t\t\t\t\t\t<div class=\"elementor-element elementor-element-42476cd elementor-widget elementor-widget-ucaddon_creative_buttons\" data-id=\"42476cd\" data-element_type=\"widget\" data-widget_type=\"ucaddon_creative_buttons.default\">\n\t\t\t\t<div class=\"elementor-widget-container\">\n\t\t\t<!-- start Creative Button Hovers -->\n\t\t<link id='uc_ac_assets_file_uc_creative_buttons_css_1983-css' href='https:\/\/elitecoaching.io\/wp-content\/uploads\/ac_assets\/uc_creative_buttons\/uc_creative_buttons.css' type='text\/css' rel='stylesheet' >\n\n\t\t\t<style type=\"text\/css\">\/* widget: Creative Button Hovers *\/\n\n#uc_creative_buttons_elementor_42476cd.uc_creative_buttons{\n  text-align: center;\n}\n#uc_creative_buttons_elementor_42476cd.uc_creative_buttons .uc_button,\n#uc_creative_buttons_elementor_42476cd.uc_creative_buttons .uc_button::after {\n\ttransition: all 0.3s;\n}\n\n#uc_creative_buttons_elementor_42476cd.uc_creative_buttons .uc_button {\n\n\n  display: inline-block;\n  overflow:hidden;\n}\n\n<\/style>\n\n\t\t\t<div class=\"uc_creative_buttons\" id=\"uc_creative_buttons_elementor_42476cd\">\n  <div class=\"container\">\n    <a href=\"https:\/\/elitecoaching.io\/sq\/forme-kontakti\/\" class=\"uc_button button-padding uc_btn-7\" ><span>Na Kontaktoni<\/span><\/a>\n  <\/div>\n<\/div>\n\t\t\t<!-- end Creative Button Hovers -->\t\t<\/div>\n\t\t\t\t<\/div>\n\t\t\t\t\t<\/div>\n\t\t<\/div>\n\t\t\t\t<div class=\"elementor-column elementor-col-33 elementor-inner-column elementor-element elementor-element-4606ed5\" data-id=\"4606ed5\" data-element_type=\"column\">\n\t\t\t<div class=\"elementor-widget-wrap\">\n\t\t\t\t\t\t\t\t\t<\/div>\n\t\t<\/div>\n\t\t\t\t\t\t\t<\/div>\n\t\t<\/section>\n\t\t\t\t\t<\/div>\n\t\t<\/div>\n\t\t\t\t<div class=\"elementor-column elementor-col-25 elementor-top-column elementor-element elementor-element-9ca6c24\" data-id=\"9ca6c24\" data-element_type=\"column\">\n\t\t\t<div class=\"elementor-widget-wrap\">\n\t\t\t\t\t\t\t\t\t<\/div>\n\t\t<\/div>\n\t\t\t\t\t\t\t<\/div>\n\t\t<\/section>\n\t\t\t\t\t\t\t<\/div>\n\t\t","protected":false},"excerpt":{"rendered":"<p>ZGJIDHJE P\u00cbR BIZNESIN\/ Vegla &amp; Transformim Digjital N\u00eb dit\u00ebt e sotme, teknologjia vjen si avantazh p\u00ebr bizneset n\u00eb mbar\u00eb bot\u00ebn. Kjo \u00ebsht\u00eb e v\u00ebrtet\u00eb, ve\u00e7an\u00ebrisht p\u00ebr bizneset e reja q\u00eb synojn\u00eb t\u00eb shmangin shpenzimet e tep\u00ebrta. Ekziston nj\u00eb mjet digjital p\u00ebr pothuajse gjith\u00e7ka duke filluar nga bashk\u00ebveprimi me konsumator\u00ebt, tek koordinimi i brendsh\u00ebm e deri [&#8230;]<\/p>\n<p><a class=\"btn btn-secondary understrap-read-more-link\" href=\"https:\/\/elitecoaching.io\/sq\/zgjidhje-per-biznesin\/vegla-transformim-dixhital\/\">Read More&#8230;<\/a><\/p>\n","protected":false},"author":7,"featured_media":0,"parent":19993,"menu_order":0,"comment_status":"closed","ping_status":"closed","template":"page-templates\/template-home.php","meta":[],"yoast_head":"<!-- This site is optimized with the Yoast SEO Premium plugin v18.4 (Yoast SEO v20.11) - https:\/\/yoast.com\/wordpress\/plugins\/seo\/ -->\n<title>Vegla &amp; Transformim Digjital - Elite Coaching<\/title>\n<meta name=\"description\" content=\"Vegla &amp; Transformim Digjital. Ekzistojn\u00eb zgjidhje digjitale n\u00eb dispozicion p\u00ebr t\u00eb ndihmuar kompanin\u00eb tuaj t\u00eb kursej\u00eb para.\" \/>\n<meta name=\"robots\" content=\"index, follow, max-snippet:-1, max-image-preview:large, max-video-preview:-1\" \/>\n<link rel=\"canonical\" href=\"https:\/\/elitecoaching.io\/sq\/zgjidhje-per-biznesin\/vegla-transformim-dixhital\/\" \/>\n<meta property=\"og:locale\" content=\"sq_AL\" \/>\n<meta property=\"og:type\" content=\"article\" \/>\n<meta property=\"og:title\" content=\"Vegla &amp; Transformim Dixhital\" \/>\n<meta property=\"og:description\" content=\"Vegla &amp; Transformim Digjital. Ekzistojn\u00eb zgjidhje digjitale n\u00eb dispozicion p\u00ebr t\u00eb ndihmuar kompanin\u00eb tuaj t\u00eb kursej\u00eb para.\" \/>\n<meta property=\"og:url\" content=\"https:\/\/elitecoaching.io\/sq\/zgjidhje-per-biznesin\/vegla-transformim-dixhital\/\" \/>\n<meta property=\"og:site_name\" content=\"Elite Coaching\" \/>\n<meta property=\"article:modified_time\" content=\"2022-12-08T11:14:32+00:00\" \/>\n<meta property=\"og:image\" content=\"https:\/\/elitecoaching.io\/wp-content\/uploads\/2022\/04\/Digital-Transformation-.webp\" \/>\n<meta name=\"twitter:card\" content=\"summary_large_image\" \/>\n<meta name=\"twitter:label1\" content=\"Est. reading time\" \/>\n\t<meta name=\"twitter:data1\" content=\"2 minutes\" \/>\n<script type=\"application\/ld+json\" class=\"yoast-schema-graph\">{\"@context\":\"https:\/\/schema.org\",\"@graph\":[{\"@type\":\"WebPage\",\"@id\":\"https:\/\/elitecoaching.io\/sq\/zgjidhje-per-biznesin\/vegla-transformim-dixhital\/\",\"url\":\"https:\/\/elitecoaching.io\/sq\/zgjidhje-per-biznesin\/vegla-transformim-dixhital\/\",\"name\":\"Vegla & Transformim Digjital - Elite Coaching\",\"isPartOf\":{\"@id\":\"https:\/\/elitecoaching.io\/sq\/#website\"},\"datePublished\":\"2022-04-27T06:29:22+00:00\",\"dateModified\":\"2022-12-08T11:14:32+00:00\",\"description\":\"Vegla & Transformim Digjital. Ekzistojn\u00eb zgjidhje digjitale n\u00eb dispozicion p\u00ebr t\u00eb ndihmuar kompanin\u00eb tuaj t\u00eb kursej\u00eb para.\",\"breadcrumb\":{\"@id\":\"https:\/\/elitecoaching.io\/sq\/zgjidhje-per-biznesin\/vegla-transformim-dixhital\/#breadcrumb\"},\"inLanguage\":\"sq-AL\",\"potentialAction\":[{\"@type\":\"ReadAction\",\"target\":[\"https:\/\/elitecoaching.io\/sq\/zgjidhje-per-biznesin\/vegla-transformim-dixhital\/\"]}]},{\"@type\":\"BreadcrumbList\",\"@id\":\"https:\/\/elitecoaching.io\/sq\/zgjidhje-per-biznesin\/vegla-transformim-dixhital\/#breadcrumb\",\"itemListElement\":[{\"@type\":\"ListItem\",\"position\":1,\"name\":\"Home\",\"item\":\"https:\/\/elitecoaching.io\/sq\/\"},{\"@type\":\"ListItem\",\"position\":2,\"name\":\"Zgjidhje p\u00ebr Biznesin\",\"item\":\"https:\/\/elitecoaching.io\/sq\/business-solutions\/\"},{\"@type\":\"ListItem\",\"position\":3,\"name\":\"Vegla &amp; Transformim Dixhital\"}]},{\"@type\":\"WebSite\",\"@id\":\"https:\/\/elitecoaching.io\/sq\/#website\",\"url\":\"https:\/\/elitecoaching.io\/sq\/\",\"name\":\"Elite Coaching\",\"description\":\"Dedicated to Growth\",\"potentialAction\":[{\"@type\":\"SearchAction\",\"target\":{\"@type\":\"EntryPoint\",\"urlTemplate\":\"https:\/\/elitecoaching.io\/sq\/?s={search_term_string}\"},\"query-input\":\"required name=search_term_string\"}],\"inLanguage\":\"sq-AL\"}]}<\/script>\n<!-- \/ Yoast SEO Premium plugin. -->","yoast_head_json":{"title":"Vegla & Transformim Digjital - Elite Coaching","description":"Vegla & Transformim Digjital. Ekzistojn\u00eb zgjidhje digjitale n\u00eb dispozicion p\u00ebr t\u00eb ndihmuar kompanin\u00eb tuaj t\u00eb kursej\u00eb para.","robots":{"index":"index","follow":"follow","max-snippet":"max-snippet:-1","max-image-preview":"max-image-preview:large","max-video-preview":"max-video-preview:-1"},"canonical":"https:\/\/elitecoaching.io\/sq\/zgjidhje-per-biznesin\/vegla-transformim-dixhital\/","og_locale":"sq_AL","og_type":"article","og_title":"Vegla &amp; Transformim Dixhital","og_description":"Vegla & Transformim Digjital. Ekzistojn\u00eb zgjidhje digjitale n\u00eb dispozicion p\u00ebr t\u00eb ndihmuar kompanin\u00eb tuaj t\u00eb kursej\u00eb para.","og_url":"https:\/\/elitecoaching.io\/sq\/zgjidhje-per-biznesin\/vegla-transformim-dixhital\/","og_site_name":"Elite Coaching","article_modified_time":"2022-12-08T11:14:32+00:00","og_image":[{"url":"https:\/\/elitecoaching.io\/wp-content\/uploads\/2022\/04\/Digital-Transformation-.webp"}],"twitter_card":"summary_large_image","twitter_misc":{"Est. reading time":"2 minutes"},"schema":{"@context":"https:\/\/schema.org","@graph":[{"@type":"WebPage","@id":"https:\/\/elitecoaching.io\/sq\/zgjidhje-per-biznesin\/vegla-transformim-dixhital\/","url":"https:\/\/elitecoaching.io\/sq\/zgjidhje-per-biznesin\/vegla-transformim-dixhital\/","name":"Vegla & Transformim Digjital - Elite Coaching","isPartOf":{"@id":"https:\/\/elitecoaching.io\/sq\/#website"},"datePublished":"2022-04-27T06:29:22+00:00","dateModified":"2022-12-08T11:14:32+00:00","description":"Vegla & Transformim Digjital. Ekzistojn\u00eb zgjidhje digjitale n\u00eb dispozicion p\u00ebr t\u00eb ndihmuar kompanin\u00eb tuaj t\u00eb kursej\u00eb para.","breadcrumb":{"@id":"https:\/\/elitecoaching.io\/sq\/zgjidhje-per-biznesin\/vegla-transformim-dixhital\/#breadcrumb"},"inLanguage":"sq-AL","potentialAction":[{"@type":"ReadAction","target":["https:\/\/elitecoaching.io\/sq\/zgjidhje-per-biznesin\/vegla-transformim-dixhital\/"]}]},{"@type":"BreadcrumbList","@id":"https:\/\/elitecoaching.io\/sq\/zgjidhje-per-biznesin\/vegla-transformim-dixhital\/#breadcrumb","itemListElement":[{"@type":"ListItem","position":1,"name":"Home","item":"https:\/\/elitecoaching.io\/sq\/"},{"@type":"ListItem","position":2,"name":"Zgjidhje p\u00ebr Biznesin","item":"https:\/\/elitecoaching.io\/sq\/business-solutions\/"},{"@type":"ListItem","position":3,"name":"Vegla &amp; Transformim Dixhital"}]},{"@type":"WebSite","@id":"https:\/\/elitecoaching.io\/sq\/#website","url":"https:\/\/elitecoaching.io\/sq\/","name":"Elite Coaching","description":"Dedicated to Growth","potentialAction":[{"@type":"SearchAction","target":{"@type":"EntryPoint","urlTemplate":"https:\/\/elitecoaching.io\/sq\/?s={search_term_string}"},"query-input":"required name=search_term_string"}],"inLanguage":"sq-AL"}]}},"_links":{"self":[{"href":"https:\/\/elitecoaching.io\/sq\/wp-json\/wp\/v2\/pages\/20030"}],"collection":[{"href":"https:\/\/elitecoaching.io\/sq\/wp-json\/wp\/v2\/pages"}],"about":[{"href":"https:\/\/elitecoaching.io\/sq\/wp-json\/wp\/v2\/types\/page"}],"author":[{"embeddable":true,"href":"https:\/\/elitecoaching.io\/sq\/wp-json\/wp\/v2\/users\/7"}],"replies":[{"embeddable":true,"href":"https:\/\/elitecoaching.io\/sq\/wp-json\/wp\/v2\/comments?post=20030"}],"version-history":[{"count":6,"href":"https:\/\/elitecoaching.io\/sq\/wp-json\/wp\/v2\/pages\/20030\/revisions"}],"predecessor-version":[{"id":24231,"href":"https:\/\/elitecoaching.io\/sq\/wp-json\/wp\/v2\/pages\/20030\/revisions\/24231"}],"up":[{"embeddable":true,"href":"https:\/\/elitecoaching.io\/sq\/wp-json\/wp\/v2\/pages\/19993"}],"wp:attachment":[{"href":"https:\/\/elitecoaching.io\/sq\/wp-json\/wp\/v2\/media?parent=20030"}],"curies":[{"name":"wp","href":"https:\/\/api.w.org\/{rel}","templated":true}]}}