{"id":20060,"date":"2022-04-26T13:05:50","date_gmt":"2022-04-26T13:05:50","guid":{"rendered":"https:\/\/elitecoaching.io\/zgjidhje-kreative\/blogimi-artikuj\/"},"modified":"2022-12-08T11:21:09","modified_gmt":"2022-12-08T11:21:09","slug":"blogimi-artikuj","status":"publish","type":"page","link":"https:\/\/elitecoaching.io\/sq\/zgjidhje-kreative\/blogimi-artikuj\/","title":{"rendered":"Blogimi &#8211; Artikuj"},"content":{"rendered":"\t\t<div data-elementor-type=\"wp-page\" data-elementor-id=\"20060\" class=\"elementor elementor-20060 elementor-15769\" data-elementor-post-type=\"page\">\n\t\t\t\t\t\t\t\t\t<section class=\"elementor-section elementor-top-section elementor-element elementor-element-bd27739 elementor-section-full_width elementor-section-height-default elementor-section-height-default\" data-id=\"bd27739\" data-element_type=\"section\">\n\t\t\t\t\t\t<div class=\"elementor-container elementor-column-gap-default\">\n\t\t\t\t\t<div class=\"elementor-column elementor-col-33 elementor-top-column elementor-element elementor-element-d4247d1\" data-id=\"d4247d1\" data-element_type=\"column\">\n\t\t\t<div class=\"elementor-widget-wrap\">\n\t\t\t\t\t\t\t\t\t<\/div>\n\t\t<\/div>\n\t\t\t\t<div class=\"elementor-column elementor-col-66 elementor-top-column elementor-element elementor-element-161246f\" data-id=\"161246f\" data-element_type=\"column\">\n\t\t\t<div class=\"elementor-widget-wrap elementor-element-populated\">\n\t\t\t\t\t\t\t\t<div class=\"elementor-element elementor-element-7015cd6 animated-slow elementor-widget elementor-widget-text-editor\" data-id=\"7015cd6\" data-element_type=\"widget\" data-settings=\"{&quot;_animation&quot;:&quot;none&quot;,&quot;_animation_delay&quot;:500}\" data-widget_type=\"text-editor.default\">\n\t\t\t\t<div class=\"elementor-widget-container\">\n\t\t\t\t\t\t\t<p>ZGJIDHJE KRIJUESE\/<\/p>\t\t\t\t\t\t<\/div>\n\t\t\t\t<\/div>\n\t\t\t\t<div class=\"elementor-element elementor-element-ed350b1 elementor-widget elementor-widget-heading\" data-id=\"ed350b1\" data-element_type=\"widget\" data-settings=\"{&quot;_animation&quot;:&quot;none&quot;}\" data-widget_type=\"heading.default\">\n\t\t\t\t<div class=\"elementor-widget-container\">\n\t\t\t<h2 class=\"elementor-heading-title elementor-size-default\">Blog & Artikuj\n<\/h2>\t\t<\/div>\n\t\t\t\t<\/div>\n\t\t\t\t\t<\/div>\n\t\t<\/div>\n\t\t\t\t\t\t\t<\/div>\n\t\t<\/section>\n\t\t\t\t<section class=\"elementor-section elementor-top-section elementor-element elementor-element-1b25b76 elementor-section-height-min-height panel elementor-section-full_width elementor-section-height-default elementor-section-items-middle\" data-id=\"1b25b76\" data-element_type=\"section\" data-settings=\"{&quot;background_background&quot;:&quot;classic&quot;}\" data-color=\"black\">\n\t\t\t\t\t\t\t<div class=\"elementor-background-overlay\"><\/div>\n\t\t\t\t\t\t\t<div class=\"elementor-container elementor-column-gap-default\">\n\t\t\t\t\t<div class=\"elementor-column elementor-col-100 elementor-top-column elementor-element elementor-element-b3502ac\" data-id=\"b3502ac\" data-element_type=\"column\" data-settings=\"{&quot;background_background&quot;:&quot;classic&quot;}\">\n\t\t\t<div class=\"elementor-widget-wrap elementor-element-populated\">\n\t\t\t\t\t\t\t\t<section class=\"elementor-section elementor-inner-section elementor-element elementor-element-86ab4c5 elementor-section-full_width elementor-section-height-default elementor-section-height-default\" data-id=\"86ab4c5\" data-element_type=\"section\">\n\t\t\t\t\t\t<div class=\"elementor-container elementor-column-gap-default\">\n\t\t\t\t\t<div class=\"elementor-column elementor-col-100 elementor-inner-column elementor-element elementor-element-5237dcc\" data-id=\"5237dcc\" data-element_type=\"column\">\n\t\t\t<div class=\"elementor-widget-wrap elementor-element-populated\">\n\t\t\t\t\t\t\t\t<div class=\"elementor-element elementor-element-d1afd60 elementor-widget elementor-widget-image\" data-id=\"d1afd60\" data-element_type=\"widget\" data-widget_type=\"image.default\">\n\t\t\t\t<div class=\"elementor-widget-container\">\n\t\t\t\t\t\t\t\t\t\t\t\t\t\t\t<img decoding=\"async\" width=\"1920\" height=\"1280\" src=\"https:\/\/elitecoaching.io\/wp-content\/uploads\/2022\/05\/Blogging-.webp\" class=\"attachment-full size-full wp-image-18922\" alt=\"\" loading=\"lazy\" srcset=\"https:\/\/elitecoaching.io\/wp-content\/uploads\/2022\/05\/Blogging-.webp 1920w, https:\/\/elitecoaching.io\/wp-content\/uploads\/2022\/05\/Blogging--300x200.webp 300w, https:\/\/elitecoaching.io\/wp-content\/uploads\/2022\/05\/Blogging--1024x683.webp 1024w, https:\/\/elitecoaching.io\/wp-content\/uploads\/2022\/05\/Blogging--768x512.webp 768w, https:\/\/elitecoaching.io\/wp-content\/uploads\/2022\/05\/Blogging--1536x1024.webp 1536w\" sizes=\"(max-width: 1920px) 100vw, 1920px\" \/>\t\t\t\t\t\t\t\t\t\t\t\t\t\t\t<\/div>\n\t\t\t\t<\/div>\n\t\t\t\t\t<\/div>\n\t\t<\/div>\n\t\t\t\t\t\t\t<\/div>\n\t\t<\/section>\n\t\t\t\t\t<\/div>\n\t\t<\/div>\n\t\t\t\t\t\t\t<\/div>\n\t\t<\/section>\n\t\t\t\t<section class=\"elementor-section elementor-top-section elementor-element elementor-element-cd9368e elementor-section-height-min-height elementor-section-full_width black elementor-section-height-default elementor-section-items-middle\" data-id=\"cd9368e\" data-element_type=\"section\" data-settings=\"{&quot;background_background&quot;:&quot;classic&quot;}\">\n\t\t\t\t\t\t\t<div class=\"elementor-background-overlay\"><\/div>\n\t\t\t\t\t\t\t<div class=\"elementor-container elementor-column-gap-default\">\n\t\t\t\t\t<div class=\"elementor-column elementor-col-25 elementor-top-column elementor-element elementor-element-70f96f2 elementor-hidden-mobile\" data-id=\"70f96f2\" data-element_type=\"column\">\n\t\t\t<div class=\"elementor-widget-wrap\">\n\t\t\t\t\t\t\t\t\t<\/div>\n\t\t<\/div>\n\t\t\t\t<div class=\"elementor-column elementor-col-50 elementor-top-column elementor-element elementor-element-88d8be6\" data-id=\"88d8be6\" data-element_type=\"column\" data-settings=\"{&quot;motion_fx_motion_fx_scrolling&quot;:&quot;yes&quot;,&quot;motion_fx_translateY_effect&quot;:&quot;yes&quot;,&quot;motion_fx_translateY_speed&quot;:{&quot;unit&quot;:&quot;px&quot;,&quot;size&quot;:7.1,&quot;sizes&quot;:[]},&quot;motion_fx_translateY_affectedRange&quot;:{&quot;unit&quot;:&quot;%&quot;,&quot;size&quot;:&quot;&quot;,&quot;sizes&quot;:{&quot;start&quot;:33,&quot;end&quot;:82}},&quot;motion_fx_devices&quot;:[&quot;desktop&quot;]}\">\n\t\t\t<div class=\"elementor-widget-wrap elementor-element-populated\">\n\t\t\t\t\t\t\t\t<div class=\"elementor-element elementor-element-769e1f1 elementor-widget elementor-widget-heading\" data-id=\"769e1f1\" data-element_type=\"widget\" data-settings=\"{&quot;motion_fx_motion_fx_scrolling&quot;:&quot;yes&quot;,&quot;motion_fx_translateY_effect&quot;:&quot;yes&quot;,&quot;motion_fx_translateY_speed&quot;:{&quot;unit&quot;:&quot;px&quot;,&quot;size&quot;:1.2,&quot;sizes&quot;:[]},&quot;motion_fx_translateY_affectedRange&quot;:{&quot;unit&quot;:&quot;%&quot;,&quot;size&quot;:&quot;&quot;,&quot;sizes&quot;:{&quot;start&quot;:0,&quot;end&quot;:83}},&quot;motion_fx_devices&quot;:[&quot;desktop&quot;]}\" data-widget_type=\"heading.default\">\n\t\t\t\t<div class=\"elementor-widget-container\">\n\t\t\t<h2 class=\"elementor-heading-title elementor-size-default\">P\u00ebrmbajtje &amp; Blog\n<\/h2>\t\t<\/div>\n\t\t\t\t<\/div>\n\t\t\t\t<div class=\"elementor-element elementor-element-865b1af elementor-widget-divider--view-line elementor-widget elementor-widget-divider\" data-id=\"865b1af\" data-element_type=\"widget\" data-widget_type=\"divider.default\">\n\t\t\t\t<div class=\"elementor-widget-container\">\n\t\t\t\t\t<div class=\"elementor-divider\">\n\t\t\t<span class=\"elementor-divider-separator\">\n\t\t\t\t\t\t<\/span>\n\t\t<\/div>\n\t\t\t\t<\/div>\n\t\t\t\t<\/div>\n\t\t\t\t<div class=\"elementor-element elementor-element-2fa4c3b elementor-widget elementor-widget-heading\" data-id=\"2fa4c3b\" data-element_type=\"widget\" data-settings=\"{&quot;motion_fx_motion_fx_scrolling&quot;:&quot;yes&quot;,&quot;motion_fx_translateY_effect&quot;:&quot;yes&quot;,&quot;motion_fx_translateY_speed&quot;:{&quot;unit&quot;:&quot;px&quot;,&quot;size&quot;:1.2,&quot;sizes&quot;:[]},&quot;motion_fx_devices&quot;:[&quot;desktop&quot;],&quot;motion_fx_translateY_affectedRange&quot;:{&quot;unit&quot;:&quot;%&quot;,&quot;size&quot;:&quot;&quot;,&quot;sizes&quot;:{&quot;start&quot;:0,&quot;end&quot;:100}}}\" data-widget_type=\"heading.default\">\n\t\t\t\t<div class=\"elementor-widget-container\">\n\t\t\t<h2 class=\"elementor-heading-title elementor-size-default\">Blog-u i referohet shkrimit, fotografis\u00eb dhe mediave t\u00eb tjera q\u00eb publikohen n\u00eb faqet ueb.<\/h2>\t\t<\/div>\n\t\t\t\t<\/div>\n\t\t\t\t<div class=\"elementor-element elementor-element-41b801d elementor-widget elementor-widget-heading\" data-id=\"41b801d\" data-element_type=\"widget\" data-settings=\"{&quot;motion_fx_motion_fx_scrolling&quot;:&quot;yes&quot;,&quot;motion_fx_translateY_effect&quot;:&quot;yes&quot;,&quot;motion_fx_translateY_speed&quot;:{&quot;unit&quot;:&quot;px&quot;,&quot;size&quot;:1.2,&quot;sizes&quot;:[]},&quot;motion_fx_devices&quot;:[&quot;desktop&quot;],&quot;motion_fx_translateY_affectedRange&quot;:{&quot;unit&quot;:&quot;%&quot;,&quot;size&quot;:&quot;&quot;,&quot;sizes&quot;:{&quot;start&quot;:0,&quot;end&quot;:100}}}\" data-widget_type=\"heading.default\">\n\t\t\t\t<div class=\"elementor-widget-container\">\n\t\t\t<h2 class=\"elementor-heading-title elementor-size-default\">Blog \u00ebsht\u00eb pjesa e faqes q\u00eb do t'a p\u00ebrdit\u00ebsoni m\u00eb shpesh me postime dhe informacione t\u00eb reja p\u00ebr t'i mbajtur lexuesit t\u00eb angazhuar. Shpesh \u00ebsht\u00eb p\u00ebrmes p\u00ebrmbajtjes s\u00eb blogut q\u00eb njer\u00ebzit t\u00ebrhiqen n\u00eb faqen tuaj. K\u00ebshtu fillohet nd\u00ebrtimi i audienc\u00ebs s\u00eb mark\u00ebs suaj. <br>Krijo nj\u00eb kalendar me p\u00ebrmbajtje p\u00ebr t\u00eb maksimizuar suksesin e blogjeve dhe biznesit tuaj. Ne i fokusojm\u00eb p\u00ebrpjekjet tona n\u00eb krijimin e nj\u00eb blogu q\u00eb p\u00ebrmir\u00ebson strategjin\u00eb e marketingut SEO dhe p\u00ebrmir\u00ebson rezultatet e k\u00ebrkimit n\u00eb SERP. Me nj\u00eb blog t\u00eb mir\u00ebmbajtur, do t\u00eb publikoni rregullisht artikuj t\u00eb fresk\u00ebt q\u00eb mbulojn\u00eb tema p\u00ebr t\u00eb cilat njer\u00ebzit duan t\u00eb m\u00ebsojn\u00eb. Postimet inteligjente, origjinale dhe t\u00eb shkruara mir\u00eb ju ndihmojn\u00eb q\u00eb t\u00eb vendosini fuqish\u00ebm n\u00eb fush\u00ebn ku opreroni.      <\/h2>\t\t<\/div>\n\t\t\t\t<\/div>\n\t\t\t\t\t<\/div>\n\t\t<\/div>\n\t\t\t\t<div class=\"elementor-column elementor-col-25 elementor-top-column elementor-element elementor-element-fd581b2 elementor-hidden-mobile\" data-id=\"fd581b2\" data-element_type=\"column\">\n\t\t\t<div class=\"elementor-widget-wrap\">\n\t\t\t\t\t\t\t\t\t<\/div>\n\t\t<\/div>\n\t\t\t\t\t\t\t<\/div>\n\t\t<\/section>\n\t\t\t\t<section class=\"elementor-section elementor-top-section elementor-element elementor-element-1989c9f elementor-section-height-min-height black elementor-section-boxed elementor-section-height-default elementor-section-items-middle\" data-id=\"1989c9f\" data-element_type=\"section\" data-settings=\"{&quot;background_background&quot;:&quot;classic&quot;}\">\n\t\t\t\t\t\t\t<div class=\"elementor-background-overlay\"><\/div>\n\t\t\t\t\t\t\t<div class=\"elementor-container elementor-column-gap-default\">\n\t\t\t\t\t<div class=\"elementor-column elementor-col-25 elementor-top-column elementor-element elementor-element-0077737\" data-id=\"0077737\" data-element_type=\"column\">\n\t\t\t<div class=\"elementor-widget-wrap\">\n\t\t\t\t\t\t\t\t\t<\/div>\n\t\t<\/div>\n\t\t\t\t<div class=\"elementor-column elementor-col-50 elementor-top-column elementor-element elementor-element-9f5f350\" data-id=\"9f5f350\" data-element_type=\"column\" data-settings=\"{&quot;motion_fx_motion_fx_scrolling&quot;:&quot;yes&quot;,&quot;motion_fx_translateY_effect&quot;:&quot;yes&quot;,&quot;motion_fx_translateY_speed&quot;:{&quot;unit&quot;:&quot;px&quot;,&quot;size&quot;:4.4,&quot;sizes&quot;:[]},&quot;motion_fx_translateY_affectedRange&quot;:{&quot;unit&quot;:&quot;%&quot;,&quot;size&quot;:&quot;&quot;,&quot;sizes&quot;:{&quot;start&quot;:21,&quot;end&quot;:100}},&quot;motion_fx_devices&quot;:[&quot;desktop&quot;]}\">\n\t\t\t<div class=\"elementor-widget-wrap elementor-element-populated\">\n\t\t\t\t\t\t\t\t<div class=\"elementor-element elementor-element-7aeec19 elementor-widget elementor-widget-text-editor\" data-id=\"7aeec19\" data-element_type=\"widget\" data-widget_type=\"text-editor.default\">\n\t\t\t\t<div class=\"elementor-widget-container\">\n\t\t\t\t\t\t\t<p class=\"grve-element grve-title grve-align-center grve-h3\">Q\u00ebndro n\u00eb Lidhje<\/p>\t\t\t\t\t\t<\/div>\n\t\t\t\t<\/div>\n\t\t\t\t<div class=\"elementor-element elementor-element-0c8450c elementor-widget elementor-widget-heading\" data-id=\"0c8450c\" data-element_type=\"widget\" data-widget_type=\"heading.default\">\n\t\t\t\t<div class=\"elementor-widget-container\">\n\t\t\t<h2 class=\"elementor-heading-title elementor-size-default\">Na p\u00eblqen t\u00eb b\u00ebjm\u00eb miq t\u00eb rinj!\n<\/h2>\t\t<\/div>\n\t\t\t\t<\/div>\n\t\t\t\t<section class=\"elementor-section elementor-inner-section elementor-element elementor-element-3b198eb elementor-section-boxed elementor-section-height-default elementor-section-height-default\" data-id=\"3b198eb\" data-element_type=\"section\">\n\t\t\t\t\t\t<div class=\"elementor-container elementor-column-gap-default\">\n\t\t\t\t\t<div class=\"elementor-column elementor-col-33 elementor-inner-column elementor-element elementor-element-b5a894b elementor-hidden-mobile\" data-id=\"b5a894b\" data-element_type=\"column\">\n\t\t\t<div class=\"elementor-widget-wrap\">\n\t\t\t\t\t\t\t\t\t<\/div>\n\t\t<\/div>\n\t\t\t\t<div class=\"elementor-column elementor-col-33 elementor-inner-column elementor-element elementor-element-d7ade2b\" data-id=\"d7ade2b\" data-element_type=\"column\">\n\t\t\t<div class=\"elementor-widget-wrap elementor-element-populated\">\n\t\t\t\t\t\t\t\t<div class=\"elementor-element elementor-element-071de6c elementor-widget elementor-widget-ucaddon_creative_buttons\" data-id=\"071de6c\" data-element_type=\"widget\" data-widget_type=\"ucaddon_creative_buttons.default\">\n\t\t\t\t<div class=\"elementor-widget-container\">\n\t\t\t<!-- start Creative Button Hovers -->\n\t\t<link id='uc_ac_assets_file_uc_creative_buttons_css_1983-css' href='https:\/\/elitecoaching.io\/wp-content\/uploads\/ac_assets\/uc_creative_buttons\/uc_creative_buttons.css' type='text\/css' rel='stylesheet' >\n\n\t\t\t<style type=\"text\/css\">\/* widget: Creative Button Hovers *\/\n\n#uc_creative_buttons_elementor_071de6c.uc_creative_buttons{\n  text-align: center;\n}\n#uc_creative_buttons_elementor_071de6c.uc_creative_buttons .uc_button,\n#uc_creative_buttons_elementor_071de6c.uc_creative_buttons .uc_button::after {\n\ttransition: all 0.3s;\n}\n\n#uc_creative_buttons_elementor_071de6c.uc_creative_buttons .uc_button {\n\n\n  display: inline-block;\n  overflow:hidden;\n}\n\n<\/style>\n\n\t\t\t<div class=\"uc_creative_buttons\" id=\"uc_creative_buttons_elementor_071de6c\">\n  <div class=\"container\">\n    <a href=\"https:\/\/elitecoaching.io\/sq\/forme-kontakti\/\" class=\"uc_button button-padding uc_btn-7\" ><span>Na Kontaktoni<\/span><\/a>\n  <\/div>\n<\/div>\n\t\t\t<!-- end Creative Button Hovers -->\t\t<\/div>\n\t\t\t\t<\/div>\n\t\t\t\t\t<\/div>\n\t\t<\/div>\n\t\t\t\t<div class=\"elementor-column elementor-col-33 elementor-inner-column elementor-element elementor-element-8b9ec6b\" data-id=\"8b9ec6b\" data-element_type=\"column\">\n\t\t\t<div class=\"elementor-widget-wrap\">\n\t\t\t\t\t\t\t\t\t<\/div>\n\t\t<\/div>\n\t\t\t\t\t\t\t<\/div>\n\t\t<\/section>\n\t\t\t\t\t<\/div>\n\t\t<\/div>\n\t\t\t\t<div class=\"elementor-column elementor-col-25 elementor-top-column elementor-element elementor-element-909fd10\" data-id=\"909fd10\" data-element_type=\"column\">\n\t\t\t<div class=\"elementor-widget-wrap\">\n\t\t\t\t\t\t\t\t\t<\/div>\n\t\t<\/div>\n\t\t\t\t\t\t\t<\/div>\n\t\t<\/section>\n\t\t\t\t\t\t\t<\/div>\n\t\t","protected":false},"excerpt":{"rendered":"<p>ZGJIDHJE KRIJUESE\/ Blog &#038; Artikuj P\u00ebrmbajtje &amp; Blog Blog-u i referohet shkrimit, fotografis\u00eb dhe mediave t\u00eb tjera q\u00eb publikohen n\u00eb faqet ueb. Blog \u00ebsht\u00eb pjesa e faqes q\u00eb do t&#8217;a p\u00ebrdit\u00ebsoni m\u00eb shpesh me postime dhe informacione t\u00eb reja p\u00ebr t&#8217;i mbajtur lexuesit t\u00eb angazhuar. Shpesh \u00ebsht\u00eb p\u00ebrmes p\u00ebrmbajtjes s\u00eb blogut q\u00eb njer\u00ebzit t\u00ebrhiqen n\u00eb [&#8230;]<\/p>\n<p><a class=\"btn btn-secondary understrap-read-more-link\" href=\"https:\/\/elitecoaching.io\/sq\/zgjidhje-kreative\/blogimi-artikuj\/\">Read More&#8230;<\/a><\/p>\n","protected":false},"author":1,"featured_media":0,"parent":20056,"menu_order":0,"comment_status":"closed","ping_status":"closed","template":"page-templates\/template-home.php","meta":[],"yoast_head":"<!-- This site is optimized with the Yoast SEO Premium plugin v18.4 (Yoast SEO v20.11) - https:\/\/yoast.com\/wordpress\/plugins\/seo\/ -->\n<title>Blog &amp; Artikuj - Elite Coaching<\/title>\n<meta name=\"description\" content=\"Blog &amp; Artikuj \u00ebsht\u00eb nj\u00eb pjes\u00eb e r\u00ebnd\u00ebsishme e \u00e7do strategjie marketingu me postime dhe informacione t\u00eb reja p\u00ebr t&#039;i mbajtur lexuesit t\u00eb angazhuar.\" \/>\n<meta name=\"robots\" content=\"index, follow, max-snippet:-1, max-image-preview:large, max-video-preview:-1\" \/>\n<link rel=\"canonical\" href=\"https:\/\/elitecoaching.io\/sq\/zgjidhje-kreative\/blogimi-artikuj\/\" \/>\n<meta property=\"og:locale\" content=\"sq_AL\" \/>\n<meta property=\"og:type\" content=\"article\" \/>\n<meta property=\"og:title\" content=\"Blogimi - Artikuj\" \/>\n<meta property=\"og:description\" content=\"Blog &amp; Artikuj \u00ebsht\u00eb nj\u00eb pjes\u00eb e r\u00ebnd\u00ebsishme e \u00e7do strategjie marketingu me postime dhe informacione t\u00eb reja p\u00ebr t&#039;i mbajtur lexuesit t\u00eb angazhuar.\" \/>\n<meta property=\"og:url\" content=\"https:\/\/elitecoaching.io\/sq\/zgjidhje-kreative\/blogimi-artikuj\/\" \/>\n<meta property=\"og:site_name\" content=\"Elite Coaching\" \/>\n<meta property=\"article:modified_time\" content=\"2022-12-08T11:21:09+00:00\" \/>\n<meta property=\"og:image\" content=\"https:\/\/elitecoaching.io\/wp-content\/uploads\/2022\/05\/Blogging-.webp\" \/>\n<meta name=\"twitter:card\" content=\"summary_large_image\" \/>\n<meta name=\"twitter:label1\" content=\"Est. reading time\" \/>\n\t<meta name=\"twitter:data1\" content=\"2 minutes\" \/>\n<script type=\"application\/ld+json\" class=\"yoast-schema-graph\">{\"@context\":\"https:\/\/schema.org\",\"@graph\":[{\"@type\":\"WebPage\",\"@id\":\"https:\/\/elitecoaching.io\/sq\/zgjidhje-kreative\/blogimi-artikuj\/\",\"url\":\"https:\/\/elitecoaching.io\/sq\/zgjidhje-kreative\/blogimi-artikuj\/\",\"name\":\"Blog & Artikuj - Elite Coaching\",\"isPartOf\":{\"@id\":\"https:\/\/elitecoaching.io\/sq\/#website\"},\"datePublished\":\"2022-04-26T13:05:50+00:00\",\"dateModified\":\"2022-12-08T11:21:09+00:00\",\"description\":\"Blog & Artikuj \u00ebsht\u00eb nj\u00eb pjes\u00eb e r\u00ebnd\u00ebsishme e \u00e7do strategjie marketingu me postime dhe informacione t\u00eb reja p\u00ebr t'i mbajtur lexuesit t\u00eb angazhuar.\",\"breadcrumb\":{\"@id\":\"https:\/\/elitecoaching.io\/sq\/zgjidhje-kreative\/blogimi-artikuj\/#breadcrumb\"},\"inLanguage\":\"sq-AL\",\"potentialAction\":[{\"@type\":\"ReadAction\",\"target\":[\"https:\/\/elitecoaching.io\/sq\/zgjidhje-kreative\/blogimi-artikuj\/\"]}]},{\"@type\":\"BreadcrumbList\",\"@id\":\"https:\/\/elitecoaching.io\/sq\/zgjidhje-kreative\/blogimi-artikuj\/#breadcrumb\",\"itemListElement\":[{\"@type\":\"ListItem\",\"position\":1,\"name\":\"Home\",\"item\":\"https:\/\/elitecoaching.io\/sq\/\"},{\"@type\":\"ListItem\",\"position\":2,\"name\":\"Zgjidhje Kreative\",\"item\":\"https:\/\/elitecoaching.io\/sq\/creative-solutions\/\"},{\"@type\":\"ListItem\",\"position\":3,\"name\":\"Blogimi &#8211; Artikuj\"}]},{\"@type\":\"WebSite\",\"@id\":\"https:\/\/elitecoaching.io\/sq\/#website\",\"url\":\"https:\/\/elitecoaching.io\/sq\/\",\"name\":\"Elite Coaching\",\"description\":\"Dedicated to Growth\",\"potentialAction\":[{\"@type\":\"SearchAction\",\"target\":{\"@type\":\"EntryPoint\",\"urlTemplate\":\"https:\/\/elitecoaching.io\/sq\/?s={search_term_string}\"},\"query-input\":\"required name=search_term_string\"}],\"inLanguage\":\"sq-AL\"}]}<\/script>\n<!-- \/ Yoast SEO Premium plugin. -->","yoast_head_json":{"title":"Blog & Artikuj - Elite Coaching","description":"Blog & Artikuj \u00ebsht\u00eb nj\u00eb pjes\u00eb e r\u00ebnd\u00ebsishme e \u00e7do strategjie marketingu me postime dhe informacione t\u00eb reja p\u00ebr t'i mbajtur lexuesit t\u00eb angazhuar.","robots":{"index":"index","follow":"follow","max-snippet":"max-snippet:-1","max-image-preview":"max-image-preview:large","max-video-preview":"max-video-preview:-1"},"canonical":"https:\/\/elitecoaching.io\/sq\/zgjidhje-kreative\/blogimi-artikuj\/","og_locale":"sq_AL","og_type":"article","og_title":"Blogimi - Artikuj","og_description":"Blog & Artikuj \u00ebsht\u00eb nj\u00eb pjes\u00eb e r\u00ebnd\u00ebsishme e \u00e7do strategjie marketingu me postime dhe informacione t\u00eb reja p\u00ebr t'i mbajtur lexuesit t\u00eb angazhuar.","og_url":"https:\/\/elitecoaching.io\/sq\/zgjidhje-kreative\/blogimi-artikuj\/","og_site_name":"Elite Coaching","article_modified_time":"2022-12-08T11:21:09+00:00","og_image":[{"url":"https:\/\/elitecoaching.io\/wp-content\/uploads\/2022\/05\/Blogging-.webp"}],"twitter_card":"summary_large_image","twitter_misc":{"Est. reading time":"2 minutes"},"schema":{"@context":"https:\/\/schema.org","@graph":[{"@type":"WebPage","@id":"https:\/\/elitecoaching.io\/sq\/zgjidhje-kreative\/blogimi-artikuj\/","url":"https:\/\/elitecoaching.io\/sq\/zgjidhje-kreative\/blogimi-artikuj\/","name":"Blog & Artikuj - Elite Coaching","isPartOf":{"@id":"https:\/\/elitecoaching.io\/sq\/#website"},"datePublished":"2022-04-26T13:05:50+00:00","dateModified":"2022-12-08T11:21:09+00:00","description":"Blog & Artikuj \u00ebsht\u00eb nj\u00eb pjes\u00eb e r\u00ebnd\u00ebsishme e \u00e7do strategjie marketingu me postime dhe informacione t\u00eb reja p\u00ebr t'i mbajtur lexuesit t\u00eb angazhuar.","breadcrumb":{"@id":"https:\/\/elitecoaching.io\/sq\/zgjidhje-kreative\/blogimi-artikuj\/#breadcrumb"},"inLanguage":"sq-AL","potentialAction":[{"@type":"ReadAction","target":["https:\/\/elitecoaching.io\/sq\/zgjidhje-kreative\/blogimi-artikuj\/"]}]},{"@type":"BreadcrumbList","@id":"https:\/\/elitecoaching.io\/sq\/zgjidhje-kreative\/blogimi-artikuj\/#breadcrumb","itemListElement":[{"@type":"ListItem","position":1,"name":"Home","item":"https:\/\/elitecoaching.io\/sq\/"},{"@type":"ListItem","position":2,"name":"Zgjidhje Kreative","item":"https:\/\/elitecoaching.io\/sq\/creative-solutions\/"},{"@type":"ListItem","position":3,"name":"Blogimi &#8211; Artikuj"}]},{"@type":"WebSite","@id":"https:\/\/elitecoaching.io\/sq\/#website","url":"https:\/\/elitecoaching.io\/sq\/","name":"Elite Coaching","description":"Dedicated to Growth","potentialAction":[{"@type":"SearchAction","target":{"@type":"EntryPoint","urlTemplate":"https:\/\/elitecoaching.io\/sq\/?s={search_term_string}"},"query-input":"required name=search_term_string"}],"inLanguage":"sq-AL"}]}},"_links":{"self":[{"href":"https:\/\/elitecoaching.io\/sq\/wp-json\/wp\/v2\/pages\/20060"}],"collection":[{"href":"https:\/\/elitecoaching.io\/sq\/wp-json\/wp\/v2\/pages"}],"about":[{"href":"https:\/\/elitecoaching.io\/sq\/wp-json\/wp\/v2\/types\/page"}],"author":[{"embeddable":true,"href":"https:\/\/elitecoaching.io\/sq\/wp-json\/wp\/v2\/users\/1"}],"replies":[{"embeddable":true,"href":"https:\/\/elitecoaching.io\/sq\/wp-json\/wp\/v2\/comments?post=20060"}],"version-history":[{"count":9,"href":"https:\/\/elitecoaching.io\/sq\/wp-json\/wp\/v2\/pages\/20060\/revisions"}],"predecessor-version":[{"id":24307,"href":"https:\/\/elitecoaching.io\/sq\/wp-json\/wp\/v2\/pages\/20060\/revisions\/24307"}],"up":[{"embeddable":true,"href":"https:\/\/elitecoaching.io\/sq\/wp-json\/wp\/v2\/pages\/20056"}],"wp:attachment":[{"href":"https:\/\/elitecoaching.io\/sq\/wp-json\/wp\/v2\/media?parent=20060"}],"curies":[{"name":"wp","href":"https:\/\/api.w.org\/{rel}","templated":true}]}}