{"id":20102,"date":"2022-04-25T12:48:24","date_gmt":"2022-04-25T12:48:24","guid":{"rendered":"https:\/\/elitecoaching.io\/keshillim-financash\/taksat\/"},"modified":"2022-12-08T11:24:24","modified_gmt":"2022-12-08T11:24:24","slug":"taksat","status":"publish","type":"page","link":"https:\/\/elitecoaching.io\/sq\/keshillim-financiar\/taksat\/","title":{"rendered":"Taksat"},"content":{"rendered":"\t\t<div data-elementor-type=\"wp-page\" data-elementor-id=\"20102\" class=\"elementor elementor-20102 elementor-15451\" data-elementor-post-type=\"page\">\n\t\t\t\t\t\t\t\t\t<section class=\"elementor-section elementor-top-section elementor-element elementor-element-357450e elementor-section-full_width elementor-section-height-default elementor-section-height-default\" data-id=\"357450e\" data-element_type=\"section\">\n\t\t\t\t\t\t<div class=\"elementor-container elementor-column-gap-default\">\n\t\t\t\t\t<div class=\"elementor-column elementor-col-33 elementor-top-column elementor-element elementor-element-8ab35cb\" data-id=\"8ab35cb\" data-element_type=\"column\">\n\t\t\t<div class=\"elementor-widget-wrap\">\n\t\t\t\t\t\t\t\t\t<\/div>\n\t\t<\/div>\n\t\t\t\t<div class=\"elementor-column elementor-col-66 elementor-top-column elementor-element elementor-element-8432907\" data-id=\"8432907\" data-element_type=\"column\">\n\t\t\t<div class=\"elementor-widget-wrap elementor-element-populated\">\n\t\t\t\t\t\t\t\t<div class=\"elementor-element elementor-element-621ae0d animated-slow elementor-widget elementor-widget-text-editor\" data-id=\"621ae0d\" data-element_type=\"widget\" data-settings=\"{&quot;_animation&quot;:&quot;none&quot;,&quot;_animation_delay&quot;:500}\" data-widget_type=\"text-editor.default\">\n\t\t\t\t<div class=\"elementor-widget-container\">\n\t\t\t\t\t\t\t<p>MENAXHIM FINANCASH\/<\/p>\t\t\t\t\t\t<\/div>\n\t\t\t\t<\/div>\n\t\t\t\t<div class=\"elementor-element elementor-element-382c5fb elementor-widget elementor-widget-heading\" data-id=\"382c5fb\" data-element_type=\"widget\" data-settings=\"{&quot;_animation&quot;:&quot;none&quot;}\" data-widget_type=\"heading.default\">\n\t\t\t\t<div class=\"elementor-widget-container\">\n\t\t\t<h2 class=\"elementor-heading-title elementor-size-default\">Taksat<\/h2>\t\t<\/div>\n\t\t\t\t<\/div>\n\t\t\t\t\t<\/div>\n\t\t<\/div>\n\t\t\t\t\t\t\t<\/div>\n\t\t<\/section>\n\t\t\t\t<section class=\"elementor-section elementor-top-section elementor-element elementor-element-b07aad5 elementor-section-height-min-height panel elementor-section-full_width elementor-section-height-default elementor-section-items-middle\" data-id=\"b07aad5\" data-element_type=\"section\" data-settings=\"{&quot;background_background&quot;:&quot;classic&quot;}\" data-color=\"black\">\n\t\t\t\t\t\t\t<div class=\"elementor-background-overlay\"><\/div>\n\t\t\t\t\t\t\t<div class=\"elementor-container elementor-column-gap-default\">\n\t\t\t\t\t<div class=\"elementor-column elementor-col-100 elementor-top-column elementor-element elementor-element-ec4128f\" data-id=\"ec4128f\" data-element_type=\"column\" data-settings=\"{&quot;background_background&quot;:&quot;classic&quot;}\">\n\t\t\t<div class=\"elementor-widget-wrap elementor-element-populated\">\n\t\t\t\t\t\t\t\t<section class=\"elementor-section elementor-inner-section elementor-element elementor-element-778b5e5 elementor-section-full_width elementor-section-height-default elementor-section-height-default\" data-id=\"778b5e5\" data-element_type=\"section\">\n\t\t\t\t\t\t<div class=\"elementor-container elementor-column-gap-default\">\n\t\t\t\t\t<div class=\"elementor-column elementor-col-100 elementor-inner-column elementor-element elementor-element-623b0ff\" data-id=\"623b0ff\" data-element_type=\"column\">\n\t\t\t<div class=\"elementor-widget-wrap elementor-element-populated\">\n\t\t\t\t\t\t\t\t<div class=\"elementor-element elementor-element-6762a2e elementor-widget elementor-widget-image\" data-id=\"6762a2e\" data-element_type=\"widget\" data-widget_type=\"image.default\">\n\t\t\t\t<div class=\"elementor-widget-container\">\n\t\t\t\t\t\t\t\t\t\t\t\t\t\t\t<img decoding=\"async\" width=\"1920\" height=\"1281\" src=\"https:\/\/elitecoaching.io\/wp-content\/uploads\/2022\/05\/Taxes.webp\" class=\"attachment-full size-full wp-image-19500\" alt=\"\" loading=\"lazy\" srcset=\"https:\/\/elitecoaching.io\/wp-content\/uploads\/2022\/05\/Taxes.webp 1920w, https:\/\/elitecoaching.io\/wp-content\/uploads\/2022\/05\/Taxes-300x200.webp 300w, https:\/\/elitecoaching.io\/wp-content\/uploads\/2022\/05\/Taxes-1024x683.webp 1024w, https:\/\/elitecoaching.io\/wp-content\/uploads\/2022\/05\/Taxes-768x512.webp 768w, https:\/\/elitecoaching.io\/wp-content\/uploads\/2022\/05\/Taxes-1536x1025.webp 1536w\" sizes=\"(max-width: 1920px) 100vw, 1920px\" \/>\t\t\t\t\t\t\t\t\t\t\t\t\t\t\t<\/div>\n\t\t\t\t<\/div>\n\t\t\t\t\t<\/div>\n\t\t<\/div>\n\t\t\t\t\t\t\t<\/div>\n\t\t<\/section>\n\t\t\t\t\t<\/div>\n\t\t<\/div>\n\t\t\t\t\t\t\t<\/div>\n\t\t<\/section>\n\t\t\t\t<section class=\"elementor-section elementor-top-section elementor-element elementor-element-9bd8c7f elementor-section-full_width elementor-section-height-min-height black elementor-section-height-default elementor-section-items-middle\" data-id=\"9bd8c7f\" data-element_type=\"section\" data-settings=\"{&quot;background_background&quot;:&quot;classic&quot;}\">\n\t\t\t\t\t\t<div class=\"elementor-container elementor-column-gap-default\">\n\t\t\t\t\t<div class=\"elementor-column elementor-col-100 elementor-top-column elementor-element elementor-element-18c77f0\" data-id=\"18c77f0\" data-element_type=\"column\">\n\t\t\t<div class=\"elementor-widget-wrap elementor-element-populated\">\n\t\t\t\t\t\t\t\t<section class=\"elementor-section elementor-inner-section elementor-element elementor-element-d0ef28a elementor-section-full_width elementor-section-height-default elementor-section-height-default\" data-id=\"d0ef28a\" data-element_type=\"section\">\n\t\t\t\t\t\t<div class=\"elementor-container elementor-column-gap-default\">\n\t\t\t\t\t<div class=\"elementor-column elementor-col-33 elementor-inner-column elementor-element elementor-element-ca368c0\" data-id=\"ca368c0\" data-element_type=\"column\">\n\t\t\t<div class=\"elementor-widget-wrap\">\n\t\t\t\t\t\t\t\t\t<\/div>\n\t\t<\/div>\n\t\t\t\t<div class=\"elementor-column elementor-col-33 elementor-inner-column elementor-element elementor-element-ba9f694\" data-id=\"ba9f694\" data-element_type=\"column\">\n\t\t\t<div class=\"elementor-widget-wrap elementor-element-populated\">\n\t\t\t\t\t\t\t\t<div class=\"elementor-element elementor-element-50d1095 elementor-widget elementor-widget-heading\" data-id=\"50d1095\" data-element_type=\"widget\" data-widget_type=\"heading.default\">\n\t\t\t\t<div class=\"elementor-widget-container\">\n\t\t\t<h2 class=\"elementor-heading-title elementor-size-default\">K\u00ebshillimi &amp; Mbar\u00ebshtrim<\/h2>\t\t<\/div>\n\t\t\t\t<\/div>\n\t\t\t\t<div class=\"elementor-element elementor-element-ca6b949 elementor-widget elementor-widget-text-editor\" data-id=\"ca6b949\" data-element_type=\"widget\" data-widget_type=\"text-editor.default\">\n\t\t\t\t<div class=\"elementor-widget-container\">\n\t\t\t\t\t\t\t<p>Segmenti tatimor i Elite Coaching mund t\u00eb ofroj\u00eb sh\u00ebrbime tatimore n\u00eb p\u00ebrputhje me standardet e cil\u00ebsis\u00eb m\u00eb t\u00eb lart\u00eb t\u00eb aplikuara n\u00eb k\u00ebt\u00eb fush\u00eb.<\/p><p> <\/p>\t\t\t\t\t\t<\/div>\n\t\t\t\t<\/div>\n\t\t\t\t<div class=\"elementor-element elementor-element-2746a2b elementor-widget elementor-widget-text-editor\" data-id=\"2746a2b\" data-element_type=\"widget\" data-widget_type=\"text-editor.default\">\n\t\t\t\t<div class=\"elementor-widget-container\">\n\t\t\t\t\t\t\t<p>Ekipi yn\u00eb i sh\u00ebrbimit &#8220;Taksat&#8221; \u00ebsht\u00eb n\u00eb gjendje t\u00eb ofroj\u00eb asistenc\u00eb profesionale n\u00eb \u00e7\u00ebshtjet q\u00eb kan\u00eb t\u00eb b\u00ebjn\u00eb me tatimin mbi t\u00eb ardhurat e korporatave dhe personale, tatimin mbi vler\u00ebn e shtuar, \u00e7\u00ebshtjet gjyq\u00ebsore dhe procedurat tatimore, \u00e7mimet e transferimit, tatimin nd\u00ebrkomb\u00ebtar, ristrukturimin dhe optimizimin e taksave, akciz\u00ebn, detyrimet doganore, procedurat e tregtis\u00eb nd\u00ebrkomb\u00ebtare, si si dhe sh\u00ebrbime t\u00eb tjera p\u00ebr pajtueshm\u00ebrin\u00eb tatimore dhe k\u00ebshillimore.<\/p><p>\u00a0<\/p>\t\t\t\t\t\t<\/div>\n\t\t\t\t<\/div>\n\t\t\t\t<div class=\"elementor-element elementor-element-ce504f8 elementor-widget elementor-widget-text-editor\" data-id=\"ce504f8\" data-element_type=\"widget\" data-widget_type=\"text-editor.default\">\n\t\t\t\t<div class=\"elementor-widget-container\">\n\t\t\t\t\t\t\t<p><a href=\"https:\/\/elitecoaching.io\/sq\/\" target=\"_blank\" rel=\"noopener\">Parimi i Elite Coaching<\/a> \u00ebsht\u00eb p\u00ebrshtatja e strukturimit dhe financimit me efikasitet tatimor t\u00eb operacioneve, procedurave t\u00eb zbatimit dhe kontrollit p\u00ebr t\u00eb p\u00ebrmir\u00ebsuar metodat e administrimit t\u00eb biznesit.<\/p>\t\t\t\t\t\t<\/div>\n\t\t\t\t<\/div>\n\t\t\t\t<div class=\"elementor-element elementor-element-2bbf99a elementor-widget elementor-widget-text-editor\" data-id=\"2bbf99a\" data-element_type=\"widget\" data-widget_type=\"text-editor.default\">\n\t\t\t\t<div class=\"elementor-widget-container\">\n\t\t\t\t\t\t\t<p>Kuptimi i sfidave tuaja na ndihmon t\u00eb nd\u00ebrtojm\u00eb sintez\u00ebn m\u00eb t\u00eb mir\u00eb p\u00ebr t\u00eb arritur nj\u00eb strategji t\u00eb suksesshme tatimore. Sinergjia \u00ebsht\u00eb prioritet p\u00ebr ne kur b\u00ebhet fjal\u00eb p\u00ebr zgjidhjen e problemeve. Gjithashtu, nd\u00ebrtimi i marr\u00ebdh\u00ebnieve kuptimplot\u00eb dhe afatgjat\u00eb me klient\u00ebt tan\u00eb \u00ebsht\u00eb ajo q\u00eb <a href=\"https:\/\/etg.al\/about-us\/\" target=\"_blank\" rel=\"noopener\">duam<\/a> n\u00eb fund t\u00eb \u00e7do sh\u00ebrbimi.<\/p>\t\t\t\t\t\t<\/div>\n\t\t\t\t<\/div>\n\t\t\t\t\t<\/div>\n\t\t<\/div>\n\t\t\t\t<div class=\"elementor-column elementor-col-33 elementor-inner-column elementor-element elementor-element-e110ed1\" data-id=\"e110ed1\" data-element_type=\"column\">\n\t\t\t<div class=\"elementor-widget-wrap\">\n\t\t\t\t\t\t\t\t\t<\/div>\n\t\t<\/div>\n\t\t\t\t\t\t\t<\/div>\n\t\t<\/section>\n\t\t\t\t\t<\/div>\n\t\t<\/div>\n\t\t\t\t\t\t\t<\/div>\n\t\t<\/section>\n\t\t\t\t<section class=\"elementor-section elementor-top-section elementor-element elementor-element-f6d0bf4 elementor-section-height-min-height elementor-section-boxed elementor-section-height-default elementor-section-items-middle\" data-id=\"f6d0bf4\" data-element_type=\"section\" data-settings=\"{&quot;background_background&quot;:&quot;classic&quot;}\">\n\t\t\t\t\t\t\t<div class=\"elementor-background-overlay\"><\/div>\n\t\t\t\t\t\t\t<div class=\"elementor-container elementor-column-gap-default\">\n\t\t\t\t\t<div class=\"elementor-column elementor-col-25 elementor-top-column elementor-element elementor-element-f44b657\" data-id=\"f44b657\" data-element_type=\"column\">\n\t\t\t<div class=\"elementor-widget-wrap\">\n\t\t\t\t\t\t\t\t\t<\/div>\n\t\t<\/div>\n\t\t\t\t<div class=\"elementor-column elementor-col-50 elementor-top-column elementor-element elementor-element-890b511\" data-id=\"890b511\" data-element_type=\"column\" data-settings=\"{&quot;motion_fx_motion_fx_scrolling&quot;:&quot;yes&quot;,&quot;motion_fx_translateY_effect&quot;:&quot;yes&quot;,&quot;motion_fx_translateY_speed&quot;:{&quot;unit&quot;:&quot;px&quot;,&quot;size&quot;:4.4,&quot;sizes&quot;:[]},&quot;motion_fx_translateY_affectedRange&quot;:{&quot;unit&quot;:&quot;%&quot;,&quot;size&quot;:&quot;&quot;,&quot;sizes&quot;:{&quot;start&quot;:21,&quot;end&quot;:100}},&quot;motion_fx_devices&quot;:[&quot;desktop&quot;]}\">\n\t\t\t<div class=\"elementor-widget-wrap elementor-element-populated\">\n\t\t\t\t\t\t\t\t<div class=\"elementor-element elementor-element-0eece2e elementor-widget elementor-widget-text-editor\" data-id=\"0eece2e\" data-element_type=\"widget\" data-widget_type=\"text-editor.default\">\n\t\t\t\t<div class=\"elementor-widget-container\">\n\t\t\t\t\t\t\t<p class=\"grve-element grve-title grve-align-center grve-h3\">Q\u00ebndro n\u00eb Lidhje<\/p>\t\t\t\t\t\t<\/div>\n\t\t\t\t<\/div>\n\t\t\t\t<div class=\"elementor-element elementor-element-8535ce0 elementor-widget elementor-widget-heading\" data-id=\"8535ce0\" data-element_type=\"widget\" data-widget_type=\"heading.default\">\n\t\t\t\t<div class=\"elementor-widget-container\">\n\t\t\t<h2 class=\"elementor-heading-title elementor-size-default\">Ne na p\u00eblqen t\u00eb krijojm\u00eb miq\u00ebsi t\u00eb reja!\n<\/h2>\t\t<\/div>\n\t\t\t\t<\/div>\n\t\t\t\t<section class=\"elementor-section elementor-inner-section elementor-element elementor-element-91f477b elementor-section-boxed elementor-section-height-default elementor-section-height-default\" data-id=\"91f477b\" data-element_type=\"section\">\n\t\t\t\t\t\t<div class=\"elementor-container elementor-column-gap-default\">\n\t\t\t\t\t<div class=\"elementor-column elementor-col-33 elementor-inner-column elementor-element elementor-element-e8b3c20 elementor-hidden-mobile\" data-id=\"e8b3c20\" data-element_type=\"column\">\n\t\t\t<div class=\"elementor-widget-wrap\">\n\t\t\t\t\t\t\t\t\t<\/div>\n\t\t<\/div>\n\t\t\t\t<div class=\"elementor-column elementor-col-33 elementor-inner-column elementor-element elementor-element-3e734e8\" data-id=\"3e734e8\" data-element_type=\"column\">\n\t\t\t<div class=\"elementor-widget-wrap elementor-element-populated\">\n\t\t\t\t\t\t\t\t<div class=\"elementor-element elementor-element-153eb78 elementor-widget elementor-widget-ucaddon_creative_buttons\" data-id=\"153eb78\" data-element_type=\"widget\" data-widget_type=\"ucaddon_creative_buttons.default\">\n\t\t\t\t<div class=\"elementor-widget-container\">\n\t\t\t<!-- start Creative Button Hovers -->\n\t\t<link id='uc_ac_assets_file_uc_creative_buttons_css_1983-css' href='https:\/\/elitecoaching.io\/wp-content\/uploads\/ac_assets\/uc_creative_buttons\/uc_creative_buttons.css' type='text\/css' rel='stylesheet' >\n\n\t\t\t<style type=\"text\/css\">\/* widget: Creative Button Hovers *\/\n\n#uc_creative_buttons_elementor_153eb78.uc_creative_buttons{\n  text-align: center;\n}\n#uc_creative_buttons_elementor_153eb78.uc_creative_buttons .uc_button,\n#uc_creative_buttons_elementor_153eb78.uc_creative_buttons .uc_button::after {\n\ttransition: all 0.3s;\n}\n\n#uc_creative_buttons_elementor_153eb78.uc_creative_buttons .uc_button {\n\n\n  display: inline-block;\n  overflow:hidden;\n}\n\n<\/style>\n\n\t\t\t<div class=\"uc_creative_buttons\" id=\"uc_creative_buttons_elementor_153eb78\">\n  <div class=\"container\">\n    <a href=\"https:\/\/elitecoaching.io\/sq\/forme-kontakti\/\" class=\"uc_button button-padding uc_btn-7\" ><span>Na Kontaktoni<\/span><\/a>\n  <\/div>\n<\/div>\n\t\t\t<!-- end Creative Button Hovers -->\t\t<\/div>\n\t\t\t\t<\/div>\n\t\t\t\t\t<\/div>\n\t\t<\/div>\n\t\t\t\t<div class=\"elementor-column elementor-col-33 elementor-inner-column elementor-element elementor-element-a1a3471\" data-id=\"a1a3471\" data-element_type=\"column\">\n\t\t\t<div class=\"elementor-widget-wrap\">\n\t\t\t\t\t\t\t\t\t<\/div>\n\t\t<\/div>\n\t\t\t\t\t\t\t<\/div>\n\t\t<\/section>\n\t\t\t\t\t<\/div>\n\t\t<\/div>\n\t\t\t\t<div class=\"elementor-column elementor-col-25 elementor-top-column elementor-element elementor-element-72b0c7d\" data-id=\"72b0c7d\" data-element_type=\"column\">\n\t\t\t<div class=\"elementor-widget-wrap\">\n\t\t\t\t\t\t\t\t\t<\/div>\n\t\t<\/div>\n\t\t\t\t\t\t\t<\/div>\n\t\t<\/section>\n\t\t\t\t\t\t\t<\/div>\n\t\t","protected":false},"excerpt":{"rendered":"<p>MENAXHIM FINANCASH\/ Taksat K\u00ebshillimi &amp; Mbar\u00ebshtrim Segmenti tatimor i Elite Coaching mund t\u00eb ofroj\u00eb sh\u00ebrbime tatimore n\u00eb p\u00ebrputhje me standardet e cil\u00ebsis\u00eb m\u00eb t\u00eb lart\u00eb t\u00eb aplikuara n\u00eb k\u00ebt\u00eb fush\u00eb. Ekipi yn\u00eb i sh\u00ebrbimit &#8220;Taksat&#8221; \u00ebsht\u00eb n\u00eb gjendje t\u00eb ofroj\u00eb asistenc\u00eb profesionale n\u00eb \u00e7\u00ebshtjet q\u00eb kan\u00eb t\u00eb b\u00ebjn\u00eb me tatimin mbi t\u00eb ardhurat e korporatave [&#8230;]<\/p>\n<p><a class=\"btn btn-secondary understrap-read-more-link\" href=\"https:\/\/elitecoaching.io\/sq\/keshillim-financiar\/taksat\/\">Read More&#8230;<\/a><\/p>\n","protected":false},"author":1,"featured_media":0,"parent":20087,"menu_order":0,"comment_status":"closed","ping_status":"closed","template":"page-templates\/template-home.php","meta":[],"yoast_head":"<!-- This site is optimized with the Yoast SEO Premium plugin v18.4 (Yoast SEO v20.11) - https:\/\/yoast.com\/wordpress\/plugins\/seo\/ -->\n<title>Taksat - Elite Coaching<\/title>\n<meta name=\"description\" content=\"Segmenti Taksat i Elite Coaching ofron sh\u00ebrbime tatimore n\u00eb p\u00ebrputhje me standardet e cil\u00ebsis\u00eb m\u00eb t\u00eb lart\u00eb t\u00eb aplikuara n\u00eb k\u00ebt\u00eb fush\u00eb.\" \/>\n<meta name=\"robots\" content=\"index, follow, max-snippet:-1, max-image-preview:large, max-video-preview:-1\" \/>\n<link rel=\"canonical\" href=\"https:\/\/elitecoaching.io\/sq\/keshillim-financiar\/taksat\/\" \/>\n<meta property=\"og:locale\" content=\"sq_AL\" \/>\n<meta property=\"og:type\" content=\"article\" \/>\n<meta property=\"og:title\" content=\"Taksat\" \/>\n<meta property=\"og:description\" content=\"Segmenti Taksat i Elite Coaching ofron sh\u00ebrbime tatimore n\u00eb p\u00ebrputhje me standardet e cil\u00ebsis\u00eb m\u00eb t\u00eb lart\u00eb t\u00eb aplikuara n\u00eb k\u00ebt\u00eb fush\u00eb.\" \/>\n<meta property=\"og:url\" content=\"https:\/\/elitecoaching.io\/sq\/keshillim-financiar\/taksat\/\" \/>\n<meta property=\"og:site_name\" content=\"Elite Coaching\" \/>\n<meta property=\"article:modified_time\" content=\"2022-12-08T11:24:24+00:00\" \/>\n<meta property=\"og:image\" content=\"https:\/\/elitecoaching.io\/wp-content\/uploads\/2022\/05\/Taxes.webp\" \/>\n<meta name=\"twitter:card\" content=\"summary_large_image\" \/>\n<meta name=\"twitter:label1\" content=\"Est. reading time\" \/>\n\t<meta name=\"twitter:data1\" content=\"2 minutes\" \/>\n<script type=\"application\/ld+json\" class=\"yoast-schema-graph\">{\"@context\":\"https:\/\/schema.org\",\"@graph\":[{\"@type\":\"WebPage\",\"@id\":\"https:\/\/elitecoaching.io\/sq\/keshillim-financiar\/taksat\/\",\"url\":\"https:\/\/elitecoaching.io\/sq\/keshillim-financiar\/taksat\/\",\"name\":\"Taksat - Elite Coaching\",\"isPartOf\":{\"@id\":\"https:\/\/elitecoaching.io\/sq\/#website\"},\"datePublished\":\"2022-04-25T12:48:24+00:00\",\"dateModified\":\"2022-12-08T11:24:24+00:00\",\"description\":\"Segmenti Taksat i Elite Coaching ofron sh\u00ebrbime tatimore n\u00eb p\u00ebrputhje me standardet e cil\u00ebsis\u00eb m\u00eb t\u00eb lart\u00eb t\u00eb aplikuara n\u00eb k\u00ebt\u00eb fush\u00eb.\",\"breadcrumb\":{\"@id\":\"https:\/\/elitecoaching.io\/sq\/keshillim-financiar\/taksat\/#breadcrumb\"},\"inLanguage\":\"sq-AL\",\"potentialAction\":[{\"@type\":\"ReadAction\",\"target\":[\"https:\/\/elitecoaching.io\/sq\/keshillim-financiar\/taksat\/\"]}]},{\"@type\":\"BreadcrumbList\",\"@id\":\"https:\/\/elitecoaching.io\/sq\/keshillim-financiar\/taksat\/#breadcrumb\",\"itemListElement\":[{\"@type\":\"ListItem\",\"position\":1,\"name\":\"Home\",\"item\":\"https:\/\/elitecoaching.io\/sq\/\"},{\"@type\":\"ListItem\",\"position\":2,\"name\":\"K\u00ebshillim Financiar\",\"item\":\"https:\/\/elitecoaching.io\/sq\/financial-advisory\/\"},{\"@type\":\"ListItem\",\"position\":3,\"name\":\"Taksat\"}]},{\"@type\":\"WebSite\",\"@id\":\"https:\/\/elitecoaching.io\/sq\/#website\",\"url\":\"https:\/\/elitecoaching.io\/sq\/\",\"name\":\"Elite Coaching\",\"description\":\"Dedicated to Growth\",\"potentialAction\":[{\"@type\":\"SearchAction\",\"target\":{\"@type\":\"EntryPoint\",\"urlTemplate\":\"https:\/\/elitecoaching.io\/sq\/?s={search_term_string}\"},\"query-input\":\"required name=search_term_string\"}],\"inLanguage\":\"sq-AL\"}]}<\/script>\n<!-- \/ Yoast SEO Premium plugin. -->","yoast_head_json":{"title":"Taksat - Elite Coaching","description":"Segmenti Taksat i Elite Coaching ofron sh\u00ebrbime tatimore n\u00eb p\u00ebrputhje me standardet e cil\u00ebsis\u00eb m\u00eb t\u00eb lart\u00eb t\u00eb aplikuara n\u00eb k\u00ebt\u00eb fush\u00eb.","robots":{"index":"index","follow":"follow","max-snippet":"max-snippet:-1","max-image-preview":"max-image-preview:large","max-video-preview":"max-video-preview:-1"},"canonical":"https:\/\/elitecoaching.io\/sq\/keshillim-financiar\/taksat\/","og_locale":"sq_AL","og_type":"article","og_title":"Taksat","og_description":"Segmenti Taksat i Elite Coaching ofron sh\u00ebrbime tatimore n\u00eb p\u00ebrputhje me standardet e cil\u00ebsis\u00eb m\u00eb t\u00eb lart\u00eb t\u00eb aplikuara n\u00eb k\u00ebt\u00eb fush\u00eb.","og_url":"https:\/\/elitecoaching.io\/sq\/keshillim-financiar\/taksat\/","og_site_name":"Elite Coaching","article_modified_time":"2022-12-08T11:24:24+00:00","og_image":[{"url":"https:\/\/elitecoaching.io\/wp-content\/uploads\/2022\/05\/Taxes.webp"}],"twitter_card":"summary_large_image","twitter_misc":{"Est. reading time":"2 minutes"},"schema":{"@context":"https:\/\/schema.org","@graph":[{"@type":"WebPage","@id":"https:\/\/elitecoaching.io\/sq\/keshillim-financiar\/taksat\/","url":"https:\/\/elitecoaching.io\/sq\/keshillim-financiar\/taksat\/","name":"Taksat - Elite Coaching","isPartOf":{"@id":"https:\/\/elitecoaching.io\/sq\/#website"},"datePublished":"2022-04-25T12:48:24+00:00","dateModified":"2022-12-08T11:24:24+00:00","description":"Segmenti Taksat i Elite Coaching ofron sh\u00ebrbime tatimore n\u00eb p\u00ebrputhje me standardet e cil\u00ebsis\u00eb m\u00eb t\u00eb lart\u00eb t\u00eb aplikuara n\u00eb k\u00ebt\u00eb fush\u00eb.","breadcrumb":{"@id":"https:\/\/elitecoaching.io\/sq\/keshillim-financiar\/taksat\/#breadcrumb"},"inLanguage":"sq-AL","potentialAction":[{"@type":"ReadAction","target":["https:\/\/elitecoaching.io\/sq\/keshillim-financiar\/taksat\/"]}]},{"@type":"BreadcrumbList","@id":"https:\/\/elitecoaching.io\/sq\/keshillim-financiar\/taksat\/#breadcrumb","itemListElement":[{"@type":"ListItem","position":1,"name":"Home","item":"https:\/\/elitecoaching.io\/sq\/"},{"@type":"ListItem","position":2,"name":"K\u00ebshillim Financiar","item":"https:\/\/elitecoaching.io\/sq\/financial-advisory\/"},{"@type":"ListItem","position":3,"name":"Taksat"}]},{"@type":"WebSite","@id":"https:\/\/elitecoaching.io\/sq\/#website","url":"https:\/\/elitecoaching.io\/sq\/","name":"Elite Coaching","description":"Dedicated to Growth","potentialAction":[{"@type":"SearchAction","target":{"@type":"EntryPoint","urlTemplate":"https:\/\/elitecoaching.io\/sq\/?s={search_term_string}"},"query-input":"required name=search_term_string"}],"inLanguage":"sq-AL"}]}},"_links":{"self":[{"href":"https:\/\/elitecoaching.io\/sq\/wp-json\/wp\/v2\/pages\/20102"}],"collection":[{"href":"https:\/\/elitecoaching.io\/sq\/wp-json\/wp\/v2\/pages"}],"about":[{"href":"https:\/\/elitecoaching.io\/sq\/wp-json\/wp\/v2\/types\/page"}],"author":[{"embeddable":true,"href":"https:\/\/elitecoaching.io\/sq\/wp-json\/wp\/v2\/users\/1"}],"replies":[{"embeddable":true,"href":"https:\/\/elitecoaching.io\/sq\/wp-json\/wp\/v2\/comments?post=20102"}],"version-history":[{"count":3,"href":"https:\/\/elitecoaching.io\/sq\/wp-json\/wp\/v2\/pages\/20102\/revisions"}],"predecessor-version":[{"id":24353,"href":"https:\/\/elitecoaching.io\/sq\/wp-json\/wp\/v2\/pages\/20102\/revisions\/24353"}],"up":[{"embeddable":true,"href":"https:\/\/elitecoaching.io\/sq\/wp-json\/wp\/v2\/pages\/20087"}],"wp:attachment":[{"href":"https:\/\/elitecoaching.io\/sq\/wp-json\/wp\/v2\/media?parent=20102"}],"curies":[{"name":"wp","href":"https:\/\/api.w.org\/{rel}","templated":true}]}}