{"id":20134,"date":"2022-04-25T09:32:09","date_gmt":"2022-04-25T09:32:09","guid":{"rendered":"https:\/\/elitecoaching.io\/burimet-njerezore\/leje-pune-nderkombetare\/"},"modified":"2022-12-08T11:23:05","modified_gmt":"2022-12-08T11:23:05","slug":"leje-nderkombetare-pune","status":"publish","type":"page","link":"https:\/\/elitecoaching.io\/sq\/burime-njerezore\/leje-nderkombetare-pune\/","title":{"rendered":"Leje Nd\u00ebrkomb\u00ebtare Pune"},"content":{"rendered":"\t\t<div data-elementor-type=\"wp-page\" data-elementor-id=\"20134\" class=\"elementor elementor-20134 elementor-15368\" data-elementor-post-type=\"page\">\n\t\t\t\t\t\t\t\t\t<section class=\"elementor-section elementor-top-section elementor-element elementor-element-0a4517c elementor-section-full_width elementor-section-height-default elementor-section-height-default\" data-id=\"0a4517c\" data-element_type=\"section\">\n\t\t\t\t\t\t<div class=\"elementor-container elementor-column-gap-default\">\n\t\t\t\t\t<div class=\"elementor-column elementor-col-33 elementor-top-column elementor-element elementor-element-e98d9da\" data-id=\"e98d9da\" data-element_type=\"column\">\n\t\t\t<div class=\"elementor-widget-wrap\">\n\t\t\t\t\t\t\t\t\t<\/div>\n\t\t<\/div>\n\t\t\t\t<div class=\"elementor-column elementor-col-66 elementor-top-column elementor-element elementor-element-d6ee0c6\" data-id=\"d6ee0c6\" data-element_type=\"column\">\n\t\t\t<div class=\"elementor-widget-wrap elementor-element-populated\">\n\t\t\t\t\t\t\t\t<div class=\"elementor-element elementor-element-b33a931 animated-slow elementor-widget elementor-widget-text-editor\" data-id=\"b33a931\" data-element_type=\"widget\" data-settings=\"{&quot;_animation&quot;:&quot;none&quot;,&quot;_animation_delay&quot;:500}\" data-widget_type=\"text-editor.default\">\n\t\t\t\t<div class=\"elementor-widget-container\">\n\t\t\t\t\t\t\t<p>BURIMET NJER\u00cbZORE\/<\/p>\t\t\t\t\t\t<\/div>\n\t\t\t\t<\/div>\n\t\t\t\t<div class=\"elementor-element elementor-element-4130784 elementor-widget elementor-widget-heading\" data-id=\"4130784\" data-element_type=\"widget\" data-settings=\"{&quot;_animation&quot;:&quot;none&quot;}\" data-widget_type=\"heading.default\">\n\t\t\t\t<div class=\"elementor-widget-container\">\n\t\t\t<h2 class=\"elementor-heading-title elementor-size-default\">Leje Nd\u00ebrkomb\u00ebtare Pun\u00ebsimi<\/h2>\t\t<\/div>\n\t\t\t\t<\/div>\n\t\t\t\t\t<\/div>\n\t\t<\/div>\n\t\t\t\t\t\t\t<\/div>\n\t\t<\/section>\n\t\t\t\t<section class=\"elementor-section elementor-top-section elementor-element elementor-element-7ae4076 elementor-section-height-min-height panel elementor-section-full_width elementor-section-height-default elementor-section-items-middle\" data-id=\"7ae4076\" data-element_type=\"section\" data-settings=\"{&quot;background_background&quot;:&quot;classic&quot;}\" data-color=\"black\">\n\t\t\t\t\t\t\t<div class=\"elementor-background-overlay\"><\/div>\n\t\t\t\t\t\t\t<div class=\"elementor-container elementor-column-gap-default\">\n\t\t\t\t\t<div class=\"elementor-column elementor-col-100 elementor-top-column elementor-element elementor-element-7401910\" data-id=\"7401910\" data-element_type=\"column\" data-settings=\"{&quot;background_background&quot;:&quot;classic&quot;}\">\n\t\t\t<div class=\"elementor-widget-wrap elementor-element-populated\">\n\t\t\t\t\t\t\t\t<section class=\"elementor-section elementor-inner-section elementor-element elementor-element-642056d elementor-section-full_width elementor-section-height-default elementor-section-height-default\" data-id=\"642056d\" data-element_type=\"section\">\n\t\t\t\t\t\t<div class=\"elementor-container elementor-column-gap-default\">\n\t\t\t\t\t<div class=\"elementor-column elementor-col-100 elementor-inner-column elementor-element elementor-element-b1339d4\" data-id=\"b1339d4\" data-element_type=\"column\">\n\t\t\t<div class=\"elementor-widget-wrap elementor-element-populated\">\n\t\t\t\t\t\t\t\t<div class=\"elementor-element elementor-element-5d80232 elementor-widget elementor-widget-image\" data-id=\"5d80232\" data-element_type=\"widget\" data-widget_type=\"image.default\">\n\t\t\t\t<div class=\"elementor-widget-container\">\n\t\t\t\t\t\t\t\t\t\t\t\t\t\t\t<img decoding=\"async\" width=\"1920\" height=\"1281\" src=\"https:\/\/elitecoaching.io\/wp-content\/uploads\/2022\/05\/International-Working-Permit-.webp\" class=\"attachment-full size-full wp-image-18997\" alt=\"\" loading=\"lazy\" srcset=\"https:\/\/elitecoaching.io\/wp-content\/uploads\/2022\/05\/International-Working-Permit-.webp 1920w, https:\/\/elitecoaching.io\/wp-content\/uploads\/2022\/05\/International-Working-Permit--300x200.webp 300w, https:\/\/elitecoaching.io\/wp-content\/uploads\/2022\/05\/International-Working-Permit--1024x683.webp 1024w, https:\/\/elitecoaching.io\/wp-content\/uploads\/2022\/05\/International-Working-Permit--768x512.webp 768w, https:\/\/elitecoaching.io\/wp-content\/uploads\/2022\/05\/International-Working-Permit--1536x1025.webp 1536w\" sizes=\"(max-width: 1920px) 100vw, 1920px\" \/>\t\t\t\t\t\t\t\t\t\t\t\t\t\t\t<\/div>\n\t\t\t\t<\/div>\n\t\t\t\t\t<\/div>\n\t\t<\/div>\n\t\t\t\t\t\t\t<\/div>\n\t\t<\/section>\n\t\t\t\t\t<\/div>\n\t\t<\/div>\n\t\t\t\t\t\t\t<\/div>\n\t\t<\/section>\n\t\t\t\t<section class=\"elementor-section elementor-top-section elementor-element elementor-element-f1434e7 elementor-section-full_width elementor-section-height-min-height black elementor-section-height-default elementor-section-items-middle\" data-id=\"f1434e7\" data-element_type=\"section\" data-settings=\"{&quot;background_background&quot;:&quot;classic&quot;}\">\n\t\t\t\t\t\t<div class=\"elementor-container elementor-column-gap-default\">\n\t\t\t\t\t<div class=\"elementor-column elementor-col-100 elementor-top-column elementor-element elementor-element-c3233bb\" data-id=\"c3233bb\" data-element_type=\"column\">\n\t\t\t<div class=\"elementor-widget-wrap elementor-element-populated\">\n\t\t\t\t\t\t\t\t<section class=\"elementor-section elementor-inner-section elementor-element elementor-element-4a28ecf elementor-section-full_width elementor-section-height-default elementor-section-height-default\" data-id=\"4a28ecf\" data-element_type=\"section\">\n\t\t\t\t\t\t<div class=\"elementor-container elementor-column-gap-default\">\n\t\t\t\t\t<div class=\"elementor-column elementor-col-33 elementor-inner-column elementor-element elementor-element-e92ee4c\" data-id=\"e92ee4c\" data-element_type=\"column\">\n\t\t\t<div class=\"elementor-widget-wrap\">\n\t\t\t\t\t\t\t\t\t<\/div>\n\t\t<\/div>\n\t\t\t\t<div class=\"elementor-column elementor-col-33 elementor-inner-column elementor-element elementor-element-8848905\" data-id=\"8848905\" data-element_type=\"column\">\n\t\t\t<div class=\"elementor-widget-wrap elementor-element-populated\">\n\t\t\t\t\t\t\t\t<div class=\"elementor-element elementor-element-41c925c elementor-widget elementor-widget-heading\" data-id=\"41c925c\" data-element_type=\"widget\" data-widget_type=\"heading.default\">\n\t\t\t\t<div class=\"elementor-widget-container\">\n\t\t\t<h1 class=\"elementor-heading-title elementor-size-default\">Leje Nd\u00ebrkomb\u00ebtare Pune<br> Si funksionon?<\/h1>\t\t<\/div>\n\t\t\t\t<\/div>\n\t\t\t\t<div class=\"elementor-element elementor-element-39babc9 elementor-widget elementor-widget-text-editor\" data-id=\"39babc9\" data-element_type=\"widget\" data-widget_type=\"text-editor.default\">\n\t\t\t\t<div class=\"elementor-widget-container\">\n\t\t\t\t\t\t\t<p>Lejet e pun\u00ebs dhe VISA ju lejojn\u00eb t\u00eb udh\u00ebtoni, punoni ose studioni n\u00eb nj\u00eb shtet p\u00ebr nj\u00eb koh\u00eb t\u00eb caktuar. T\u00eb gjitha vendet, p\u00ebrfshir\u00eb SHBA-n\u00eb, k\u00ebrkojn\u00eb viz\u00eb pune; <strong>pun\u00ebdh\u00ebn\u00ebsit nuk do t&#8217;ju pun\u00ebsojn\u00eb<\/strong> pa nj\u00eb t\u00eb till\u00eb.<\/p><p>\u00a0<\/p><p>Tek\u00a0<strong><a href=\"https:\/\/elitecoaching.io\/sq\/\" target=\"_blank\" rel=\"noopener\"><span style=\"text-decoration: underline;\">Elite Coaching<\/span><\/a><\/strong>, <a href=\"https:\/\/etg.al\/about-us\/\" target=\"_blank\" rel=\"noopener\">ne<\/a> do t&#8217;ju ndihmojm\u00eb t\u00eb merrni nj\u00eb Leje Nd\u00ebrkomb\u00ebtare Pune ose viz\u00eb pune duke ju p\u00ebrfshir\u00eb shum\u00eb pak n\u00eb proces. Ne ofrojm\u00eb gjithashtu sh\u00ebrbime t\u00eb tilla si ankesa emigracioni dhe raste t\u00eb papranueshm\u00ebris\u00eb. Ne mund t\u00eb p\u00ebrcaktojm\u00eb se \u00e7far\u00eb lloj vize, kur \u00ebsht\u00eb e nevojshme, k\u00ebrkohet n\u00eb baz\u00eb t\u00eb arsyes s\u00eb udh\u00ebtimit n\u00eb shtetin ku doni t\u00eb punoni dhe n\u00eb lidhje me shtet\u00ebsin\u00eb tuaj.<\/p><p>\u00a0<\/p><p>P\u00ebr vende t\u00eb caktuara, vizat me leje pune afatshkurt\u00ebr ofrohen me aplikim. N\u00eb raste t\u00eb tjera, si p\u00ebr shembull p\u00ebr pun\u00ebsim afatgjat\u00eb, pun\u00ebdh\u00ebn\u00ebsit e huaj do t\u00eb duhet t\u00eb aplikojn\u00eb p\u00ebr viz\u00eb n\u00eb emrin tuaj.<\/p>\t\t\t\t\t\t<\/div>\n\t\t\t\t<\/div>\n\t\t\t\t\t<\/div>\n\t\t<\/div>\n\t\t\t\t<div class=\"elementor-column elementor-col-33 elementor-inner-column elementor-element elementor-element-5a73ad3\" data-id=\"5a73ad3\" data-element_type=\"column\">\n\t\t\t<div class=\"elementor-widget-wrap\">\n\t\t\t\t\t\t\t\t\t<\/div>\n\t\t<\/div>\n\t\t\t\t\t\t\t<\/div>\n\t\t<\/section>\n\t\t\t\t\t<\/div>\n\t\t<\/div>\n\t\t\t\t\t\t\t<\/div>\n\t\t<\/section>\n\t\t\t\t<section class=\"elementor-section elementor-top-section elementor-element elementor-element-d83e8e4 elementor-section-height-min-height elementor-section-boxed elementor-section-height-default elementor-section-items-middle\" data-id=\"d83e8e4\" data-element_type=\"section\" data-settings=\"{&quot;background_background&quot;:&quot;classic&quot;}\">\n\t\t\t\t\t\t\t<div class=\"elementor-background-overlay\"><\/div>\n\t\t\t\t\t\t\t<div class=\"elementor-container elementor-column-gap-default\">\n\t\t\t\t\t<div class=\"elementor-column elementor-col-25 elementor-top-column elementor-element elementor-element-6fbcb05\" data-id=\"6fbcb05\" data-element_type=\"column\">\n\t\t\t<div class=\"elementor-widget-wrap\">\n\t\t\t\t\t\t\t\t\t<\/div>\n\t\t<\/div>\n\t\t\t\t<div class=\"elementor-column elementor-col-50 elementor-top-column elementor-element elementor-element-9a0e0e5\" data-id=\"9a0e0e5\" data-element_type=\"column\" data-settings=\"{&quot;motion_fx_motion_fx_scrolling&quot;:&quot;yes&quot;,&quot;motion_fx_translateY_effect&quot;:&quot;yes&quot;,&quot;motion_fx_translateY_speed&quot;:{&quot;unit&quot;:&quot;px&quot;,&quot;size&quot;:4.4,&quot;sizes&quot;:[]},&quot;motion_fx_translateY_affectedRange&quot;:{&quot;unit&quot;:&quot;%&quot;,&quot;size&quot;:&quot;&quot;,&quot;sizes&quot;:{&quot;start&quot;:21,&quot;end&quot;:100}},&quot;motion_fx_devices&quot;:[&quot;desktop&quot;]}\">\n\t\t\t<div class=\"elementor-widget-wrap elementor-element-populated\">\n\t\t\t\t\t\t\t\t<div class=\"elementor-element elementor-element-ded6585 elementor-widget elementor-widget-text-editor\" data-id=\"ded6585\" data-element_type=\"widget\" data-widget_type=\"text-editor.default\">\n\t\t\t\t<div class=\"elementor-widget-container\">\n\t\t\t\t\t\t\t<p class=\"grve-element grve-title grve-align-center grve-h3\">Q\u00ebndro n\u00eb Lidhje<\/p>\t\t\t\t\t\t<\/div>\n\t\t\t\t<\/div>\n\t\t\t\t<div class=\"elementor-element elementor-element-bbd0ddf elementor-widget elementor-widget-heading\" data-id=\"bbd0ddf\" data-element_type=\"widget\" data-widget_type=\"heading.default\">\n\t\t\t\t<div class=\"elementor-widget-container\">\n\t\t\t<h2 class=\"elementor-heading-title elementor-size-default\">Ne na p\u00eblqen t\u00eb krijojm\u00eb miq\u00ebsi t\u00eb reja!\n<\/h2>\t\t<\/div>\n\t\t\t\t<\/div>\n\t\t\t\t<section class=\"elementor-section elementor-inner-section elementor-element elementor-element-5c93bc0 elementor-section-boxed elementor-section-height-default elementor-section-height-default\" data-id=\"5c93bc0\" data-element_type=\"section\">\n\t\t\t\t\t\t<div class=\"elementor-container elementor-column-gap-default\">\n\t\t\t\t\t<div class=\"elementor-column elementor-col-33 elementor-inner-column elementor-element elementor-element-a206983 elementor-hidden-mobile\" data-id=\"a206983\" data-element_type=\"column\">\n\t\t\t<div class=\"elementor-widget-wrap\">\n\t\t\t\t\t\t\t\t\t<\/div>\n\t\t<\/div>\n\t\t\t\t<div class=\"elementor-column elementor-col-33 elementor-inner-column elementor-element elementor-element-cf87746\" data-id=\"cf87746\" data-element_type=\"column\">\n\t\t\t<div class=\"elementor-widget-wrap elementor-element-populated\">\n\t\t\t\t\t\t\t\t<div class=\"elementor-element elementor-element-faea2d2 elementor-widget elementor-widget-ucaddon_creative_buttons\" data-id=\"faea2d2\" data-element_type=\"widget\" data-widget_type=\"ucaddon_creative_buttons.default\">\n\t\t\t\t<div class=\"elementor-widget-container\">\n\t\t\t<!-- start Creative Button Hovers -->\n\t\t<link id='uc_ac_assets_file_uc_creative_buttons_css_1983-css' href='https:\/\/elitecoaching.io\/wp-content\/uploads\/ac_assets\/uc_creative_buttons\/uc_creative_buttons.css' type='text\/css' rel='stylesheet' >\n\n\t\t\t<style type=\"text\/css\">\/* widget: Creative Button Hovers *\/\n\n#uc_creative_buttons_elementor_faea2d2.uc_creative_buttons{\n  text-align: center;\n}\n#uc_creative_buttons_elementor_faea2d2.uc_creative_buttons .uc_button,\n#uc_creative_buttons_elementor_faea2d2.uc_creative_buttons .uc_button::after {\n\ttransition: all 0.3s;\n}\n\n#uc_creative_buttons_elementor_faea2d2.uc_creative_buttons .uc_button {\n\n\n  display: inline-block;\n  overflow:hidden;\n}\n\n<\/style>\n\n\t\t\t<div class=\"uc_creative_buttons\" id=\"uc_creative_buttons_elementor_faea2d2\">\n  <div class=\"container\">\n    <a href=\"https:\/\/elitecoaching.io\/sq\/forme-kontakti\/\" class=\"uc_button button-padding uc_btn-7\" ><span>Na Kontaktoni<\/span><\/a>\n  <\/div>\n<\/div>\n\t\t\t<!-- end Creative Button Hovers -->\t\t<\/div>\n\t\t\t\t<\/div>\n\t\t\t\t\t<\/div>\n\t\t<\/div>\n\t\t\t\t<div class=\"elementor-column elementor-col-33 elementor-inner-column elementor-element elementor-element-c1a3afe\" data-id=\"c1a3afe\" data-element_type=\"column\">\n\t\t\t<div class=\"elementor-widget-wrap\">\n\t\t\t\t\t\t\t\t\t<\/div>\n\t\t<\/div>\n\t\t\t\t\t\t\t<\/div>\n\t\t<\/section>\n\t\t\t\t\t<\/div>\n\t\t<\/div>\n\t\t\t\t<div class=\"elementor-column elementor-col-25 elementor-top-column elementor-element elementor-element-6cf7838\" data-id=\"6cf7838\" data-element_type=\"column\">\n\t\t\t<div class=\"elementor-widget-wrap\">\n\t\t\t\t\t\t\t\t\t<\/div>\n\t\t<\/div>\n\t\t\t\t\t\t\t<\/div>\n\t\t<\/section>\n\t\t\t\t\t\t\t<\/div>\n\t\t","protected":false},"excerpt":{"rendered":"<p>BURIMET NJER\u00cbZORE\/ Leje Nd\u00ebrkomb\u00ebtare Pun\u00ebsimi Leje Nd\u00ebrkomb\u00ebtare Pune Si funksionon? Lejet e pun\u00ebs dhe VISA ju lejojn\u00eb t\u00eb udh\u00ebtoni, punoni ose studioni n\u00eb nj\u00eb shtet p\u00ebr nj\u00eb koh\u00eb t\u00eb caktuar. T\u00eb gjitha vendet, p\u00ebrfshir\u00eb SHBA-n\u00eb, k\u00ebrkojn\u00eb viz\u00eb pune; pun\u00ebdh\u00ebn\u00ebsit nuk do t&#8217;ju pun\u00ebsojn\u00eb pa nj\u00eb t\u00eb till\u00eb. \u00a0 Tek\u00a0Elite Coaching, ne do t&#8217;ju ndihmojm\u00eb t\u00eb [&#8230;]<\/p>\n<p><a class=\"btn btn-secondary understrap-read-more-link\" href=\"https:\/\/elitecoaching.io\/sq\/burime-njerezore\/leje-nderkombetare-pune\/\">Read More&#8230;<\/a><\/p>\n","protected":false},"author":1,"featured_media":0,"parent":20132,"menu_order":0,"comment_status":"closed","ping_status":"closed","template":"page-templates\/template-home.php","meta":[],"yoast_head":"<!-- This site is optimized with the Yoast SEO Premium plugin v18.4 (Yoast SEO v20.11) - https:\/\/yoast.com\/wordpress\/plugins\/seo\/ -->\n<title>Leje Nd\u00ebrkomb\u00ebtare Pune - Elite Coaching<\/title>\n<meta name=\"description\" content=\"Leje Nd\u00ebrkomb\u00ebtare Pune ju lejon t\u00eb udh\u00ebtoni, punoni ose studioni n\u00eb nj\u00eb shtet t\u00eb caktuar p\u00ebr nj\u00eb periudh\u00eb kohore.\" \/>\n<meta name=\"robots\" content=\"index, follow, max-snippet:-1, max-image-preview:large, max-video-preview:-1\" \/>\n<link rel=\"canonical\" href=\"https:\/\/elitecoaching.io\/sq\/burime-njerezore\/leje-nderkombetare-pune\/\" \/>\n<meta property=\"og:locale\" content=\"sq_AL\" \/>\n<meta property=\"og:type\" content=\"article\" \/>\n<meta property=\"og:title\" content=\"Leje Nd\u00ebrkomb\u00ebtare Pune\" \/>\n<meta property=\"og:description\" content=\"Leje Nd\u00ebrkomb\u00ebtare Pune ju lejon t\u00eb udh\u00ebtoni, punoni ose studioni n\u00eb nj\u00eb shtet t\u00eb caktuar p\u00ebr nj\u00eb periudh\u00eb kohore.\" \/>\n<meta property=\"og:url\" content=\"https:\/\/elitecoaching.io\/sq\/burime-njerezore\/leje-nderkombetare-pune\/\" \/>\n<meta property=\"og:site_name\" content=\"Elite Coaching\" \/>\n<meta property=\"article:modified_time\" content=\"2022-12-08T11:23:05+00:00\" \/>\n<meta property=\"og:image\" content=\"https:\/\/elitecoaching.io\/wp-content\/uploads\/2022\/05\/International-Working-Permit-.webp\" \/>\n<meta name=\"twitter:card\" content=\"summary_large_image\" \/>\n<meta name=\"twitter:label1\" content=\"Est. reading time\" \/>\n\t<meta name=\"twitter:data1\" content=\"2 minutes\" \/>\n<script type=\"application\/ld+json\" class=\"yoast-schema-graph\">{\"@context\":\"https:\/\/schema.org\",\"@graph\":[{\"@type\":\"WebPage\",\"@id\":\"https:\/\/elitecoaching.io\/sq\/burime-njerezore\/leje-nderkombetare-pune\/\",\"url\":\"https:\/\/elitecoaching.io\/sq\/burime-njerezore\/leje-nderkombetare-pune\/\",\"name\":\"Leje Nd\u00ebrkomb\u00ebtare Pune - Elite Coaching\",\"isPartOf\":{\"@id\":\"https:\/\/elitecoaching.io\/sq\/#website\"},\"datePublished\":\"2022-04-25T09:32:09+00:00\",\"dateModified\":\"2022-12-08T11:23:05+00:00\",\"description\":\"Leje Nd\u00ebrkomb\u00ebtare Pune ju lejon t\u00eb udh\u00ebtoni, punoni ose studioni n\u00eb nj\u00eb shtet t\u00eb caktuar p\u00ebr nj\u00eb periudh\u00eb kohore.\",\"breadcrumb\":{\"@id\":\"https:\/\/elitecoaching.io\/sq\/burime-njerezore\/leje-nderkombetare-pune\/#breadcrumb\"},\"inLanguage\":\"sq-AL\",\"potentialAction\":[{\"@type\":\"ReadAction\",\"target\":[\"https:\/\/elitecoaching.io\/sq\/burime-njerezore\/leje-nderkombetare-pune\/\"]}]},{\"@type\":\"BreadcrumbList\",\"@id\":\"https:\/\/elitecoaching.io\/sq\/burime-njerezore\/leje-nderkombetare-pune\/#breadcrumb\",\"itemListElement\":[{\"@type\":\"ListItem\",\"position\":1,\"name\":\"Home\",\"item\":\"https:\/\/elitecoaching.io\/sq\/\"},{\"@type\":\"ListItem\",\"position\":2,\"name\":\"Burime Njer\u00ebzore\",\"item\":\"https:\/\/elitecoaching.io\/sq\/human-resources\/\"},{\"@type\":\"ListItem\",\"position\":3,\"name\":\"Leje Nd\u00ebrkomb\u00ebtare Pune\"}]},{\"@type\":\"WebSite\",\"@id\":\"https:\/\/elitecoaching.io\/sq\/#website\",\"url\":\"https:\/\/elitecoaching.io\/sq\/\",\"name\":\"Elite Coaching\",\"description\":\"Dedicated to Growth\",\"potentialAction\":[{\"@type\":\"SearchAction\",\"target\":{\"@type\":\"EntryPoint\",\"urlTemplate\":\"https:\/\/elitecoaching.io\/sq\/?s={search_term_string}\"},\"query-input\":\"required name=search_term_string\"}],\"inLanguage\":\"sq-AL\"}]}<\/script>\n<!-- \/ Yoast SEO Premium plugin. -->","yoast_head_json":{"title":"Leje Nd\u00ebrkomb\u00ebtare Pune - Elite Coaching","description":"Leje Nd\u00ebrkomb\u00ebtare Pune ju lejon t\u00eb udh\u00ebtoni, punoni ose studioni n\u00eb nj\u00eb shtet t\u00eb caktuar p\u00ebr nj\u00eb periudh\u00eb kohore.","robots":{"index":"index","follow":"follow","max-snippet":"max-snippet:-1","max-image-preview":"max-image-preview:large","max-video-preview":"max-video-preview:-1"},"canonical":"https:\/\/elitecoaching.io\/sq\/burime-njerezore\/leje-nderkombetare-pune\/","og_locale":"sq_AL","og_type":"article","og_title":"Leje Nd\u00ebrkomb\u00ebtare Pune","og_description":"Leje Nd\u00ebrkomb\u00ebtare Pune ju lejon t\u00eb udh\u00ebtoni, punoni ose studioni n\u00eb nj\u00eb shtet t\u00eb caktuar p\u00ebr nj\u00eb periudh\u00eb kohore.","og_url":"https:\/\/elitecoaching.io\/sq\/burime-njerezore\/leje-nderkombetare-pune\/","og_site_name":"Elite Coaching","article_modified_time":"2022-12-08T11:23:05+00:00","og_image":[{"url":"https:\/\/elitecoaching.io\/wp-content\/uploads\/2022\/05\/International-Working-Permit-.webp"}],"twitter_card":"summary_large_image","twitter_misc":{"Est. reading time":"2 minutes"},"schema":{"@context":"https:\/\/schema.org","@graph":[{"@type":"WebPage","@id":"https:\/\/elitecoaching.io\/sq\/burime-njerezore\/leje-nderkombetare-pune\/","url":"https:\/\/elitecoaching.io\/sq\/burime-njerezore\/leje-nderkombetare-pune\/","name":"Leje Nd\u00ebrkomb\u00ebtare Pune - Elite Coaching","isPartOf":{"@id":"https:\/\/elitecoaching.io\/sq\/#website"},"datePublished":"2022-04-25T09:32:09+00:00","dateModified":"2022-12-08T11:23:05+00:00","description":"Leje Nd\u00ebrkomb\u00ebtare Pune ju lejon t\u00eb udh\u00ebtoni, punoni ose studioni n\u00eb nj\u00eb shtet t\u00eb caktuar p\u00ebr nj\u00eb periudh\u00eb kohore.","breadcrumb":{"@id":"https:\/\/elitecoaching.io\/sq\/burime-njerezore\/leje-nderkombetare-pune\/#breadcrumb"},"inLanguage":"sq-AL","potentialAction":[{"@type":"ReadAction","target":["https:\/\/elitecoaching.io\/sq\/burime-njerezore\/leje-nderkombetare-pune\/"]}]},{"@type":"BreadcrumbList","@id":"https:\/\/elitecoaching.io\/sq\/burime-njerezore\/leje-nderkombetare-pune\/#breadcrumb","itemListElement":[{"@type":"ListItem","position":1,"name":"Home","item":"https:\/\/elitecoaching.io\/sq\/"},{"@type":"ListItem","position":2,"name":"Burime Njer\u00ebzore","item":"https:\/\/elitecoaching.io\/sq\/human-resources\/"},{"@type":"ListItem","position":3,"name":"Leje Nd\u00ebrkomb\u00ebtare Pune"}]},{"@type":"WebSite","@id":"https:\/\/elitecoaching.io\/sq\/#website","url":"https:\/\/elitecoaching.io\/sq\/","name":"Elite Coaching","description":"Dedicated to Growth","potentialAction":[{"@type":"SearchAction","target":{"@type":"EntryPoint","urlTemplate":"https:\/\/elitecoaching.io\/sq\/?s={search_term_string}"},"query-input":"required name=search_term_string"}],"inLanguage":"sq-AL"}]}},"_links":{"self":[{"href":"https:\/\/elitecoaching.io\/sq\/wp-json\/wp\/v2\/pages\/20134"}],"collection":[{"href":"https:\/\/elitecoaching.io\/sq\/wp-json\/wp\/v2\/pages"}],"about":[{"href":"https:\/\/elitecoaching.io\/sq\/wp-json\/wp\/v2\/types\/page"}],"author":[{"embeddable":true,"href":"https:\/\/elitecoaching.io\/sq\/wp-json\/wp\/v2\/users\/1"}],"replies":[{"embeddable":true,"href":"https:\/\/elitecoaching.io\/sq\/wp-json\/wp\/v2\/comments?post=20134"}],"version-history":[{"count":3,"href":"https:\/\/elitecoaching.io\/sq\/wp-json\/wp\/v2\/pages\/20134\/revisions"}],"predecessor-version":[{"id":24322,"href":"https:\/\/elitecoaching.io\/sq\/wp-json\/wp\/v2\/pages\/20134\/revisions\/24322"}],"up":[{"embeddable":true,"href":"https:\/\/elitecoaching.io\/sq\/wp-json\/wp\/v2\/pages\/20132"}],"wp:attachment":[{"href":"https:\/\/elitecoaching.io\/sq\/wp-json\/wp\/v2\/media?parent=20134"}],"curies":[{"name":"wp","href":"https:\/\/api.w.org\/{rel}","templated":true}]}}