{"id":20136,"date":"2022-04-25T09:14:52","date_gmt":"2022-04-25T09:14:52","guid":{"rendered":"https:\/\/elitecoaching.io\/burimet-njerezore\/rekrutimi-i-stafit\/"},"modified":"2022-12-08T11:22:56","modified_gmt":"2022-12-08T11:22:56","slug":"rekrutimi-i-stafit","status":"publish","type":"page","link":"https:\/\/elitecoaching.io\/sq\/burime-njerezore\/rekrutimi-i-stafit\/","title":{"rendered":"Rekrutimi i Stafit"},"content":{"rendered":"\t\t<div data-elementor-type=\"wp-page\" data-elementor-id=\"20136\" class=\"elementor elementor-20136 elementor-15345\" data-elementor-post-type=\"page\">\n\t\t\t\t\t\t\t\t\t<section class=\"elementor-section elementor-top-section elementor-element elementor-element-ce17eae elementor-section-full_width elementor-section-height-default elementor-section-height-default\" data-id=\"ce17eae\" data-element_type=\"section\">\n\t\t\t\t\t\t<div class=\"elementor-container elementor-column-gap-default\">\n\t\t\t\t\t<div class=\"elementor-column elementor-col-33 elementor-top-column elementor-element elementor-element-6593532\" data-id=\"6593532\" data-element_type=\"column\">\n\t\t\t<div class=\"elementor-widget-wrap\">\n\t\t\t\t\t\t\t\t\t<\/div>\n\t\t<\/div>\n\t\t\t\t<div class=\"elementor-column elementor-col-66 elementor-top-column elementor-element elementor-element-85d6bc5\" data-id=\"85d6bc5\" data-element_type=\"column\">\n\t\t\t<div class=\"elementor-widget-wrap elementor-element-populated\">\n\t\t\t\t\t\t\t\t<div class=\"elementor-element elementor-element-7db5e33 animated-slow elementor-widget elementor-widget-text-editor\" data-id=\"7db5e33\" data-element_type=\"widget\" data-settings=\"{&quot;_animation&quot;:&quot;none&quot;,&quot;_animation_delay&quot;:500}\" data-widget_type=\"text-editor.default\">\n\t\t\t\t<div class=\"elementor-widget-container\">\n\t\t\t\t\t\t\t<p>BURIMET NJER\u00cbZORE\/<\/p>\t\t\t\t\t\t<\/div>\n\t\t\t\t<\/div>\n\t\t\t\t<div class=\"elementor-element elementor-element-5f15214 elementor-widget elementor-widget-heading\" data-id=\"5f15214\" data-element_type=\"widget\" data-settings=\"{&quot;_animation&quot;:&quot;none&quot;}\" data-widget_type=\"heading.default\">\n\t\t\t\t<div class=\"elementor-widget-container\">\n\t\t\t<h1 class=\"elementor-heading-title elementor-size-default\">Rekrutimi i Stafit<\/h1>\t\t<\/div>\n\t\t\t\t<\/div>\n\t\t\t\t\t<\/div>\n\t\t<\/div>\n\t\t\t\t\t\t\t<\/div>\n\t\t<\/section>\n\t\t\t\t<section class=\"elementor-section elementor-top-section elementor-element elementor-element-b0b5746 elementor-section-height-min-height panel elementor-section-full_width elementor-section-height-default elementor-section-items-middle\" data-id=\"b0b5746\" data-element_type=\"section\" data-settings=\"{&quot;background_background&quot;:&quot;classic&quot;}\" data-color=\"black\">\n\t\t\t\t\t\t\t<div class=\"elementor-background-overlay\"><\/div>\n\t\t\t\t\t\t\t<div class=\"elementor-container elementor-column-gap-default\">\n\t\t\t\t\t<div class=\"elementor-column elementor-col-100 elementor-top-column elementor-element elementor-element-ca26fb4\" data-id=\"ca26fb4\" data-element_type=\"column\" data-settings=\"{&quot;background_background&quot;:&quot;classic&quot;}\">\n\t\t\t<div class=\"elementor-widget-wrap elementor-element-populated\">\n\t\t\t\t\t\t\t\t<section class=\"elementor-section elementor-inner-section elementor-element elementor-element-272d54b elementor-section-full_width elementor-section-height-default elementor-section-height-default\" data-id=\"272d54b\" data-element_type=\"section\">\n\t\t\t\t\t\t<div class=\"elementor-container elementor-column-gap-default\">\n\t\t\t\t\t<div class=\"elementor-column elementor-col-100 elementor-inner-column elementor-element elementor-element-71d8773\" data-id=\"71d8773\" data-element_type=\"column\">\n\t\t\t<div class=\"elementor-widget-wrap elementor-element-populated\">\n\t\t\t\t\t\t\t\t<div class=\"elementor-element elementor-element-85d9b7a elementor-widget elementor-widget-image\" data-id=\"85d9b7a\" data-element_type=\"widget\" data-widget_type=\"image.default\">\n\t\t\t\t<div class=\"elementor-widget-container\">\n\t\t\t\t\t\t\t\t\t\t\t\t\t\t\t<img decoding=\"async\" width=\"1920\" height=\"1280\" src=\"https:\/\/elitecoaching.io\/wp-content\/uploads\/2022\/05\/Staff-Recruitment-.webp\" class=\"attachment-full size-full wp-image-18973\" alt=\"\" loading=\"lazy\" srcset=\"https:\/\/elitecoaching.io\/wp-content\/uploads\/2022\/05\/Staff-Recruitment-.webp 1920w, https:\/\/elitecoaching.io\/wp-content\/uploads\/2022\/05\/Staff-Recruitment--300x200.webp 300w, https:\/\/elitecoaching.io\/wp-content\/uploads\/2022\/05\/Staff-Recruitment--1024x683.webp 1024w, https:\/\/elitecoaching.io\/wp-content\/uploads\/2022\/05\/Staff-Recruitment--768x512.webp 768w, https:\/\/elitecoaching.io\/wp-content\/uploads\/2022\/05\/Staff-Recruitment--1536x1024.webp 1536w\" sizes=\"(max-width: 1920px) 100vw, 1920px\" \/>\t\t\t\t\t\t\t\t\t\t\t\t\t\t\t<\/div>\n\t\t\t\t<\/div>\n\t\t\t\t\t<\/div>\n\t\t<\/div>\n\t\t\t\t\t\t\t<\/div>\n\t\t<\/section>\n\t\t\t\t\t<\/div>\n\t\t<\/div>\n\t\t\t\t\t\t\t<\/div>\n\t\t<\/section>\n\t\t\t\t<section class=\"elementor-section elementor-top-section elementor-element elementor-element-490bc44 elementor-section-full_width elementor-section-height-min-height black elementor-section-height-default elementor-section-items-middle\" data-id=\"490bc44\" data-element_type=\"section\" data-settings=\"{&quot;background_background&quot;:&quot;classic&quot;}\">\n\t\t\t\t\t\t<div class=\"elementor-container elementor-column-gap-default\">\n\t\t\t\t\t<div class=\"elementor-column elementor-col-100 elementor-top-column elementor-element elementor-element-8be07cf\" data-id=\"8be07cf\" data-element_type=\"column\">\n\t\t\t<div class=\"elementor-widget-wrap elementor-element-populated\">\n\t\t\t\t\t\t\t\t<section class=\"elementor-section elementor-inner-section elementor-element elementor-element-6f4ad95 elementor-section-full_width elementor-section-height-default elementor-section-height-default\" data-id=\"6f4ad95\" data-element_type=\"section\">\n\t\t\t\t\t\t<div class=\"elementor-container elementor-column-gap-default\">\n\t\t\t\t\t<div class=\"elementor-column elementor-col-33 elementor-inner-column elementor-element elementor-element-4ebd8d5\" data-id=\"4ebd8d5\" data-element_type=\"column\">\n\t\t\t<div class=\"elementor-widget-wrap\">\n\t\t\t\t\t\t\t\t\t<\/div>\n\t\t<\/div>\n\t\t\t\t<div class=\"elementor-column elementor-col-33 elementor-inner-column elementor-element elementor-element-69f7969\" data-id=\"69f7969\" data-element_type=\"column\">\n\t\t\t<div class=\"elementor-widget-wrap elementor-element-populated\">\n\t\t\t\t\t\t\t\t<div class=\"elementor-element elementor-element-9de7026 elementor-widget elementor-widget-heading\" data-id=\"9de7026\" data-element_type=\"widget\" data-widget_type=\"heading.default\">\n\t\t\t\t<div class=\"elementor-widget-container\">\n\t\t\t<h2 class=\"elementor-heading-title elementor-size-default\">Mir\u00eb se vini n\u00eb udh\u00ebtim!<\/h2>\t\t<\/div>\n\t\t\t\t<\/div>\n\t\t\t\t<div class=\"elementor-element elementor-element-3e4d025 elementor-widget elementor-widget-text-editor\" data-id=\"3e4d025\" data-element_type=\"widget\" data-widget_type=\"text-editor.default\">\n\t\t\t\t<div class=\"elementor-widget-container\">\n\t\t\t\t\t\t\t<p class=\"Kristi\">T\u00eb jesh trajner \u00ebsht\u00eb nj\u00eb zgjedhje dhe stil jete q\u00eb i jep p\u00ebrpar\u00ebsi potencialit njer\u00ebzor si p\u00ebr ju ashtu edhe p\u00ebr klient\u00ebt tuaj.<\/p><p>\u00a0<\/p><p class=\"Kristi\">Segmenti &#8220;Rekrutimi i Stafit&#8221; i <a href=\"https:\/\/elitecoaching.io\/sq\/\" target=\"_blank\" rel=\"noopener\">Elite Coaching<\/a>, ju jep mjetet, planin hap pas hapi dhe njohurit\u00eb e nevojshme p\u00ebr t\u00eb \u00e7uar aft\u00ebsit\u00eb tuaja profesionale n\u00eb nj\u00eb nivel t\u00eb ri vlerash dhe sakt\u00ebsie drejt nj\u00eb transformimi t\u00eb thell\u00eb profesional, nd\u00ebrgjegj\u00ebsues dhe komunikues. Ne mund t\u00eb ndihmojm\u00eb n\u00eb rekrutimin e stafit tuaj p\u00ebr t\u00eb fituar aft\u00ebsi t\u00eb reja, p\u00ebr t\u00eb zhvilluar aft\u00ebsi t\u00eb\u00a0 drejt profesionalizmit n\u00eb fush\u00ebn ku nd\u00ebrveprojn\u00eb. P\u00ebrqendrimi n\u00eb PSK (P\u00ebrgjegj\u00ebsia Sociale e Korporat\u00ebs) si element i r\u00ebnd\u00ebsish\u00ebm n\u00eb rrug\u00ebn e t\u00eb m\u00ebsuarit \u00ebsht\u00eb prioriteti yn\u00eb i radh\u00ebs brenda segmentit ton\u00eb trajnues.<\/p><p><a href=\"https:\/\/etg.al\/our-business\/\" target=\"_blank\" rel=\"noopener\"><br \/><strong>Biznesi yn\u00eb \u00ebsht\u00eb i nd\u00ebrtuar mbi respekt<\/strong><\/a><b>in!<\/b><\/p><p class=\"Kristi\">P\u00ebrve\u00e7 k\u00ebsaj, ne mir\u00ebpresim t\u00eb gjitha nivelet e trajner\u00ebve dhe leht\u00ebsuesve t\u00eb gatsh\u00ebm p\u00ebr t\u00eb katalizuar nj\u00eb transformim m\u00eb t\u00eb madh dhe p\u00ebr t\u00eb ngritur vler\u00ebn dhe ndikimin e tyre si udh\u00ebrr\u00ebfyes.<\/p>\t\t\t\t\t\t<\/div>\n\t\t\t\t<\/div>\n\t\t\t\t\t<\/div>\n\t\t<\/div>\n\t\t\t\t<div class=\"elementor-column elementor-col-33 elementor-inner-column elementor-element elementor-element-c420d3d\" data-id=\"c420d3d\" data-element_type=\"column\">\n\t\t\t<div class=\"elementor-widget-wrap\">\n\t\t\t\t\t\t\t\t\t<\/div>\n\t\t<\/div>\n\t\t\t\t\t\t\t<\/div>\n\t\t<\/section>\n\t\t\t\t\t<\/div>\n\t\t<\/div>\n\t\t\t\t\t\t\t<\/div>\n\t\t<\/section>\n\t\t\t\t<section class=\"elementor-section elementor-top-section elementor-element elementor-element-1682382 elementor-section-height-min-height elementor-section-boxed elementor-section-height-default elementor-section-items-middle\" data-id=\"1682382\" data-element_type=\"section\" data-settings=\"{&quot;background_background&quot;:&quot;classic&quot;}\">\n\t\t\t\t\t\t\t<div class=\"elementor-background-overlay\"><\/div>\n\t\t\t\t\t\t\t<div class=\"elementor-container elementor-column-gap-default\">\n\t\t\t\t\t<div class=\"elementor-column elementor-col-25 elementor-top-column elementor-element elementor-element-759da81\" data-id=\"759da81\" data-element_type=\"column\">\n\t\t\t<div class=\"elementor-widget-wrap\">\n\t\t\t\t\t\t\t\t\t<\/div>\n\t\t<\/div>\n\t\t\t\t<div class=\"elementor-column elementor-col-50 elementor-top-column elementor-element elementor-element-681d161\" data-id=\"681d161\" data-element_type=\"column\" data-settings=\"{&quot;motion_fx_motion_fx_scrolling&quot;:&quot;yes&quot;,&quot;motion_fx_translateY_effect&quot;:&quot;yes&quot;,&quot;motion_fx_translateY_speed&quot;:{&quot;unit&quot;:&quot;px&quot;,&quot;size&quot;:4.4,&quot;sizes&quot;:[]},&quot;motion_fx_translateY_affectedRange&quot;:{&quot;unit&quot;:&quot;%&quot;,&quot;size&quot;:&quot;&quot;,&quot;sizes&quot;:{&quot;start&quot;:21,&quot;end&quot;:100}},&quot;motion_fx_devices&quot;:[&quot;desktop&quot;]}\">\n\t\t\t<div class=\"elementor-widget-wrap elementor-element-populated\">\n\t\t\t\t\t\t\t\t<div class=\"elementor-element elementor-element-4c52daa elementor-widget elementor-widget-text-editor\" data-id=\"4c52daa\" data-element_type=\"widget\" data-widget_type=\"text-editor.default\">\n\t\t\t\t<div class=\"elementor-widget-container\">\n\t\t\t\t\t\t\t<p class=\"grve-element grve-title grve-align-center grve-h3\">Q\u00ebndro n\u00eb Lidhje<\/p>\t\t\t\t\t\t<\/div>\n\t\t\t\t<\/div>\n\t\t\t\t<div class=\"elementor-element elementor-element-068af84 elementor-widget elementor-widget-heading\" data-id=\"068af84\" data-element_type=\"widget\" data-widget_type=\"heading.default\">\n\t\t\t\t<div class=\"elementor-widget-container\">\n\t\t\t<h2 class=\"elementor-heading-title elementor-size-default\">Ne na p\u00eblqen t\u00eb krijojm\u00eb miq\u00ebsi t\u00eb reja!\n<\/h2>\t\t<\/div>\n\t\t\t\t<\/div>\n\t\t\t\t<section class=\"elementor-section elementor-inner-section elementor-element elementor-element-1827780 elementor-section-boxed elementor-section-height-default elementor-section-height-default\" data-id=\"1827780\" data-element_type=\"section\">\n\t\t\t\t\t\t<div class=\"elementor-container elementor-column-gap-default\">\n\t\t\t\t\t<div class=\"elementor-column elementor-col-33 elementor-inner-column elementor-element elementor-element-062b329 elementor-hidden-mobile\" data-id=\"062b329\" data-element_type=\"column\">\n\t\t\t<div class=\"elementor-widget-wrap\">\n\t\t\t\t\t\t\t\t\t<\/div>\n\t\t<\/div>\n\t\t\t\t<div class=\"elementor-column elementor-col-33 elementor-inner-column elementor-element elementor-element-7296d2d\" data-id=\"7296d2d\" data-element_type=\"column\">\n\t\t\t<div class=\"elementor-widget-wrap elementor-element-populated\">\n\t\t\t\t\t\t\t\t<div class=\"elementor-element elementor-element-c2efa36 elementor-widget elementor-widget-ucaddon_creative_buttons\" data-id=\"c2efa36\" data-element_type=\"widget\" data-widget_type=\"ucaddon_creative_buttons.default\">\n\t\t\t\t<div class=\"elementor-widget-container\">\n\t\t\t<!-- start Creative Button Hovers -->\n\t\t<link id='uc_ac_assets_file_uc_creative_buttons_css_1983-css' href='https:\/\/elitecoaching.io\/wp-content\/uploads\/ac_assets\/uc_creative_buttons\/uc_creative_buttons.css' type='text\/css' rel='stylesheet' >\n\n\t\t\t<style type=\"text\/css\">\/* widget: Creative Button Hovers *\/\n\n#uc_creative_buttons_elementor_c2efa36.uc_creative_buttons{\n  text-align: center;\n}\n#uc_creative_buttons_elementor_c2efa36.uc_creative_buttons .uc_button,\n#uc_creative_buttons_elementor_c2efa36.uc_creative_buttons .uc_button::after {\n\ttransition: all 0.3s;\n}\n\n#uc_creative_buttons_elementor_c2efa36.uc_creative_buttons .uc_button {\n\n\n  display: inline-block;\n  overflow:hidden;\n}\n\n<\/style>\n\n\t\t\t<div class=\"uc_creative_buttons\" id=\"uc_creative_buttons_elementor_c2efa36\">\n  <div class=\"container\">\n    <a href=\"https:\/\/elitecoaching.io\/sq\/forme-kontakti\/\" class=\"uc_button button-padding uc_btn-7\" ><span>Na Kontaktoni<\/span><\/a>\n  <\/div>\n<\/div>\n\t\t\t<!-- end Creative Button Hovers -->\t\t<\/div>\n\t\t\t\t<\/div>\n\t\t\t\t\t<\/div>\n\t\t<\/div>\n\t\t\t\t<div class=\"elementor-column elementor-col-33 elementor-inner-column elementor-element elementor-element-7e67dd9\" data-id=\"7e67dd9\" data-element_type=\"column\">\n\t\t\t<div class=\"elementor-widget-wrap\">\n\t\t\t\t\t\t\t\t\t<\/div>\n\t\t<\/div>\n\t\t\t\t\t\t\t<\/div>\n\t\t<\/section>\n\t\t\t\t\t<\/div>\n\t\t<\/div>\n\t\t\t\t<div class=\"elementor-column elementor-col-25 elementor-top-column elementor-element elementor-element-e9eb419\" data-id=\"e9eb419\" data-element_type=\"column\">\n\t\t\t<div class=\"elementor-widget-wrap\">\n\t\t\t\t\t\t\t\t\t<\/div>\n\t\t<\/div>\n\t\t\t\t\t\t\t<\/div>\n\t\t<\/section>\n\t\t\t\t\t\t\t<\/div>\n\t\t","protected":false},"excerpt":{"rendered":"<p>BURIMET NJER\u00cbZORE\/ Rekrutimi i Stafit Mir\u00eb se vini n\u00eb udh\u00ebtim! T\u00eb jesh trajner \u00ebsht\u00eb nj\u00eb zgjedhje dhe stil jete q\u00eb i jep p\u00ebrpar\u00ebsi potencialit njer\u00ebzor si p\u00ebr ju ashtu edhe p\u00ebr klient\u00ebt tuaj. \u00a0 Segmenti &#8220;Rekrutimi i Stafit&#8221; i Elite Coaching, ju jep mjetet, planin hap pas hapi dhe njohurit\u00eb e nevojshme p\u00ebr t\u00eb \u00e7uar [&#8230;]<\/p>\n<p><a class=\"btn btn-secondary understrap-read-more-link\" href=\"https:\/\/elitecoaching.io\/sq\/burime-njerezore\/rekrutimi-i-stafit\/\">Read More&#8230;<\/a><\/p>\n","protected":false},"author":1,"featured_media":0,"parent":20132,"menu_order":0,"comment_status":"closed","ping_status":"closed","template":"page-templates\/template-home.php","meta":[],"yoast_head":"<!-- This site is optimized with the Yoast SEO Premium plugin v18.4 (Yoast SEO v20.11) - https:\/\/yoast.com\/wordpress\/plugins\/seo\/ -->\n<title>Rekrutimi i Stafit - Elite Coaching<\/title>\n<meta name=\"description\" content=\"Segmenti &quot;Rekrutimi i Stafit&quot; i Elite Coaching, ju jep mjetet, planin dhe njohurit\u00eb p\u00ebr t\u00eb \u00e7uar aft\u00ebsit\u00eb tuaja n\u00eb nj\u00eb nivel t\u00eb ri vlerash.\" \/>\n<meta name=\"robots\" content=\"index, follow, max-snippet:-1, max-image-preview:large, max-video-preview:-1\" \/>\n<link rel=\"canonical\" href=\"https:\/\/elitecoaching.io\/sq\/burime-njerezore\/rekrutimi-i-stafit\/\" \/>\n<meta property=\"og:locale\" content=\"sq_AL\" \/>\n<meta property=\"og:type\" content=\"article\" \/>\n<meta property=\"og:title\" content=\"Rekrutimi i Stafit\" \/>\n<meta property=\"og:description\" content=\"Segmenti &quot;Rekrutimi i Stafit&quot; i Elite Coaching, ju jep mjetet, planin dhe njohurit\u00eb p\u00ebr t\u00eb \u00e7uar aft\u00ebsit\u00eb tuaja n\u00eb nj\u00eb nivel t\u00eb ri vlerash.\" \/>\n<meta property=\"og:url\" content=\"https:\/\/elitecoaching.io\/sq\/burime-njerezore\/rekrutimi-i-stafit\/\" \/>\n<meta property=\"og:site_name\" content=\"Elite Coaching\" \/>\n<meta property=\"article:modified_time\" content=\"2022-12-08T11:22:56+00:00\" \/>\n<meta property=\"og:image\" content=\"https:\/\/elitecoaching.io\/wp-content\/uploads\/2022\/05\/Staff-Recruitment-.webp\" \/>\n<meta name=\"twitter:card\" content=\"summary_large_image\" \/>\n<meta name=\"twitter:label1\" content=\"Est. reading time\" \/>\n\t<meta name=\"twitter:data1\" content=\"2 minutes\" \/>\n<script type=\"application\/ld+json\" class=\"yoast-schema-graph\">{\"@context\":\"https:\/\/schema.org\",\"@graph\":[{\"@type\":\"WebPage\",\"@id\":\"https:\/\/elitecoaching.io\/sq\/burime-njerezore\/rekrutimi-i-stafit\/\",\"url\":\"https:\/\/elitecoaching.io\/sq\/burime-njerezore\/rekrutimi-i-stafit\/\",\"name\":\"Rekrutimi i Stafit - Elite Coaching\",\"isPartOf\":{\"@id\":\"https:\/\/elitecoaching.io\/sq\/#website\"},\"datePublished\":\"2022-04-25T09:14:52+00:00\",\"dateModified\":\"2022-12-08T11:22:56+00:00\",\"description\":\"Segmenti \\\"Rekrutimi i Stafit\\\" i Elite Coaching, ju jep mjetet, planin dhe njohurit\u00eb p\u00ebr t\u00eb \u00e7uar aft\u00ebsit\u00eb tuaja n\u00eb nj\u00eb nivel t\u00eb ri vlerash.\",\"breadcrumb\":{\"@id\":\"https:\/\/elitecoaching.io\/sq\/burime-njerezore\/rekrutimi-i-stafit\/#breadcrumb\"},\"inLanguage\":\"sq-AL\",\"potentialAction\":[{\"@type\":\"ReadAction\",\"target\":[\"https:\/\/elitecoaching.io\/sq\/burime-njerezore\/rekrutimi-i-stafit\/\"]}]},{\"@type\":\"BreadcrumbList\",\"@id\":\"https:\/\/elitecoaching.io\/sq\/burime-njerezore\/rekrutimi-i-stafit\/#breadcrumb\",\"itemListElement\":[{\"@type\":\"ListItem\",\"position\":1,\"name\":\"Home\",\"item\":\"https:\/\/elitecoaching.io\/sq\/\"},{\"@type\":\"ListItem\",\"position\":2,\"name\":\"Burime Njer\u00ebzore\",\"item\":\"https:\/\/elitecoaching.io\/sq\/human-resources\/\"},{\"@type\":\"ListItem\",\"position\":3,\"name\":\"Rekrutimi i Stafit\"}]},{\"@type\":\"WebSite\",\"@id\":\"https:\/\/elitecoaching.io\/sq\/#website\",\"url\":\"https:\/\/elitecoaching.io\/sq\/\",\"name\":\"Elite Coaching\",\"description\":\"Dedicated to Growth\",\"potentialAction\":[{\"@type\":\"SearchAction\",\"target\":{\"@type\":\"EntryPoint\",\"urlTemplate\":\"https:\/\/elitecoaching.io\/sq\/?s={search_term_string}\"},\"query-input\":\"required name=search_term_string\"}],\"inLanguage\":\"sq-AL\"}]}<\/script>\n<!-- \/ Yoast SEO Premium plugin. -->","yoast_head_json":{"title":"Rekrutimi i Stafit - Elite Coaching","description":"Segmenti \"Rekrutimi i Stafit\" i Elite Coaching, ju jep mjetet, planin dhe njohurit\u00eb p\u00ebr t\u00eb \u00e7uar aft\u00ebsit\u00eb tuaja n\u00eb nj\u00eb nivel t\u00eb ri vlerash.","robots":{"index":"index","follow":"follow","max-snippet":"max-snippet:-1","max-image-preview":"max-image-preview:large","max-video-preview":"max-video-preview:-1"},"canonical":"https:\/\/elitecoaching.io\/sq\/burime-njerezore\/rekrutimi-i-stafit\/","og_locale":"sq_AL","og_type":"article","og_title":"Rekrutimi i Stafit","og_description":"Segmenti \"Rekrutimi i Stafit\" i Elite Coaching, ju jep mjetet, planin dhe njohurit\u00eb p\u00ebr t\u00eb \u00e7uar aft\u00ebsit\u00eb tuaja n\u00eb nj\u00eb nivel t\u00eb ri vlerash.","og_url":"https:\/\/elitecoaching.io\/sq\/burime-njerezore\/rekrutimi-i-stafit\/","og_site_name":"Elite Coaching","article_modified_time":"2022-12-08T11:22:56+00:00","og_image":[{"url":"https:\/\/elitecoaching.io\/wp-content\/uploads\/2022\/05\/Staff-Recruitment-.webp"}],"twitter_card":"summary_large_image","twitter_misc":{"Est. reading time":"2 minutes"},"schema":{"@context":"https:\/\/schema.org","@graph":[{"@type":"WebPage","@id":"https:\/\/elitecoaching.io\/sq\/burime-njerezore\/rekrutimi-i-stafit\/","url":"https:\/\/elitecoaching.io\/sq\/burime-njerezore\/rekrutimi-i-stafit\/","name":"Rekrutimi i Stafit - Elite Coaching","isPartOf":{"@id":"https:\/\/elitecoaching.io\/sq\/#website"},"datePublished":"2022-04-25T09:14:52+00:00","dateModified":"2022-12-08T11:22:56+00:00","description":"Segmenti \"Rekrutimi i Stafit\" i Elite Coaching, ju jep mjetet, planin dhe njohurit\u00eb p\u00ebr t\u00eb \u00e7uar aft\u00ebsit\u00eb tuaja n\u00eb nj\u00eb nivel t\u00eb ri vlerash.","breadcrumb":{"@id":"https:\/\/elitecoaching.io\/sq\/burime-njerezore\/rekrutimi-i-stafit\/#breadcrumb"},"inLanguage":"sq-AL","potentialAction":[{"@type":"ReadAction","target":["https:\/\/elitecoaching.io\/sq\/burime-njerezore\/rekrutimi-i-stafit\/"]}]},{"@type":"BreadcrumbList","@id":"https:\/\/elitecoaching.io\/sq\/burime-njerezore\/rekrutimi-i-stafit\/#breadcrumb","itemListElement":[{"@type":"ListItem","position":1,"name":"Home","item":"https:\/\/elitecoaching.io\/sq\/"},{"@type":"ListItem","position":2,"name":"Burime Njer\u00ebzore","item":"https:\/\/elitecoaching.io\/sq\/human-resources\/"},{"@type":"ListItem","position":3,"name":"Rekrutimi i Stafit"}]},{"@type":"WebSite","@id":"https:\/\/elitecoaching.io\/sq\/#website","url":"https:\/\/elitecoaching.io\/sq\/","name":"Elite Coaching","description":"Dedicated to Growth","potentialAction":[{"@type":"SearchAction","target":{"@type":"EntryPoint","urlTemplate":"https:\/\/elitecoaching.io\/sq\/?s={search_term_string}"},"query-input":"required name=search_term_string"}],"inLanguage":"sq-AL"}]}},"_links":{"self":[{"href":"https:\/\/elitecoaching.io\/sq\/wp-json\/wp\/v2\/pages\/20136"}],"collection":[{"href":"https:\/\/elitecoaching.io\/sq\/wp-json\/wp\/v2\/pages"}],"about":[{"href":"https:\/\/elitecoaching.io\/sq\/wp-json\/wp\/v2\/types\/page"}],"author":[{"embeddable":true,"href":"https:\/\/elitecoaching.io\/sq\/wp-json\/wp\/v2\/users\/1"}],"replies":[{"embeddable":true,"href":"https:\/\/elitecoaching.io\/sq\/wp-json\/wp\/v2\/comments?post=20136"}],"version-history":[{"count":3,"href":"https:\/\/elitecoaching.io\/sq\/wp-json\/wp\/v2\/pages\/20136\/revisions"}],"predecessor-version":[{"id":24319,"href":"https:\/\/elitecoaching.io\/sq\/wp-json\/wp\/v2\/pages\/20136\/revisions\/24319"}],"up":[{"embeddable":true,"href":"https:\/\/elitecoaching.io\/sq\/wp-json\/wp\/v2\/pages\/20132"}],"wp:attachment":[{"href":"https:\/\/elitecoaching.io\/sq\/wp-json\/wp\/v2\/media?parent=20136"}],"curies":[{"name":"wp","href":"https:\/\/api.w.org\/{rel}","templated":true}]}}