{"id":20981,"date":"2022-05-23T07:52:49","date_gmt":"2022-05-23T07:52:49","guid":{"rendered":"https:\/\/elitecoaching.io\/forme-kontakti\/"},"modified":"2022-06-11T13:27:50","modified_gmt":"2022-06-11T13:27:50","slug":"forme-kontakti","status":"publish","type":"page","link":"https:\/\/elitecoaching.io\/sq\/forme-kontakti\/","title":{"rendered":"Form\u00eb Kontakti"},"content":{"rendered":"\t\t<div data-elementor-type=\"wp-page\" data-elementor-id=\"20981\" class=\"elementor elementor-20981 elementor-20361\" data-elementor-post-type=\"page\">\n\t\t\t\t\t\t\t\t\t<section class=\"elementor-section elementor-top-section elementor-element elementor-element-904dd37 elementor-section-height-min-height elementor-section-full_width elementor-section-height-default elementor-section-items-middle\" data-id=\"904dd37\" data-element_type=\"section\" data-settings=\"{&quot;background_background&quot;:&quot;classic&quot;}\">\n\t\t\t\t\t\t\t<div class=\"elementor-background-overlay\"><\/div>\n\t\t\t\t\t\t\t<div class=\"elementor-container elementor-column-gap-default\">\n\t\t\t\t\t<div class=\"elementor-column elementor-col-16 elementor-top-column elementor-element elementor-element-b827ad3\" data-id=\"b827ad3\" data-element_type=\"column\">\n\t\t\t<div class=\"elementor-widget-wrap\">\n\t\t\t\t\t\t\t\t\t<\/div>\n\t\t<\/div>\n\t\t\t\t<div class=\"elementor-column elementor-col-66 elementor-top-column elementor-element elementor-element-4cc0598\" data-id=\"4cc0598\" data-element_type=\"column\">\n\t\t\t<div class=\"elementor-widget-wrap elementor-element-populated\">\n\t\t\t\t\t\t\t\t<section class=\"elementor-section elementor-inner-section elementor-element elementor-element-86fddfd elementor-section-boxed elementor-section-height-default elementor-section-height-default\" data-id=\"86fddfd\" data-element_type=\"section\">\n\t\t\t\t\t\t<div class=\"elementor-container elementor-column-gap-default\">\n\t\t\t\t\t<div class=\"elementor-column elementor-col-100 elementor-inner-column elementor-element elementor-element-872207d\" data-id=\"872207d\" data-element_type=\"column\">\n\t\t\t<div class=\"elementor-widget-wrap elementor-element-populated\">\n\t\t\t\t\t\t\t\t<div class=\"elementor-element elementor-element-9521970 elementor-widget elementor-widget-heading\" data-id=\"9521970\" data-element_type=\"widget\" data-widget_type=\"heading.default\">\n\t\t\t\t<div class=\"elementor-widget-container\">\n\t\t\t<h2 class=\"elementor-heading-title elementor-size-default\">Form\u00eb Kontakti<\/h2>\t\t<\/div>\n\t\t\t\t<\/div>\n\t\t\t\t<div class=\"elementor-element elementor-element-dd356b7 elementor-widget elementor-widget-text-editor\" data-id=\"dd356b7\" data-element_type=\"widget\" data-widget_type=\"text-editor.default\">\n\t\t\t\t<div class=\"elementor-widget-container\">\n\t\t\t\t\t\t\t<p>Ju lutemi t\u00eb plot\u00ebsoni form\u00ebn m\u00eb posht\u00eb, do t&#8217;ju p\u00ebrgjigjemi menj\u00ebher\u00eb!<\/p>\t\t\t\t\t\t<\/div>\n\t\t\t\t<\/div>\n\t\t\t\t\t<\/div>\n\t\t<\/div>\n\t\t\t\t\t\t\t<\/div>\n\t\t<\/section>\n\t\t\t\t<section class=\"elementor-section elementor-inner-section elementor-element elementor-element-51fe901 elementor-section-boxed elementor-section-height-default elementor-section-height-default\" data-id=\"51fe901\" data-element_type=\"section\">\n\t\t\t\t\t\t<div class=\"elementor-container elementor-column-gap-default\">\n\t\t\t\t\t<div class=\"elementor-column elementor-col-100 elementor-inner-column elementor-element elementor-element-c55a4c7\" data-id=\"c55a4c7\" data-element_type=\"column\">\n\t\t\t<div class=\"elementor-widget-wrap elementor-element-populated\">\n\t\t\t\t\t\t\t\t<div class=\"elementor-element elementor-element-fc6eb5d elementor-button-align-center elementor-widget elementor-widget-form\" data-id=\"fc6eb5d\" data-element_type=\"widget\" data-settings=\"{&quot;step_next_label&quot;:&quot;P\\u00ebrpara&quot;,&quot;step_previous_label&quot;:&quot;Pas&quot;,&quot;button_width&quot;:&quot;100&quot;,&quot;step_type&quot;:&quot;number_text&quot;,&quot;step_icon_shape&quot;:&quot;circle&quot;}\" data-widget_type=\"form.default\">\n\t\t\t\t<div class=\"elementor-widget-container\">\n\t\t\t\t\t<form class=\"elementor-form\" method=\"post\" name=\"Form\u00eb e Re\">\n\t\t\t<input type=\"hidden\" name=\"post_id\" value=\"20981\"\/>\n\t\t\t<input type=\"hidden\" name=\"form_id\" value=\"fc6eb5d\"\/>\n\t\t\t<input type=\"hidden\" name=\"referer_title\" value=\"Elite Coaching\" \/>\n\n\t\t\t\n\t\t\t<div class=\"elementor-form-fields-wrapper elementor-labels-above\">\n\t\t\t\t\t\t\t\t<div class=\"elementor-field-type-html elementor-field-group elementor-column elementor-field-group-field_26e5ee8 elementor-col-100\">\n\t\t\t\t\tT\u00eb Dh\u00ebnat Baz\u00eb (e detyrueshme) <br> <br>\t\t\t\t<\/div>\n\t\t\t\t\t\t\t\t<div class=\"elementor-field-type-select elementor-field-group elementor-column elementor-field-group-name elementor-col-20\">\n\t\t\t\t\t\t\t\t\t\t\t\t<label for=\"form-field-name\" class=\"elementor-field-label\">\n\t\t\t\t\t\t\t\tTitulli \t\t\t\t\t\t\t<\/label>\n\t\t\t\t\t\t\t\t<div class=\"elementor-field elementor-select-wrapper remove-before \">\n\t\t\t<div class=\"select-caret-down-wrapper\">\n\t\t\t\t<i aria-hidden=\"true\" class=\"eicon-caret-down\"><\/i>\t\t\t<\/div>\n\t\t\t<select name=\"form_fields[name]\" id=\"form-field-name\" class=\"elementor-field-textual elementor-size-sm\">\n\t\t\t\t\t\t\t\t\t<option value=\"Znj.\">Znj.<\/option>\n\t\t\t\t\t\t\t\t\t<option value=\"Z. \">Z. <\/option>\n\t\t\t\t\t\t\t\t\t<option value=\"Tjet\u00ebr\">Tjet\u00ebr<\/option>\n\t\t\t\t\t\t\t<\/select>\n\t\t<\/div>\n\t\t\t\t\t\t<\/div>\n\t\t\t\t\t\t\t\t<div class=\"elementor-field-type-text elementor-field-group elementor-column elementor-field-group-field_4259686 elementor-col-40 elementor-field-required elementor-mark-required\">\n\t\t\t\t\t\t\t\t\t\t\t\t<label for=\"form-field-field_4259686\" class=\"elementor-field-label\">\n\t\t\t\t\t\t\t\tEm\u00ebr\t\t\t\t\t\t\t<\/label>\n\t\t\t\t\t\t\t\t\t\t\t\t\t\t<input size=\"1\" type=\"text\" name=\"form_fields[field_4259686]\" id=\"form-field-field_4259686\" class=\"elementor-field elementor-size-sm  elementor-field-textual\" placeholder=\"Emri Juaj\" required=\"required\" aria-required=\"true\">\n\t\t\t\t\t\t\t\t\t\t\t<\/div>\n\t\t\t\t\t\t\t\t<div class=\"elementor-field-type-text elementor-field-group elementor-column elementor-field-group-field_4af7d47 elementor-col-40 elementor-field-required elementor-mark-required\">\n\t\t\t\t\t\t\t\t\t\t\t\t<label for=\"form-field-field_4af7d47\" class=\"elementor-field-label\">\n\t\t\t\t\t\t\t\tMbiem\u00ebr\t\t\t\t\t\t\t<\/label>\n\t\t\t\t\t\t\t\t\t\t\t\t\t\t<input size=\"1\" type=\"text\" name=\"form_fields[field_4af7d47]\" id=\"form-field-field_4af7d47\" class=\"elementor-field elementor-size-sm  elementor-field-textual\" placeholder=\"Mbiemri Juaj\" required=\"required\" aria-required=\"true\">\n\t\t\t\t\t\t\t\t\t\t\t<\/div>\n\t\t\t\t\t\t\t\t<div class=\"elementor-field-type-email elementor-field-group elementor-column elementor-field-group-field_af4b4cc elementor-col-50 elementor-field-required elementor-mark-required\">\n\t\t\t\t\t\t\t\t\t\t\t\t<label for=\"form-field-field_af4b4cc\" class=\"elementor-field-label\">\n\t\t\t\t\t\t\t\te-mail \t\t\t\t\t\t\t<\/label>\n\t\t\t\t\t\t\t\t\t\t\t\t\t\t<input size=\"1\" type=\"email\" name=\"form_fields[field_af4b4cc]\" id=\"form-field-field_af4b4cc\" class=\"elementor-field elementor-size-sm  elementor-field-textual\" placeholder=\"adresa e-mail\" required=\"required\" aria-required=\"true\">\n\t\t\t\t\t\t\t\t\t\t\t<\/div>\n\t\t\t\t\t\t\t\t<div class=\"elementor-field-type-number elementor-field-group elementor-column elementor-field-group-field_aa534c5 elementor-col-50 elementor-field-required elementor-mark-required\">\n\t\t\t\t\t\t\t\t\t\t\t\t<label for=\"form-field-field_aa534c5\" class=\"elementor-field-label\">\n\t\t\t\t\t\t\t\tNumri telefonit\t\t\t\t\t\t\t<\/label>\n\t\t\t\t\t\t\t\t\t<input type=\"number\" name=\"form_fields[field_aa534c5]\" id=\"form-field-field_aa534c5\" class=\"elementor-field elementor-size-sm  elementor-field-textual\" placeholder=\"numri telefonit tuaj\" required=\"required\" aria-required=\"true\" min=\"\" max=\"\" >\n\t\t\t\t\t\t<\/div>\n\t\t\t\t\t\t\t\t<div class=\"elementor-field-type-text elementor-field-group elementor-column elementor-field-group-field_6780e4c elementor-col-100\">\n\t\t\t\t\t\t\t\t\t\t\t\t<label for=\"form-field-field_6780e4c\" class=\"elementor-field-label\">\n\t\t\t\t\t\t\t\tEmri i biznesit\t\t\t\t\t\t\t<\/label>\n\t\t\t\t\t\t\t\t\t\t\t\t\t\t<input size=\"1\" type=\"text\" name=\"form_fields[field_6780e4c]\" id=\"form-field-field_6780e4c\" class=\"elementor-field elementor-size-sm  elementor-field-textual\">\n\t\t\t\t\t\t\t\t\t\t\t<\/div>\n\t\t\t\t\t\t\t\t<div class=\"elementor-field-type-html elementor-field-group elementor-column elementor-field-group-field_794f956 elementor-col-100\">\n\t\t\t\t\t<br> <br> <br> P\u00ebr OJQ, Institucione, Sektori Publik (jo individ\u00eb) - ju lutemi plot\u00ebsoni hap\u00ebsir\u00ebn\t\t\t\t<\/div>\n\t\t\t\t\t\t\t\t<div class=\"elementor-field-type-text elementor-field-group elementor-column elementor-field-group-field_0286fac elementor-col-50\">\n\t\t\t\t\t\t\t\t\t\t\t\t<label for=\"form-field-field_0286fac\" class=\"elementor-field-label\">\n\t\t\t\t\t\t\t\tEmri i Organizat\u00ebs\/Institucionit\/Tjet\u00ebr\t\t\t\t\t\t\t<\/label>\n\t\t\t\t\t\t\t\t\t\t\t\t\t\t<input size=\"1\" type=\"text\" name=\"form_fields[field_0286fac]\" id=\"form-field-field_0286fac\" class=\"elementor-field elementor-size-sm  elementor-field-textual\" placeholder=\"emri o organizat\u00ebs\/tjet\u00ebr\">\n\t\t\t\t\t\t\t\t\t\t\t<\/div>\n\t\t\t\t\t\t\t\t<div class=\"elementor-field-type-text elementor-field-group elementor-column elementor-field-group-field_deb38a5 elementor-col-50\">\n\t\t\t\t\t\t\t\t\t\t\t\t<label for=\"form-field-field_deb38a5\" class=\"elementor-field-label\">\n\t\t\t\t\t\t\t\tPozicioni juaj i pun\u00ebs\t\t\t\t\t\t\t<\/label>\n\t\t\t\t\t\t\t\t\t\t\t\t\t\t<input size=\"1\" type=\"text\" name=\"form_fields[field_deb38a5]\" id=\"form-field-field_deb38a5\" class=\"elementor-field elementor-size-sm  elementor-field-textual\">\n\t\t\t\t\t\t\t\t\t\t\t<\/div>\n\t\t\t\t\t\t\t\t<div class=\"elementor-field-type-html elementor-field-group elementor-column elementor-field-group-field_cc3cab7 elementor-col-100\">\n\t\t\t\t\t<br> <br> <br> Sektori\/Fusha juaj e operimit (zgjedhje e shum\u00ebfisht\u00eb)\t\t\t\t<\/div>\n\t\t\t\t\t\t\t\t<div class=\"elementor-field-type-checkbox elementor-field-group elementor-column elementor-field-group-field_c3cdada elementor-col-50\">\n\t\t\t\t\t<div class=\"elementor-field-subgroup  \"><span class=\"elementor-field-option\"><input type=\"checkbox\" value=\"Agrikultur\u00eb \" id=\"form-field-field_c3cdada-0\" name=\"form_fields[field_c3cdada][]\"> <label for=\"form-field-field_c3cdada-0\">Agrikultur\u00eb <\/label><\/span><span class=\"elementor-field-option\"><input type=\"checkbox\" value=\"Mjete Transporti \" id=\"form-field-field_c3cdada-1\" name=\"form_fields[field_c3cdada][]\"> <label for=\"form-field-field_c3cdada-1\">Mjete Transporti <\/label><\/span><span class=\"elementor-field-option\"><input type=\"checkbox\" value=\"Art &amp; Loj\u00ebra\" id=\"form-field-field_c3cdada-2\" name=\"form_fields[field_c3cdada][]\"> <label for=\"form-field-field_c3cdada-2\">Art &amp; Loj\u00ebra<\/label><\/span><span class=\"elementor-field-option\"><input type=\"checkbox\" value=\" Edukim\/Trajnim\/Rekrutim \" id=\"form-field-field_c3cdada-3\" name=\"form_fields[field_c3cdada][]\"> <label for=\"form-field-field_c3cdada-3\"> Edukim\/Trajnim\/Rekrutim <\/label><\/span><span class=\"elementor-field-option\"><input type=\"checkbox\" value=\"Entitet Qeveritar \" id=\"form-field-field_c3cdada-4\" name=\"form_fields[field_c3cdada][]\"> <label for=\"form-field-field_c3cdada-4\">Entitet Qeveritar <\/label><\/span><span class=\"elementor-field-option\"><input type=\"checkbox\" value=\"Mikpritja &amp; Turiz\u00ebm\" id=\"form-field-field_c3cdada-5\" name=\"form_fields[field_c3cdada][]\"> <label for=\"form-field-field_c3cdada-5\">Mikpritja &amp; Turiz\u00ebm<\/label><\/span><span class=\"elementor-field-option\"><input type=\"checkbox\" value=\"Individ \" id=\"form-field-field_c3cdada-6\" name=\"form_fields[field_c3cdada][]\"> <label for=\"form-field-field_c3cdada-6\">Individ <\/label><\/span><span class=\"elementor-field-option\"><input type=\"checkbox\" value=\"Muzik\u00eb &amp; Kinematografi\" id=\"form-field-field_c3cdada-7\" name=\"form_fields[field_c3cdada][]\"> <label for=\"form-field-field_c3cdada-7\">Muzik\u00eb &amp; Kinematografi<\/label><\/span><\/div>\t\t\t\t<\/div>\n\t\t\t\t\t\t\t\t<div class=\"elementor-field-type-checkbox elementor-field-group elementor-column elementor-field-group-field_15f6143 elementor-col-50\">\n\t\t\t\t\t<div class=\"elementor-field-subgroup  \"><span class=\"elementor-field-option\"><input type=\"checkbox\" value=\"OJQ \" id=\"form-field-field_15f6143-0\" name=\"form_fields[field_15f6143][]\"> <label for=\"form-field-field_15f6143-0\">OJQ <\/label><\/span><span class=\"elementor-field-option\"><input type=\"checkbox\" value=\"Biznes Privat\" id=\"form-field-field_15f6143-1\" name=\"form_fields[field_15f6143][]\"> <label for=\"form-field-field_15f6143-1\">Biznes Privat<\/label><\/span><span class=\"elementor-field-option\"><input type=\"checkbox\" value=\" Institucion Publik \" id=\"form-field-field_15f6143-2\" name=\"form_fields[field_15f6143][]\"> <label for=\"form-field-field_15f6143-2\"> Institucion Publik <\/label><\/span><span class=\"elementor-field-option\"><input type=\"checkbox\" value=\"Sport &amp; Evente \" id=\"form-field-field_15f6143-3\" name=\"form_fields[field_15f6143][]\"> <label for=\"form-field-field_15f6143-3\">Sport &amp; Evente <\/label><\/span><span class=\"elementor-field-option\"><input type=\"checkbox\" value=\"Teknologji\/IT \" id=\"form-field-field_15f6143-4\" name=\"form_fields[field_15f6143][]\"> <label for=\"form-field-field_15f6143-4\">Teknologji\/IT <\/label><\/span><span class=\"elementor-field-option\"><input type=\"checkbox\" value=\"Transport &lt;br&gt; &lt;br&gt; \" id=\"form-field-field_15f6143-5\" name=\"form_fields[field_15f6143][]\"> <label for=\"form-field-field_15f6143-5\">Transport <br> <br> <\/label><\/span><span class=\"elementor-field-option\"><input type=\"checkbox\" value=\"Tjet\u00ebr\" id=\"form-field-field_15f6143-6\" name=\"form_fields[field_15f6143][]\"> <label for=\"form-field-field_15f6143-6\">Tjet\u00ebr<\/label><\/span><\/div>\t\t\t\t<\/div>\n\t\t\t\t\t\t\t\t<div class=\"elementor-field-type-textarea elementor-field-group elementor-column elementor-field-group-field_7ed9a35 elementor-col-100\">\n\t\t\t\t\t\t\t\t\t\t\t\t<label for=\"form-field-field_7ed9a35\" class=\"elementor-field-label\">\n\t\t\t\t\t\t\t\tM\u00eb shum\u00eb info.\t\t\t\t\t\t\t<\/label>\n\t\t\t\t\t\t<textarea class=\"elementor-field-textual elementor-field  elementor-size-sm\" name=\"form_fields[field_7ed9a35]\" id=\"form-field-field_7ed9a35\" rows=\"4\" placeholder=\"Na tregoni di\u00e7ka m\u00eb shum\u00eb rreth fush\u00ebs tuaj operative\"><\/textarea>\t\t\t\t<\/div>\n\t\t\t\t\t\t\t\t<div class=\"elementor-field-type-html elementor-field-group elementor-column elementor-field-group-field_e0b0291 elementor-col-100\">\n\t\t\t\t\t<br> <br> Kategoria e sh\u00ebrbimit q\u00eb ju intereson (p\u00ebrzgjedhje e shum\u00ebfisht\u00eb)\t\t\t\t<\/div>\n\t\t\t\t\t\t\t\t<div class=\"elementor-field-type-checkbox elementor-field-group elementor-column elementor-field-group-field_fe0f08c elementor-col-50\">\n\t\t\t\t\t<div class=\"elementor-field-subgroup  \"><span class=\"elementor-field-option\"><input type=\"checkbox\" value=\"T\u00eb M\u00ebsuarit Jet\u00ebgjat\u00eb \" id=\"form-field-field_fe0f08c-0\" name=\"form_fields[field_fe0f08c][]\"> <label for=\"form-field-field_fe0f08c-0\">T\u00eb M\u00ebsuarit Jet\u00ebgjat\u00eb <\/label><\/span><span class=\"elementor-field-option\"><input type=\"checkbox\" value=\"Burime Njer\u00ebzore \" id=\"form-field-field_fe0f08c-1\" name=\"form_fields[field_fe0f08c][]\"> <label for=\"form-field-field_fe0f08c-1\">Burime Njer\u00ebzore <\/label><\/span><span class=\"elementor-field-option\"><input type=\"checkbox\" value=\"Menaxhimi i Cil\u00ebsis\u00eb\" id=\"form-field-field_fe0f08c-2\" name=\"form_fields[field_fe0f08c][]\"> <label for=\"form-field-field_fe0f08c-2\">Menaxhimi i Cil\u00ebsis\u00eb<\/label><\/span><\/div>\t\t\t\t<\/div>\n\t\t\t\t\t\t\t\t<div class=\"elementor-field-type-checkbox elementor-field-group elementor-column elementor-field-group-field_0db7442 elementor-col-50\">\n\t\t\t\t\t<div class=\"elementor-field-subgroup  \"><span class=\"elementor-field-option\"><input type=\"checkbox\" value=\"K\u00ebshillim Financash \" id=\"form-field-field_0db7442-0\" name=\"form_fields[field_0db7442][]\"> <label for=\"form-field-field_0db7442-0\">K\u00ebshillim Financash <\/label><\/span><span class=\"elementor-field-option\"><input type=\"checkbox\" value=\"P\u00ebrqendrim Coaching \" id=\"form-field-field_0db7442-1\" name=\"form_fields[field_0db7442][]\"> <label for=\"form-field-field_0db7442-1\">P\u00ebrqendrim Coaching <\/label><\/span><span class=\"elementor-field-option\"><input type=\"checkbox\" value=\"Zgjidhje p\u00ebr Biznesin\" id=\"form-field-field_0db7442-2\" name=\"form_fields[field_0db7442][]\"> <label for=\"form-field-field_0db7442-2\">Zgjidhje p\u00ebr Biznesin<\/label><\/span><\/div>\t\t\t\t<\/div>\n\t\t\t\t\t\t\t\t<div class=\"elementor-field-type-textarea elementor-field-group elementor-column elementor-field-group-field_95cb74c elementor-col-100\">\n\t\t\t\t\t\t\t\t\t\t\t\t<label for=\"form-field-field_95cb74c\" class=\"elementor-field-label\">\n\t\t\t\t\t\t\t\tM\u00eb shum\u00eb Detaje\t\t\t\t\t\t\t<\/label>\n\t\t\t\t\t\t<textarea class=\"elementor-field-textual elementor-field  elementor-size-sm\" name=\"form_fields[field_95cb74c]\" id=\"form-field-field_95cb74c\" rows=\"4\" placeholder=\"p.sh. Un\u00eb punoj n\u00eb industrin\u00eb e hoteleris\u00eb\/turizmit dhe d\u00ebshiroj t\u00eb nd\u00ebrtoj nj\u00eb faqe ueb \"><\/textarea>\t\t\t\t<\/div>\n\t\t\t\t\t\t\t\t<div class=\"elementor-field-group elementor-column elementor-field-type-submit elementor-col-100 e-form__buttons\">\n\t\t\t\t\t<button type=\"submit\" class=\"elementor-button elementor-size-sm\">\n\t\t\t\t\t\t<span >\n\t\t\t\t\t\t\t\t\t\t\t\t\t\t\t<span class=\" elementor-button-icon\">\n\t\t\t\t\t\t\t\t\t\t\t\t\t\t\t\t\t\t\t\t\t\t\t\t\t\t<\/span>\n\t\t\t\t\t\t\t\t\t\t\t\t\t\t\t\t\t\t\t\t\t\t<span class=\"elementor-button-text\">D\u00cbRGONI<\/span>\n\t\t\t\t\t\t\t\t\t\t\t\t\t<\/span>\n\t\t\t\t\t<\/button>\n\t\t\t\t<\/div>\n\t\t\t<\/div>\n\t\t<\/form>\n\t\t\t\t<\/div>\n\t\t\t\t<\/div>\n\t\t\t\t\t<\/div>\n\t\t<\/div>\n\t\t\t\t\t\t\t<\/div>\n\t\t<\/section>\n\t\t\t\t\t<\/div>\n\t\t<\/div>\n\t\t\t\t<div class=\"elementor-column elementor-col-16 elementor-top-column elementor-element elementor-element-decfd7d\" data-id=\"decfd7d\" data-element_type=\"column\">\n\t\t\t<div class=\"elementor-widget-wrap\">\n\t\t\t\t\t\t\t\t\t<\/div>\n\t\t<\/div>\n\t\t\t\t\t\t\t<\/div>\n\t\t<\/section>\n\t\t\t\t\t\t\t<\/div>\n\t\t","protected":false},"excerpt":{"rendered":"<p>Form\u00eb Kontakti Ju lutemi t\u00eb plot\u00ebsoni form\u00ebn m\u00eb posht\u00eb, do t&#8217;ju p\u00ebrgjigjemi menj\u00ebher\u00eb! [&#8230;]<\/p>\n<p><a class=\"btn btn-secondary understrap-read-more-link\" href=\"https:\/\/elitecoaching.io\/sq\/forme-kontakti\/\">Read More&#8230;<\/a><\/p>\n","protected":false},"author":7,"featured_media":0,"parent":0,"menu_order":0,"comment_status":"closed","ping_status":"closed","template":"page-templates\/template-home.php","meta":[],"yoast_head":"<!-- This site is optimized with the Yoast SEO Premium plugin v18.4 (Yoast SEO v20.11) - https:\/\/yoast.com\/wordpress\/plugins\/seo\/ -->\n<title>Form\u00eb Kontakti - Elite Coaching<\/title>\n<meta name=\"description\" content=\"Plotesoni te gjitha fushat dhe ne do ju vijme ne ndihme ne lidhje me cdo kerkese tuajen rreth produkteve dhe sherbimeve qe ne ofrojme.\" \/>\n<meta name=\"robots\" content=\"index, follow, max-snippet:-1, max-image-preview:large, max-video-preview:-1\" \/>\n<link rel=\"canonical\" href=\"https:\/\/elitecoaching.io\/sq\/forme-kontakti\/\" \/>\n<meta property=\"og:locale\" content=\"sq_AL\" \/>\n<meta property=\"og:type\" content=\"article\" \/>\n<meta property=\"og:title\" content=\"Form\u00eb Kontakti\" \/>\n<meta property=\"og:description\" content=\"Plotesoni te gjitha fushat dhe ne do ju vijme ne ndihme ne lidhje me cdo kerkese tuajen rreth produkteve dhe sherbimeve qe ne ofrojme.\" \/>\n<meta property=\"og:url\" content=\"https:\/\/elitecoaching.io\/sq\/forme-kontakti\/\" \/>\n<meta property=\"og:site_name\" content=\"Elite Coaching\" \/>\n<meta property=\"article:modified_time\" content=\"2022-06-11T13:27:50+00:00\" \/>\n<meta name=\"twitter:card\" content=\"summary_large_image\" \/>\n<meta name=\"twitter:label1\" content=\"Est. reading time\" \/>\n\t<meta name=\"twitter:data1\" content=\"1 minute\" \/>\n<script type=\"application\/ld+json\" class=\"yoast-schema-graph\">{\"@context\":\"https:\/\/schema.org\",\"@graph\":[{\"@type\":\"WebPage\",\"@id\":\"https:\/\/elitecoaching.io\/sq\/forme-kontakti\/\",\"url\":\"https:\/\/elitecoaching.io\/sq\/forme-kontakti\/\",\"name\":\"Form\u00eb Kontakti - Elite Coaching\",\"isPartOf\":{\"@id\":\"https:\/\/elitecoaching.io\/sq\/#website\"},\"datePublished\":\"2022-05-23T07:52:49+00:00\",\"dateModified\":\"2022-06-11T13:27:50+00:00\",\"description\":\"Plotesoni te gjitha fushat dhe ne do ju vijme ne ndihme ne lidhje me cdo kerkese tuajen rreth produkteve dhe sherbimeve qe ne ofrojme.\",\"breadcrumb\":{\"@id\":\"https:\/\/elitecoaching.io\/sq\/forme-kontakti\/#breadcrumb\"},\"inLanguage\":\"sq-AL\",\"potentialAction\":[{\"@type\":\"ReadAction\",\"target\":[\"https:\/\/elitecoaching.io\/sq\/forme-kontakti\/\"]}]},{\"@type\":\"BreadcrumbList\",\"@id\":\"https:\/\/elitecoaching.io\/sq\/forme-kontakti\/#breadcrumb\",\"itemListElement\":[{\"@type\":\"ListItem\",\"position\":1,\"name\":\"Home\",\"item\":\"https:\/\/elitecoaching.io\/sq\/\"},{\"@type\":\"ListItem\",\"position\":2,\"name\":\"Form\u00eb Kontakti\"}]},{\"@type\":\"WebSite\",\"@id\":\"https:\/\/elitecoaching.io\/sq\/#website\",\"url\":\"https:\/\/elitecoaching.io\/sq\/\",\"name\":\"Elite Coaching\",\"description\":\"Dedicated to Growth\",\"potentialAction\":[{\"@type\":\"SearchAction\",\"target\":{\"@type\":\"EntryPoint\",\"urlTemplate\":\"https:\/\/elitecoaching.io\/sq\/?s={search_term_string}\"},\"query-input\":\"required name=search_term_string\"}],\"inLanguage\":\"sq-AL\"}]}<\/script>\n<!-- \/ Yoast SEO Premium plugin. -->","yoast_head_json":{"title":"Form\u00eb Kontakti - Elite Coaching","description":"Plotesoni te gjitha fushat dhe ne do ju vijme ne ndihme ne lidhje me cdo kerkese tuajen rreth produkteve dhe sherbimeve qe ne ofrojme.","robots":{"index":"index","follow":"follow","max-snippet":"max-snippet:-1","max-image-preview":"max-image-preview:large","max-video-preview":"max-video-preview:-1"},"canonical":"https:\/\/elitecoaching.io\/sq\/forme-kontakti\/","og_locale":"sq_AL","og_type":"article","og_title":"Form\u00eb Kontakti","og_description":"Plotesoni te gjitha fushat dhe ne do ju vijme ne ndihme ne lidhje me cdo kerkese tuajen rreth produkteve dhe sherbimeve qe ne ofrojme.","og_url":"https:\/\/elitecoaching.io\/sq\/forme-kontakti\/","og_site_name":"Elite Coaching","article_modified_time":"2022-06-11T13:27:50+00:00","twitter_card":"summary_large_image","twitter_misc":{"Est. reading time":"1 minute"},"schema":{"@context":"https:\/\/schema.org","@graph":[{"@type":"WebPage","@id":"https:\/\/elitecoaching.io\/sq\/forme-kontakti\/","url":"https:\/\/elitecoaching.io\/sq\/forme-kontakti\/","name":"Form\u00eb Kontakti - Elite Coaching","isPartOf":{"@id":"https:\/\/elitecoaching.io\/sq\/#website"},"datePublished":"2022-05-23T07:52:49+00:00","dateModified":"2022-06-11T13:27:50+00:00","description":"Plotesoni te gjitha fushat dhe ne do ju vijme ne ndihme ne lidhje me cdo kerkese tuajen rreth produkteve dhe sherbimeve qe ne ofrojme.","breadcrumb":{"@id":"https:\/\/elitecoaching.io\/sq\/forme-kontakti\/#breadcrumb"},"inLanguage":"sq-AL","potentialAction":[{"@type":"ReadAction","target":["https:\/\/elitecoaching.io\/sq\/forme-kontakti\/"]}]},{"@type":"BreadcrumbList","@id":"https:\/\/elitecoaching.io\/sq\/forme-kontakti\/#breadcrumb","itemListElement":[{"@type":"ListItem","position":1,"name":"Home","item":"https:\/\/elitecoaching.io\/sq\/"},{"@type":"ListItem","position":2,"name":"Form\u00eb Kontakti"}]},{"@type":"WebSite","@id":"https:\/\/elitecoaching.io\/sq\/#website","url":"https:\/\/elitecoaching.io\/sq\/","name":"Elite Coaching","description":"Dedicated to Growth","potentialAction":[{"@type":"SearchAction","target":{"@type":"EntryPoint","urlTemplate":"https:\/\/elitecoaching.io\/sq\/?s={search_term_string}"},"query-input":"required name=search_term_string"}],"inLanguage":"sq-AL"}]}},"_links":{"self":[{"href":"https:\/\/elitecoaching.io\/sq\/wp-json\/wp\/v2\/pages\/20981"}],"collection":[{"href":"https:\/\/elitecoaching.io\/sq\/wp-json\/wp\/v2\/pages"}],"about":[{"href":"https:\/\/elitecoaching.io\/sq\/wp-json\/wp\/v2\/types\/page"}],"author":[{"embeddable":true,"href":"https:\/\/elitecoaching.io\/sq\/wp-json\/wp\/v2\/users\/7"}],"replies":[{"embeddable":true,"href":"https:\/\/elitecoaching.io\/sq\/wp-json\/wp\/v2\/comments?post=20981"}],"version-history":[{"count":0,"href":"https:\/\/elitecoaching.io\/sq\/wp-json\/wp\/v2\/pages\/20981\/revisions"}],"wp:attachment":[{"href":"https:\/\/elitecoaching.io\/sq\/wp-json\/wp\/v2\/media?parent=20981"}],"curies":[{"name":"wp","href":"https:\/\/api.w.org\/{rel}","templated":true}]}}